{"id":103,"date":"2018-09-17T11:53:22","date_gmt":"2018-09-17T11:53:22","guid":{"rendered":"https:\/\/biohairclini.wpengine.com\/?page_id=103"},"modified":"2021-03-24T10:19:41","modified_gmt":"2021-03-24T10:19:41","slug":"biografts","status":"publish","type":"page","link":"https:\/\/biohairclinic.com\/es\/biografts\/","title":{"rendered":"Bio Grafts"},"content":{"rendered":"\n<h1>BioGrafts<\/h1>\r<h2>Lo que nos hace diferentes: Bio-Grafts<\/h2><p>Hay varios aspectos que hacen que nuestros trasplantes capilares sean \u00fanicos y diferentes del resto. Entre ellos, podemos nombrar a nuestros especialistas, los a\u00f1os de experiencia, la preocupaci\u00f3n por la satisfacci\u00f3n del cliente, y nuestros bajos <strong><a href=\"https:\/\/biohairclinic.com\/es\/injerto-capilar-precio\/\">precios para injertos capilares<\/a><\/strong>. Pero sobre todo, <strong>nos diferencia la utilizaci\u00f3n de Bio-Grafts<\/strong> o su traducci\u00f3n al espa\u00f1ol \u201cBio-Injertos\u201d.<\/p>\n<p>Los Bio-Grafts definen a los tratamientos que se ofrecen en nuestra <strong><a href=\"https:\/\/biohairclinic.com\/es\/clinica-capilar\/\">cl\u00ednica capilar<\/a><\/strong>. En todos los trasplantes capilares, existe un per\u00edodo espec\u00edfico entre que se extrae el cabello, y el momento de su posterior implantaci\u00f3n en la zona receptora. En Bio Hair Clinic, bajamos este tiempo al m\u00ednimo absoluto para que el cabello no tenga que pasar mucho tiempo fuera de la piel. El objetivo, es que el cabello mantenga sus propiedades de la mejor manera posible. A pesar de que esta es ya una gran medida para mejorar los resultados del tratamiento, en nuestra cl\u00ednica hemos ido un paso m\u00e1s all\u00e1.<\/p><h2>Nuestra propia evoluci\u00f3n, para su beneficio<\/h2>\n<p>Durante el per\u00edodo de &#8220;almacenamiento provisional&#8221; de los injertos, utilizamos una <strong>soluci\u00f3n que contiene biotina<\/strong> (o vitamina B7) para la conservaci\u00f3n y la nutrici\u00f3n de los cabellos extra\u00eddos. Inmediatamente despu\u00e9s de la extracci\u00f3n, los cabellos son introducidos en placas con esta soluci\u00f3n nutritiva especial, y permanecen all\u00ed hasta que son nuevamente insertados.<\/p>\n<p>Lo m\u00e1s destacado, es que <strong>la soluci\u00f3n ha sido desarrollada por nosotros<\/strong>. La misma, estimula tambi\u00e9n el crecimiento celular, lo que aumenta la tasa de crecimiento de los injertos, y a largo plazo, mejora el resultado final del tratamiento.<\/p>\n<p>Como se mencion\u00f3 anteriormente, esta soluci\u00f3n con biotina se preocupa de una <strong>correcta nutrici\u00f3n del cabello<\/strong>. De esta forma la integraci\u00f3n de los injertos en la zona receptora es m\u00e1s f\u00e1cil, y ser\u00e1 casi como si el cabello nunca hubiese dejado la piel. La diferencia real, podr\u00e1 notarse cuando el crecimiento global del pelo sea mucho m\u00e1s r\u00e1pido que con cualquier otro tratamiento normal.<\/p>\n<p>&nbsp;<\/p><h2>AN\u00c1LISIS CAPILAR GRATIS<\/h2><p>Utilice la calculadora de cabello para conocer la cantidad de injertos que necesita. El proceso es totalmente gratuito y sin compromiso.<\/p><p style=\"text-align: center\"><span>Para  aumentar la vitalidad de los trasplantes<\/span><\/p>\r<p style=\"text-align: center\"><span>Conoc\u00e9 lo que nos hace diferentes<\/span><\/p>\r<p style=\"text-align: center\"><span>Cuchilla de zafiro para la apertura precisa de canales<\/span><\/p>\r<p style=\"text-align: center\"><span>Sin apertura adicional de canales<\/span><\/p>\r\n","protected":false},"excerpt":{"rendered":"","protected":false},"author":4,"featured_media":0,"parent":0,"menu_order":0,"comment_status":"closed","ping_status":"closed","template":"","meta":{"_acf_changed":false,"inline_featured_image":false,"footnotes":""},"class_list":["post-103","page","type-page","status-publish","hentry"],"acf":[],"yoast_head":"<!-- This site is optimized with the Yoast SEO Premium plugin v27.3 (Yoast SEO v27.4) - https:\/\/yoast.com\/product\/yoast-seo-premium-wordpress\/ -->\n<title>Bio Grafts: tratamiento exclusivo de los injertos para su provecho<\/title>\n<meta name=\"description\" content=\"Bio Hair Clinic ha desarrollado un m\u00e9todo especial con biotina para tratar los injertos durante el trasplante capilar. \u00a1Conoce sus ventajas!\" \/>\n<meta name=\"robots\" content=\"noindex, nofollow\" \/>\n<meta property=\"og:locale\" content=\"es_ES\" \/>\n<meta property=\"og:type\" content=\"article\" \/>\n<meta property=\"og:title\" content=\"Bio Grafts\" \/>\n<meta property=\"og:description\" content=\"Bio Hair Clinic ha desarrollado un m\u00e9todo especial con biotina para tratar los injertos durante el trasplante capilar. \u00a1Conoce sus ventajas!\" \/>\n<meta property=\"og:url\" content=\"https:\/\/biohairclinic.com\/es\/biografts\/\" \/>\n<meta property=\"og:site_name\" content=\"Trasplante Capilar Turqu\u00eda\" \/>\n<meta property=\"article:modified_time\" content=\"2021-03-24T10:19:41+00:00\" \/>\n<meta name=\"twitter:card\" content=\"summary_large_image\" \/>\n<meta name=\"twitter:label1\" content=\"Est. reading time\" \/>\n\t<meta name=\"twitter:data1\" content=\"4 minutes\" \/>\n<script type=\"application\/ld+json\" class=\"yoast-schema-graph\">{\"@context\":\"https:\\\/\\\/schema.org\",\"@graph\":[{\"@type\":\"WebPage\",\"@id\":\"https:\\\/\\\/biohairclinic.com\\\/es\\\/biografts\\\/\",\"url\":\"https:\\\/\\\/biohairclinic.com\\\/es\\\/biografts\\\/\",\"name\":\"Bio Grafts: tratamiento exclusivo de los injertos para su provecho\",\"isPartOf\":{\"@id\":\"https:\\\/\\\/biohairclinic.com\\\/es\\\/#website\"},\"datePublished\":\"2018-09-17T11:53:22+00:00\",\"dateModified\":\"2021-03-24T10:19:41+00:00\",\"description\":\"Bio Hair Clinic ha desarrollado un m\u00e9todo especial con biotina para tratar los injertos durante el trasplante capilar. \u00a1Conoce sus ventajas!\",\"breadcrumb\":{\"@id\":\"https:\\\/\\\/biohairclinic.com\\\/es\\\/biografts\\\/#breadcrumb\"},\"inLanguage\":\"es-ES\",\"potentialAction\":[{\"@type\":\"ReadAction\",\"target\":[\"https:\\\/\\\/biohairclinic.com\\\/es\\\/biografts\\\/\"]}]},{\"@type\":\"BreadcrumbList\",\"@id\":\"https:\\\/\\\/biohairclinic.com\\\/es\\\/biografts\\\/#breadcrumb\",\"itemListElement\":[{\"@type\":\"ListItem\",\"position\":1,\"name\":\"Inicio\",\"item\":\"https:\\\/\\\/biohairclinic.com\\\/es\\\/\"},{\"@type\":\"ListItem\",\"position\":2,\"name\":\"Bio Grafts\"}]},{\"@type\":\"WebSite\",\"@id\":\"https:\\\/\\\/biohairclinic.com\\\/es\\\/#website\",\"url\":\"https:\\\/\\\/biohairclinic.com\\\/es\\\/\",\"name\":\"Trasplante Capilar Turqu\u00eda\",\"description\":\"BioHairClinic\u00a9\",\"publisher\":{\"@id\":\"https:\\\/\\\/biohairclinic.com\\\/es\\\/#organization\"},\"potentialAction\":[{\"@type\":\"SearchAction\",\"target\":{\"@type\":\"EntryPoint\",\"urlTemplate\":\"https:\\\/\\\/biohairclinic.com\\\/es\\\/?s={search_term_string}\"},\"query-input\":{\"@type\":\"PropertyValueSpecification\",\"valueRequired\":true,\"valueName\":\"search_term_string\"}}],\"inLanguage\":\"es-ES\"},{\"@type\":[\"Organization\",\"Place\"],\"@id\":\"https:\\\/\\\/biohairclinic.com\\\/es\\\/#organization\",\"name\":\"Biohair Clinic\",\"url\":\"https:\\\/\\\/biohairclinic.com\\\/es\\\/\",\"logo\":{\"@id\":\"https:\\\/\\\/biohairclinic.com\\\/es\\\/biografts\\\/#local-main-organization-logo\"},\"image\":{\"@id\":\"https:\\\/\\\/biohairclinic.com\\\/es\\\/biografts\\\/#local-main-organization-logo\"},\"telephone\":[],\"openingHoursSpecification\":[{\"@type\":\"OpeningHoursSpecification\",\"dayOfWeek\":[\"Monday\",\"Tuesday\",\"Wednesday\",\"Thursday\",\"Friday\",\"Saturday\",\"Sunday\"],\"opens\":\"09:00\",\"closes\":\"17:00\"}]},{\"@type\":\"ImageObject\",\"inLanguage\":\"es-ES\",\"@id\":\"https:\\\/\\\/biohairclinic.com\\\/es\\\/biografts\\\/#local-main-organization-logo\",\"url\":\"https:\\\/\\\/biohairclinic.com\\\/es\\\/wp-content\\\/uploads\\\/sites\\\/4\\\/2021\\\/06\\\/biohair-logo.svg\",\"contentUrl\":\"https:\\\/\\\/biohairclinic.com\\\/es\\\/wp-content\\\/uploads\\\/sites\\\/4\\\/2021\\\/06\\\/biohair-logo.svg\",\"caption\":\"Biohair Clinic\"}]}<\/script>\n<!-- \/ Yoast SEO Premium plugin. -->","yoast_head_json":{"title":"Bio Grafts: tratamiento exclusivo de los injertos para su provecho","description":"Bio Hair Clinic ha desarrollado un m\u00e9todo especial con biotina para tratar los injertos durante el trasplante capilar. \u00a1Conoce sus ventajas!","robots":{"index":"noindex","follow":"nofollow"},"og_locale":"es_ES","og_type":"article","og_title":"Bio Grafts","og_description":"Bio Hair Clinic ha desarrollado un m\u00e9todo especial con biotina para tratar los injertos durante el trasplante capilar. \u00a1Conoce sus ventajas!","og_url":"https:\/\/biohairclinic.com\/es\/biografts\/","og_site_name":"Trasplante Capilar Turqu\u00eda","article_modified_time":"2021-03-24T10:19:41+00:00","twitter_card":"summary_large_image","twitter_misc":{"Est. reading time":"4 minutes"},"schema":{"@context":"https:\/\/schema.org","@graph":[{"@type":"WebPage","@id":"https:\/\/biohairclinic.com\/es\/biografts\/","url":"https:\/\/biohairclinic.com\/es\/biografts\/","name":"Bio Grafts: tratamiento exclusivo de los injertos para su provecho","isPartOf":{"@id":"https:\/\/biohairclinic.com\/es\/#website"},"datePublished":"2018-09-17T11:53:22+00:00","dateModified":"2021-03-24T10:19:41+00:00","description":"Bio Hair Clinic ha desarrollado un m\u00e9todo especial con biotina para tratar los injertos durante el trasplante capilar. \u00a1Conoce sus ventajas!","breadcrumb":{"@id":"https:\/\/biohairclinic.com\/es\/biografts\/#breadcrumb"},"inLanguage":"es-ES","potentialAction":[{"@type":"ReadAction","target":["https:\/\/biohairclinic.com\/es\/biografts\/"]}]},{"@type":"BreadcrumbList","@id":"https:\/\/biohairclinic.com\/es\/biografts\/#breadcrumb","itemListElement":[{"@type":"ListItem","position":1,"name":"Inicio","item":"https:\/\/biohairclinic.com\/es\/"},{"@type":"ListItem","position":2,"name":"Bio Grafts"}]},{"@type":"WebSite","@id":"https:\/\/biohairclinic.com\/es\/#website","url":"https:\/\/biohairclinic.com\/es\/","name":"Trasplante Capilar Turqu\u00eda","description":"BioHairClinic\u00a9","publisher":{"@id":"https:\/\/biohairclinic.com\/es\/#organization"},"potentialAction":[{"@type":"SearchAction","target":{"@type":"EntryPoint","urlTemplate":"https:\/\/biohairclinic.com\/es\/?s={search_term_string}"},"query-input":{"@type":"PropertyValueSpecification","valueRequired":true,"valueName":"search_term_string"}}],"inLanguage":"es-ES"},{"@type":["Organization","Place"],"@id":"https:\/\/biohairclinic.com\/es\/#organization","name":"Biohair Clinic","url":"https:\/\/biohairclinic.com\/es\/","logo":{"@id":"https:\/\/biohairclinic.com\/es\/biografts\/#local-main-organization-logo"},"image":{"@id":"https:\/\/biohairclinic.com\/es\/biografts\/#local-main-organization-logo"},"telephone":[],"openingHoursSpecification":[{"@type":"OpeningHoursSpecification","dayOfWeek":["Monday","Tuesday","Wednesday","Thursday","Friday","Saturday","Sunday"],"opens":"09:00","closes":"17:00"}]},{"@type":"ImageObject","inLanguage":"es-ES","@id":"https:\/\/biohairclinic.com\/es\/biografts\/#local-main-organization-logo","url":"https:\/\/biohairclinic.com\/es\/wp-content\/uploads\/sites\/4\/2021\/06\/biohair-logo.svg","contentUrl":"https:\/\/biohairclinic.com\/es\/wp-content\/uploads\/sites\/4\/2021\/06\/biohair-logo.svg","caption":"Biohair Clinic"}]}},"_links":{"self":[{"href":"https:\/\/biohairclinic.com\/es\/wp-json\/wp\/v2\/pages\/103","targetHints":{"allow":["GET"]}}],"collection":[{"href":"https:\/\/biohairclinic.com\/es\/wp-json\/wp\/v2\/pages"}],"about":[{"href":"https:\/\/biohairclinic.com\/es\/wp-json\/wp\/v2\/types\/page"}],"author":[{"embeddable":true,"href":"https:\/\/biohairclinic.com\/es\/wp-json\/wp\/v2\/users\/4"}],"replies":[{"embeddable":true,"href":"https:\/\/biohairclinic.com\/es\/wp-json\/wp\/v2\/comments?post=103"}],"version-history":[{"count":11,"href":"https:\/\/biohairclinic.com\/es\/wp-json\/wp\/v2\/pages\/103\/revisions"}],"predecessor-version":[{"id":14779,"href":"https:\/\/biohairclinic.com\/es\/wp-json\/wp\/v2\/pages\/103\/revisions\/14779"}],"wp:attachment":[{"href":"https:\/\/biohairclinic.com\/es\/wp-json\/wp\/v2\/media?parent=103"}],"curies":[{"name":"wp","href":"https:\/\/api.w.org\/{rel}","templated":true}]}}