{"id":105,"date":"2018-09-17T12:03:34","date_gmt":"2018-09-17T12:03:34","guid":{"rendered":"https:\/\/biohairclini.wpengine.com\/?page_id=105"},"modified":"2021-03-24T10:19:57","modified_gmt":"2021-03-24T10:19:57","slug":"ice-grafts","status":"publish","type":"page","link":"https:\/\/biohairclinic.com\/es\/ice-grafts\/","title":{"rendered":"ICE Grafts"},"content":{"rendered":"\n\n\n<h1>ICE Grafts<\/h1>\r<h2>Injertos ICE para aumentar la vitalidad de los trasplantes<\/h2><p>Probablemente ya habr\u00e1 notado que existen diferentes m\u00e9todos para realizar un trasplante de cabello. A continuaci\u00f3n, le comentamos que tambi\u00e9n hay diversas formas de tratar los fol\u00edculos antes de volver a implantarlos. Una de esas formas, la que usamos en la <strong><a href=\"https:\/\/biohairclinic.com\/es\/clinica-capilar\/\">cl\u00ednica capilar<\/a><\/strong> Bio Hair, es la utilizaci\u00f3n de los llamados \u201cimplantes helados\u201d o seg\u00fan su nombre en ingl\u00e9s \u201cIce Grafts\u201d. <\/p>\r\n<p>Este procedimiento no se diferencia de otro m\u00e9todo de trasplante, sino en la forma en la que el cabello es tratado antes de volverlo a insertar en la piel. Es un cambio muy peque\u00f1o que, sin embargo, ofrece visibles resultados a corto plazo. Por tanto, la diferencia viene cuando utilizamos la t\u00e9cnica de <strong><a href=\"https:\/\/biohairclinic.com\/es\/trasplante-capilar-fue\/\">trasplante capilar FUE<\/a><\/strong>, como le contaremos a continuaci\u00f3n.<\/p><h2>Tratamiento especial y efectivo<\/h2>\r\n<p>\u00a0Luego de la extracci\u00f3n, los injertos son introducidos en placas con una soluci\u00f3n especial que contiene biotina, y son mantenidos a baja temperatura. Gracias a este tratamiento la estructura de las ra\u00edces del cabello, se fortalece y se prolonga su vida \u00fatil.<\/p>\r\n<p>Lo singular de nuestros injertos ICE es que se almacenan a temperaturas muy fr\u00edas entre los dos pasos del tratamiento. Es casi como un shock de fr\u00edo, donde cada grupo de pelos es enfriado y a la vez introducido en la soluci\u00f3n, la cual tambi\u00e9n ayuda al cabello con su crecimiento, ocup\u00e1ndose de que crezcan fuertes y vitales.<\/p>\r\n<p>El golpe de fr\u00edo y algunas partes de la soluci\u00f3n tambi\u00e9n combaten los radicales libres, por lo que los injertos est\u00e1n mejor protegidos y se adaptar\u00e1n mejor y con m\u00e1s seguridad a su nuevo hogar. La temperatura baja juega un papel muy importante, por lo que le ponemos el nombre de \u201cimplantes helados\u201d.<\/p>\r\n<p>Adem\u00e1s, los injertos est\u00e1n mejor protegidos y pueden ser suministrados al nuevo tejido sin ning\u00fan tipo de sustancias nocivas. Claramente, la temperatura de hielo juega un papel muy importante aqu\u00ed, de ah\u00ed el nombre de ICE Grafts.<\/p><h2>Adaptaci\u00f3n del injerto<\/h2>\r\n<p>Una vez que los fol\u00edculos son implantados en la zona designada, se adaptan de nuevo al calor corporal y se preparan para crecer r\u00e1pidamente. El efecto de los injertos helados se magnifica gracias al choque de temperaturas entre la corporal y la de las placas de conservaci\u00f3n.<\/p>\r\n<p>El m\u00e9todo de los implantes helados tiene un impacto positivo en la sanaci\u00f3n y el crecimiento de los fol\u00edculos trasplantados. Adem\u00e1s, existe otra ventaja de los injertos ICE: tambi\u00e9n es antiinflamatorio, por lo que ayudar\u00e1 al proceso de curaci\u00f3n postoperatoria.<\/p><h2>AN\u00c1LISIS CAPILAR GRATIS<\/h2>\n<p>Utilice la calculadora de cabello para conocer la cantidad de injertos que necesita. El proceso es totalmente gratuito y sin compromiso.<\/p><p style=\"text-align: center\"><span>Para  aumentar la vitalidad de los trasplantes<\/span><\/p>\r<p style=\"text-align: center\"><span>Conoc\u00e9 lo que nos hace diferentes<\/span><\/p>\r<p style=\"text-align: center\"><span>Cuchilla de zafiro para la apertura precisa de canales<\/span><\/p>\r<p style=\"text-align: center\"><span>Sin apertura adicional de canales<\/span><\/p>\r\n\n\n","protected":false},"excerpt":{"rendered":"","protected":false},"author":4,"featured_media":0,"parent":0,"menu_order":0,"comment_status":"closed","ping_status":"closed","template":"","meta":{"_acf_changed":false,"inline_featured_image":false,"footnotes":""},"class_list":["post-105","page","type-page","status-publish","hentry"],"acf":[],"yoast_head":"<!-- This site is optimized with the Yoast SEO Premium plugin v27.3 (Yoast SEO v27.4) - https:\/\/yoast.com\/product\/yoast-seo-premium-wordpress\/ -->\n<title>ICE Grafts: m\u00e9todo con fr\u00edo para mejores resultados en Bio Hair<\/title>\n<meta name=\"description\" content=\"El m\u00e9todo ICE Graft consiste en tratar los injertos con fr\u00edo durante el tratamiento. Esto los protege y permite que luego crezcan m\u00e1s fuertes.\" \/>\n<meta name=\"robots\" content=\"noindex, nofollow\" \/>\n<meta property=\"og:locale\" content=\"es_ES\" \/>\n<meta property=\"og:type\" content=\"article\" \/>\n<meta property=\"og:title\" content=\"ICE Grafts\" \/>\n<meta property=\"og:description\" content=\"El m\u00e9todo ICE Graft consiste en tratar los injertos con fr\u00edo durante el tratamiento. Esto los protege y permite que luego crezcan m\u00e1s fuertes.\" \/>\n<meta property=\"og:url\" content=\"https:\/\/biohairclinic.com\/es\/ice-grafts\/\" \/>\n<meta property=\"og:site_name\" content=\"Trasplante Capilar Turqu\u00eda\" \/>\n<meta property=\"article:modified_time\" content=\"2021-03-24T10:19:57+00:00\" \/>\n<meta name=\"twitter:card\" content=\"summary_large_image\" \/>\n<meta name=\"twitter:label1\" content=\"Est. reading time\" \/>\n\t<meta name=\"twitter:data1\" content=\"5 minutes\" \/>\n<script type=\"application\/ld+json\" class=\"yoast-schema-graph\">{\"@context\":\"https:\\\/\\\/schema.org\",\"@graph\":[{\"@type\":\"WebPage\",\"@id\":\"https:\\\/\\\/biohairclinic.com\\\/es\\\/ice-grafts\\\/\",\"url\":\"https:\\\/\\\/biohairclinic.com\\\/es\\\/ice-grafts\\\/\",\"name\":\"ICE Grafts: m\u00e9todo con fr\u00edo para mejores resultados en Bio Hair\",\"isPartOf\":{\"@id\":\"https:\\\/\\\/biohairclinic.com\\\/es\\\/#website\"},\"datePublished\":\"2018-09-17T12:03:34+00:00\",\"dateModified\":\"2021-03-24T10:19:57+00:00\",\"description\":\"El m\u00e9todo ICE Graft consiste en tratar los injertos con fr\u00edo durante el tratamiento. Esto los protege y permite que luego crezcan m\u00e1s fuertes.\",\"breadcrumb\":{\"@id\":\"https:\\\/\\\/biohairclinic.com\\\/es\\\/ice-grafts\\\/#breadcrumb\"},\"inLanguage\":\"es-ES\",\"potentialAction\":[{\"@type\":\"ReadAction\",\"target\":[\"https:\\\/\\\/biohairclinic.com\\\/es\\\/ice-grafts\\\/\"]}]},{\"@type\":\"BreadcrumbList\",\"@id\":\"https:\\\/\\\/biohairclinic.com\\\/es\\\/ice-grafts\\\/#breadcrumb\",\"itemListElement\":[{\"@type\":\"ListItem\",\"position\":1,\"name\":\"Inicio\",\"item\":\"https:\\\/\\\/biohairclinic.com\\\/es\\\/\"},{\"@type\":\"ListItem\",\"position\":2,\"name\":\"ICE Grafts\"}]},{\"@type\":\"WebSite\",\"@id\":\"https:\\\/\\\/biohairclinic.com\\\/es\\\/#website\",\"url\":\"https:\\\/\\\/biohairclinic.com\\\/es\\\/\",\"name\":\"Trasplante Capilar Turqu\u00eda\",\"description\":\"BioHairClinic\u00a9\",\"publisher\":{\"@id\":\"https:\\\/\\\/biohairclinic.com\\\/es\\\/#organization\"},\"potentialAction\":[{\"@type\":\"SearchAction\",\"target\":{\"@type\":\"EntryPoint\",\"urlTemplate\":\"https:\\\/\\\/biohairclinic.com\\\/es\\\/?s={search_term_string}\"},\"query-input\":{\"@type\":\"PropertyValueSpecification\",\"valueRequired\":true,\"valueName\":\"search_term_string\"}}],\"inLanguage\":\"es-ES\"},{\"@type\":[\"Organization\",\"Place\"],\"@id\":\"https:\\\/\\\/biohairclinic.com\\\/es\\\/#organization\",\"name\":\"Biohair Clinic\",\"url\":\"https:\\\/\\\/biohairclinic.com\\\/es\\\/\",\"logo\":{\"@id\":\"https:\\\/\\\/biohairclinic.com\\\/es\\\/ice-grafts\\\/#local-main-organization-logo\"},\"image\":{\"@id\":\"https:\\\/\\\/biohairclinic.com\\\/es\\\/ice-grafts\\\/#local-main-organization-logo\"},\"telephone\":[],\"openingHoursSpecification\":[{\"@type\":\"OpeningHoursSpecification\",\"dayOfWeek\":[\"Monday\",\"Tuesday\",\"Wednesday\",\"Thursday\",\"Friday\",\"Saturday\",\"Sunday\"],\"opens\":\"09:00\",\"closes\":\"17:00\"}]},{\"@type\":\"ImageObject\",\"inLanguage\":\"es-ES\",\"@id\":\"https:\\\/\\\/biohairclinic.com\\\/es\\\/ice-grafts\\\/#local-main-organization-logo\",\"url\":\"https:\\\/\\\/biohairclinic.com\\\/es\\\/wp-content\\\/uploads\\\/sites\\\/4\\\/2021\\\/06\\\/biohair-logo.svg\",\"contentUrl\":\"https:\\\/\\\/biohairclinic.com\\\/es\\\/wp-content\\\/uploads\\\/sites\\\/4\\\/2021\\\/06\\\/biohair-logo.svg\",\"caption\":\"Biohair Clinic\"}]}<\/script>\n<!-- \/ Yoast SEO Premium plugin. -->","yoast_head_json":{"title":"ICE Grafts: m\u00e9todo con fr\u00edo para mejores resultados en Bio Hair","description":"El m\u00e9todo ICE Graft consiste en tratar los injertos con fr\u00edo durante el tratamiento. Esto los protege y permite que luego crezcan m\u00e1s fuertes.","robots":{"index":"noindex","follow":"nofollow"},"og_locale":"es_ES","og_type":"article","og_title":"ICE Grafts","og_description":"El m\u00e9todo ICE Graft consiste en tratar los injertos con fr\u00edo durante el tratamiento. Esto los protege y permite que luego crezcan m\u00e1s fuertes.","og_url":"https:\/\/biohairclinic.com\/es\/ice-grafts\/","og_site_name":"Trasplante Capilar Turqu\u00eda","article_modified_time":"2021-03-24T10:19:57+00:00","twitter_card":"summary_large_image","twitter_misc":{"Est. reading time":"5 minutes"},"schema":{"@context":"https:\/\/schema.org","@graph":[{"@type":"WebPage","@id":"https:\/\/biohairclinic.com\/es\/ice-grafts\/","url":"https:\/\/biohairclinic.com\/es\/ice-grafts\/","name":"ICE Grafts: m\u00e9todo con fr\u00edo para mejores resultados en Bio Hair","isPartOf":{"@id":"https:\/\/biohairclinic.com\/es\/#website"},"datePublished":"2018-09-17T12:03:34+00:00","dateModified":"2021-03-24T10:19:57+00:00","description":"El m\u00e9todo ICE Graft consiste en tratar los injertos con fr\u00edo durante el tratamiento. Esto los protege y permite que luego crezcan m\u00e1s fuertes.","breadcrumb":{"@id":"https:\/\/biohairclinic.com\/es\/ice-grafts\/#breadcrumb"},"inLanguage":"es-ES","potentialAction":[{"@type":"ReadAction","target":["https:\/\/biohairclinic.com\/es\/ice-grafts\/"]}]},{"@type":"BreadcrumbList","@id":"https:\/\/biohairclinic.com\/es\/ice-grafts\/#breadcrumb","itemListElement":[{"@type":"ListItem","position":1,"name":"Inicio","item":"https:\/\/biohairclinic.com\/es\/"},{"@type":"ListItem","position":2,"name":"ICE Grafts"}]},{"@type":"WebSite","@id":"https:\/\/biohairclinic.com\/es\/#website","url":"https:\/\/biohairclinic.com\/es\/","name":"Trasplante Capilar Turqu\u00eda","description":"BioHairClinic\u00a9","publisher":{"@id":"https:\/\/biohairclinic.com\/es\/#organization"},"potentialAction":[{"@type":"SearchAction","target":{"@type":"EntryPoint","urlTemplate":"https:\/\/biohairclinic.com\/es\/?s={search_term_string}"},"query-input":{"@type":"PropertyValueSpecification","valueRequired":true,"valueName":"search_term_string"}}],"inLanguage":"es-ES"},{"@type":["Organization","Place"],"@id":"https:\/\/biohairclinic.com\/es\/#organization","name":"Biohair Clinic","url":"https:\/\/biohairclinic.com\/es\/","logo":{"@id":"https:\/\/biohairclinic.com\/es\/ice-grafts\/#local-main-organization-logo"},"image":{"@id":"https:\/\/biohairclinic.com\/es\/ice-grafts\/#local-main-organization-logo"},"telephone":[],"openingHoursSpecification":[{"@type":"OpeningHoursSpecification","dayOfWeek":["Monday","Tuesday","Wednesday","Thursday","Friday","Saturday","Sunday"],"opens":"09:00","closes":"17:00"}]},{"@type":"ImageObject","inLanguage":"es-ES","@id":"https:\/\/biohairclinic.com\/es\/ice-grafts\/#local-main-organization-logo","url":"https:\/\/biohairclinic.com\/es\/wp-content\/uploads\/sites\/4\/2021\/06\/biohair-logo.svg","contentUrl":"https:\/\/biohairclinic.com\/es\/wp-content\/uploads\/sites\/4\/2021\/06\/biohair-logo.svg","caption":"Biohair Clinic"}]}},"_links":{"self":[{"href":"https:\/\/biohairclinic.com\/es\/wp-json\/wp\/v2\/pages\/105","targetHints":{"allow":["GET"]}}],"collection":[{"href":"https:\/\/biohairclinic.com\/es\/wp-json\/wp\/v2\/pages"}],"about":[{"href":"https:\/\/biohairclinic.com\/es\/wp-json\/wp\/v2\/types\/page"}],"author":[{"embeddable":true,"href":"https:\/\/biohairclinic.com\/es\/wp-json\/wp\/v2\/users\/4"}],"replies":[{"embeddable":true,"href":"https:\/\/biohairclinic.com\/es\/wp-json\/wp\/v2\/comments?post=105"}],"version-history":[{"count":10,"href":"https:\/\/biohairclinic.com\/es\/wp-json\/wp\/v2\/pages\/105\/revisions"}],"predecessor-version":[{"id":14494,"href":"https:\/\/biohairclinic.com\/es\/wp-json\/wp\/v2\/pages\/105\/revisions\/14494"}],"wp:attachment":[{"href":"https:\/\/biohairclinic.com\/es\/wp-json\/wp\/v2\/media?parent=105"}],"curies":[{"name":"wp","href":"https:\/\/api.w.org\/{rel}","templated":true}]}}