{"id":10891,"date":"2018-09-27T11:19:23","date_gmt":"2018-09-27T11:19:23","guid":{"rendered":"https:\/\/biohairclini.wpengine.com\/es\/?page_id=10891"},"modified":"2021-06-28T10:47:06","modified_gmt":"2021-06-28T10:47:06","slug":"que-es-biohair","status":"publish","type":"page","link":"https:\/\/biohairclinic.com\/es\/que-es-biohair\/","title":{"rendered":"Qu\u00e9 es el Biohair"},"content":{"rendered":"\n<h1>Historia de la Cl\u00ednica Bio Hair<\/h1>\n<h2>Cl\u00ednica Capilar Bio Hair: una historia algo inusual<\/h2>\n<p>La historia de la Cl\u00ednica Capilar Bio Hair no es para nada normal, sino m\u00e1s bien diferente e inusual. No empieza como de costumbre con un futuro difuso, sino con un objetivo claro, y con la convicci\u00f3n de lograrlo a corto o largo plazo.<\/p>\n<p>Lo acompa\u00f1amos en un viaje con el Dr. Ibrahim Salameh, un <strong><a href=\"https:\/\/biohairclinic.com\/es\/medico-trasplante-capilar\/\">m\u00e9dico especialista en trasplante capilar<\/a><\/strong>, que logr\u00f3 ganarse su lugar no s\u00f3lo con sus palabras, sino sobre todo a trav\u00e9s de sus actos. A continuaci\u00f3n nos encargaremos de que conozcan la historia de un hombre decidido, que siempre ha mirado hacia adelante.<\/p>\n<p>&nbsp;<\/p>\n<ul>\n<li>En el a\u00f1o 2000 el Dr. Ibrahim da su primer paso como m\u00e9dico profesional, comenzando sus estudios de medicina en la Universidad de Ege, en la ciudad turca de Esmirna. Sin embargo, su carrera tuvo que ser abandonada de manera repentina: debido a las circunstancias familiares y a las guerras en Jordania, el Dr. Ibrahim puso sus estudios en suspenso en 2003.A partir de entonces, sus prioridades ya no eran sobre \u00e9l mismo, sino \u00fanicamente en relaci\u00f3n a su familia. Durante cuatro a\u00f1os, el Dr. Ibrahim volvi\u00f3 a poner sus propios intereses por debajo del bien de sus seres queridos. Hasta el d\u00eda de hoy, los clientes de Bio Hair Clinic pueden sentir esta calidez y lealtad.<\/li>\n<\/ul>\n<ul>\n<li>El hecho de que el Dr. Ibrahim sea un hombre de principios es evidente no s\u00f3lo en el cumplimiento de sus deberes familiares. Tambi\u00e9n se puede ver en la decidida continuaci\u00f3n de sus estudios de medicina en 2007. En ese momento conoce a un hombre y amigo, que pronto se convertir\u00e1 en uno de sus colegas m\u00e1s cercanos: el Dr. Abdulaziz Balwi. Hoy conocido como la cara de la famosa cl\u00ednica de trasplante de cabello Elithairtransplant, en Estambul.&nbsp;&nbsp;<\/li>\n<\/ul>\n<ul>\n<li>El Dr. Ibrahim completar\u00e1 con \u00e9xito sus estudios en el a\u00f1o 2011. Pero, a esta altura, todav\u00eda hab\u00eda un problema que nuestro decidido m\u00e9dico no hab\u00eda abordado: su propia p\u00e9rdida de cabello. A partir de all\u00ed, el Dr. Ibrahim comienza a trabajar intensamente en el tema de la ca\u00edda de cabello y el trasplante capilar. Poco tiempo despu\u00e9s decide especializarse en este campo, encontrando en \u00e9l, una vocaci\u00f3n que le permite, hasta el d\u00eda de hoy, sentirse realizado como m\u00e9dico.&nbsp;&nbsp;<\/li>\n<\/ul>\n<ul>\n<li>Las primeras operaciones se llevaron a cabo en los Emiratos \u00c1rabes Unidos, Jordania y Turqu\u00eda. Actualmente el Dr. Ibrahim no es considerado simplemente como un m\u00e9dico tratante para sus colegas; es un profesional leal, de principios y de coraz\u00f3n c\u00e1lido, y es esta forma de ser lo que llama la atenci\u00f3n.<\/li>\n<\/ul><ul>\n<li>Es en el a\u00f1o 2015, cuando los caminos del Dr. Ibrahim y del Dr. Balwi vuelven a cruzarse. A partir de aqu\u00ed, el Dr. Ibrahim, se une al equipo de Elithairtransplant y demuestra su competencia como m\u00e9dico. La colaboraci\u00f3n contin\u00faa durante dos a\u00f1os, al mismo tiempo que desarrolla su carrera como profesor para transmitir su experiencia a las generaciones futuras.<\/li>\n<\/ul>\n<ul>\n<li>Llegado el a\u00f1o 2017, el Dr. Ibrahim se hace cargo de la <strong><a href=\"https:\/\/biohairclinic.com\/es\/clinica-capilar\/\">Cl\u00ednica Capilar Bio Hair,<\/a> <\/strong>haciendo incluso una auto-evaluaci\u00f3n: el <strong><a href=\"https:\/\/biohairclinic.com\/es\/equipo\/\">equipo de Bio Hair<\/a><\/strong> le realiza, finalmente, su propio trasplante capilar.<\/li>\n<\/ul>\n<p>Desde ese momento, el Dr. Ibrahim Salameh no s\u00f3lo ha sido paciente de la Bio Hair Clinic, sino tambi\u00e9n m\u00e9dico y coordinador, lo que \u00e9l considera una se\u00f1al de confianza. Hoy en d\u00eda, dice, Elithairtransplant es un competidor amistoso, y mantienen una relaci\u00f3n de calidez y lealtad, que no es com\u00fan en la altamente competitiva industria del trasplante de cabello.<\/p>\n<h2><span style=\"font-weight: 400\">\u00bfQu\u00e9 es Bio Hair? <\/span><\/h2>\n<p>El Bio Hair, o \u201cBio-cabello\u201d en espa\u00f1ol, es como llamamos al proceso por el cu\u00e1l el pelo pasa durante su trasplante. El mismo se compone de acciones simples, y de tratamientos que hacen que el cabello est\u00e9 saludable.<\/p>\n<p>En pocas palabras, durante un trasplante capilar se recoge pelo sano, para despu\u00e9s recolocarlo en la zona especificada. Hasta el momento de volver a implantarlo, es necesario conservarlo en perfecto estado. Lo que diferencia a nuestra cl\u00ednica, es que utilizamos el tiempo que el cabello pasa fuera de la cabeza del paciente, para tratarlo.<\/p>\n<p>Los a\u00f1os de experiencia de nuestro equipo de expertos en <strong><a href=\"https:\/\/biohairclinic.com\/es\/tratamientos-capilares\/\">tratamientos capilares<\/a><\/strong>, nos permitieron poder analizar qu\u00e9 parte del proceso necesitaba una mejora. Te\u00f3ricamente, el pelo solo podr\u00eda esperar en su nueva localizaci\u00f3n, sin embargo hemos encontrado la forma de aprovechar al m\u00e1ximo este lapso entre extracci\u00f3n e implantaci\u00f3n. En principio, es posible realizar un trasplante sin la t\u00e9cnica de \u201c<strong><a href=\"https:\/\/biohairclinic.com\/es\/biografts\/\">Bio-grafts<\/a><\/strong>\u201d, por lo que debe considerarse como un \u201cextra\u201d, un valor agregado para su cabello. Este proceso har\u00e1 que crezca mucho m\u00e1s sano y fuerte que de costumbre.<\/p><h2>\u00bfQu\u00e9 hace al tratamiento tan especial?<\/h2>\n<p>El tratamiento Bio Hair ha sido especialmente dise\u00f1ado por nosotros. La soluci\u00f3n contiene componentes que aceleran el crecimiento del cabello, y que retardan o eliminan su ca\u00edda. Siendo este tratamiento exclusivo de nuestra empresa, no podemos revelar los detalles de sus componentes, aunque s\u00ed podemos decir que la biotina juega un papel muy importante.<br> La misma es un compuesto natural, que se ocupa de dar fortaleza al cabello. De alguna manera, act\u00faa como si de una piedra filosofal se tratara, rejuveneciendo la ra\u00edz y proporcionando nutrientes para el crecimiento de las ra\u00edces.<br> Tanto el Dr. Ibrahim, como el resto del equipo de especialistas, est\u00e1n muy orgullosos de este producto, fruto de sus investigaciones. Es una gran alegr\u00eda aportar conocimiento y desarrollo al \u00e1rea de la salud capilar. Asimismo es un orgullo tambi\u00e9n, poder brindar mejores soluciones para las personas que desean solucionar el problema de ca\u00edda de cabello.<\/p>\n\n<h2>\u00bfPor qu\u00e9 un trasplante capilar en la cl\u00ednica Bio Hair en Estambul?<\/h2>\n<p>Como cl\u00ednica especializada en injertos capilares, solo utilizamos las mejores y m\u00e1s avanzadas t\u00e9cnicas de <strong><a href=\"https:\/\/biohairclinic.com\/es\/trasplante-capilar-fue\/\">trasplante capilar FUE<\/a><\/strong>. Esto tiene un motivo: los resultados son excelentes, y los pacientes est\u00e1n muy satisfechos con su recuperaci\u00f3n. Adem\u00e1s, como ya se mencion\u00f3, somos una de las cl\u00ednicas pioneras en el uso de esta t\u00e9cnica, tanto en Europa como en Turqu\u00eda.<\/p>\n<p>Por este motivo, tenemos la experiencia y la rutina de muchos a\u00f1os en este campo, lo que asegura resultados muy satisfactorios. Adem\u00e1s, el <strong><a href=\"https:\/\/biohairclinic.com\/es\/injerto-capilar-precio\/\">precio del injerto capilar<\/a><\/strong> juega un papel muy importante, y en nuestra cl\u00ednica encontrar\u00e1 una relaci\u00f3n costo-calidad excelente. A trav\u00e9s de nuestro asesoramiento gratuito, podr\u00e1 sacarse todas las dudas y hacer todas las <strong><a href=\"https:\/\/biohairclinic.com\/es\/faq\/\">preguntas<\/a><\/strong> que tenga sobre nuestros servicios.<\/p><h2>AN\u00c1LISIS CAPILAR GRATIS<\/h2>\n<p>Utilice la calculadora de cabello para conocer la cantidad de injertos que necesita. El proceso es totalmente gratuito y sin compromiso.<\/p>\n","protected":false},"excerpt":{"rendered":"","protected":false},"author":4,"featured_media":0,"parent":0,"menu_order":0,"comment_status":"closed","ping_status":"closed","template":"","meta":{"_acf_changed":false,"inline_featured_image":false,"footnotes":""},"class_list":["post-10891","page","type-page","status-publish","hentry"],"acf":[],"yoast_head":"<!-- This site is optimized with the Yoast SEO Premium plugin v27.0 (Yoast SEO v27.2) - https:\/\/yoast.com\/product\/yoast-seo-premium-wordpress\/ -->\n<title>La historia de Bio Hair Clinic | \u00bfQu\u00e9 es Bio Hair?<\/title>\n<meta name=\"description\" content=\"Le contamos la historia de Bio Hair Clinic y sobre su tratamiento exclusivo para que su cabellera crezca sana y fuerte.\" \/>\n<meta name=\"robots\" content=\"noindex, nofollow\" \/>\n<meta property=\"og:locale\" content=\"es_ES\" \/>\n<meta property=\"og:type\" content=\"article\" \/>\n<meta property=\"og:title\" content=\"Qu\u00e9 es el Biohair\" \/>\n<meta property=\"og:description\" content=\"Le contamos la historia de Bio Hair Clinic y sobre su tratamiento exclusivo para que su cabellera crezca sana y fuerte.\" \/>\n<meta property=\"og:url\" content=\"https:\/\/biohairclinic.com\/es\/que-es-biohair\/\" \/>\n<meta property=\"og:site_name\" content=\"Trasplante Capilar Turqu\u00eda\" \/>\n<meta property=\"article:modified_time\" content=\"2021-06-28T10:47:06+00:00\" \/>\n<meta name=\"twitter:card\" content=\"summary_large_image\" \/>\n<meta name=\"twitter:label1\" content=\"Est. reading time\" \/>\n\t<meta name=\"twitter:data1\" content=\"5 minutes\" \/>\n<script type=\"application\/ld+json\" class=\"yoast-schema-graph\">{\"@context\":\"https:\/\/schema.org\",\"@graph\":[{\"@type\":\"WebPage\",\"@id\":\"https:\/\/biohairclinic.com\/es\/que-es-biohair\/\",\"url\":\"https:\/\/biohairclinic.com\/es\/que-es-biohair\/\",\"name\":\"La historia de Bio Hair Clinic | \u00bfQu\u00e9 es Bio Hair?\",\"isPartOf\":{\"@id\":\"https:\/\/biohairclinic.com\/es\/#website\"},\"datePublished\":\"2018-09-27T11:19:23+00:00\",\"dateModified\":\"2021-06-28T10:47:06+00:00\",\"description\":\"Le contamos la historia de Bio Hair Clinic y sobre su tratamiento exclusivo para que su cabellera crezca sana y fuerte.\",\"breadcrumb\":{\"@id\":\"https:\/\/biohairclinic.com\/es\/que-es-biohair\/#breadcrumb\"},\"inLanguage\":\"es-ES\",\"potentialAction\":[{\"@type\":\"ReadAction\",\"target\":[\"https:\/\/biohairclinic.com\/es\/que-es-biohair\/\"]}]},{\"@type\":\"BreadcrumbList\",\"@id\":\"https:\/\/biohairclinic.com\/es\/que-es-biohair\/#breadcrumb\",\"itemListElement\":[{\"@type\":\"ListItem\",\"position\":1,\"name\":\"Inicio\",\"item\":\"https:\/\/biohairclinic.com\/es\/\"},{\"@type\":\"ListItem\",\"position\":2,\"name\":\"Qu\u00e9 es el Biohair\"}]},{\"@type\":\"WebSite\",\"@id\":\"https:\/\/biohairclinic.com\/es\/#website\",\"url\":\"https:\/\/biohairclinic.com\/es\/\",\"name\":\"Trasplante Capilar Turqu\u00eda\",\"description\":\"BioHairClinic\u00a9\",\"publisher\":{\"@id\":\"https:\/\/biohairclinic.com\/es\/#organization\"},\"potentialAction\":[{\"@type\":\"SearchAction\",\"target\":{\"@type\":\"EntryPoint\",\"urlTemplate\":\"https:\/\/biohairclinic.com\/es\/?s={search_term_string}\"},\"query-input\":{\"@type\":\"PropertyValueSpecification\",\"valueRequired\":true,\"valueName\":\"search_term_string\"}}],\"inLanguage\":\"es-ES\"},{\"@type\":\"Organization\",\"@id\":\"https:\/\/biohairclinic.com\/es\/#organization\",\"name\":\"Biohair Clinic\",\"url\":\"https:\/\/biohairclinic.com\/es\/\",\"logo\":{\"@type\":\"ImageObject\",\"inLanguage\":\"es-ES\",\"@id\":\"https:\/\/biohairclinic.com\/es\/#\/schema\/logo\/image\/\",\"url\":\"https:\/\/biohairclinic.com\/es\/wp-content\/uploads\/sites\/4\/2021\/06\/biohair-logo.svg\",\"contentUrl\":\"https:\/\/biohairclinic.com\/es\/wp-content\/uploads\/sites\/4\/2021\/06\/biohair-logo.svg\",\"width\":\"1024\",\"height\":\"1024\",\"caption\":\"Biohair Clinic\"},\"image\":{\"@id\":\"https:\/\/biohairclinic.com\/es\/#\/schema\/logo\/image\/\"}}]}<\/script>\n<!-- \/ Yoast SEO Premium plugin. -->","yoast_head_json":{"title":"La historia de Bio Hair Clinic | \u00bfQu\u00e9 es Bio Hair?","description":"Le contamos la historia de Bio Hair Clinic y sobre su tratamiento exclusivo para que su cabellera crezca sana y fuerte.","robots":{"index":"noindex","follow":"nofollow"},"og_locale":"es_ES","og_type":"article","og_title":"Qu\u00e9 es el Biohair","og_description":"Le contamos la historia de Bio Hair Clinic y sobre su tratamiento exclusivo para que su cabellera crezca sana y fuerte.","og_url":"https:\/\/biohairclinic.com\/es\/que-es-biohair\/","og_site_name":"Trasplante Capilar Turqu\u00eda","article_modified_time":"2021-06-28T10:47:06+00:00","twitter_card":"summary_large_image","twitter_misc":{"Est. reading time":"5 minutes"},"schema":{"@context":"https:\/\/schema.org","@graph":[{"@type":"WebPage","@id":"https:\/\/biohairclinic.com\/es\/que-es-biohair\/","url":"https:\/\/biohairclinic.com\/es\/que-es-biohair\/","name":"La historia de Bio Hair Clinic | \u00bfQu\u00e9 es Bio Hair?","isPartOf":{"@id":"https:\/\/biohairclinic.com\/es\/#website"},"datePublished":"2018-09-27T11:19:23+00:00","dateModified":"2021-06-28T10:47:06+00:00","description":"Le contamos la historia de Bio Hair Clinic y sobre su tratamiento exclusivo para que su cabellera crezca sana y fuerte.","breadcrumb":{"@id":"https:\/\/biohairclinic.com\/es\/que-es-biohair\/#breadcrumb"},"inLanguage":"es-ES","potentialAction":[{"@type":"ReadAction","target":["https:\/\/biohairclinic.com\/es\/que-es-biohair\/"]}]},{"@type":"BreadcrumbList","@id":"https:\/\/biohairclinic.com\/es\/que-es-biohair\/#breadcrumb","itemListElement":[{"@type":"ListItem","position":1,"name":"Inicio","item":"https:\/\/biohairclinic.com\/es\/"},{"@type":"ListItem","position":2,"name":"Qu\u00e9 es el Biohair"}]},{"@type":"WebSite","@id":"https:\/\/biohairclinic.com\/es\/#website","url":"https:\/\/biohairclinic.com\/es\/","name":"Trasplante Capilar Turqu\u00eda","description":"BioHairClinic\u00a9","publisher":{"@id":"https:\/\/biohairclinic.com\/es\/#organization"},"potentialAction":[{"@type":"SearchAction","target":{"@type":"EntryPoint","urlTemplate":"https:\/\/biohairclinic.com\/es\/?s={search_term_string}"},"query-input":{"@type":"PropertyValueSpecification","valueRequired":true,"valueName":"search_term_string"}}],"inLanguage":"es-ES"},{"@type":"Organization","@id":"https:\/\/biohairclinic.com\/es\/#organization","name":"Biohair Clinic","url":"https:\/\/biohairclinic.com\/es\/","logo":{"@type":"ImageObject","inLanguage":"es-ES","@id":"https:\/\/biohairclinic.com\/es\/#\/schema\/logo\/image\/","url":"https:\/\/biohairclinic.com\/es\/wp-content\/uploads\/sites\/4\/2021\/06\/biohair-logo.svg","contentUrl":"https:\/\/biohairclinic.com\/es\/wp-content\/uploads\/sites\/4\/2021\/06\/biohair-logo.svg","width":"1024","height":"1024","caption":"Biohair Clinic"},"image":{"@id":"https:\/\/biohairclinic.com\/es\/#\/schema\/logo\/image\/"}}]}},"_links":{"self":[{"href":"https:\/\/biohairclinic.com\/es\/wp-json\/wp\/v2\/pages\/10891","targetHints":{"allow":["GET"]}}],"collection":[{"href":"https:\/\/biohairclinic.com\/es\/wp-json\/wp\/v2\/pages"}],"about":[{"href":"https:\/\/biohairclinic.com\/es\/wp-json\/wp\/v2\/types\/page"}],"author":[{"embeddable":true,"href":"https:\/\/biohairclinic.com\/es\/wp-json\/wp\/v2\/users\/4"}],"replies":[{"embeddable":true,"href":"https:\/\/biohairclinic.com\/es\/wp-json\/wp\/v2\/comments?post=10891"}],"version-history":[{"count":11,"href":"https:\/\/biohairclinic.com\/es\/wp-json\/wp\/v2\/pages\/10891\/revisions"}],"predecessor-version":[{"id":57659,"href":"https:\/\/biohairclinic.com\/es\/wp-json\/wp\/v2\/pages\/10891\/revisions\/57659"}],"wp:attachment":[{"href":"https:\/\/biohairclinic.com\/es\/wp-json\/wp\/v2\/media?parent=10891"}],"curies":[{"name":"wp","href":"https:\/\/api.w.org\/{rel}","templated":true}]}}