{"id":11383,"date":"2019-08-13T12:17:47","date_gmt":"2019-08-13T12:17:47","guid":{"rendered":"https:\/\/biohairclinic.com\/es\/?page_id=11383"},"modified":"2021-06-28T10:43:51","modified_gmt":"2021-06-28T10:43:51","slug":"pigmentacion-capilar","status":"publish","type":"page","link":"https:\/\/biohairclinic.com\/es\/pigmentacion-capilar\/","title":{"rendered":"Pigmentaci\u00f3n Capilar"},"content":{"rendered":"<h1>Pigmentaci\u00f3n Capilar<\/h1>\n<p>Si sufre de un pelo cada vez m\u00e1s claro o zonas de calvicie y busca solucionar este problema, existen distintas opciones de tratamientos de trasplante capilar, as\u00ed como productos de cuidado especial para fomentar el crecimiento de cabello.<\/p>\n<p>Pero no todas las personas que padecen de alopecia tienen la posibilidad de realizar el injerto capilar, entre otros motivos, debido a la falta de fol\u00edculos suficiente en el \u00e1rea donante. Por suerte, existe una alternativa econ\u00f3mica con resultados naturales para aquellas personas interesadas en combatir la p\u00e9rdida de cabello: la micropigmentaci\u00f3n capilar. A continuaci\u00f3n le presentamos la informaci\u00f3n m\u00e1s importante sobre este tratamiento.<\/p>\n<h2 style=\"text-align: center\"><span style=\"font-weight: 400\">\u00bfQu\u00e9 es exactamente la Pigmentaci\u00f3n Capilar?<\/span><\/h2>\n<p>Consiste en un procedimiento de tratamiento capilar en el cual se inyectan pigmentos naturales bajo la piel del cuero cabelludo. Este m\u00e9todo innovador simula la apariencia del pelo rasurado en fase de crecimiento y da la impresi\u00f3n de una mayor densidad capilar.<\/p>\n<p>Los pigmentos se aplican debajo de la piel, como en el caso de los tatuajes o el maquillaje permanente. Pero a diferencia de estas dos t\u00e9cnicas, en la micropigmentaci\u00f3n se aplican los colores a una profundidad de 0,6 a 1,2 mil\u00edmetros de la piel, dejando cicatrices mucho m\u00e1s finas. Los colores utilizados est\u00e1n hechos de un material biol\u00f3gico no irritante que se diluye en la piel. Esto significa que los pigmentos no son t\u00f3xicos para su cuerpo y que no causan alergias.<\/p>\n<h2><span>\u00bfEs esta la opci\u00f3n correcta para m\u00ed?<\/span><\/h2>\n<p>La mejor manera de averiguar si la micropigmentaci\u00f3n capilar es su tratamiento ideal es a trav\u00e9s de una consulta gratuita. Nuestro alto nivel de experiencia con esta t\u00e9cnica nos ha demostrado que se obtienen resultados \u00f3ptimos en pacientes con las siguientes condiciones:<\/p>\n<ul>\n<li>Calvicie en su etapa inicial (entradas)<\/li>\n<li>P\u00e9rdida difusa del cabello<\/li>\n<li>Pelo fino y claro<\/li>\n<li>Ca\u00edda circular del cabello<\/li>\n<li>Frentes calvas<\/li>\n<li>Calvicie occipital<\/li>\n<li>P\u00e9rdida de cabello durante y despu\u00e9s de la quimioterapia<\/li>\n<li>Cicatrices en el \u00e1rea de la cabeza<\/li>\n<li>Tricotiloman\u00eda (puntos de calvicie causados por arrancar el cabello)<\/li>\n<li>\u00c1reas claras por donde pasa el cuero cabelludo, tambi\u00e9n en personas con pelo largo<\/li>\n<\/ul>\n<p>La micropigmentaci\u00f3n del cabello tambi\u00e9n se puede utilizar como complemento del trasplante capilar, por ejemplo para rellenar el \u00e1rea donante de donde se extrajeron los injertos, aunque por lo general esto no ser\u00e1 necesario.<\/p>\n<p>Si considera que esta opci\u00f3n puede ser compatible para su situaci\u00f3n personal, tiene la posibilidad de realizar una consulta telef\u00f3nica o personal con nosotros. Podr\u00e1 contarnos sus expectativas y nosotros le proporcionaremos todas las opciones de tratamiento y los pasos a seguir en el procedimiento que usted elija.<\/p>\n<h2>\u00bfCu\u00e1les son los pasos del procedimiento?<\/h2>\n<ul>\n<li style=\"padding-bottom: 10px\">Dise\u00f1o y preparaci\u00f3n: El primer paso consiste en un estudio previo del paciente, en el cual se analiza la zona a tratar y se delimita la l\u00ednea frontal que se espera obtener al final del tratamiento. Se elige el tipo de pigmento, el color y el n\u00famero de de fol\u00edculos a simular en las zonas afectadas por la p\u00e9rdida de cabello.<br \/>\nOtro aspecto importante es la elecci\u00f3n de la t\u00e9cnica de micropigmentaci\u00f3n. Esta decisi\u00f3n depender\u00e1 de dos factores: el estado actual de su cabello y el resultado que desea lograr. En primer lugar, existe la<strong> t\u00e9cnica de puntos<\/strong>, que se utiliza para rellenar la calvicie. Aqu\u00ed se tat\u00faan los puntos m\u00e1s peque\u00f1os, conduciendo a la visi\u00f3n de una cabellera plena. Por otro lado est\u00e1 la <strong>t\u00e9cnica de la coma<\/strong>, donde se graban los pelos finos con el fin de dar una apariencia de cabello m\u00e1s denso. Por \u00faltimo, en la <strong>t\u00e9cnica mixta o de camuflaje<\/strong> se utilizan sombras para la pigmentaci\u00f3n del cuero cabelludo.<\/li>\n<li style=\"padding-bottom: 10px\">El procedimiento: Antes de comenzar el procedimiento, se realiza una limpieza de la zona a tratar. Se dibuja la l\u00ednea frontal y se aplica una crema anest\u00e9sica en el caso de que el paciente lo desee. La primera sesi\u00f3n dura entre 2 y 4 horas en promedio. Despu\u00e9s de eso, se deber\u00e1n realizar 1 \u00f3 2 sesiones m\u00e1s que ser\u00e1n de menor duraci\u00f3n. 24 horas antes del tratamiento debe evitar el consumo de alcohol, los medicamentos anticoagulantes y otros intoxicantes. Esto se debe a que pueden diluir la sangre, y por lo tanto provocar hemorragias durante el proceso.<\/li>\n<li style=\"padding-bottom: 10px\">El postoperatorio: Al finalizar el tratamiento se aplica un ung\u00fcento calmante en el cuero cabelludo del paciente. Los especialistas explicar\u00e1n de manera detallada el cuidado a seguir en casa.<\/li>\n<\/ul>\n<p>A continuaci\u00f3n le brindamos algunos consejos a seguir despu\u00e9s de haberse realizado la micropigmentaci\u00f3n.<\/p>\n<h3>&nbsp;\u00bfQuedan preguntas sin aclarar?<\/h3>\n<p>Preguntar no cuesta nada. Y nuestra consulta y an\u00e1lisis capilar profesional es gratuita. \u00bfQu\u00e9 est\u00e1 esperando? Cont\u00e1ctenos ahora, estaremos encantados de atenderle.<\/p>\n<h2><span style=\"font-weight: 400\">Pigmentaci\u00f3n exitosa del cabello, \u00bfy luego?<\/span><\/h2>\n<ul>\n<li>A pesar de que la pigmentaci\u00f3n capilar no es un tatuaje ni un procedimiento quir\u00fargico, deben seguirse algunas pautas para disfrutar de los resultados \u00f3ptimos por un mayor periodo de tiempo:<\/li>\n<li>Evite el contacto directo del cuero cabelludo con rayos solares por los primeros 7 d\u00edas.<\/li>\n<li>Evite las primeras semana las visita al sol\u00e1rium, el sauna o la piscina.<\/li>\n<li>No realice ning\u00fan tipo de deporte o actividad f\u00edsica extenuante la primera semana despu\u00e9s del tratamiento.<\/li>\n<li>No se lave el cabello hasta despu\u00e9s de 3 d\u00edas del tratamiento.<\/li>\n<li>No utilice productos para peinar, como gel para el cabello o laca, hasta el primer lavado.<\/li>\n<\/ul>\n<p>La durabilidad de los pigmentos se prolonga si se utiliza una crema de protecci\u00f3n solar con al menos FPS +20, ya que la luz del sol decolora los pigmentos antes de tiempo. El protector solar reduce esta influencia y prolonga la vida \u00fatil de los pigmentos, lo que significa que disfrutar\u00e1 del resultado durante un per\u00edodo m\u00e1s largo.<\/p>\n<h2><span style=\"font-weight: 400\">Las ventajas de la micropigmentaci\u00f3n capilar<\/span><\/h2>\n<p>Al pinchar los los pigmentos solo superficialmente en la piel, no se producen heridas o cicatrices despu\u00e9s del procedimiento. Sin embargo, es aconsejable asegurar un ambiente limpio y libre de polvo despu\u00e9s del procedimiento.<br \/>\nAdem\u00e1s, este tratamiento es m\u00e1s r\u00e1pido y barato que un<strong><a href=\"https:\/\/biohairclinic.com\/es\/trasplante-capilar-fue\/\"> trasplante capilar FUE, <\/a><\/strong>por ejemplo, y los resultados pueden verse inmediatamente despu\u00e9s del procedimiento. Una vez que el enrojecimiento ha desaparecido, no es posible notar la diferencia con el cabello normal.<\/p>\n<p>Esta alternativa para la calvicie, se utiliza con gran \u00e9xito en diferentes situaciones de p\u00e9rdida de pelo. Al pigmentar el cuero cabelludo, se logra una cabellera con un aspecto m\u00e1s voluminoso de lo que realmente es.<\/p>\n<p>Es casi imposible distinguir los pigmentos del cabello real, incluso realizando un an\u00e1lisis m\u00e1s detallado del cuero cabelludo. Un aspecto a tener en cuenta es que al no tratarse de una t\u00e9cnica de tatuaje, los pigmentos se desvanecen despu\u00e9s de 2 o 3 a\u00f1os. Luego de este per\u00edodo ser\u00e1 necesaria una correcci\u00f3n para mantener los resultados.<\/p>\n<p>La pigmentaci\u00f3n capilar puede ser una muy buena alternativa para usted, especialmente si no desea someterse a un procedimiento doloroso para combatir la ca\u00edda del cabello.<\/p>\n<h2>AN\u00c1LISIS CAPILAR GRATIS<\/h2>\n<p>Utilice la calculadora de cabello para conocer la cantidad de injertos que necesita. El proceso es totalmente gratuito y sin compromiso.<\/p>\n","protected":false},"excerpt":{"rendered":"<p>Pigmentaci\u00f3n Capilar Si sufre de un pelo cada vez m\u00e1s claro o zonas de calvicie y busca solucionar este problema, existen distintas opciones de tratamientos de trasplante capilar, as\u00ed como productos de cuidado especial para fomentar el crecimiento de cabello. Pero no todas las personas que padecen de alopecia tienen la posibilidad de realizar el [&hellip;]<\/p>\n","protected":false},"author":7,"featured_media":10814,"parent":0,"menu_order":0,"comment_status":"closed","ping_status":"closed","template":"","meta":{"_acf_changed":false,"inline_featured_image":false,"footnotes":""},"class_list":["post-11383","page","type-page","status-publish","has-post-thumbnail","hentry"],"acf":[],"yoast_head":"<!-- This site is optimized with the Yoast SEO Premium plugin v27.3 (Yoast SEO v27.4) - https:\/\/yoast.com\/product\/yoast-seo-premium-wordpress\/ -->\n<title>Tratamiento de Pigmentaci\u00f3n Capilar: m\u00e9todos y procedimientos<\/title>\n<meta name=\"description\" content=\"La pigmentaci\u00f3n capilar puede ser una aternativa o un complemento para el trasplante capilar. Qu\u00e9 es, cu\u00e1l es su procedimiento y cu\u00e1ndo elegirlo.\" \/>\n<meta name=\"robots\" content=\"noindex, nofollow\" \/>\n<meta property=\"og:locale\" content=\"es_ES\" \/>\n<meta property=\"og:type\" content=\"article\" \/>\n<meta property=\"og:title\" content=\"Pigmentaci\u00f3n Capilar\" \/>\n<meta property=\"og:description\" content=\"La pigmentaci\u00f3n capilar puede ser una aternativa o un complemento para el trasplante capilar. Qu\u00e9 es, cu\u00e1l es su procedimiento y cu\u00e1ndo elegirlo.\" \/>\n<meta property=\"og:url\" content=\"https:\/\/biohairclinic.com\/es\/pigmentacion-capilar\/\" \/>\n<meta property=\"og:site_name\" content=\"Trasplante Capilar Turqu\u00eda\" \/>\n<meta property=\"article:modified_time\" content=\"2021-06-28T10:43:51+00:00\" \/>\n<meta property=\"og:image\" content=\"https:\/\/biohairclinic.com\/es\/wp-content\/uploads\/sites\/4\/2018\/09\/Micro-Pigmentacion.jpg\" \/>\n\t<meta property=\"og:image:width\" content=\"2040\" \/>\n\t<meta property=\"og:image:height\" content=\"818\" \/>\n\t<meta property=\"og:image:type\" content=\"image\/jpeg\" \/>\n<meta name=\"twitter:card\" content=\"summary_large_image\" \/>\n<meta name=\"twitter:label1\" content=\"Est. reading time\" \/>\n\t<meta name=\"twitter:data1\" content=\"6 minutes\" \/>\n<script type=\"application\/ld+json\" class=\"yoast-schema-graph\">{\"@context\":\"https:\\\/\\\/schema.org\",\"@graph\":[{\"@type\":\"WebPage\",\"@id\":\"https:\\\/\\\/biohairclinic.com\\\/es\\\/pigmentacion-capilar\\\/\",\"url\":\"https:\\\/\\\/biohairclinic.com\\\/es\\\/pigmentacion-capilar\\\/\",\"name\":\"Tratamiento de Pigmentaci\u00f3n Capilar: m\u00e9todos y procedimientos\",\"isPartOf\":{\"@id\":\"https:\\\/\\\/biohairclinic.com\\\/es\\\/#website\"},\"primaryImageOfPage\":{\"@id\":\"https:\\\/\\\/biohairclinic.com\\\/es\\\/pigmentacion-capilar\\\/#primaryimage\"},\"image\":{\"@id\":\"https:\\\/\\\/biohairclinic.com\\\/es\\\/pigmentacion-capilar\\\/#primaryimage\"},\"thumbnailUrl\":\"https:\\\/\\\/biohairclinic.com\\\/es\\\/wp-content\\\/uploads\\\/sites\\\/4\\\/2018\\\/09\\\/Micro-Pigmentacion.jpg\",\"datePublished\":\"2019-08-13T12:17:47+00:00\",\"dateModified\":\"2021-06-28T10:43:51+00:00\",\"description\":\"La pigmentaci\u00f3n capilar puede ser una aternativa o un complemento para el trasplante capilar. Qu\u00e9 es, cu\u00e1l es su procedimiento y cu\u00e1ndo elegirlo.\",\"breadcrumb\":{\"@id\":\"https:\\\/\\\/biohairclinic.com\\\/es\\\/pigmentacion-capilar\\\/#breadcrumb\"},\"inLanguage\":\"es-ES\",\"potentialAction\":[{\"@type\":\"ReadAction\",\"target\":[\"https:\\\/\\\/biohairclinic.com\\\/es\\\/pigmentacion-capilar\\\/\"]}]},{\"@type\":\"ImageObject\",\"inLanguage\":\"es-ES\",\"@id\":\"https:\\\/\\\/biohairclinic.com\\\/es\\\/pigmentacion-capilar\\\/#primaryimage\",\"url\":\"https:\\\/\\\/biohairclinic.com\\\/es\\\/wp-content\\\/uploads\\\/sites\\\/4\\\/2018\\\/09\\\/Micro-Pigmentacion.jpg\",\"contentUrl\":\"https:\\\/\\\/biohairclinic.com\\\/es\\\/wp-content\\\/uploads\\\/sites\\\/4\\\/2018\\\/09\\\/Micro-Pigmentacion.jpg\",\"width\":2040,\"height\":818},{\"@type\":\"BreadcrumbList\",\"@id\":\"https:\\\/\\\/biohairclinic.com\\\/es\\\/pigmentacion-capilar\\\/#breadcrumb\",\"itemListElement\":[{\"@type\":\"ListItem\",\"position\":1,\"name\":\"Inicio\",\"item\":\"https:\\\/\\\/biohairclinic.com\\\/es\\\/\"},{\"@type\":\"ListItem\",\"position\":2,\"name\":\"Pigmentaci\u00f3n Capilar\"}]},{\"@type\":\"WebSite\",\"@id\":\"https:\\\/\\\/biohairclinic.com\\\/es\\\/#website\",\"url\":\"https:\\\/\\\/biohairclinic.com\\\/es\\\/\",\"name\":\"Trasplante Capilar Turqu\u00eda\",\"description\":\"BioHairClinic\u00a9\",\"publisher\":{\"@id\":\"https:\\\/\\\/biohairclinic.com\\\/es\\\/#organization\"},\"potentialAction\":[{\"@type\":\"SearchAction\",\"target\":{\"@type\":\"EntryPoint\",\"urlTemplate\":\"https:\\\/\\\/biohairclinic.com\\\/es\\\/?s={search_term_string}\"},\"query-input\":{\"@type\":\"PropertyValueSpecification\",\"valueRequired\":true,\"valueName\":\"search_term_string\"}}],\"inLanguage\":\"es-ES\"},{\"@type\":[\"Organization\",\"Place\"],\"@id\":\"https:\\\/\\\/biohairclinic.com\\\/es\\\/#organization\",\"name\":\"Biohair Clinic\",\"url\":\"https:\\\/\\\/biohairclinic.com\\\/es\\\/\",\"logo\":{\"@id\":\"https:\\\/\\\/biohairclinic.com\\\/es\\\/pigmentacion-capilar\\\/#local-main-organization-logo\"},\"image\":{\"@id\":\"https:\\\/\\\/biohairclinic.com\\\/es\\\/pigmentacion-capilar\\\/#local-main-organization-logo\"},\"telephone\":[],\"openingHoursSpecification\":[{\"@type\":\"OpeningHoursSpecification\",\"dayOfWeek\":[\"Monday\",\"Tuesday\",\"Wednesday\",\"Thursday\",\"Friday\",\"Saturday\",\"Sunday\"],\"opens\":\"09:00\",\"closes\":\"17:00\"}]},{\"@type\":\"ImageObject\",\"inLanguage\":\"es-ES\",\"@id\":\"https:\\\/\\\/biohairclinic.com\\\/es\\\/pigmentacion-capilar\\\/#local-main-organization-logo\",\"url\":\"https:\\\/\\\/biohairclinic.com\\\/es\\\/wp-content\\\/uploads\\\/sites\\\/4\\\/2021\\\/06\\\/biohair-logo.svg\",\"contentUrl\":\"https:\\\/\\\/biohairclinic.com\\\/es\\\/wp-content\\\/uploads\\\/sites\\\/4\\\/2021\\\/06\\\/biohair-logo.svg\",\"caption\":\"Biohair Clinic\"}]}<\/script>\n<!-- \/ Yoast SEO Premium plugin. -->","yoast_head_json":{"title":"Tratamiento de Pigmentaci\u00f3n Capilar: m\u00e9todos y procedimientos","description":"La pigmentaci\u00f3n capilar puede ser una aternativa o un complemento para el trasplante capilar. Qu\u00e9 es, cu\u00e1l es su procedimiento y cu\u00e1ndo elegirlo.","robots":{"index":"noindex","follow":"nofollow"},"og_locale":"es_ES","og_type":"article","og_title":"Pigmentaci\u00f3n Capilar","og_description":"La pigmentaci\u00f3n capilar puede ser una aternativa o un complemento para el trasplante capilar. Qu\u00e9 es, cu\u00e1l es su procedimiento y cu\u00e1ndo elegirlo.","og_url":"https:\/\/biohairclinic.com\/es\/pigmentacion-capilar\/","og_site_name":"Trasplante Capilar Turqu\u00eda","article_modified_time":"2021-06-28T10:43:51+00:00","og_image":[{"width":2040,"height":818,"url":"https:\/\/biohairclinic.com\/es\/wp-content\/uploads\/sites\/4\/2018\/09\/Micro-Pigmentacion.jpg","type":"image\/jpeg"}],"twitter_card":"summary_large_image","twitter_misc":{"Est. reading time":"6 minutes"},"schema":{"@context":"https:\/\/schema.org","@graph":[{"@type":"WebPage","@id":"https:\/\/biohairclinic.com\/es\/pigmentacion-capilar\/","url":"https:\/\/biohairclinic.com\/es\/pigmentacion-capilar\/","name":"Tratamiento de Pigmentaci\u00f3n Capilar: m\u00e9todos y procedimientos","isPartOf":{"@id":"https:\/\/biohairclinic.com\/es\/#website"},"primaryImageOfPage":{"@id":"https:\/\/biohairclinic.com\/es\/pigmentacion-capilar\/#primaryimage"},"image":{"@id":"https:\/\/biohairclinic.com\/es\/pigmentacion-capilar\/#primaryimage"},"thumbnailUrl":"https:\/\/biohairclinic.com\/es\/wp-content\/uploads\/sites\/4\/2018\/09\/Micro-Pigmentacion.jpg","datePublished":"2019-08-13T12:17:47+00:00","dateModified":"2021-06-28T10:43:51+00:00","description":"La pigmentaci\u00f3n capilar puede ser una aternativa o un complemento para el trasplante capilar. Qu\u00e9 es, cu\u00e1l es su procedimiento y cu\u00e1ndo elegirlo.","breadcrumb":{"@id":"https:\/\/biohairclinic.com\/es\/pigmentacion-capilar\/#breadcrumb"},"inLanguage":"es-ES","potentialAction":[{"@type":"ReadAction","target":["https:\/\/biohairclinic.com\/es\/pigmentacion-capilar\/"]}]},{"@type":"ImageObject","inLanguage":"es-ES","@id":"https:\/\/biohairclinic.com\/es\/pigmentacion-capilar\/#primaryimage","url":"https:\/\/biohairclinic.com\/es\/wp-content\/uploads\/sites\/4\/2018\/09\/Micro-Pigmentacion.jpg","contentUrl":"https:\/\/biohairclinic.com\/es\/wp-content\/uploads\/sites\/4\/2018\/09\/Micro-Pigmentacion.jpg","width":2040,"height":818},{"@type":"BreadcrumbList","@id":"https:\/\/biohairclinic.com\/es\/pigmentacion-capilar\/#breadcrumb","itemListElement":[{"@type":"ListItem","position":1,"name":"Inicio","item":"https:\/\/biohairclinic.com\/es\/"},{"@type":"ListItem","position":2,"name":"Pigmentaci\u00f3n Capilar"}]},{"@type":"WebSite","@id":"https:\/\/biohairclinic.com\/es\/#website","url":"https:\/\/biohairclinic.com\/es\/","name":"Trasplante Capilar Turqu\u00eda","description":"BioHairClinic\u00a9","publisher":{"@id":"https:\/\/biohairclinic.com\/es\/#organization"},"potentialAction":[{"@type":"SearchAction","target":{"@type":"EntryPoint","urlTemplate":"https:\/\/biohairclinic.com\/es\/?s={search_term_string}"},"query-input":{"@type":"PropertyValueSpecification","valueRequired":true,"valueName":"search_term_string"}}],"inLanguage":"es-ES"},{"@type":["Organization","Place"],"@id":"https:\/\/biohairclinic.com\/es\/#organization","name":"Biohair Clinic","url":"https:\/\/biohairclinic.com\/es\/","logo":{"@id":"https:\/\/biohairclinic.com\/es\/pigmentacion-capilar\/#local-main-organization-logo"},"image":{"@id":"https:\/\/biohairclinic.com\/es\/pigmentacion-capilar\/#local-main-organization-logo"},"telephone":[],"openingHoursSpecification":[{"@type":"OpeningHoursSpecification","dayOfWeek":["Monday","Tuesday","Wednesday","Thursday","Friday","Saturday","Sunday"],"opens":"09:00","closes":"17:00"}]},{"@type":"ImageObject","inLanguage":"es-ES","@id":"https:\/\/biohairclinic.com\/es\/pigmentacion-capilar\/#local-main-organization-logo","url":"https:\/\/biohairclinic.com\/es\/wp-content\/uploads\/sites\/4\/2021\/06\/biohair-logo.svg","contentUrl":"https:\/\/biohairclinic.com\/es\/wp-content\/uploads\/sites\/4\/2021\/06\/biohair-logo.svg","caption":"Biohair Clinic"}]}},"_links":{"self":[{"href":"https:\/\/biohairclinic.com\/es\/wp-json\/wp\/v2\/pages\/11383","targetHints":{"allow":["GET"]}}],"collection":[{"href":"https:\/\/biohairclinic.com\/es\/wp-json\/wp\/v2\/pages"}],"about":[{"href":"https:\/\/biohairclinic.com\/es\/wp-json\/wp\/v2\/types\/page"}],"author":[{"embeddable":true,"href":"https:\/\/biohairclinic.com\/es\/wp-json\/wp\/v2\/users\/7"}],"replies":[{"embeddable":true,"href":"https:\/\/biohairclinic.com\/es\/wp-json\/wp\/v2\/comments?post=11383"}],"version-history":[{"count":11,"href":"https:\/\/biohairclinic.com\/es\/wp-json\/wp\/v2\/pages\/11383\/revisions"}],"predecessor-version":[{"id":57652,"href":"https:\/\/biohairclinic.com\/es\/wp-json\/wp\/v2\/pages\/11383\/revisions\/57652"}],"wp:featuredmedia":[{"embeddable":true,"href":"https:\/\/biohairclinic.com\/es\/wp-json\/wp\/v2\/media\/10814"}],"wp:attachment":[{"href":"https:\/\/biohairclinic.com\/es\/wp-json\/wp\/v2\/media?parent=11383"}],"curies":[{"name":"wp","href":"https:\/\/api.w.org\/{rel}","templated":true}]}}