{"id":11431,"date":"2019-08-13T13:17:59","date_gmt":"2019-08-13T13:17:59","guid":{"rendered":"https:\/\/biohairclinic.com\/es\/?page_id=11431"},"modified":"2025-06-27T15:12:40","modified_gmt":"2025-06-27T15:12:40","slug":"trasplante-capilar-zafiro-fue","status":"publish","type":"page","link":"https:\/\/biohairclinic.com\/es\/trasplante-capilar-zafiro-fue\/","title":{"rendered":"Trasplante Capilar Zafiro FUE"},"content":{"rendered":"<section class=\"hero\">\r\n    <div class=\"container\">\r\n        <div class=\"row\">\r\n            <div class=\"col-md-6\">\r\n                <h1><span>Trasplante<\/span>Capilar con T\u00e9cnica Zafiro<\/h1>\r\n                <div class=\"p-block\">\r\n                    <p>Durante muchos a\u00f1os, la t\u00e9cnica FUE con zafiro fue uno de los m\u00e9todos m\u00e1s utilizados en el campo del trasplante capilar. Muchas cl\u00ednicas a\u00fan la ofrecen hoy en d\u00eda, y anteriormente tambi\u00e9n fue empleada aqu\u00ed en Bio Hair Clinic.\r\n<br><br>\r\nSin embargo, los avances m\u00e9dicos han redefinido el est\u00e1ndar de calidad. Con la introducci\u00f3n de la t\u00e9cnica DHI (Implantaci\u00f3n Directa del Cabello), ahora obtenemos resultados mucho m\u00e1s precisos, de aspecto m\u00e1s natural y significativamente m\u00e1s suaves para el cuero cabelludo.\r\n<br><br>\r\nPor eso, actualmente utilizamos exclusivamente la tecnolog\u00eda m\u00e1s reciente y avanzada para implantar tus injertos capilares.<\/p>\r\n                                            <div class=\"btn\">\r\n                            <span class=\"button bio_btn\" data-url=\"https:\/\/biohairclinic.com\/es\/calculadora-de-cabello\/\">Consulta gratuita<\/span>\r\n                        <\/div>\r\n                       \r\n                <\/div>\r\n            <\/div>\r\n            <div class=\"col-md-6\">\r\n                                        <img loading=\"lazy\" decoding=\"async\" src=\"https:\/\/biohairclinic.com\/es\/wp-content\/uploads\/sites\/4\/2021\/06\/Gra\u0301fica-de-trasplante-capilar-FUE.svg\" alt=\"Gra\u0301fica de trasplante capilar FUE\" width=\"535\" height=\"473\"\/>\r\n                            <\/div>\r\n        <\/div>\r\n    <\/div>\r\n<\/section>\n\n<section class=\"text_image left sec_bg\">\r\n    <div class=\"container\">\r\n                    <div class=\"row\">\r\n                <div class=\"col-md-6\">\r\n                                                <img loading=\"lazy\" decoding=\"async\" class=\"top_right_bottom_left\" src=\"https:\/\/biohairclinic.com\/es\/wp-content\/uploads\/sites\/4\/2025\/06\/Instrumento-de-trasplante-capilar-zafiro.png\" alt=\"Instrumento de trasplante capilar zafiro\" width=\"609\" height=\"426\"\/>\r\n                                    <\/div>\r\n                <div class=\"col-md-6\">\r\n                    <div class=\"content\">\r\n                        <h2>FUE Zafiro: Un M\u00e9todo Comprobado, Pero Obsoleto<\/h2>\n<p>La t\u00e9cnica FUE con zafiro fue en su momento considerada un m\u00e9todo innovador para implantar fol\u00edculos capilares en la zona receptora.<\/p>\n<p>Gracias a sus hojas de zafiro en forma de \u201cV\u201d, ofrec\u00eda incisiones m\u00e1s precisas en comparaci\u00f3n con las herramientas de acero tradicionales, lo que minimizaba el trauma en el cuero cabelludo y favorec\u00eda una recuperaci\u00f3n m\u00e1s r\u00e1pida tras la cirug\u00eda.<\/p>\n<p>Esta t\u00e9cnica ofrec\u00eda resultados s\u00f3lidos y fiables. Pero hoy en d\u00eda, la t\u00e9cnica ha sido superada en todos los aspectos por la DHI.<\/p>\n<p>\u00bfC\u00f3mo funciona el m\u00e9todo Zafiro?<\/p>\n<ul>\n<li>Se realizan incisiones en forma de \u201cV\u201d en la zona receptora utilizando una hoja de zafiro.<\/li>\n<li>Posteriormente, los fol\u00edculos capilares se insertan manualmente en estos canales previamente abiertos, siguiendo la direcci\u00f3n natural del crecimiento del cabello.<\/li>\n<\/ul>\n                                            <\/div>\r\n                <\/div>\r\n            <\/div>\r\n            <\/div>\r\n<\/section>\n\n<section class=\"text_image \">\r\n    <div class=\"container\">\r\n        <div class=\"row\">\r\n                            <div class=\"col-md-6\">\r\n                    <div class=\"col-dark-blue border-3-dark border-radius-1\">\r\n                        <h2>Por Qu\u00e9 Ya No Utilizamos la T\u00e9cnica FUE Zafiro<\/h2>\n<p>A pesar de sus logros hasta la fecha, esta t\u00e9cnica ha llegado a sus l\u00edmites en varios aspectos y hoy se considera t\u00e9cnicamente obsoleta.<\/p>\n<p>El procedimiento es m\u00e1s complejo y ejerce una presi\u00f3n innecesaria sobre el tejido.<br \/>\nLa apertura de canales y la inserci\u00f3n de los injertos se realizan por separado. Esto implica m\u00e1s pasos y, por tanto, el doble de estr\u00e9s para tu cuero cabelludo.<\/p>\n<p>Para nosotros, est\u00e1 claro: si existe una opci\u00f3n mejor, la utilizamos.<\/p>\n                                                                                                <\/div>\r\n                <\/div>\r\n                <div class=\"col-md-6\">\r\n                    <div class=\"col-dark-blue border-radius-3 dark-blue\">\r\n                        <h2>Mirando al Futuro: Es Hora de Avanzar<\/h2>\n<p>El trasplante capilar con t\u00e9cnica FUE Zafiro fue un m\u00e9todo eficaz que ofrec\u00eda resultados s\u00f3lidos y naturales. Tambi\u00e9n fue utilizado durante mucho tiempo en Bio Hair Clinic. Sin embargo, la tecnolog\u00eda m\u00e9dica y las metodolog\u00edas est\u00e1n en constante evoluci\u00f3n.<\/p>\n<p>Actualmente, existe una t\u00e9cnica m\u00e1s eficiente, m\u00e1s suave con tu cuero cabelludo y que permite una colocaci\u00f3n a\u00fan m\u00e1s precisa de los injertos. Por ello, hemos decidido dejar de ofrecer la t\u00e9cnica Zafiro.<\/p>\n<p>En su lugar, ofrecemos \u00fanicamente las tecnolog\u00edas m\u00e1s modernas y los procedimientos m\u00e1s actualizados para lograr resultados verdaderamente impactantes. Con la t\u00e9cnica DHI, apostamos por la innovaci\u00f3n m\u00e9dica, la eficiencia y resultados personalizados y naturales.<\/p>\n<p>Para nosotros, hay una cosa clara: si un m\u00e9todo ya no cumple con los est\u00e1ndares actuales, dejamos de utilizarlo. Nuestro objetivo es ofrecerte un tratamiento que no solo funcione, sino que convenza en todos los aspectos.<\/p>\n                                            <\/div>\r\n                <\/div>\r\n                    <\/div>\r\n    <\/div>\r\n<\/section>\n\n\r\n\r\n<section class=\"faq sec_bg\">\r\n    <div class=\"container\">\r\n        <div class=\"row\">\r\n                            <div class=\"col-md-12\">\r\n                    <div class=\"title\">\r\n                        <h2>Preguntas Frecuentes <\/h2>\r\n                    <\/div>\r\n                <\/div>\r\n                                        <div class=\"col-md-6\">\r\n                    <div class=\"content\">\r\n                        <h3>\u00bfQu\u00e9 es la t\u00e9cnica FUE Zafiro?<\/h3>\r\n                        <p>La t\u00e9cnica FUE Zafiro consiste en abrir canales en la zona receptora utilizando una hoja de zafiro, antes de insertar los fol\u00edculos capilares. Es una t\u00e9cnica s\u00f3lida, pero que ya no cumple con los est\u00e1ndares m\u00e9dicos actuales.<\/p>\r\n                    <\/div>\r\n                <\/div>\r\n                                <div class=\"col-md-6\">\r\n                    <div class=\"content\">\r\n                        <h3>\u00bfEs mejor la t\u00e9cnica DHI que la FUE Zafiro?<\/h3>\r\n                        <p>S\u00ed. La t\u00e9cnica DHI permite un control mucho m\u00e1s preciso durante la implantaci\u00f3n y es mucho m\u00e1s suave con el cuero cabelludo, lo que se traduce en mejores resultados con menos tensi\u00f3n sobre el tejido.<\/p>\r\n                    <\/div>\r\n                <\/div>\r\n                                <div class=\"col-md-6\">\r\n                    <div class=\"content\">\r\n                        <h3>\u00bfLa t\u00e9cnica Zafiro es peligrosa?<\/h3>\r\n                        <p>En absoluto. Se ha utilizado con \u00e9xito en todo el mundo durante muchos a\u00f1os. Sin embargo, las t\u00e9cnicas m\u00e1s recientes como la DHI ofrecen hoy resultados superiores, con menos esfuerzo para el tejido y una recuperaci\u00f3n m\u00e1s r\u00e1pida.<\/p>\r\n                    <\/div>\r\n                <\/div>\r\n                                <div class=\"col-md-6\">\r\n                    <div class=\"content\">\r\n                        <h3>\u00bfQu\u00e9 ventajas ten\u00eda la t\u00e9cnica Zafiro?<\/h3>\r\n                        <p>Las hojas de zafiro en forma de \u201cV\u201d permit\u00edan una apertura precisa de los canales, lo que ayudaba a asegurar una direcci\u00f3n natural del crecimiento del cabello y tiempos de recuperaci\u00f3n m\u00e1s cortos. Aun as\u00ed, en comparaci\u00f3n con las t\u00e9cnicas actuales, ya se considera desactualizada.<\/p>\r\n                    <\/div>\r\n                <\/div>\r\n                                <div class=\"col-md-6\">\r\n                    <div class=\"content\">\r\n                        <h3>\u00bfQu\u00e9 es importante en los cuidados posteriores?<\/h3>\r\n                        <p>Gracias a los avances tecnol\u00f3gicos, tanto los resultados como el proceso de recuperaci\u00f3n han mejorado considerablemente. Las cl\u00ednicas que trabajan con est\u00e1ndares modernos han dejado en gran medida de utilizar la t\u00e9cnica Zafiro en favor de la DHI.<\/p>\r\n                    <\/div>\r\n                <\/div>\r\n                                <div class=\"col-md-6\">\r\n                    <div class=\"content\">\r\n                        <h3>\u00bfLa t\u00e9cnica Zafiro sigue siendo recomendable en algunos casos?<\/h3>\r\n                        <p>En nuestra cl\u00ednica, no. Actualmente no existe ninguna situaci\u00f3n m\u00e9dica ni est\u00e9tica en la que la t\u00e9cnica Zafiro ofrezca una ventaja clara frente a m\u00e9todos m\u00e1s modernos como la DHI. Por eso, hemos decidido dejar de utilizarla por completo.<\/p>\r\n                    <\/div>\r\n                <\/div>\r\n                        <\/div>\r\n    <\/div>\r\n<\/section>\r\n\r\n\n\n\n<p><\/p>\n","protected":false},"excerpt":{"rendered":"","protected":false},"author":7,"featured_media":11439,"parent":0,"menu_order":0,"comment_status":"closed","ping_status":"closed","template":"","meta":{"_acf_changed":false,"inline_featured_image":false,"footnotes":""},"class_list":["post-11431","page","type-page","status-publish","has-post-thumbnail","hentry"],"acf":[],"yoast_head":"<!-- This site is optimized with the Yoast SEO Premium plugin v27.3 (Yoast SEO v27.4) - https:\/\/yoast.com\/product\/yoast-seo-premium-wordpress\/ -->\n<title>\u00bfQu\u00e9 es el Trasplante Capilar Zafiro FUE de Bio Hair?<\/title>\n<meta name=\"description\" content=\"Muchas personas sufren de p\u00e9rdida de cabello. Le presentamos el m\u00e9todo m\u00e1s moderno de trasplante capilar de Bio Hair: Zafiro FUE.\" \/>\n<meta name=\"robots\" content=\"index, follow, max-snippet:-1, max-image-preview:large, max-video-preview:-1\" \/>\n<link rel=\"canonical\" href=\"https:\/\/biohairclinic.com\/es\/trasplante-capilar-zafiro-fue\/\" \/>\n<meta property=\"og:locale\" content=\"es_ES\" \/>\n<meta property=\"og:type\" content=\"article\" \/>\n<meta property=\"og:title\" content=\"Trasplante Capilar Zafiro FUE\" \/>\n<meta property=\"og:description\" content=\"Muchas personas sufren de p\u00e9rdida de cabello. Le presentamos el m\u00e9todo m\u00e1s moderno de trasplante capilar de Bio Hair: Zafiro FUE.\" \/>\n<meta property=\"og:url\" content=\"https:\/\/biohairclinic.com\/es\/trasplante-capilar-zafiro-fue\/\" \/>\n<meta property=\"og:site_name\" content=\"Trasplante Capilar Turqu\u00eda\" \/>\n<meta property=\"article:modified_time\" content=\"2025-06-27T15:12:40+00:00\" \/>\n<meta property=\"og:image\" content=\"https:\/\/biohairclinic.com\/es\/wp-content\/uploads\/sites\/4\/2019\/08\/Infograf\u00eda-Trasplante-Zafiro-FUE-vs.-Trasplante-Normal.jpg\" \/>\n\t<meta property=\"og:image:width\" content=\"605\" \/>\n\t<meta property=\"og:image:height\" content=\"320\" \/>\n\t<meta property=\"og:image:type\" content=\"image\/jpeg\" \/>\n<meta name=\"twitter:card\" content=\"summary_large_image\" \/>\n<meta name=\"twitter:label1\" content=\"Est. reading time\" \/>\n\t<meta name=\"twitter:data1\" content=\"1 minute\" \/>\n<script type=\"application\/ld+json\" class=\"yoast-schema-graph\">{\"@context\":\"https:\\\/\\\/schema.org\",\"@graph\":[{\"@type\":\"WebPage\",\"@id\":\"https:\\\/\\\/biohairclinic.com\\\/es\\\/trasplante-capilar-zafiro-fue\\\/\",\"url\":\"https:\\\/\\\/biohairclinic.com\\\/es\\\/trasplante-capilar-zafiro-fue\\\/\",\"name\":\"\u00bfQu\u00e9 es el Trasplante Capilar Zafiro FUE de Bio Hair?\",\"isPartOf\":{\"@id\":\"https:\\\/\\\/biohairclinic.com\\\/es\\\/#website\"},\"primaryImageOfPage\":{\"@id\":\"https:\\\/\\\/biohairclinic.com\\\/es\\\/trasplante-capilar-zafiro-fue\\\/#primaryimage\"},\"image\":{\"@id\":\"https:\\\/\\\/biohairclinic.com\\\/es\\\/trasplante-capilar-zafiro-fue\\\/#primaryimage\"},\"thumbnailUrl\":\"https:\\\/\\\/biohairclinic.com\\\/es\\\/wp-content\\\/uploads\\\/sites\\\/4\\\/2019\\\/08\\\/Infograf\u00eda-Trasplante-Zafiro-FUE-vs.-Trasplante-Normal.jpg\",\"datePublished\":\"2019-08-13T13:17:59+00:00\",\"dateModified\":\"2025-06-27T15:12:40+00:00\",\"description\":\"Muchas personas sufren de p\u00e9rdida de cabello. Le presentamos el m\u00e9todo m\u00e1s moderno de trasplante capilar de Bio Hair: Zafiro FUE.\",\"breadcrumb\":{\"@id\":\"https:\\\/\\\/biohairclinic.com\\\/es\\\/trasplante-capilar-zafiro-fue\\\/#breadcrumb\"},\"inLanguage\":\"es-ES\",\"potentialAction\":[{\"@type\":\"ReadAction\",\"target\":[\"https:\\\/\\\/biohairclinic.com\\\/es\\\/trasplante-capilar-zafiro-fue\\\/\"]}]},{\"@type\":\"ImageObject\",\"inLanguage\":\"es-ES\",\"@id\":\"https:\\\/\\\/biohairclinic.com\\\/es\\\/trasplante-capilar-zafiro-fue\\\/#primaryimage\",\"url\":\"https:\\\/\\\/biohairclinic.com\\\/es\\\/wp-content\\\/uploads\\\/sites\\\/4\\\/2019\\\/08\\\/Infograf\u00eda-Trasplante-Zafiro-FUE-vs.-Trasplante-Normal.jpg\",\"contentUrl\":\"https:\\\/\\\/biohairclinic.com\\\/es\\\/wp-content\\\/uploads\\\/sites\\\/4\\\/2019\\\/08\\\/Infograf\u00eda-Trasplante-Zafiro-FUE-vs.-Trasplante-Normal.jpg\",\"width\":605,\"height\":320,\"caption\":\"Infograf\u00eda Trasplante Zafiro FUE vs. Trasplante Normal\"},{\"@type\":\"BreadcrumbList\",\"@id\":\"https:\\\/\\\/biohairclinic.com\\\/es\\\/trasplante-capilar-zafiro-fue\\\/#breadcrumb\",\"itemListElement\":[{\"@type\":\"ListItem\",\"position\":1,\"name\":\"Inicio\",\"item\":\"https:\\\/\\\/biohairclinic.com\\\/es\\\/\"},{\"@type\":\"ListItem\",\"position\":2,\"name\":\"Trasplante Capilar Zafiro FUE\"}]},{\"@type\":\"WebSite\",\"@id\":\"https:\\\/\\\/biohairclinic.com\\\/es\\\/#website\",\"url\":\"https:\\\/\\\/biohairclinic.com\\\/es\\\/\",\"name\":\"Trasplante Capilar Turqu\u00eda\",\"description\":\"BioHairClinic\u00a9\",\"publisher\":{\"@id\":\"https:\\\/\\\/biohairclinic.com\\\/es\\\/#organization\"},\"potentialAction\":[{\"@type\":\"SearchAction\",\"target\":{\"@type\":\"EntryPoint\",\"urlTemplate\":\"https:\\\/\\\/biohairclinic.com\\\/es\\\/?s={search_term_string}\"},\"query-input\":{\"@type\":\"PropertyValueSpecification\",\"valueRequired\":true,\"valueName\":\"search_term_string\"}}],\"inLanguage\":\"es-ES\"},{\"@type\":[\"Organization\",\"Place\"],\"@id\":\"https:\\\/\\\/biohairclinic.com\\\/es\\\/#organization\",\"name\":\"Biohair Clinic\",\"url\":\"https:\\\/\\\/biohairclinic.com\\\/es\\\/\",\"logo\":{\"@id\":\"https:\\\/\\\/biohairclinic.com\\\/es\\\/trasplante-capilar-zafiro-fue\\\/#local-main-organization-logo\"},\"image\":{\"@id\":\"https:\\\/\\\/biohairclinic.com\\\/es\\\/trasplante-capilar-zafiro-fue\\\/#local-main-organization-logo\"},\"telephone\":[],\"openingHoursSpecification\":[{\"@type\":\"OpeningHoursSpecification\",\"dayOfWeek\":[\"Monday\",\"Tuesday\",\"Wednesday\",\"Thursday\",\"Friday\",\"Saturday\",\"Sunday\"],\"opens\":\"09:00\",\"closes\":\"17:00\"}]},{\"@type\":\"ImageObject\",\"inLanguage\":\"es-ES\",\"@id\":\"https:\\\/\\\/biohairclinic.com\\\/es\\\/trasplante-capilar-zafiro-fue\\\/#local-main-organization-logo\",\"url\":\"https:\\\/\\\/biohairclinic.com\\\/es\\\/wp-content\\\/uploads\\\/sites\\\/4\\\/2021\\\/06\\\/biohair-logo.svg\",\"contentUrl\":\"https:\\\/\\\/biohairclinic.com\\\/es\\\/wp-content\\\/uploads\\\/sites\\\/4\\\/2021\\\/06\\\/biohair-logo.svg\",\"caption\":\"Biohair Clinic\"}]}<\/script>\n<!-- \/ Yoast SEO Premium plugin. -->","yoast_head_json":{"title":"\u00bfQu\u00e9 es el Trasplante Capilar Zafiro FUE de Bio Hair?","description":"Muchas personas sufren de p\u00e9rdida de cabello. Le presentamos el m\u00e9todo m\u00e1s moderno de trasplante capilar de Bio Hair: Zafiro FUE.","robots":{"index":"index","follow":"follow","max-snippet":"max-snippet:-1","max-image-preview":"max-image-preview:large","max-video-preview":"max-video-preview:-1"},"canonical":"https:\/\/biohairclinic.com\/es\/trasplante-capilar-zafiro-fue\/","og_locale":"es_ES","og_type":"article","og_title":"Trasplante Capilar Zafiro FUE","og_description":"Muchas personas sufren de p\u00e9rdida de cabello. Le presentamos el m\u00e9todo m\u00e1s moderno de trasplante capilar de Bio Hair: Zafiro FUE.","og_url":"https:\/\/biohairclinic.com\/es\/trasplante-capilar-zafiro-fue\/","og_site_name":"Trasplante Capilar Turqu\u00eda","article_modified_time":"2025-06-27T15:12:40+00:00","og_image":[{"width":605,"height":320,"url":"https:\/\/biohairclinic.com\/es\/wp-content\/uploads\/sites\/4\/2019\/08\/Infograf\u00eda-Trasplante-Zafiro-FUE-vs.-Trasplante-Normal.jpg","type":"image\/jpeg"}],"twitter_card":"summary_large_image","twitter_misc":{"Est. reading time":"1 minute"},"schema":{"@context":"https:\/\/schema.org","@graph":[{"@type":"WebPage","@id":"https:\/\/biohairclinic.com\/es\/trasplante-capilar-zafiro-fue\/","url":"https:\/\/biohairclinic.com\/es\/trasplante-capilar-zafiro-fue\/","name":"\u00bfQu\u00e9 es el Trasplante Capilar Zafiro FUE de Bio Hair?","isPartOf":{"@id":"https:\/\/biohairclinic.com\/es\/#website"},"primaryImageOfPage":{"@id":"https:\/\/biohairclinic.com\/es\/trasplante-capilar-zafiro-fue\/#primaryimage"},"image":{"@id":"https:\/\/biohairclinic.com\/es\/trasplante-capilar-zafiro-fue\/#primaryimage"},"thumbnailUrl":"https:\/\/biohairclinic.com\/es\/wp-content\/uploads\/sites\/4\/2019\/08\/Infograf\u00eda-Trasplante-Zafiro-FUE-vs.-Trasplante-Normal.jpg","datePublished":"2019-08-13T13:17:59+00:00","dateModified":"2025-06-27T15:12:40+00:00","description":"Muchas personas sufren de p\u00e9rdida de cabello. Le presentamos el m\u00e9todo m\u00e1s moderno de trasplante capilar de Bio Hair: Zafiro FUE.","breadcrumb":{"@id":"https:\/\/biohairclinic.com\/es\/trasplante-capilar-zafiro-fue\/#breadcrumb"},"inLanguage":"es-ES","potentialAction":[{"@type":"ReadAction","target":["https:\/\/biohairclinic.com\/es\/trasplante-capilar-zafiro-fue\/"]}]},{"@type":"ImageObject","inLanguage":"es-ES","@id":"https:\/\/biohairclinic.com\/es\/trasplante-capilar-zafiro-fue\/#primaryimage","url":"https:\/\/biohairclinic.com\/es\/wp-content\/uploads\/sites\/4\/2019\/08\/Infograf\u00eda-Trasplante-Zafiro-FUE-vs.-Trasplante-Normal.jpg","contentUrl":"https:\/\/biohairclinic.com\/es\/wp-content\/uploads\/sites\/4\/2019\/08\/Infograf\u00eda-Trasplante-Zafiro-FUE-vs.-Trasplante-Normal.jpg","width":605,"height":320,"caption":"Infograf\u00eda Trasplante Zafiro FUE vs. Trasplante Normal"},{"@type":"BreadcrumbList","@id":"https:\/\/biohairclinic.com\/es\/trasplante-capilar-zafiro-fue\/#breadcrumb","itemListElement":[{"@type":"ListItem","position":1,"name":"Inicio","item":"https:\/\/biohairclinic.com\/es\/"},{"@type":"ListItem","position":2,"name":"Trasplante Capilar Zafiro FUE"}]},{"@type":"WebSite","@id":"https:\/\/biohairclinic.com\/es\/#website","url":"https:\/\/biohairclinic.com\/es\/","name":"Trasplante Capilar Turqu\u00eda","description":"BioHairClinic\u00a9","publisher":{"@id":"https:\/\/biohairclinic.com\/es\/#organization"},"potentialAction":[{"@type":"SearchAction","target":{"@type":"EntryPoint","urlTemplate":"https:\/\/biohairclinic.com\/es\/?s={search_term_string}"},"query-input":{"@type":"PropertyValueSpecification","valueRequired":true,"valueName":"search_term_string"}}],"inLanguage":"es-ES"},{"@type":["Organization","Place"],"@id":"https:\/\/biohairclinic.com\/es\/#organization","name":"Biohair Clinic","url":"https:\/\/biohairclinic.com\/es\/","logo":{"@id":"https:\/\/biohairclinic.com\/es\/trasplante-capilar-zafiro-fue\/#local-main-organization-logo"},"image":{"@id":"https:\/\/biohairclinic.com\/es\/trasplante-capilar-zafiro-fue\/#local-main-organization-logo"},"telephone":[],"openingHoursSpecification":[{"@type":"OpeningHoursSpecification","dayOfWeek":["Monday","Tuesday","Wednesday","Thursday","Friday","Saturday","Sunday"],"opens":"09:00","closes":"17:00"}]},{"@type":"ImageObject","inLanguage":"es-ES","@id":"https:\/\/biohairclinic.com\/es\/trasplante-capilar-zafiro-fue\/#local-main-organization-logo","url":"https:\/\/biohairclinic.com\/es\/wp-content\/uploads\/sites\/4\/2021\/06\/biohair-logo.svg","contentUrl":"https:\/\/biohairclinic.com\/es\/wp-content\/uploads\/sites\/4\/2021\/06\/biohair-logo.svg","caption":"Biohair Clinic"}]}},"_links":{"self":[{"href":"https:\/\/biohairclinic.com\/es\/wp-json\/wp\/v2\/pages\/11431","targetHints":{"allow":["GET"]}}],"collection":[{"href":"https:\/\/biohairclinic.com\/es\/wp-json\/wp\/v2\/pages"}],"about":[{"href":"https:\/\/biohairclinic.com\/es\/wp-json\/wp\/v2\/types\/page"}],"author":[{"embeddable":true,"href":"https:\/\/biohairclinic.com\/es\/wp-json\/wp\/v2\/users\/7"}],"replies":[{"embeddable":true,"href":"https:\/\/biohairclinic.com\/es\/wp-json\/wp\/v2\/comments?post=11431"}],"version-history":[{"count":59,"href":"https:\/\/biohairclinic.com\/es\/wp-json\/wp\/v2\/pages\/11431\/revisions"}],"predecessor-version":[{"id":59560,"href":"https:\/\/biohairclinic.com\/es\/wp-json\/wp\/v2\/pages\/11431\/revisions\/59560"}],"wp:featuredmedia":[{"embeddable":true,"href":"https:\/\/biohairclinic.com\/es\/wp-json\/wp\/v2\/media\/11439"}],"wp:attachment":[{"href":"https:\/\/biohairclinic.com\/es\/wp-json\/wp\/v2\/media?parent=11431"}],"curies":[{"name":"wp","href":"https:\/\/api.w.org\/{rel}","templated":true}]}}