{"id":11651,"date":"2019-08-15T15:28:55","date_gmt":"2019-08-15T15:28:55","guid":{"rendered":"https:\/\/biohairclinic.com\/es\/?page_id=11651"},"modified":"2023-12-06T20:40:58","modified_gmt":"2023-12-06T20:40:58","slug":"tratamientos-capilares","status":"publish","type":"page","link":"https:\/\/biohairclinic.com\/es\/tratamientos-capilares\/","title":{"rendered":"Tratamientos Capilares"},"content":{"rendered":"<h1><span style=\"font-weight: 400\">Tratamientos Capilares<\/span><\/h1>\n<p>Mucha gente se siente afectada debido a la ca\u00edda del pelo, ya que es un problema emocional y est\u00e9ticamente dif\u00edcil. La <strong>p\u00e9rdida de cabello puede darse debido a diversos motivos<\/strong>, como fisiol\u00f3gicos y hormonales, o debido a factores externos.<\/p>\n<p>En cualquier caso, se puede considerar el trasplante capilar como una soluci\u00f3n ante dichos problemas, para lucir un pelo extraordinario.\u00a0 E<span style=\"font-size: 16px\">xisten <\/span><strong style=\"font-size: 16px\">diferentes tipos de tratamientos capilares. <\/strong><span style=\"font-size: 16px\">Los mismos\u00a0se adaptan a la necesidad y situaci\u00f3n de cada persona en particular, y se los nombraremos a continuaci\u00f3n. Pero antes, responderemos brevemente las <\/span><strong style=\"font-size: 16px\"><a href=\"https:\/\/biohairclinic.com\/es\/faq\/\">dudas y preguntas m\u00e1s frecuentes<\/a><\/strong><span style=\"font-size: 16px\"> respecto a este recurso.<\/span><\/p>\n<h2><span style=\"font-weight: 400\">\u00bfQu\u00e9 es un trasplante capilar?<\/span><\/h2>\n<p>El trasplante capilar es una de las opciones disponibles para combatir la ca\u00edda del cabello. El procedimiento radica en quitar unidades de fol\u00edculos\u00a0pilosos de los laterales y parte de atr\u00e1s de la cabeza, para ser implantados luego, en la parte superior o d\u00f3nde sea necesario.<\/p>\n<h2><span style=\"font-weight: 400\">\u00bfCu\u00e1ndo es necesario un trasplante capilar?<\/span><\/h2>\n<p>Por lo general, la ca\u00edda del cabello afecta a m\u00e1s a los hombres que a las mujeres, siendo el porcentaje de mujeres que notan la p\u00e9rdida de cabello a una edad temprana (20 a 40 a\u00f1os), muy bajo. Sin embargo, es posible realizar tratamientos capilares en personas de ambos g\u00e9neros.<\/p>\n<p>En nuestra cl\u00ednica, hombres y mujeres son tratados con regularidad, y les ofrecemos diferentes tratamientos como trasplantes de cabello, de cejas o, para hombres, tambi\u00e9n trasplantes de barba.<\/p>\n<h2><span style=\"font-weight: 400\">Tratamientos capilares que ofrecemos en BIOHAIR<\/span><\/h2>\n<p>Hoy en d\u00eda, tenemos varias posibilidades para trasplantar el cabello. A continuaci\u00f3n podr\u00e1 ver un listado de los m\u00e9todos m\u00e1s utilizados y, tambi\u00e9n, m\u00e1s exitosos.<\/p>\n<p>Estos m\u00e9todos se utilizan en nuestra <a href=\"https:\/\/biohairclinic.com\/es\/clinica-capilar\/\"><strong>cl\u00ednica capilar<\/strong><\/a>\u00a0en Turqu\u00eda y se llevan a cabo all\u00ed desde hace muchos a\u00f1os por nuestro equipo de especialistas. Nuestra experiencia nos permite decir que estos tratamientos son los menos dolorosos y los que conllevan la menor cantidad de complicaciones.<\/p>\n<div><\/div>\n<p><strong>Trasplante Capilar FUE<\/strong><br \/>\nEl trasplante FUE (&#8220;Extracci\u00f3n de la unidad folicular\u201c) se distingue de otros m\u00e9todos convencionales por ser un procedimiento econ\u00f3mico y de alta calidad, combinado con una t\u00e9cnica moderna y menos invasiva. Como resultado de estas ventajas, este m\u00e9todo garantiza una mayor tasa de crecimiento de cabello. El procedimiento consiste en 5 pasos, comenzando con un an\u00e1lisis preliminar de sangre y del cuero cabelludo del paciente.<\/p>\n<p>A esto le sigue la aplicaci\u00f3n de una anestesia, como paso previo a la extracci\u00f3n individual de los fol\u00edculos del \u00e1rea donante, gracias a la utilizaci\u00f3n de una una aguja con micro motor. Una vez extra\u00eddos, los injertos son almacenados en una soluci\u00f3n nutritiva con biotina antes de, finalmente, ser implantados en el \u00e1rea receptora. Tanto el procedimiento como la fase de cicatrizaci\u00f3n son relativamente cortos, garantizando una recuperaci\u00f3n r\u00e1pida en la cual el cabello trasplantado se adapta al crecimiento natural y luce espectacular.<\/p>\n<p><strong>Trasplante Capilar Zafiro FUE<\/strong><br \/>\nEl trasplante capilar Zafiro FUE, se trata de un m\u00e9todo innovador para perfeccionar la t\u00e9cnica FUE, a trav\u00e9s del uso de un alto nivel de tecnolog\u00eda m\u00e9dica. En lugar de las tradicionales de acero, se utilizan cuchillas de zafiro. Las mismas tienen un tama\u00f1o de entre 0,8 y 1,5 mm., y pueden ser ajustadas de acuerdo a la estructura individual de cada paciente.<\/p>\n<p>Las hojas de Zafiro permiten la apertura de canales finos y en forma de V, garantizando una extracci\u00f3n e implantaci\u00f3n de los injertos lo menos dolorosas e invasivas posible. La t\u00e9cnica previene eficazmente las infecciones, las cicatrices y las hemorragias secundarias. En comparaci\u00f3n con m\u00e9todos tradicionales, obtiene una mayor densidad de cabello y una implantaci\u00f3n mucho mas ajustada.<\/p>\n<p><strong>Trasplante Capilar DHI<\/strong><br \/>\nEl trasplante capilar DHI (&#8220;Implante directo de cabello\u201c), tambi\u00e9n conocido como &#8220;M\u00e9todo Choi\u201c, consiste en un tratamiento capilar moderno de implantaci\u00f3n de cabello con resultados altamente naturales y saludables. Esta t\u00e9cnica minimiza el riesgo de infecciones o cicatrices, al mismo tiempo que garantiza una alta tasa de crecimiento de cabello, entre 90 y 95%.<\/p>\n<p>La extracci\u00f3n del cabello donante se realiza de manera individual con un micro perforador, y la zonas donantes usualmente son la nuca y los laterales. Los fol\u00edculos se almacenan en una soluci\u00f3n nutritiva antes de ser implantados. Para esto se utiliza una mini aguja llamada \u201eChoi Pen\u201c. La gran diferencia con el m\u00e9todo FUE es que permite la implantaci\u00f3n de los injertos, sin la apertura previa de canales en el cuero cabelludo. Ya que no requiere de cortes y debido a que muchas veces no es necesario afeitarse antes de realizar el proceso de extracci\u00f3n e implantaci\u00f3n, resulta un m\u00e9todo muy atractivo para los pacientes.<\/p>\n<p><strong>Trasplante Capilar para Mujeres<\/strong><br \/>\nPredisposiciones gen\u00e9ticas o cambios hormonales, entre otros motivos, pueden causar una ca\u00edda de cabello en las mujeres, dejando a la vista un cabello fino o zonas del cuero cabelludo. Existen tratamientos modernos para aumentar de forma natural y exitosa el volumen de cabello, o para reducir una frente alta o entradas prominentes. Las ventajas del injerto capilar para las mujeres, incluyen un procedimiento r\u00e1pido con resultados cosm\u00e9ticos de alta calidad y con aspecto natural. Adem\u00e1s, en algunos de los tratamientos no hay necesidad de cortar o rasurar el pelo previamente en su totalidad.<\/p>\n<p><strong>Trasplantes de Barba y Cejas<\/strong><br \/>\nEl trasplante de barba representa una alternativa para muchos hombres que sufren de un bajo o inexistente crecimiento de vello facial en este \u00e1rea. Esto puede deberse a diferentes trastornos de la piel, predisposiciones gen\u00e9ticas o desequilibrios hormonales. Este procedimiento, al igual que en el caso del implante de cejas, no difiere demasiado de un trasplante de cabello, a pesar de que existen algunas variaciones t\u00e9cnicas.<\/p>\n<p>Ambos son procesos cortos, en los cuales se extraen fol\u00edculos capilares de una zona donante, que por lo general suele ser la parte m\u00e1s poblada de la cabeza, para luego ser implantados en la zona que se desea poblar. Nuestra cl\u00ednica\u00a0se caracteriza por ofrecer estos servicios a un precio razonable, disponiendo de un equipo m\u00e9dico altamente profesional. La atenci\u00f3n al paciente, un alto nivel de comunicaci\u00f3n, as\u00ed como la organizaci\u00f3n del viaje, son aspectos esenciales para las necesidades y deseos del paciente.<\/p>\n<p>Otros tratamientos capilares alternativos, que pueden ayudar a fortalecer el cabello, son los siguientes:<\/p>\n<p><strong>&#8211; Ozonoterapia:<\/strong> consiste en la utilizaci\u00f3n del ozono como agente terap\u00e9utico. Su objetivo principal es el aumentar la oxigenaci\u00f3n del cuero cabelludo y promover el metabolismo celular.<br \/>\n<strong>&#8211; M\u00e1quina de Vapor:<\/strong> b\u00e1sicamente se trata de someter al paciente al vapor para que el mismo ablande las c\u00e9lulas muertas del cabelludo, la caspa, hongos y exceso de grasa del cuero cabelludo.<br \/>\n<strong>&#8211; Succionador:<\/strong> \u00e9ste m\u00e9todo extrae del cuero cabelludo el sebo excesivo y los residuos celulares, a trav\u00e9s de la utilizaci\u00f3n de un regulador de vac\u00edo.<br \/>\n<strong>&#8211; L\u00e1ser:<\/strong> como su nombre lo indica consiste en la utilizaci\u00f3n de un l\u00e1ser para reparar los tejidos y aumentar el flujo sangu\u00edneo, y por lo tanto el fortalecimiento de los fol\u00edculos capilares.<\/p>\n<h2>AN\u00c1LISIS CAPILAR GRATIS<\/h2>\n<p>Utilice la calculadora de cabello para conocer la cantidad de injertos que necesita. El proceso es totalmente gratuito y sin compromiso.<\/p>\n<h2 style=\"text-align: center\"><b>Tambi\u00e9n puede interesarle&#8230;<\/b><\/h2>\n<p style=\"text-align: center\">Para \u00a0aumentar la vitalidad de los trasplantes<\/p>\n<p style=\"text-align: center\">Conoc\u00e9 lo que nos hace diferentes<\/p>\n<p style=\"text-align: center\">Conoce el precio adaptado a tus necesidades<\/p>\n<p style=\"text-align: center\">Conoce c\u00f3mo proceder para acceder a un tratamiento<\/p>\n","protected":false},"excerpt":{"rendered":"<p>Tratamientos Capilares Mucha gente se siente afectada debido a la ca\u00edda del pelo, ya que es un problema emocional y est\u00e9ticamente dif\u00edcil. La p\u00e9rdida de cabello puede darse debido a diversos motivos, como fisiol\u00f3gicos y hormonales, o debido a factores externos. En cualquier caso, se puede considerar el trasplante capilar como una soluci\u00f3n ante dichos [&hellip;]<\/p>\n","protected":false},"author":7,"featured_media":0,"parent":0,"menu_order":0,"comment_status":"closed","ping_status":"closed","template":"","meta":{"_acf_changed":false,"inline_featured_image":false,"footnotes":""},"class_list":["post-11651","page","type-page","status-publish","hentry"],"acf":[],"yoast_head":"<!-- This site is optimized with the Yoast SEO Premium plugin v27.3 (Yoast SEO v27.4) - https:\/\/yoast.com\/product\/yoast-seo-premium-wordpress\/ -->\n<title>Tratamientos Capilares para la ca\u00edda de cabello en Bio Hair Clinic<\/title>\n<meta name=\"description\" content=\"La ca\u00edda de cabello afecta a muchas personas de ambos sexos, y existen distintos tratamientos capilares para tratarla. Se los mencionamos aqu\u00ed.\" \/>\n<meta name=\"robots\" content=\"noindex, nofollow\" \/>\n<meta property=\"og:locale\" content=\"es_ES\" \/>\n<meta property=\"og:type\" content=\"article\" \/>\n<meta property=\"og:title\" content=\"Tratamientos Capilares\" \/>\n<meta property=\"og:description\" content=\"La ca\u00edda de cabello afecta a muchas personas de ambos sexos, y existen distintos tratamientos capilares para tratarla. Se los mencionamos aqu\u00ed.\" \/>\n<meta property=\"og:url\" content=\"https:\/\/biohairclinic.com\/es\/tratamientos-capilares\/\" \/>\n<meta property=\"og:site_name\" content=\"Trasplante Capilar Turqu\u00eda\" \/>\n<meta property=\"article:modified_time\" content=\"2023-12-06T20:40:58+00:00\" \/>\n<meta name=\"twitter:card\" content=\"summary_large_image\" \/>\n<meta name=\"twitter:label1\" content=\"Est. reading time\" \/>\n\t<meta name=\"twitter:data1\" content=\"6 minutes\" \/>\n<script type=\"application\/ld+json\" class=\"yoast-schema-graph\">{\"@context\":\"https:\\\/\\\/schema.org\",\"@graph\":[{\"@type\":\"WebPage\",\"@id\":\"https:\\\/\\\/biohairclinic.com\\\/es\\\/tratamientos-capilares\\\/\",\"url\":\"https:\\\/\\\/biohairclinic.com\\\/es\\\/tratamientos-capilares\\\/\",\"name\":\"Tratamientos Capilares para la ca\u00edda de cabello en Bio Hair Clinic\",\"isPartOf\":{\"@id\":\"https:\\\/\\\/biohairclinic.com\\\/es\\\/#website\"},\"datePublished\":\"2019-08-15T15:28:55+00:00\",\"dateModified\":\"2023-12-06T20:40:58+00:00\",\"description\":\"La ca\u00edda de cabello afecta a muchas personas de ambos sexos, y existen distintos tratamientos capilares para tratarla. Se los mencionamos aqu\u00ed.\",\"breadcrumb\":{\"@id\":\"https:\\\/\\\/biohairclinic.com\\\/es\\\/tratamientos-capilares\\\/#breadcrumb\"},\"inLanguage\":\"es-ES\",\"potentialAction\":[{\"@type\":\"ReadAction\",\"target\":[\"https:\\\/\\\/biohairclinic.com\\\/es\\\/tratamientos-capilares\\\/\"]}]},{\"@type\":\"BreadcrumbList\",\"@id\":\"https:\\\/\\\/biohairclinic.com\\\/es\\\/tratamientos-capilares\\\/#breadcrumb\",\"itemListElement\":[{\"@type\":\"ListItem\",\"position\":1,\"name\":\"Inicio\",\"item\":\"https:\\\/\\\/biohairclinic.com\\\/es\\\/\"},{\"@type\":\"ListItem\",\"position\":2,\"name\":\"Tratamientos Capilares\"}]},{\"@type\":\"WebSite\",\"@id\":\"https:\\\/\\\/biohairclinic.com\\\/es\\\/#website\",\"url\":\"https:\\\/\\\/biohairclinic.com\\\/es\\\/\",\"name\":\"Trasplante Capilar Turqu\u00eda\",\"description\":\"BioHairClinic\u00a9\",\"publisher\":{\"@id\":\"https:\\\/\\\/biohairclinic.com\\\/es\\\/#organization\"},\"potentialAction\":[{\"@type\":\"SearchAction\",\"target\":{\"@type\":\"EntryPoint\",\"urlTemplate\":\"https:\\\/\\\/biohairclinic.com\\\/es\\\/?s={search_term_string}\"},\"query-input\":{\"@type\":\"PropertyValueSpecification\",\"valueRequired\":true,\"valueName\":\"search_term_string\"}}],\"inLanguage\":\"es-ES\"},{\"@type\":[\"Organization\",\"Place\"],\"@id\":\"https:\\\/\\\/biohairclinic.com\\\/es\\\/#organization\",\"name\":\"Biohair Clinic\",\"url\":\"https:\\\/\\\/biohairclinic.com\\\/es\\\/\",\"logo\":{\"@id\":\"https:\\\/\\\/biohairclinic.com\\\/es\\\/tratamientos-capilares\\\/#local-main-organization-logo\"},\"image\":{\"@id\":\"https:\\\/\\\/biohairclinic.com\\\/es\\\/tratamientos-capilares\\\/#local-main-organization-logo\"},\"telephone\":[],\"openingHoursSpecification\":[{\"@type\":\"OpeningHoursSpecification\",\"dayOfWeek\":[\"Monday\",\"Tuesday\",\"Wednesday\",\"Thursday\",\"Friday\",\"Saturday\",\"Sunday\"],\"opens\":\"09:00\",\"closes\":\"17:00\"}]},{\"@type\":\"ImageObject\",\"inLanguage\":\"es-ES\",\"@id\":\"https:\\\/\\\/biohairclinic.com\\\/es\\\/tratamientos-capilares\\\/#local-main-organization-logo\",\"url\":\"https:\\\/\\\/biohairclinic.com\\\/es\\\/wp-content\\\/uploads\\\/sites\\\/4\\\/2021\\\/06\\\/biohair-logo.svg\",\"contentUrl\":\"https:\\\/\\\/biohairclinic.com\\\/es\\\/wp-content\\\/uploads\\\/sites\\\/4\\\/2021\\\/06\\\/biohair-logo.svg\",\"caption\":\"Biohair Clinic\"}]}<\/script>\n<!-- \/ Yoast SEO Premium plugin. -->","yoast_head_json":{"title":"Tratamientos Capilares para la ca\u00edda de cabello en Bio Hair Clinic","description":"La ca\u00edda de cabello afecta a muchas personas de ambos sexos, y existen distintos tratamientos capilares para tratarla. Se los mencionamos aqu\u00ed.","robots":{"index":"noindex","follow":"nofollow"},"og_locale":"es_ES","og_type":"article","og_title":"Tratamientos Capilares","og_description":"La ca\u00edda de cabello afecta a muchas personas de ambos sexos, y existen distintos tratamientos capilares para tratarla. Se los mencionamos aqu\u00ed.","og_url":"https:\/\/biohairclinic.com\/es\/tratamientos-capilares\/","og_site_name":"Trasplante Capilar Turqu\u00eda","article_modified_time":"2023-12-06T20:40:58+00:00","twitter_card":"summary_large_image","twitter_misc":{"Est. reading time":"6 minutes"},"schema":{"@context":"https:\/\/schema.org","@graph":[{"@type":"WebPage","@id":"https:\/\/biohairclinic.com\/es\/tratamientos-capilares\/","url":"https:\/\/biohairclinic.com\/es\/tratamientos-capilares\/","name":"Tratamientos Capilares para la ca\u00edda de cabello en Bio Hair Clinic","isPartOf":{"@id":"https:\/\/biohairclinic.com\/es\/#website"},"datePublished":"2019-08-15T15:28:55+00:00","dateModified":"2023-12-06T20:40:58+00:00","description":"La ca\u00edda de cabello afecta a muchas personas de ambos sexos, y existen distintos tratamientos capilares para tratarla. Se los mencionamos aqu\u00ed.","breadcrumb":{"@id":"https:\/\/biohairclinic.com\/es\/tratamientos-capilares\/#breadcrumb"},"inLanguage":"es-ES","potentialAction":[{"@type":"ReadAction","target":["https:\/\/biohairclinic.com\/es\/tratamientos-capilares\/"]}]},{"@type":"BreadcrumbList","@id":"https:\/\/biohairclinic.com\/es\/tratamientos-capilares\/#breadcrumb","itemListElement":[{"@type":"ListItem","position":1,"name":"Inicio","item":"https:\/\/biohairclinic.com\/es\/"},{"@type":"ListItem","position":2,"name":"Tratamientos Capilares"}]},{"@type":"WebSite","@id":"https:\/\/biohairclinic.com\/es\/#website","url":"https:\/\/biohairclinic.com\/es\/","name":"Trasplante Capilar Turqu\u00eda","description":"BioHairClinic\u00a9","publisher":{"@id":"https:\/\/biohairclinic.com\/es\/#organization"},"potentialAction":[{"@type":"SearchAction","target":{"@type":"EntryPoint","urlTemplate":"https:\/\/biohairclinic.com\/es\/?s={search_term_string}"},"query-input":{"@type":"PropertyValueSpecification","valueRequired":true,"valueName":"search_term_string"}}],"inLanguage":"es-ES"},{"@type":["Organization","Place"],"@id":"https:\/\/biohairclinic.com\/es\/#organization","name":"Biohair Clinic","url":"https:\/\/biohairclinic.com\/es\/","logo":{"@id":"https:\/\/biohairclinic.com\/es\/tratamientos-capilares\/#local-main-organization-logo"},"image":{"@id":"https:\/\/biohairclinic.com\/es\/tratamientos-capilares\/#local-main-organization-logo"},"telephone":[],"openingHoursSpecification":[{"@type":"OpeningHoursSpecification","dayOfWeek":["Monday","Tuesday","Wednesday","Thursday","Friday","Saturday","Sunday"],"opens":"09:00","closes":"17:00"}]},{"@type":"ImageObject","inLanguage":"es-ES","@id":"https:\/\/biohairclinic.com\/es\/tratamientos-capilares\/#local-main-organization-logo","url":"https:\/\/biohairclinic.com\/es\/wp-content\/uploads\/sites\/4\/2021\/06\/biohair-logo.svg","contentUrl":"https:\/\/biohairclinic.com\/es\/wp-content\/uploads\/sites\/4\/2021\/06\/biohair-logo.svg","caption":"Biohair Clinic"}]}},"_links":{"self":[{"href":"https:\/\/biohairclinic.com\/es\/wp-json\/wp\/v2\/pages\/11651","targetHints":{"allow":["GET"]}}],"collection":[{"href":"https:\/\/biohairclinic.com\/es\/wp-json\/wp\/v2\/pages"}],"about":[{"href":"https:\/\/biohairclinic.com\/es\/wp-json\/wp\/v2\/types\/page"}],"author":[{"embeddable":true,"href":"https:\/\/biohairclinic.com\/es\/wp-json\/wp\/v2\/users\/7"}],"replies":[{"embeddable":true,"href":"https:\/\/biohairclinic.com\/es\/wp-json\/wp\/v2\/comments?post=11651"}],"version-history":[{"count":12,"href":"https:\/\/biohairclinic.com\/es\/wp-json\/wp\/v2\/pages\/11651\/revisions"}],"predecessor-version":[{"id":59442,"href":"https:\/\/biohairclinic.com\/es\/wp-json\/wp\/v2\/pages\/11651\/revisions\/59442"}],"wp:attachment":[{"href":"https:\/\/biohairclinic.com\/es\/wp-json\/wp\/v2\/media?parent=11651"}],"curies":[{"name":"wp","href":"https:\/\/api.w.org\/{rel}","templated":true}]}}