{"id":12238,"date":"2019-08-31T08:06:46","date_gmt":"2019-08-31T08:06:46","guid":{"rendered":"https:\/\/biohairclinic.com\/es\/?page_id=12238"},"modified":"2023-03-10T10:40:02","modified_gmt":"2023-03-10T10:40:02","slug":"anestesia-injerto-capilar","status":"publish","type":"page","link":"https:\/\/biohairclinic.com\/es\/anestesia-injerto-capilar\/","title":{"rendered":"Anestesia Injerto Capilar"},"content":{"rendered":"<section class=\"hero\">\r\n    <div class=\"container\">\r\n        <div class=\"row\">\r\n            <div class=\"col-md-6\">\r\n                <h1><span>Anestesia<\/span> Injerto Capilar<\/h1>\r\n                <div class=\"p-block\">\r\n                    <p>El uso de anestesia en un injerto capilar, es un paso esencial antes de tu tratamiento. Disfruta de la novedosa t\u00e9cnica Comfort-In, que garantiza un tratamiento m\u00e1s c\u00f3modo, m\u00ednimamente invasivo y <b>sin agujas<\/b>.\r\n<br><br>\r\nSi\u00e9ntete tranquilo, nuestros expertos ya han tratado con esta vanguardista anestesia a <b>m\u00e1s de 20.000 pacientes<\/b>.<\/p>\r\n                                            <div class=\"btn\">\r\n                            <span class=\"button bio_btn\" data-url=\"https:\/\/biohairclinic.com\/es\/calculadora-de-cabello\/\">Iniciar consulta gratuita<\/span>\r\n                        <\/div>\r\n                       \r\n                <\/div>\r\n            <\/div>\r\n            <div class=\"col-md-6\">\r\n                                        <img loading=\"lazy\" decoding=\"async\" src=\"https:\/\/biohairclinic.com\/es\/wp-content\/uploads\/sites\/4\/2021\/06\/Gra\u0301fica-Me\u0301todo-Comfort-In-para-la-anestesia-del-trasplante-capilar.svg\" alt=\"Gra\u0301fica Me\u0301todo Comfort-In para la anestesia del trasplante capilar\" width=\"536\" height=\"477\"\/>\r\n                            <\/div>\r\n        <\/div>\r\n    <\/div>\r\n<\/section>\n\n<section class=\"text_image sec_bg\">\r\n    <div class=\"container\">\r\n                    <div class=\"row\">\r\n                <div class=\"col-md-6\">\r\n                                                <img loading=\"lazy\" decoding=\"async\" class=\"top_right_bottom_left\" src=\"https:\/\/biohairclinic.com\/es\/wp-content\/uploads\/sites\/4\/2022\/05\/anestesia-injerto-capilar-bio-hair-clinic.jpeg\" alt=\"Imagen de dos m\u00e9dicos de Bio Hair Clinic mientras aplican anestesia Comfort-In a un paciente de injerto capilar\" width=\"610\" height=\"430\"\/>\r\n                                    <\/div>\r\n                <div class=\"col-md-6\">\r\n                    <div class=\"content\">\r\n                        <h2>Anestesia\u00a0Comfort-In<\/h2>\n<p>La anestesia para el tratamiento capilar hace que el procedimiento sea agradable y sin ning\u00fan tipo de molestia.<\/p>\n<p>En Bio Hair Clinic s\u00f3lo utilizamos el <strong>m\u00e9todo Comfort-In.<\/strong> Esta innovadora <strong>aplicaci\u00f3n sin aguja<\/strong> es m\u00e1s eficiente que una aguja com\u00fan, pues toma menos de un tercio de segundo en aplicar. \u00a1Seguro, r\u00e1pido y sencillo para tu tratamiento!<\/p>\n                                            <\/div>\r\n                <\/div>\r\n            <\/div>\r\n            <\/div>\r\n<\/section>\n\n<section class=\"text_image sec_bg\">\r\n    <div class=\"container\">\r\n                    <div class=\"row mobile_order\">\r\n                <div class=\"col-md-6\">\r\n                    <div class=\"content\">\r\n                        <h2>Trasplante capilar FUE con Comfort-In, anestesia sin aguja<\/h2>\n<p>El resto de la operaci\u00f3n de\u00a0<strong><a href=\"https:\/\/biohairclinic.com\/es\/trasplante-capilar-fue\/\">trasplante capilar FUE<\/a><\/strong>, una vez realizada la anestesia sin inyecci\u00f3n, ser\u00e1 completamente indoloro. Es importante que el paciente permanezca consciente durante todo el procedimiento para evitar la aparici\u00f3n de complicaciones debido a su estado de inconsciencia. Por esta raz\u00f3n, una vez realizada la anestesia local, el paciente puede ver la televisi\u00f3n y escuchar m\u00fasica mientras el\u00a0<strong><a href=\"https:\/\/biohairclinic.com\/es\/especialistas-operacion-capilar\/\">equipo de especialistas<\/a><\/strong>\u00a0trabaja.<\/p>\n<p>El trasplante dura un total de 6 a 8 horas, dependiendo del alcance de la operaci\u00f3n, al ser un tratamiento de car\u00e1cter ambulatorio, al final de la misma te llevan de regreso al hotel, donde podr\u00e1s descansar.<\/p>\n<p>Despu\u00e9s de un chequeo postoperatorio, estar\u00e1s listo para comenzar de nuevo con tus actividades habituales. Los tiempos de recuperaci\u00f3n son bastante cortos y nuestro equipo te proporcionar\u00e1 toda la informaci\u00f3n necesaria, adem\u00e1s de estar disponible para cualquier eventualidad.<\/p>\n \r\n                                                    <div class=\"btn\">\r\n                                <span class=\"angebot_btn bio_btn\" data-url=\"https:\/\/biohairclinic.com\/es\/calculadora-de-cabello\/\">Consulta gratuita<\/span>\r\n                            <\/div>\r\n                                              \r\n                    <\/div>\r\n                <\/div>\r\n                <div class=\"col-md-6\">\r\n                                                <img loading=\"lazy\" decoding=\"async\" class=\"top_left_bottom_right\" src=\"https:\/\/biohairclinic.com\/es\/wp-content\/uploads\/sites\/4\/2021\/06\/patient-bei-der-haartransplantation-betaeubung-1.jpeg\" alt=\"paciente durante la anestesia comfort in\" width=\"610\" height=\"683\"\/>\r\n                                    <\/div>\r\n            <\/div>\r\n            <\/div>\r\n<\/section>\n\n<section class=\"ablauf_anesthesia \" style=\"background-color: ;\">\r\n    <div class=\"container\">\r\n        <div class=\"row\">\r\n            <div class=\"col-md-12\">\r\n                                    <h2 class=\"left\"> Proceso de aplicaci\u00f3n de la anestesia del trasplante capilar.<\/h2>\r\n                            <\/div>\r\n        <\/div>\r\n        <div class=\"row mobile_style\" style=\"background-image: url(https:\/\/biohairclinic.com\/es\/wp-content\/uploads\/sites\/4\/2022\/05\/proceso-anestesia-injerto-capilar-con-tecnica-comfort-in.svg.svg);\">\r\n            <div class=\"col-md-4\">\r\n                <div class=\"\">\r\n                    <h3>Carga de la anestesia<\/h3>\r\n                    <p>El anest\u00e9sico se carga en el dispositivo especial de inyecci\u00f3n Comfort-In. En su extremo hay una boquilla con un pist\u00f3n.<\/p>\r\n                <\/div>\r\n                <div class=\"empty desk\"><\/div>\r\n                <div class=\"\">\r\n                    <h3>Aplicaci\u00f3n<\/h3>\r\n                    <p>Con la ayuda de aire comprimido, el pist\u00f3n de la boquilla inyecta el l\u00edquido a unos 0,15 mm en el cuero cabelludo. El proceso s\u00f3lo dura un segundo. Despu\u00e9s, el trasplante capilar puede comenzar.<\/p>\r\n                <\/div>\r\n            <\/div>\r\n            <div class=\"col-md-4 desk\" style=\"background-image: url(https:\/\/biohairclinic.com\/es\/wp-content\/uploads\/sites\/4\/2022\/05\/proceso-anestesia-injerto-capilar-con-tecnica-comfort-in.svg.svg);background-size: contain;background-repeat: no-repeat;background-position: center center;\"><\/div>\r\n            <div class=\"col-md-4\">\r\n                <div class=\"empty desk\"><\/div>\r\n                <div class=\"\">\r\n                    <h3>Colocaci\u00f3n<\/h3>\r\n                    <p>Nuestros expertos colocan la pluma de inyecci\u00f3n en las zonas a tratar.\r\n<\/p>\r\n\r\n                <\/div>\r\n\r\n\r\n                \r\n            <\/div>\r\n        <\/div>\r\n    <\/div>\r\n<\/section>\n\n<section class=\"text_image\">\r\n    <div class=\"container\">\r\n                    <div class=\"row\">\r\n                <div class=\"col-md-6\">\r\n                                                <img loading=\"lazy\" decoding=\"async\" class=\"top_right_bottom_left\" src=\"https:\/\/biohairclinic.com\/es\/wp-content\/uploads\/sites\/4\/2022\/05\/Paciente-injerto-capilar-despues-de-la-anestesia.jpeg\" alt=\"Paciente injerto capilar despues de la anestesia\" width=\"610\" height=\"384\"\/>\r\n                                    <\/div>\r\n                <div class=\"col-md-6\">\r\n                    <div class=\"content\">\r\n                        <h2>Ventajas de la anestesia sin agujas<\/h2>\n<ul>\n<li>Funciona de forma extremadamente r\u00e1pida y eficaz<\/li>\n<li>Sin agujas ni jeringas<\/li>\n<li>Adecuada para pacientes ansiosos<\/li>\n<li>Dosificaci\u00f3n individual de la anestesia<\/li>\n<li>Proceso certificado<\/li>\n<li>Utiliza alta presi\u00f3n e inyecta s\u00f3lo 0,15 mm bajo la piel<\/li>\n<\/ul>\n                                            <\/div>\r\n                <\/div>\r\n            <\/div>\r\n            <\/div>\r\n<\/section>\n\n<section class=\"text_image \">\r\n    <div class=\"container\">\r\n        <div class=\"row\">\r\n                            <div class=\"col-md-6\">\r\n                    <div class=\"col-dark-blue border-3-dark border-radius-1\">\r\n                        <h2>\u00bfEres apto para el m\u00e9todo Comfort-In?<\/h2>\n<p>\u00bfEs adecuada para ti la anestesia de trasplante capilar con la t\u00e9cnica Comfort-In? La respuesta es sencilla: s\u00ed. Utilizamos este procedimiento de <strong>anestesia para todos nuestros pacientes<\/strong>.<\/p>\n<p>Recibir\u00e1s la t\u00e9cnica Comfort-In como anestesia antes de tu injerto capilar. Este m\u00e9todo es perfecto para todos nuestros pacientes, pero en especial para los que sufren de ansiedad, ya que no les impedir\u00e1 cumplir el sue\u00f1o de tener un cabello denso y completo.<\/p>\n                                                                                                <\/div>\r\n                <\/div>\r\n                <div class=\"col-md-6\">\r\n                    <div class=\"col-dark-blue border-radius-3 dark-blue\">\r\n                        <h2>Anestesia local para mayor comodidad<\/h2>\n<p>Para tu trasplante capilar basta con una anestesia local.<\/p>\n<p>Esto significa que puede estar en contacto con nuestro equipo m\u00e9dico durante todo el procedimiento y aprovechar el tiempo para ver pel\u00edculas o escuchar m\u00fasica, por ejemplo.<\/p>\n<p>Al final de la cirug\u00eda capilar, podr\u00e1s ponerte de pie y regresar al hotel, donde podr\u00e1s descansar.<\/p>\n                                            <\/div>\r\n                <\/div>\r\n                    <\/div>\r\n    <\/div>\r\n<\/section>\n\n\r\n\r\n<section class=\"faq \">\r\n    <div class=\"container\">\r\n        <div class=\"row\">\r\n                            <div class=\"col-md-12\">\r\n                    <div class=\"title\">\r\n                        <h2>Preguntas frecuentes <\/h2>\r\n                    <\/div>\r\n                <\/div>\r\n                                        <div class=\"col-md-6\">\r\n                    <div class=\"content\">\r\n                        <h3>\u00bfQu\u00e9 ocurre si la anestesia deja de funcionar durante la operaci\u00f3n?<\/h3>\r\n                        <p>En algunos pacientes, el efecto de la anestesia puede desaparecer prematuramente. Si este es tu caso, s\u00f3lo tienes que informarle a nuestro equipo de expertos. Los especialistas volver\u00e1n a inyectar la anestesia.<\/p>\r\n                    <\/div>\r\n                <\/div>\r\n                                <div class=\"col-md-6\">\r\n                    <div class=\"content\">\r\n                        <h3>\u00bfEs dolorosa la anestesia con el sistema Comfort-In?<\/h3>\r\n                        <p>\u00a1En lo absoluto!, la t\u00e9cnica Comfort-In ha sido especialmente desarrollada para garantizar una anestesia indolora para el trasplante capilar. Para la mayor\u00eda de los pacientes, la anestesia es pr\u00e1cticamente imperceptible.<\/p>\r\n                    <\/div>\r\n                <\/div>\r\n                                <div class=\"col-md-6\">\r\n                    <div class=\"content\">\r\n                        <h3>\u00bfEs segura la anestesia?<\/h3>\r\n                        <p>La t\u00e9cnica de anestesia sin agujas es un procedimiento muy seguro. El procedimiento anest\u00e9sico est\u00e1 certificado y patentado. Al no haber puntos de inyecci\u00f3n, el riesgo de infecci\u00f3n es m\u00ednimo. Adem\u00e1s, el procedimiento es r\u00e1pido, sencillo y no conlleva a efectos secundarios.<\/p>\r\n                    <\/div>\r\n                <\/div>\r\n                                <div class=\"col-md-6\">\r\n                    <div class=\"content\">\r\n                        <h3>\u00bfNecesito anestesia general?<\/h3>\r\n                        <p>No es necesario suministrar anestesia general. Para el trasplante de pelo s\u00f3lo se anestesia el cuero cabelludo. Esto le da la ventaja de ser receptivo todo el tiempo. Sin embargo, a petici\u00f3n especial, ofrecemos la posibilidad de una anestesia general para pacientes extremadamente ansiosos.<\/p>\r\n                    <\/div>\r\n                <\/div>\r\n                                <div class=\"col-md-6\">\r\n                    <div class=\"content\">\r\n                        <h3>\u00bfLa anestesia tiene alg\u00fan efecto sobre los injertos?<\/h3>\r\n                        <p>La anestesia no genera efectos negativos sobre los injertos. Su crecimiento no est\u00e1 en peligro de ninguna manera.<\/p>\r\n                    <\/div>\r\n                <\/div>\r\n                                <div class=\"col-md-6\">\r\n                    <div class=\"content\">\r\n                        <h3>\u00bfFunciona la anestesia del injerto capilar si tengo alguna alergia?<\/h3>\r\n                        <p>Antes de tu tratamiento, te preguntaremos si has padecido de enfermedades, alergias y de cualquier medicaci\u00f3n que est\u00e9s tomando. Lo tendremos en cuenta con el m\u00e1ximo cuidado a la hora de administrar la anestesia.<\/p>\r\n                    <\/div>\r\n                <\/div>\r\n                        <\/div>\r\n    <\/div>\r\n<\/section>\r\n\r\n","protected":false},"excerpt":{"rendered":"","protected":false},"author":7,"featured_media":0,"parent":0,"menu_order":0,"comment_status":"closed","ping_status":"closed","template":"","meta":{"_acf_changed":false,"inline_featured_image":false,"footnotes":""},"class_list":["post-12238","page","type-page","status-publish","hentry"],"acf":[],"yoast_head":"<!-- This site is optimized with the Yoast SEO Premium plugin v27.3 (Yoast SEO v27.4) - https:\/\/yoast.com\/product\/yoast-seo-premium-wordpress\/ -->\n<title>Anestesia sin aguja para injerto capilar | Anestesia Comfort-In<\/title>\n<meta name=\"description\" content=\"Recibir un tratamiento capilar es cada vez m\u00e1s f\u00e1cil: con Comfort-In, la anestesia para tu trasplante capilar ser\u00e1 indoloro, sin aguja ni jeringa.\" \/>\n<meta name=\"robots\" content=\"index, follow, max-snippet:-1, max-image-preview:large, max-video-preview:-1\" \/>\n<link rel=\"canonical\" href=\"https:\/\/biohairclinic.com\/es\/anestesia-injerto-capilar\/\" \/>\n<meta property=\"og:locale\" content=\"es_ES\" \/>\n<meta property=\"og:type\" content=\"article\" \/>\n<meta property=\"og:title\" content=\"Anestesia Injerto Capilar\" \/>\n<meta property=\"og:description\" content=\"Recibir un tratamiento capilar es cada vez m\u00e1s f\u00e1cil: con Comfort-In, la anestesia para tu trasplante capilar ser\u00e1 indoloro, sin aguja ni jeringa.\" \/>\n<meta property=\"og:url\" content=\"https:\/\/biohairclinic.com\/es\/anestesia-injerto-capilar\/\" \/>\n<meta property=\"og:site_name\" content=\"Trasplante Capilar Turqu\u00eda\" \/>\n<meta property=\"article:modified_time\" content=\"2023-03-10T10:40:02+00:00\" \/>\n<meta name=\"twitter:card\" content=\"summary_large_image\" \/>\n<script type=\"application\/ld+json\" class=\"yoast-schema-graph\">{\"@context\":\"https:\\\/\\\/schema.org\",\"@graph\":[{\"@type\":\"WebPage\",\"@id\":\"https:\\\/\\\/biohairclinic.com\\\/es\\\/anestesia-injerto-capilar\\\/\",\"url\":\"https:\\\/\\\/biohairclinic.com\\\/es\\\/anestesia-injerto-capilar\\\/\",\"name\":\"Anestesia sin aguja para injerto capilar | Anestesia Comfort-In\",\"isPartOf\":{\"@id\":\"https:\\\/\\\/biohairclinic.com\\\/es\\\/#website\"},\"datePublished\":\"2019-08-31T08:06:46+00:00\",\"dateModified\":\"2023-03-10T10:40:02+00:00\",\"description\":\"Recibir un tratamiento capilar es cada vez m\u00e1s f\u00e1cil: con Comfort-In, la anestesia para tu trasplante capilar ser\u00e1 indoloro, sin aguja ni jeringa.\",\"breadcrumb\":{\"@id\":\"https:\\\/\\\/biohairclinic.com\\\/es\\\/anestesia-injerto-capilar\\\/#breadcrumb\"},\"inLanguage\":\"es-ES\",\"potentialAction\":[{\"@type\":\"ReadAction\",\"target\":[\"https:\\\/\\\/biohairclinic.com\\\/es\\\/anestesia-injerto-capilar\\\/\"]}]},{\"@type\":\"BreadcrumbList\",\"@id\":\"https:\\\/\\\/biohairclinic.com\\\/es\\\/anestesia-injerto-capilar\\\/#breadcrumb\",\"itemListElement\":[{\"@type\":\"ListItem\",\"position\":1,\"name\":\"Inicio\",\"item\":\"https:\\\/\\\/biohairclinic.com\\\/es\\\/\"},{\"@type\":\"ListItem\",\"position\":2,\"name\":\"Anestesia Injerto Capilar\"}]},{\"@type\":\"WebSite\",\"@id\":\"https:\\\/\\\/biohairclinic.com\\\/es\\\/#website\",\"url\":\"https:\\\/\\\/biohairclinic.com\\\/es\\\/\",\"name\":\"Trasplante Capilar Turqu\u00eda\",\"description\":\"BioHairClinic\u00a9\",\"publisher\":{\"@id\":\"https:\\\/\\\/biohairclinic.com\\\/es\\\/#organization\"},\"potentialAction\":[{\"@type\":\"SearchAction\",\"target\":{\"@type\":\"EntryPoint\",\"urlTemplate\":\"https:\\\/\\\/biohairclinic.com\\\/es\\\/?s={search_term_string}\"},\"query-input\":{\"@type\":\"PropertyValueSpecification\",\"valueRequired\":true,\"valueName\":\"search_term_string\"}}],\"inLanguage\":\"es-ES\"},{\"@type\":[\"Organization\",\"Place\"],\"@id\":\"https:\\\/\\\/biohairclinic.com\\\/es\\\/#organization\",\"name\":\"Biohair Clinic\",\"url\":\"https:\\\/\\\/biohairclinic.com\\\/es\\\/\",\"logo\":{\"@id\":\"https:\\\/\\\/biohairclinic.com\\\/es\\\/anestesia-injerto-capilar\\\/#local-main-organization-logo\"},\"image\":{\"@id\":\"https:\\\/\\\/biohairclinic.com\\\/es\\\/anestesia-injerto-capilar\\\/#local-main-organization-logo\"},\"telephone\":[],\"openingHoursSpecification\":[{\"@type\":\"OpeningHoursSpecification\",\"dayOfWeek\":[\"Monday\",\"Tuesday\",\"Wednesday\",\"Thursday\",\"Friday\",\"Saturday\",\"Sunday\"],\"opens\":\"09:00\",\"closes\":\"17:00\"}]},{\"@type\":\"ImageObject\",\"inLanguage\":\"es-ES\",\"@id\":\"https:\\\/\\\/biohairclinic.com\\\/es\\\/anestesia-injerto-capilar\\\/#local-main-organization-logo\",\"url\":\"https:\\\/\\\/biohairclinic.com\\\/es\\\/wp-content\\\/uploads\\\/sites\\\/4\\\/2021\\\/06\\\/biohair-logo.svg\",\"contentUrl\":\"https:\\\/\\\/biohairclinic.com\\\/es\\\/wp-content\\\/uploads\\\/sites\\\/4\\\/2021\\\/06\\\/biohair-logo.svg\",\"caption\":\"Biohair Clinic\"}]}<\/script>\n<!-- \/ Yoast SEO Premium plugin. -->","yoast_head_json":{"title":"Anestesia sin aguja para injerto capilar | Anestesia Comfort-In","description":"Recibir un tratamiento capilar es cada vez m\u00e1s f\u00e1cil: con Comfort-In, la anestesia para tu trasplante capilar ser\u00e1 indoloro, sin aguja ni jeringa.","robots":{"index":"index","follow":"follow","max-snippet":"max-snippet:-1","max-image-preview":"max-image-preview:large","max-video-preview":"max-video-preview:-1"},"canonical":"https:\/\/biohairclinic.com\/es\/anestesia-injerto-capilar\/","og_locale":"es_ES","og_type":"article","og_title":"Anestesia Injerto Capilar","og_description":"Recibir un tratamiento capilar es cada vez m\u00e1s f\u00e1cil: con Comfort-In, la anestesia para tu trasplante capilar ser\u00e1 indoloro, sin aguja ni jeringa.","og_url":"https:\/\/biohairclinic.com\/es\/anestesia-injerto-capilar\/","og_site_name":"Trasplante Capilar Turqu\u00eda","article_modified_time":"2023-03-10T10:40:02+00:00","twitter_card":"summary_large_image","schema":{"@context":"https:\/\/schema.org","@graph":[{"@type":"WebPage","@id":"https:\/\/biohairclinic.com\/es\/anestesia-injerto-capilar\/","url":"https:\/\/biohairclinic.com\/es\/anestesia-injerto-capilar\/","name":"Anestesia sin aguja para injerto capilar | Anestesia Comfort-In","isPartOf":{"@id":"https:\/\/biohairclinic.com\/es\/#website"},"datePublished":"2019-08-31T08:06:46+00:00","dateModified":"2023-03-10T10:40:02+00:00","description":"Recibir un tratamiento capilar es cada vez m\u00e1s f\u00e1cil: con Comfort-In, la anestesia para tu trasplante capilar ser\u00e1 indoloro, sin aguja ni jeringa.","breadcrumb":{"@id":"https:\/\/biohairclinic.com\/es\/anestesia-injerto-capilar\/#breadcrumb"},"inLanguage":"es-ES","potentialAction":[{"@type":"ReadAction","target":["https:\/\/biohairclinic.com\/es\/anestesia-injerto-capilar\/"]}]},{"@type":"BreadcrumbList","@id":"https:\/\/biohairclinic.com\/es\/anestesia-injerto-capilar\/#breadcrumb","itemListElement":[{"@type":"ListItem","position":1,"name":"Inicio","item":"https:\/\/biohairclinic.com\/es\/"},{"@type":"ListItem","position":2,"name":"Anestesia Injerto Capilar"}]},{"@type":"WebSite","@id":"https:\/\/biohairclinic.com\/es\/#website","url":"https:\/\/biohairclinic.com\/es\/","name":"Trasplante Capilar Turqu\u00eda","description":"BioHairClinic\u00a9","publisher":{"@id":"https:\/\/biohairclinic.com\/es\/#organization"},"potentialAction":[{"@type":"SearchAction","target":{"@type":"EntryPoint","urlTemplate":"https:\/\/biohairclinic.com\/es\/?s={search_term_string}"},"query-input":{"@type":"PropertyValueSpecification","valueRequired":true,"valueName":"search_term_string"}}],"inLanguage":"es-ES"},{"@type":["Organization","Place"],"@id":"https:\/\/biohairclinic.com\/es\/#organization","name":"Biohair Clinic","url":"https:\/\/biohairclinic.com\/es\/","logo":{"@id":"https:\/\/biohairclinic.com\/es\/anestesia-injerto-capilar\/#local-main-organization-logo"},"image":{"@id":"https:\/\/biohairclinic.com\/es\/anestesia-injerto-capilar\/#local-main-organization-logo"},"telephone":[],"openingHoursSpecification":[{"@type":"OpeningHoursSpecification","dayOfWeek":["Monday","Tuesday","Wednesday","Thursday","Friday","Saturday","Sunday"],"opens":"09:00","closes":"17:00"}]},{"@type":"ImageObject","inLanguage":"es-ES","@id":"https:\/\/biohairclinic.com\/es\/anestesia-injerto-capilar\/#local-main-organization-logo","url":"https:\/\/biohairclinic.com\/es\/wp-content\/uploads\/sites\/4\/2021\/06\/biohair-logo.svg","contentUrl":"https:\/\/biohairclinic.com\/es\/wp-content\/uploads\/sites\/4\/2021\/06\/biohair-logo.svg","caption":"Biohair Clinic"}]}},"_links":{"self":[{"href":"https:\/\/biohairclinic.com\/es\/wp-json\/wp\/v2\/pages\/12238","targetHints":{"allow":["GET"]}}],"collection":[{"href":"https:\/\/biohairclinic.com\/es\/wp-json\/wp\/v2\/pages"}],"about":[{"href":"https:\/\/biohairclinic.com\/es\/wp-json\/wp\/v2\/types\/page"}],"author":[{"embeddable":true,"href":"https:\/\/biohairclinic.com\/es\/wp-json\/wp\/v2\/users\/7"}],"replies":[{"embeddable":true,"href":"https:\/\/biohairclinic.com\/es\/wp-json\/wp\/v2\/comments?post=12238"}],"version-history":[{"count":39,"href":"https:\/\/biohairclinic.com\/es\/wp-json\/wp\/v2\/pages\/12238\/revisions"}],"predecessor-version":[{"id":59329,"href":"https:\/\/biohairclinic.com\/es\/wp-json\/wp\/v2\/pages\/12238\/revisions\/59329"}],"wp:attachment":[{"href":"https:\/\/biohairclinic.com\/es\/wp-json\/wp\/v2\/media?parent=12238"}],"curies":[{"name":"wp","href":"https:\/\/api.w.org\/{rel}","templated":true}]}}