{"id":12263,"date":"2019-08-31T09:08:06","date_gmt":"2019-08-31T09:08:06","guid":{"rendered":"https:\/\/biohairclinic.com\/es\/?page_id=12263"},"modified":"2021-06-28T10:33:57","modified_gmt":"2021-06-28T10:33:57","slug":"postoperatorio-injerto-capilar","status":"publish","type":"page","link":"https:\/\/biohairclinic.com\/es\/postoperatorio-injerto-capilar\/","title":{"rendered":"Postoperatorio Injerto Capilar"},"content":{"rendered":"<h1><span style=\"font-weight: 400\">Postoperatorio Injerto Capilar<\/span><\/h1>\n<h2>El proceso de curaci\u00f3n postoperatorio del injerto capilar<\/h2>\n<p>A pesar de la utilizaci\u00f3n del suave m\u00e9todo <a href=\"https:\/\/biohairclinic.com\/es\/trasplante-capilar-fue\/\"><strong>FUE para trasplante capilar<\/strong><\/a>, este no deja de ser un procedimiento quir\u00fargico, en el que el cuero cabelludo puede irritarse un poco. La extracci\u00f3n e inserci\u00f3n de los injertos lesiona o afecta un poco las capas de la piel durante el procedimiento.<\/p>\n<p>Por lo tanto, es normal que el \u00e1rea donante est\u00e9 muy roja despu\u00e9s del trasplante de cabello, como as\u00ed tambi\u00e9n que se formen costras. Sin embargo, existen distintos cuidados postoperatorios tras un injerto capilar, para apoyar y acelerar su proceso de curaci\u00f3n.<\/p>\n<h2>\u00bfCu\u00e1les son los primeros cuidados postoperatorios luego de un trasplante capilar?<\/h2>\n<p>Inmediatamente despu\u00e9s del procedimiento, puede ocurrir que el cuero cabelludo est\u00e9 un poco dolorido y enrojecido. Los orificios de perforaci\u00f3n de la aguja son visibles, y esto hace que la piel parezca ligeramente perforada. Despu\u00e9s del trasplante capilar, la zona donante necesita cicatrizaci\u00f3n. Por lo tanto, un cuidado postoperatorio adecuado es muy importante y tiene la m\u00e1xima prioridad despu\u00e9s del procedimiento.<\/p>\n<p>En la <a href=\"https:\/\/biohairclinic.com\/es\/clinica-capilar\/\"><strong>cl\u00ednica capilar<\/strong><\/a> Bio Hair, usted recibir\u00e1 un kit de cuidado preparado por nuestros expertos. El mismo consiste en un protector especial para la cabeza, una especie de vincha para el cabello, un champ\u00fa espec\u00edfico, una loci\u00f3n, una media luna para el cuello y analg\u00e9sicos.<\/p>\n<p>&nbsp;<\/p>\n<p>Cuando te acuestes debes usar la media luna para el cuello, ya que es importante que la <strong>parte posterior de la cabeza tenga el menor contacto posible con la almohada<\/strong> durante la noche. Una cierta cantidad de sangrado despu\u00e9s de la operaci\u00f3n es completamente normal. Sin embargo, si la sangre se seca en la parte posterior de la cabeza junto con la funda de almohada, podr\u00eda ser bastante molesto y provocar m\u00e1s dolor en la zona donante.<\/p>\n<p>Tambi\u00e9n puede ocurrir que sienta algo de picaz\u00f3n en el \u00e1rea donante despu\u00e9s del <a href=\"https:\/\/biohairclinic.com\/es\/tratamientos-capilares\/\"><strong>tratamiento capilar<\/strong><\/a>. Si este es el caso, por favor no se rasque bajo ninguna circunstancia. De lo contrario, es posible que pueda da\u00f1ar los fol\u00edculos pilosos reci\u00e9n trasplantados. Esto tendr\u00eda un efecto negativo en el resultado final.<\/p>\n<p>Asimismo, es muy importante que mantenga los dedos alejados del cuero cabelludo, incluso si la tentaci\u00f3n es grande, de lo contrario puede producirse una inflamaci\u00f3n. Por otro lado, despu\u00e9s del trasplante, puede sentir dolor en el \u00e1rea donante, pero ser\u00e1 muy suave y desaparecer\u00e1 despu\u00e9s de un corto per\u00edodo de tiempo. Tampoco en este caso debe rascarse o frotarse, ya que, como se mencion\u00f3 anteriormente es posible que pueda extraer los injertos reci\u00e9n insertados.<\/p>\n<p>Al d\u00eda siguiente, de la operaci\u00f3n se deber\u00eda haber formado una ligera costra, tanto en la zona receptora como en la donante. Esto es normal y forma parte del proceso postoperatorio del injerto capilar. Es muy importante que otorgue especial atenci\u00f3n a la zona donante despu\u00e9s del procedimiento, para que pueda recuperarse de la cirug\u00eda lo m\u00e1s r\u00e1pidamente posible.<\/p>\n<h3>Dos d\u00edas despu\u00e9s del procedimiento<\/h3>\n<p>Reci\u00e9n a los dos d\u00edas del procedimiento, se le permite lavarse el cabello o el cuero cabelludo por primera vez. Deber\u00e1 utilizar el <strong>champ\u00fa y la loci\u00f3n especial<\/strong> que se le otorg\u00f3 en el kit para cuidados postoperatorios para injerto capilar. Los mismos, ayudar\u00e1n a acortar el per\u00edodo de cicatrizaci\u00f3n despu\u00e9s del trasplante de cabello, y asegurar\u00e1n que las costras se desprendan m\u00e1s r\u00e1pidamente.<\/p>\n<p>\u00bfC\u00f3mo utilizarlos? Primero se aplica la loci\u00f3n en la zona del \u00e1rea donante, y se acaricia suavemente con el dedo, no debe haber fricci\u00f3n. El producto debe actuar durante unos 40 minutos este primer lavado del cabello. En los usos posteriores, el tiempo se reduce a 15\/20 minutos. Una vez pasado este tiempo, lave el cuero cabelludo de adelante hacia atr\u00e1s con agua tibia.<\/p>\n<p>A continuaci\u00f3n, aplique el champ\u00fa delicadamente en el \u00e1rea receptora. Esto debe mantenerse de 3 a 5 minutos. Luego lave con agua tibia en la direcci\u00f3n del crecimiento del cabello y seguidamente seque cuidadosamente el cuero cabelludo. No utilice toallas de algod\u00f3n para este fin (\u00a1peligro de pelusa!).<\/p>\n<p>Despu\u00e9s del trasplante de cabello, la zona donante s\u00f3lo debe lavarse con el champ\u00fa, que luego debe enjuagarse con agua tibia. Luego se aplica la loci\u00f3n, que tiene que actuar durante unos diez minutos. A continuaci\u00f3n, limpie con un pa\u00f1o con mucho cuidado.&nbsp;Este proceso de lavado, tanto en la zona donante como en la receptora, debe repetirse regularmente durante un per\u00edodo de diez d\u00edas.<\/p>\n<p>Durante el proceso de cicatrizaci\u00f3n postoperatorio del injerto capilar, se formar\u00e1n costras m\u00e1s o menos fuertes en ambas \u00e1reas. Por lo general, estas se caen por s\u00ed solas. Para aquellas que no se desprendan naturalmente, habr\u00e1 que ayudar un poco, ya que las cascaritas podr\u00edan da\u00f1ar el resultado. La manera m\u00e1s f\u00e1cil de quitarlas es frotar el cuero cabelludo suavemente de atr\u00e1s hacia adelante.<\/p>\n<h2>\u00bfQu\u00e9 m\u00e1s necesito saber?<\/h2>\n<ul style=\"padding-left: 2em\">\n<li>Durante los primeros cuatro d\u00edas no debe hacer ning\u00fan deporte o ejercicio.<\/li>\n<li>Tambi\u00e9n es importante evitar el alcohol y los cigarrillos al comienzo.<\/li>\n<li>La cabeza debe protegerse lo mejor posible de los golpes y tambi\u00e9n del polvo.<\/li>\n<li>No utilice sauna, solarium, ni piscina durante seis semanas.<\/li>\n<li>Evitar la luz solar directa tambi\u00e9n por 6 semanas.<\/li>\n<li>Durante el proceso de curaci\u00f3n del trasplante de pelo: \u00a1no se rasque!<\/li>\n<\/ul>\n<p>Cualquier otra consulta que le surja durante el per\u00edodo de cuidados postoperatorios de su injerto capilar, nuestro equipo de asesoramiento estar\u00e1 a su disponibilidad para ayudarlo. \u00a1No dude en contactarnos ante cualquier situaci\u00f3n!<\/p>\n<p>&nbsp;<\/p>\n<h2>AN\u00c1LISIS CAPILAR GRATIS<\/h2>\n<hr class=\"h_hr\">\n<p>Utilice la calculadora de cabello para conocer la cantidad de injertos que necesita. El proceso es totalmente gratuito y sin compromiso.<\/p>\n<p><!--  -->  .haarrechner {<!--  -->    text-transform: uppercase;<!--  -->    padding-top: 15px !important;<!--  -->    padding-right: 5% !important;<!--  -->    padding-bottom: 15px !important;<!--  -->    padding-left: 5% !important;<!--  -->    color: #049DB7 !important;<!--  -->    border-width: 0px !important;<!--  -->    border-color: #ffffff;<!--  -->    border-radius: 30px;<!--  -->    font-size: 18px;<!--  -->    background-color: #ffffff;<!--  -->    box-shadow: 0px 12px 18px -6px rgba(4, 157, 183, 0.48);<!--  -->    transition: all 300ms ease 0ms;<!--  -->    font-weight: 600;<!--  -->    border: 2px solid;<!--  -->    line-height: 1.7em !important;<!--  -->  }<!--  -->  .haarrechner:hover {<!--  -->    color: #ffffff !important;<!--  -->    border: 2px solid #ffffff !important;<!--  -->    border-radius: 30px;<!--  -->    font-size: 18px;<!--  -->    background-color: #049DB7;<!--  -->    box-shadow: 0px 12px 18px -6px rgba(4, 157, 183, 0.48);<!--  -->    transition: all 300ms ease 0ms;<!--  -->  }<!--  -->   @media (min-width: 981px){<!--  -->    .h_hr{<!--  -->      display: none;<!--  -->    }<!--  -->  }<!--  -->  @media (max-width: 980px){<!--  -->      .h_hr{<!--  -->    border-top: 2px solid #ffffff;<!--  -->    width: 50%;<!--  -->    margin-bottom: 15px;<!--  -->  }<!--  -->  }<!--  --><!--  --><a class=\"haarrechner\" href=\"https:\/\/biohairclinic.com\/es\/calculadora-de-cabello\/\" data-abc=\"true\">CALCULADORA DE CABELLO<\/a><\/p>\n","protected":false},"excerpt":{"rendered":"<p>Postoperatorio Injerto Capilar El proceso de curaci\u00f3n postoperatorio del injerto capilar A pesar de la utilizaci\u00f3n del suave m\u00e9todo FUE para trasplante capilar, este no deja de ser un procedimiento quir\u00fargico, en el que el cuero cabelludo puede irritarse un poco. La extracci\u00f3n e inserci\u00f3n de los injertos lesiona o afecta un poco las capas [&hellip;]<\/p>\n","protected":false},"author":7,"featured_media":0,"parent":0,"menu_order":0,"comment_status":"closed","ping_status":"closed","template":"","meta":{"_acf_changed":false,"inline_featured_image":false,"footnotes":""},"class_list":["post-12263","page","type-page","status-publish","hentry"],"acf":[],"yoast_head":"<!-- This site is optimized with the Yoast SEO Premium plugin v27.3 (Yoast SEO v27.4) - https:\/\/yoast.com\/product\/yoast-seo-premium-wordpress\/ -->\n<title>Todo sobre el cuidado post operatorio de tu injerto capilar<\/title>\n<meta name=\"description\" content=\"Toda la informaci\u00f3n necesaria para el cuidado post operatorio tras tu trasplante capilar, muy importante para obtener los mejores resultados.\" \/>\n<meta name=\"robots\" content=\"noindex, nofollow\" \/>\n<meta property=\"og:locale\" content=\"es_ES\" \/>\n<meta property=\"og:type\" content=\"article\" \/>\n<meta property=\"og:title\" content=\"Postoperatorio Injerto Capilar\" \/>\n<meta property=\"og:description\" content=\"Toda la informaci\u00f3n necesaria para el cuidado post operatorio tras tu trasplante capilar, muy importante para obtener los mejores resultados.\" \/>\n<meta property=\"og:url\" content=\"https:\/\/biohairclinic.com\/es\/postoperatorio-injerto-capilar\/\" \/>\n<meta property=\"og:site_name\" content=\"Trasplante Capilar Turqu\u00eda\" \/>\n<meta property=\"article:modified_time\" content=\"2021-06-28T10:33:57+00:00\" \/>\n<meta name=\"twitter:card\" content=\"summary_large_image\" \/>\n<meta name=\"twitter:label1\" content=\"Est. reading time\" \/>\n\t<meta name=\"twitter:data1\" content=\"5 minutes\" \/>\n<script type=\"application\/ld+json\" class=\"yoast-schema-graph\">{\"@context\":\"https:\\\/\\\/schema.org\",\"@graph\":[{\"@type\":\"WebPage\",\"@id\":\"https:\\\/\\\/biohairclinic.com\\\/es\\\/postoperatorio-injerto-capilar\\\/\",\"url\":\"https:\\\/\\\/biohairclinic.com\\\/es\\\/postoperatorio-injerto-capilar\\\/\",\"name\":\"Todo sobre el cuidado post operatorio de tu injerto capilar\",\"isPartOf\":{\"@id\":\"https:\\\/\\\/biohairclinic.com\\\/es\\\/#website\"},\"datePublished\":\"2019-08-31T09:08:06+00:00\",\"dateModified\":\"2021-06-28T10:33:57+00:00\",\"description\":\"Toda la informaci\u00f3n necesaria para el cuidado post operatorio tras tu trasplante capilar, muy importante para obtener los mejores resultados.\",\"breadcrumb\":{\"@id\":\"https:\\\/\\\/biohairclinic.com\\\/es\\\/postoperatorio-injerto-capilar\\\/#breadcrumb\"},\"inLanguage\":\"es-ES\",\"potentialAction\":[{\"@type\":\"ReadAction\",\"target\":[\"https:\\\/\\\/biohairclinic.com\\\/es\\\/postoperatorio-injerto-capilar\\\/\"]}]},{\"@type\":\"BreadcrumbList\",\"@id\":\"https:\\\/\\\/biohairclinic.com\\\/es\\\/postoperatorio-injerto-capilar\\\/#breadcrumb\",\"itemListElement\":[{\"@type\":\"ListItem\",\"position\":1,\"name\":\"Inicio\",\"item\":\"https:\\\/\\\/biohairclinic.com\\\/es\\\/\"},{\"@type\":\"ListItem\",\"position\":2,\"name\":\"Postoperatorio Injerto Capilar\"}]},{\"@type\":\"WebSite\",\"@id\":\"https:\\\/\\\/biohairclinic.com\\\/es\\\/#website\",\"url\":\"https:\\\/\\\/biohairclinic.com\\\/es\\\/\",\"name\":\"Trasplante Capilar Turqu\u00eda\",\"description\":\"BioHairClinic\u00a9\",\"publisher\":{\"@id\":\"https:\\\/\\\/biohairclinic.com\\\/es\\\/#organization\"},\"potentialAction\":[{\"@type\":\"SearchAction\",\"target\":{\"@type\":\"EntryPoint\",\"urlTemplate\":\"https:\\\/\\\/biohairclinic.com\\\/es\\\/?s={search_term_string}\"},\"query-input\":{\"@type\":\"PropertyValueSpecification\",\"valueRequired\":true,\"valueName\":\"search_term_string\"}}],\"inLanguage\":\"es-ES\"},{\"@type\":[\"Organization\",\"Place\"],\"@id\":\"https:\\\/\\\/biohairclinic.com\\\/es\\\/#organization\",\"name\":\"Biohair Clinic\",\"url\":\"https:\\\/\\\/biohairclinic.com\\\/es\\\/\",\"logo\":{\"@id\":\"https:\\\/\\\/biohairclinic.com\\\/es\\\/postoperatorio-injerto-capilar\\\/#local-main-organization-logo\"},\"image\":{\"@id\":\"https:\\\/\\\/biohairclinic.com\\\/es\\\/postoperatorio-injerto-capilar\\\/#local-main-organization-logo\"},\"telephone\":[],\"openingHoursSpecification\":[{\"@type\":\"OpeningHoursSpecification\",\"dayOfWeek\":[\"Monday\",\"Tuesday\",\"Wednesday\",\"Thursday\",\"Friday\",\"Saturday\",\"Sunday\"],\"opens\":\"09:00\",\"closes\":\"17:00\"}]},{\"@type\":\"ImageObject\",\"inLanguage\":\"es-ES\",\"@id\":\"https:\\\/\\\/biohairclinic.com\\\/es\\\/postoperatorio-injerto-capilar\\\/#local-main-organization-logo\",\"url\":\"https:\\\/\\\/biohairclinic.com\\\/es\\\/wp-content\\\/uploads\\\/sites\\\/4\\\/2021\\\/06\\\/biohair-logo.svg\",\"contentUrl\":\"https:\\\/\\\/biohairclinic.com\\\/es\\\/wp-content\\\/uploads\\\/sites\\\/4\\\/2021\\\/06\\\/biohair-logo.svg\",\"caption\":\"Biohair Clinic\"}]}<\/script>\n<!-- \/ Yoast SEO Premium plugin. -->","yoast_head_json":{"title":"Todo sobre el cuidado post operatorio de tu injerto capilar","description":"Toda la informaci\u00f3n necesaria para el cuidado post operatorio tras tu trasplante capilar, muy importante para obtener los mejores resultados.","robots":{"index":"noindex","follow":"nofollow"},"og_locale":"es_ES","og_type":"article","og_title":"Postoperatorio Injerto Capilar","og_description":"Toda la informaci\u00f3n necesaria para el cuidado post operatorio tras tu trasplante capilar, muy importante para obtener los mejores resultados.","og_url":"https:\/\/biohairclinic.com\/es\/postoperatorio-injerto-capilar\/","og_site_name":"Trasplante Capilar Turqu\u00eda","article_modified_time":"2021-06-28T10:33:57+00:00","twitter_card":"summary_large_image","twitter_misc":{"Est. reading time":"5 minutes"},"schema":{"@context":"https:\/\/schema.org","@graph":[{"@type":"WebPage","@id":"https:\/\/biohairclinic.com\/es\/postoperatorio-injerto-capilar\/","url":"https:\/\/biohairclinic.com\/es\/postoperatorio-injerto-capilar\/","name":"Todo sobre el cuidado post operatorio de tu injerto capilar","isPartOf":{"@id":"https:\/\/biohairclinic.com\/es\/#website"},"datePublished":"2019-08-31T09:08:06+00:00","dateModified":"2021-06-28T10:33:57+00:00","description":"Toda la informaci\u00f3n necesaria para el cuidado post operatorio tras tu trasplante capilar, muy importante para obtener los mejores resultados.","breadcrumb":{"@id":"https:\/\/biohairclinic.com\/es\/postoperatorio-injerto-capilar\/#breadcrumb"},"inLanguage":"es-ES","potentialAction":[{"@type":"ReadAction","target":["https:\/\/biohairclinic.com\/es\/postoperatorio-injerto-capilar\/"]}]},{"@type":"BreadcrumbList","@id":"https:\/\/biohairclinic.com\/es\/postoperatorio-injerto-capilar\/#breadcrumb","itemListElement":[{"@type":"ListItem","position":1,"name":"Inicio","item":"https:\/\/biohairclinic.com\/es\/"},{"@type":"ListItem","position":2,"name":"Postoperatorio Injerto Capilar"}]},{"@type":"WebSite","@id":"https:\/\/biohairclinic.com\/es\/#website","url":"https:\/\/biohairclinic.com\/es\/","name":"Trasplante Capilar Turqu\u00eda","description":"BioHairClinic\u00a9","publisher":{"@id":"https:\/\/biohairclinic.com\/es\/#organization"},"potentialAction":[{"@type":"SearchAction","target":{"@type":"EntryPoint","urlTemplate":"https:\/\/biohairclinic.com\/es\/?s={search_term_string}"},"query-input":{"@type":"PropertyValueSpecification","valueRequired":true,"valueName":"search_term_string"}}],"inLanguage":"es-ES"},{"@type":["Organization","Place"],"@id":"https:\/\/biohairclinic.com\/es\/#organization","name":"Biohair Clinic","url":"https:\/\/biohairclinic.com\/es\/","logo":{"@id":"https:\/\/biohairclinic.com\/es\/postoperatorio-injerto-capilar\/#local-main-organization-logo"},"image":{"@id":"https:\/\/biohairclinic.com\/es\/postoperatorio-injerto-capilar\/#local-main-organization-logo"},"telephone":[],"openingHoursSpecification":[{"@type":"OpeningHoursSpecification","dayOfWeek":["Monday","Tuesday","Wednesday","Thursday","Friday","Saturday","Sunday"],"opens":"09:00","closes":"17:00"}]},{"@type":"ImageObject","inLanguage":"es-ES","@id":"https:\/\/biohairclinic.com\/es\/postoperatorio-injerto-capilar\/#local-main-organization-logo","url":"https:\/\/biohairclinic.com\/es\/wp-content\/uploads\/sites\/4\/2021\/06\/biohair-logo.svg","contentUrl":"https:\/\/biohairclinic.com\/es\/wp-content\/uploads\/sites\/4\/2021\/06\/biohair-logo.svg","caption":"Biohair Clinic"}]}},"_links":{"self":[{"href":"https:\/\/biohairclinic.com\/es\/wp-json\/wp\/v2\/pages\/12263","targetHints":{"allow":["GET"]}}],"collection":[{"href":"https:\/\/biohairclinic.com\/es\/wp-json\/wp\/v2\/pages"}],"about":[{"href":"https:\/\/biohairclinic.com\/es\/wp-json\/wp\/v2\/types\/page"}],"author":[{"embeddable":true,"href":"https:\/\/biohairclinic.com\/es\/wp-json\/wp\/v2\/users\/7"}],"replies":[{"embeddable":true,"href":"https:\/\/biohairclinic.com\/es\/wp-json\/wp\/v2\/comments?post=12263"}],"version-history":[{"count":10,"href":"https:\/\/biohairclinic.com\/es\/wp-json\/wp\/v2\/pages\/12263\/revisions"}],"predecessor-version":[{"id":57658,"href":"https:\/\/biohairclinic.com\/es\/wp-json\/wp\/v2\/pages\/12263\/revisions\/57658"}],"wp:attachment":[{"href":"https:\/\/biohairclinic.com\/es\/wp-json\/wp\/v2\/media?parent=12263"}],"curies":[{"name":"wp","href":"https:\/\/api.w.org\/{rel}","templated":true}]}}