{"id":13357,"date":"2019-10-24T10:11:58","date_gmt":"2019-10-24T10:11:58","guid":{"rendered":"https:\/\/biohairclinic.com\/es\/?page_id=13357"},"modified":"2025-12-22T13:55:52","modified_gmt":"2025-12-22T13:55:52","slug":"calculadora-de-cabello","status":"publish","type":"page","link":"https:\/\/biohairclinic.com\/es\/calculadora-de-cabello\/","title":{"rendered":"Calculadora de cabello: \u00bfCu\u00e1ntos injertos son necesarios?"},"content":{"rendered":"","protected":false},"excerpt":{"rendered":"","protected":false},"author":7,"featured_media":0,"parent":0,"menu_order":0,"comment_status":"closed","ping_status":"closed","template":"new_haircalc_2022\/new_haircalc_2022.php","meta":{"_acf_changed":false,"inline_featured_image":false,"footnotes":""},"class_list":["post-13357","page","type-page","status-publish","hentry"],"acf":[],"yoast_head":"<!-- This site is optimized with the Yoast SEO Premium plugin v27.3 (Yoast SEO v27.4) - https:\/\/yoast.com\/product\/yoast-seo-premium-wordpress\/ -->\n<title>Calculadora de cabello: \u00bfCu\u00e1ntos injertos son necesarios?<\/title>\n<meta name=\"description\" content=\"Con nuestra calculadora de cabello, en Bio Hair Clinic queremos ayudarle a averiguar, r\u00e1pida y f\u00e1cilmente, cu\u00e1ntos injertos son necesarios para lograr..\" \/>\n<meta name=\"robots\" content=\"noindex, nofollow\" \/>\n<meta property=\"og:locale\" content=\"es_ES\" \/>\n<meta property=\"og:type\" content=\"article\" \/>\n<meta property=\"og:title\" content=\"Calculadora de cabello: \u00bfCu\u00e1ntos injertos son necesarios?\" \/>\n<meta property=\"og:description\" content=\"Con nuestra calculadora de cabello, en Bio Hair Clinic queremos ayudarle a averiguar, r\u00e1pida y f\u00e1cilmente, cu\u00e1ntos injertos son necesarios para lograr..\" \/>\n<meta property=\"og:url\" content=\"https:\/\/biohairclinic.com\/es\/calculadora-de-cabello\/\" \/>\n<meta property=\"og:site_name\" content=\"Trasplante Capilar Turqu\u00eda\" \/>\n<meta property=\"article:modified_time\" content=\"2025-12-22T13:55:52+00:00\" \/>\n<meta name=\"twitter:card\" content=\"summary_large_image\" \/>\n<script type=\"application\/ld+json\" class=\"yoast-schema-graph\">{\"@context\":\"https:\\\/\\\/schema.org\",\"@graph\":[{\"@type\":\"WebPage\",\"@id\":\"https:\\\/\\\/biohairclinic.com\\\/es\\\/calculadora-de-cabello\\\/\",\"url\":\"https:\\\/\\\/biohairclinic.com\\\/es\\\/calculadora-de-cabello\\\/\",\"name\":\"Calculadora de cabello: \u00bfCu\u00e1ntos injertos son necesarios?\",\"isPartOf\":{\"@id\":\"https:\\\/\\\/biohairclinic.com\\\/es\\\/#website\"},\"datePublished\":\"2019-10-24T10:11:58+00:00\",\"dateModified\":\"2025-12-22T13:55:52+00:00\",\"description\":\"Con nuestra calculadora de cabello, en Bio Hair Clinic queremos ayudarle a averiguar, r\u00e1pida y f\u00e1cilmente, cu\u00e1ntos injertos son necesarios para lograr..\",\"breadcrumb\":{\"@id\":\"https:\\\/\\\/biohairclinic.com\\\/es\\\/calculadora-de-cabello\\\/#breadcrumb\"},\"inLanguage\":\"es-ES\",\"potentialAction\":[{\"@type\":\"ReadAction\",\"target\":[\"https:\\\/\\\/biohairclinic.com\\\/es\\\/calculadora-de-cabello\\\/\"]}]},{\"@type\":\"BreadcrumbList\",\"@id\":\"https:\\\/\\\/biohairclinic.com\\\/es\\\/calculadora-de-cabello\\\/#breadcrumb\",\"itemListElement\":[{\"@type\":\"ListItem\",\"position\":1,\"name\":\"Inicio\",\"item\":\"https:\\\/\\\/biohairclinic.com\\\/es\\\/\"},{\"@type\":\"ListItem\",\"position\":2,\"name\":\"Calculadora de cabello: \u00bfCu\u00e1ntos injertos son necesarios?\"}]},{\"@type\":\"WebSite\",\"@id\":\"https:\\\/\\\/biohairclinic.com\\\/es\\\/#website\",\"url\":\"https:\\\/\\\/biohairclinic.com\\\/es\\\/\",\"name\":\"Trasplante Capilar Turqu\u00eda\",\"description\":\"BioHairClinic\u00a9\",\"publisher\":{\"@id\":\"https:\\\/\\\/biohairclinic.com\\\/es\\\/#organization\"},\"potentialAction\":[{\"@type\":\"SearchAction\",\"target\":{\"@type\":\"EntryPoint\",\"urlTemplate\":\"https:\\\/\\\/biohairclinic.com\\\/es\\\/?s={search_term_string}\"},\"query-input\":{\"@type\":\"PropertyValueSpecification\",\"valueRequired\":true,\"valueName\":\"search_term_string\"}}],\"inLanguage\":\"es-ES\"},{\"@type\":[\"Organization\",\"Place\"],\"@id\":\"https:\\\/\\\/biohairclinic.com\\\/es\\\/#organization\",\"name\":\"Biohair Clinic\",\"url\":\"https:\\\/\\\/biohairclinic.com\\\/es\\\/\",\"logo\":{\"@id\":\"https:\\\/\\\/biohairclinic.com\\\/es\\\/calculadora-de-cabello\\\/#local-main-organization-logo\"},\"image\":{\"@id\":\"https:\\\/\\\/biohairclinic.com\\\/es\\\/calculadora-de-cabello\\\/#local-main-organization-logo\"},\"telephone\":[],\"openingHoursSpecification\":[{\"@type\":\"OpeningHoursSpecification\",\"dayOfWeek\":[\"Monday\",\"Tuesday\",\"Wednesday\",\"Thursday\",\"Friday\",\"Saturday\",\"Sunday\"],\"opens\":\"09:00\",\"closes\":\"17:00\"}]},{\"@type\":\"ImageObject\",\"inLanguage\":\"es-ES\",\"@id\":\"https:\\\/\\\/biohairclinic.com\\\/es\\\/calculadora-de-cabello\\\/#local-main-organization-logo\",\"url\":\"https:\\\/\\\/biohairclinic.com\\\/es\\\/wp-content\\\/uploads\\\/sites\\\/4\\\/2021\\\/06\\\/biohair-logo.svg\",\"contentUrl\":\"https:\\\/\\\/biohairclinic.com\\\/es\\\/wp-content\\\/uploads\\\/sites\\\/4\\\/2021\\\/06\\\/biohair-logo.svg\",\"caption\":\"Biohair Clinic\"}]}<\/script>\n<!-- \/ Yoast SEO Premium plugin. -->","yoast_head_json":{"title":"Calculadora de cabello: \u00bfCu\u00e1ntos injertos son necesarios?","description":"Con nuestra calculadora de cabello, en Bio Hair Clinic queremos ayudarle a averiguar, r\u00e1pida y f\u00e1cilmente, cu\u00e1ntos injertos son necesarios para lograr..","robots":{"index":"noindex","follow":"nofollow"},"og_locale":"es_ES","og_type":"article","og_title":"Calculadora de cabello: \u00bfCu\u00e1ntos injertos son necesarios?","og_description":"Con nuestra calculadora de cabello, en Bio Hair Clinic queremos ayudarle a averiguar, r\u00e1pida y f\u00e1cilmente, cu\u00e1ntos injertos son necesarios para lograr..","og_url":"https:\/\/biohairclinic.com\/es\/calculadora-de-cabello\/","og_site_name":"Trasplante Capilar Turqu\u00eda","article_modified_time":"2025-12-22T13:55:52+00:00","twitter_card":"summary_large_image","schema":{"@context":"https:\/\/schema.org","@graph":[{"@type":"WebPage","@id":"https:\/\/biohairclinic.com\/es\/calculadora-de-cabello\/","url":"https:\/\/biohairclinic.com\/es\/calculadora-de-cabello\/","name":"Calculadora de cabello: \u00bfCu\u00e1ntos injertos son necesarios?","isPartOf":{"@id":"https:\/\/biohairclinic.com\/es\/#website"},"datePublished":"2019-10-24T10:11:58+00:00","dateModified":"2025-12-22T13:55:52+00:00","description":"Con nuestra calculadora de cabello, en Bio Hair Clinic queremos ayudarle a averiguar, r\u00e1pida y f\u00e1cilmente, cu\u00e1ntos injertos son necesarios para lograr..","breadcrumb":{"@id":"https:\/\/biohairclinic.com\/es\/calculadora-de-cabello\/#breadcrumb"},"inLanguage":"es-ES","potentialAction":[{"@type":"ReadAction","target":["https:\/\/biohairclinic.com\/es\/calculadora-de-cabello\/"]}]},{"@type":"BreadcrumbList","@id":"https:\/\/biohairclinic.com\/es\/calculadora-de-cabello\/#breadcrumb","itemListElement":[{"@type":"ListItem","position":1,"name":"Inicio","item":"https:\/\/biohairclinic.com\/es\/"},{"@type":"ListItem","position":2,"name":"Calculadora de cabello: \u00bfCu\u00e1ntos injertos son necesarios?"}]},{"@type":"WebSite","@id":"https:\/\/biohairclinic.com\/es\/#website","url":"https:\/\/biohairclinic.com\/es\/","name":"Trasplante Capilar Turqu\u00eda","description":"BioHairClinic\u00a9","publisher":{"@id":"https:\/\/biohairclinic.com\/es\/#organization"},"potentialAction":[{"@type":"SearchAction","target":{"@type":"EntryPoint","urlTemplate":"https:\/\/biohairclinic.com\/es\/?s={search_term_string}"},"query-input":{"@type":"PropertyValueSpecification","valueRequired":true,"valueName":"search_term_string"}}],"inLanguage":"es-ES"},{"@type":["Organization","Place"],"@id":"https:\/\/biohairclinic.com\/es\/#organization","name":"Biohair Clinic","url":"https:\/\/biohairclinic.com\/es\/","logo":{"@id":"https:\/\/biohairclinic.com\/es\/calculadora-de-cabello\/#local-main-organization-logo"},"image":{"@id":"https:\/\/biohairclinic.com\/es\/calculadora-de-cabello\/#local-main-organization-logo"},"telephone":[],"openingHoursSpecification":[{"@type":"OpeningHoursSpecification","dayOfWeek":["Monday","Tuesday","Wednesday","Thursday","Friday","Saturday","Sunday"],"opens":"09:00","closes":"17:00"}]},{"@type":"ImageObject","inLanguage":"es-ES","@id":"https:\/\/biohairclinic.com\/es\/calculadora-de-cabello\/#local-main-organization-logo","url":"https:\/\/biohairclinic.com\/es\/wp-content\/uploads\/sites\/4\/2021\/06\/biohair-logo.svg","contentUrl":"https:\/\/biohairclinic.com\/es\/wp-content\/uploads\/sites\/4\/2021\/06\/biohair-logo.svg","caption":"Biohair Clinic"}]}},"_links":{"self":[{"href":"https:\/\/biohairclinic.com\/es\/wp-json\/wp\/v2\/pages\/13357","targetHints":{"allow":["GET"]}}],"collection":[{"href":"https:\/\/biohairclinic.com\/es\/wp-json\/wp\/v2\/pages"}],"about":[{"href":"https:\/\/biohairclinic.com\/es\/wp-json\/wp\/v2\/types\/page"}],"author":[{"embeddable":true,"href":"https:\/\/biohairclinic.com\/es\/wp-json\/wp\/v2\/users\/7"}],"replies":[{"embeddable":true,"href":"https:\/\/biohairclinic.com\/es\/wp-json\/wp\/v2\/comments?post=13357"}],"version-history":[{"count":14,"href":"https:\/\/biohairclinic.com\/es\/wp-json\/wp\/v2\/pages\/13357\/revisions"}],"predecessor-version":[{"id":59606,"href":"https:\/\/biohairclinic.com\/es\/wp-json\/wp\/v2\/pages\/13357\/revisions\/59606"}],"wp:attachment":[{"href":"https:\/\/biohairclinic.com\/es\/wp-json\/wp\/v2\/media?parent=13357"}],"curies":[{"name":"wp","href":"https:\/\/api.w.org\/{rel}","templated":true}]}}