{"id":139,"date":"2018-09-18T08:40:08","date_gmt":"2018-09-18T08:40:08","guid":{"rendered":"https:\/\/biohairclini.wpengine.com\/?page_id=139"},"modified":"2025-12-17T14:40:16","modified_gmt":"2025-12-17T14:40:16","slug":"injerto-capilar-precio","status":"publish","type":"page","link":"https:\/\/biohairclinic.com\/es\/injerto-capilar-precio\/","title":{"rendered":"Injerto Capilar Precio \/ Coste"},"content":{"rendered":"<section class=\"hero\">\r\n    <div class=\"container\">\r\n        <div class=\"row\">\r\n            <div class=\"col-md-6\">\r\n                <h1><span>Precio<\/span> Injerto Capilar<\/h1>\r\n                <div class=\"p-block\">\r\n                    <p>El precio de un injerto capilar influye mucho en la decisi\u00f3n de realizarte o no este popular tratamiento capilar. \r\n<br><br>\r\nQueremos que tu decisi\u00f3n sea lo m\u00e1s f\u00e1cil posible. Por eso te ofrecemos paquetes con todo incluido. Esto te proporcionar\u00e1 una total transparencia y un control sobre los costes. \r\n<br><br>\r\nDisfruta de un trasplante de pelo a un precio atractivo y recibe un servicio exclusivo con ofertas inmejorables.<\/p>\r\n                                            <div class=\"btn\">\r\n                            <span class=\"button bio_btn\" data-url=\"https:\/\/biohairclinic.com\/es\/calculadora-de-cabello\/\">Consulta gratuita<\/span>\r\n                        <\/div>\r\n                       \r\n                <\/div>\r\n            <\/div>\r\n            <div class=\"col-md-6\">\r\n                                        <img loading=\"lazy\" decoding=\"async\" src=\"https:\/\/biohairclinic.com\/es\/wp-content\/uploads\/sites\/4\/2021\/06\/Gra\u0301fico-de-costes-del-trasplante-capilar.svg\" alt=\"Gra\u0301fico de costes del trasplante capilar\" width=\"499\" height=\"470\"\/>\r\n                            <\/div>\r\n        <\/div>\r\n    <\/div>\r\n<\/section>\n\n<section class=\"home_cost_sec\">\n    <div class=\"cost_containerGrid\">\n        <div class=\"itemContent\">\n            <h2>Costes del trasplante capilar: C\u00e1lculo individualizado, comunicaci\u00f3n transparente<\/h2>\n            <div class=\"contentBox\" style=\"background: #f7fbff;\">\n                <p>Damos gran importancia a obtener un resultado \u00f3ptimo, lo que requiere una planificaci\u00f3n individualizada del tratamiento.<\/p>\n<p>A diferencia de un precio fijo, que ignora la complejidad de tu intervenci\u00f3n, los costes de tu trasplante capilar se basan en el n\u00famero real de injertos necesarios y en el alcance de tu tratamiento.<\/p>\n<p>Para garantizar la m\u00e1xima precisi\u00f3n, utilizamos exclusivamente la moderna t\u00e9cnica DHI, cuyo precio inicial es de 3000 \u20ac.<\/p>\n<p>Te garantizamos la m\u00e1xima transparencia: nuestros expertos te preparar\u00e1n una oferta personalizada para tu paquete todo incluido. Siempre te comunicaremos los precios de forma transparente y justa.<\/p>\n            <\/div>\n        <\/div>\n        <div class=\"itemPrice\">\n                            <div class=\"priceBox\" style=\"background: #0a3166;\">\n                    <p class=\"methodName\">Injerto capilar DHI:<\/p>\n                                            <p class=\"priceAmount\">desde 3000\u20ac<\/p>\n                                    <\/div>\n                    <\/div>\n        <div class=\"itemButton\">\n                            <span data-url=\"https:\/\/biohairclinic.com\/es\/calculadora-de-cabello\/\" class=\"button bio_btn\" id=\"cost_button\">Iniciar an\u00e1lisis capilar ahora<\/span>\n                    <\/div>\n    <\/div>\n<\/section>\n\n<section class=\"packages \">\r\n    <div class=\"container\">\r\n        <div class=\"row\">\r\n            <div class=\"col-md-12\">\r\n                <div class=\"title\">\r\n                                                        <\/div>\r\n            <\/div>\r\n\r\n                                <div class=\"col-md-3\">\r\n                        <div class=\"content \">\r\n                                                            <img loading=\"lazy\" decoding=\"async\" src=\"https:\/\/biohairclinic.com\/es\/wp-content\/uploads\/sites\/4\/2021\/06\/Icono-silla-de-tratamiento-.svg\" alt=\"Icono silla de tratamiento\" width=\"87\" height=\"83\"\/>\r\n                                                        <h4>Pre y Postratamiento<\/h4>\r\n                                                    <\/div>\r\n                    <\/div>\r\n                                <div class=\"col-md-3\">\r\n                        <div class=\"content \">\r\n                                                            <img loading=\"lazy\" decoding=\"async\" src=\"https:\/\/biohairclinic.com\/es\/wp-content\/uploads\/sites\/4\/2021\/06\/Icon-Hotel-de-lujo.svg\" alt=\"Icon Hotel de lujo\" width=\"72\" height=\"111\"\/>\r\n                                                        <h4>4**** Hotel de Lujo<\/h4>\r\n                                                    <\/div>\r\n                    <\/div>\r\n                                <div class=\"col-md-3\">\r\n                        <div class=\"content \">\r\n                                                            <img loading=\"lazy\" decoding=\"async\" src=\"https:\/\/biohairclinic.com\/es\/wp-content\/uploads\/sites\/4\/2021\/06\/Icono-de-servicio-de-traslado-VIP.svg\" alt=\"Icono de servicio de traslado VIP\" width=\"92\" height=\"65\"\/>\r\n                                                        <h4>Traslado VIP<\/h4>\r\n                                                    <\/div>\r\n                    <\/div>\r\n                                <div class=\"col-md-3\">\r\n                        <div class=\"content \">\r\n                                                            <img loading=\"lazy\" decoding=\"async\" src=\"https:\/\/biohairclinic.com\/es\/wp-content\/uploads\/sites\/4\/2021\/06\/Icono-de-te\u0301cnica-biotina-y-Cura-Bio-Power-.svg\" alt=\"Icono de te\u0301cnica biotina y Cura Bio-Power\" width=\"98\" height=\"96\"\/>\r\n                                                        <h4>Bio Tecnolog\u00eda<\/h4>\r\n                                                    <\/div>\r\n                    <\/div>\r\n                                <div class=\"col-md-3\">\r\n                        <div class=\"content \">\r\n                                                            <img loading=\"lazy\" decoding=\"async\" src=\"https:\/\/biohairclinic.com\/es\/wp-content\/uploads\/sites\/4\/2021\/06\/Icono-tratamiento-PRP.svg\" alt=\"Icono tratamiento PRP\" width=\"115\" height=\"99\"\/>\r\n                                                        <h4>Tratamiento PRP<\/h4>\r\n                                                    <\/div>\r\n                    <\/div>\r\n                                <div class=\"col-md-3\">\r\n                        <div class=\"content \">\r\n                                                            <img loading=\"lazy\" decoding=\"async\" src=\"https:\/\/biohairclinic.com\/es\/wp-content\/uploads\/sites\/4\/2021\/06\/Icono-inte\u0301rpretes.svg\" alt=\"Icono inte\u0301rpretes\" width=\"102\" height=\"65\"\/>\r\n                                                        <h4>Int\u00e9rprete<\/h4>\r\n                                                    <\/div>\r\n                    <\/div>\r\n                                <div class=\"col-md-3\">\r\n                        <div class=\"content \">\r\n                                                            <img loading=\"lazy\" decoding=\"async\" src=\"https:\/\/biohairclinic.com\/es\/wp-content\/uploads\/sites\/4\/2021\/06\/icono-de-cuidados-posteriores.svg\" alt=\"icono de cuidados posteriores\" width=\"103\" height=\"88\"\/>\r\n                                                        <h4>Cuidados postoperatorios<\/h4>\r\n                                                    <\/div>\r\n                    <\/div>\r\n                                <div class=\"col-md-3\">\r\n                        <div class=\"content \">\r\n                                                            <img loading=\"lazy\" decoding=\"async\" src=\"https:\/\/biohairclinic.com\/es\/wp-content\/uploads\/sites\/4\/2021\/06\/Icono-atencio\u0301n.svg\" alt=\"Icono atencio\u0301n\" width=\"76\" height=\"93\"\/>\r\n                                                        <h4>Asistencia 24\/7<\/h4>\r\n                                                    <\/div>\r\n                    <\/div>\r\n                                <\/div>\r\n    <\/div>\r\n<\/section>\n\n<section class=\"text_image sec_bg\">\r\n    <div class=\"container\">\r\n                    <div class=\"row mobile_order\">\r\n                <div class=\"col-md-6\">\r\n                    <div class=\"content\">\r\n                        <h2>Coste del trasplante capilar en Turqu\u00eda: una gran ventaja m\u00e1s<\/h2>\n<p>Existen <b>dos grandes ventajas<\/b> cuando te realizas un implante de pelo en Turqu\u00eda: <b>precios bajos<\/b> y la m\u00e1s <b>alta calidad<\/b>. <\/p>\n<p>El equipo de expertos que trabaja con nuestro director m\u00e9dico, el Dr. Ibrahim, te explicar\u00e1n a detalle  todo sobre tu tratamiento y los precios.<\/p>\n \r\n                                                    <div class=\"btn\">\r\n                                <span class=\"angebot_btn bio_btn\" data-url=\"https:\/\/biohairclinic.com\/es\/calculadora-de-cabello\/\">Iniciar consulta gratuita<\/span>\r\n                            <\/div>\r\n                                              \r\n                    <\/div>\r\n                <\/div>\r\n                <div class=\"col-md-6\">\r\n                                                <img loading=\"lazy\" decoding=\"async\" class=\"top_left_bottom_right\" src=\"https:\/\/biohairclinic.com\/es\/wp-content\/uploads\/sites\/4\/2021\/06\/El-Dr.-Ibrahim-dibuja-la-li\u0301nea-del-cabello-en-un-paciente.jpeg\" alt=\"El Dr. Ibrahim dibuja la li\u0301nea del cabello en un paciente\" width=\"610\" height=\"406\"\/>\r\n                                    <\/div>\r\n            <\/div>\r\n            <\/div>\r\n<\/section>\n\n<section class=\"text_image sec_bg\">\r\n    <div class=\"container\">\r\n        <div class=\"row\">\r\n                            <div class=\"col-md-6\">\r\n                    <div class=\"col-dark-blue border-3-dark border-radius-1\">\r\n                        <h2>Alta calidad, precios bajos<\/h2>\n<p>Los precios de un implante capilar no solo var\u00edan de una cl\u00ednica capilar a otra, sino que tambi\u00e9n hay <b>grandes diferencias entre pa\u00edses<\/b>.<\/p>\n<p>En <b>las cl\u00ednicas espa\u00f1olas<\/b>, por ejemplo, el coste de un trasplante capilar se sit\u00faa r\u00e1pidamente en la franja de los <b>cinco d\u00edgitos<\/b>, y eso s\u00f3lo por el procedimiento.<\/p>\n<p>Los costes del injerto capilar en Turqu\u00eda son mucho m\u00e1s bajos. Las razones son el <b>menor coste de la vida<\/b> y las <b>subvenciones<\/b> del Estado.<\/p>\n<p>Nuestros expertos le garantizan un trasplante capilar de m\u00e1xima calidad en Turqu\u00eda a un coste justo.<\/p>\n                                            <\/div>\r\n                <\/div>\r\n                <div class=\"col-md-6\">\r\n                    <div class=\"col-dark-blue border-radius-3 dark-blue\">\r\n                        <h2>Un precio, muchas ventajas<\/h2>\n<p>Adem\u00e1s de los aspectos m\u00e9dicos de tu procedimiento, tambi\u00e9n <b>mantenemos los costes del trasplante transparentes<\/b>.<br \/>\n<br \/>Gracias a nuestros paquetes con todo incluido <b>podr\u00e1s planificar tu presupuesto sin preocupaciones<\/b>. Desde el hotel hasta el procedimiento y los cuidados posteriores, puedes relajarte.<\/p>\n                                                                                    <div class=\"btn\">\r\n                                    <span class=\"angebot_btn bio_btn\" data-url=\"https:\/\/biohairclinic.com\/es\/calculadora-de-cabello\/\">Consulta gratuita<\/span>\r\n                                <\/div>\r\n                                                                        <\/div>\r\n                <\/div>\r\n                    <\/div>\r\n    <\/div>\r\n<\/section>\n\n\r\n\r\n<section class=\"faq \">\r\n    <div class=\"container\">\r\n        <div class=\"row\">\r\n                            <div class=\"col-md-12\">\r\n                    <div class=\"title\">\r\n                        <h2>Preguntas frecuentes <\/h2>\r\n                    <\/div>\r\n                <\/div>\r\n                                        <div class=\"col-md-6\">\r\n                    <div class=\"content\">\r\n                        <h3>\u00bfPor qu\u00e9 son tan baratos los trasplantes capilares en Turqu\u00eda?<\/h3>\r\n                        <p>El coste de la vida en Turqu\u00eda es mucho m\u00e1s bajo que en Espa\u00f1a. De ah\u00ed los precios comparativamente bajos de los trasplantes capilares en Turqu\u00eda.<\/p>\r\n                    <\/div>\r\n                <\/div>\r\n                                <div class=\"col-md-6\">\r\n                    <div class=\"content\">\r\n                        <h3>\u00bfCu\u00e1ntos grafts o injertos necesito?<\/h3>\r\n                        <p>El n\u00famero de injertos depender\u00e1 de tu situaci\u00f3n capilar. Tras un an\u00e1lisis capilar profesional, nuestros expertos estar\u00e1n encantados de asesorarte y proporcionarte una evaluaci\u00f3n profesional del n\u00famero de unidades foliculares que necesitas.<\/p>\r\n                    <\/div>\r\n                <\/div>\r\n                                <div class=\"col-md-6\">\r\n                    <div class=\"content\">\r\n                        <h3>No tengo suficiente dinero. \u00bfQu\u00e9 puedo hacer?<\/h3>\r\n                        <p>Si tu sue\u00f1o siempre ha sido tener una cabeza llena de pelo, no te preocupes \u00a1Nosotros te ayudamos a cumplirlo! Ofrecemos opciones de financiaci\u00f3n al 0%.<\/p>\r\n                    <\/div>\r\n                <\/div>\r\n                                <div class=\"col-md-6\">\r\n                    <div class=\"content\">\r\n                        <h3>\u00bfEs seguro hacerse un trasplante capilar en Turqu\u00eda?<\/h3>\r\n                        <p>\u00a1Por supuesto! Turqu\u00eda es el lugar donde se encuentran los mejores m\u00e9dicos y  las mejores cl\u00ednicas especializadas del mundo en tratamientos capilares, atrayendo a pacientes de diferentes pa\u00edses.  \r\n<br><br>\r\nNuestros expertos altamente cualificados y especializados, han adquirido un amplio conocimiento y experiencia en estos tratamientos con el paso de los a\u00f1os.<\/p>\r\n                    <\/div>\r\n                <\/div>\r\n                                <div class=\"col-md-6\">\r\n                    <div class=\"content\">\r\n                        <h3>\u00bfQu\u00e9 recibo por mi dinero?<\/h3>\r\n                        <p>Todos los miembros del equipo m\u00e9dico est\u00e1n altamente capacitados en su campo. S\u00f3lo dejamos que trabajen en su cabeza expertos en injerto de pelo. La formaci\u00f3n y el perfeccionamiento de nuestro personal es primordial para nosotros.<\/p>\r\n                    <\/div>\r\n                <\/div>\r\n                                <div class=\"col-md-6\">\r\n                    <div class=\"content\">\r\n                        <h3>\u00bfEn qu\u00e9 moneda debo pagar?<\/h3>\r\n                        <p>Puedes pagar c\u00f3modamente en euros. Nosotros nos encargamos de todo lo dem\u00e1s.<\/p>\r\n                    <\/div>\r\n                <\/div>\r\n                        <\/div>\r\n    <\/div>\r\n<\/section>\r\n\r\n","protected":false},"excerpt":{"rendered":"","protected":false},"author":4,"featured_media":0,"parent":0,"menu_order":0,"comment_status":"closed","ping_status":"closed","template":"","meta":{"_acf_changed":false,"inline_featured_image":false,"footnotes":""},"class_list":["post-139","page","type-page","status-publish","hentry"],"acf":[],"yoast_head":"<!-- This site is optimized with the Yoast SEO Premium plugin v27.0 (Yoast SEO v27.2) - https:\/\/yoast.com\/product\/yoast-seo-premium-wordpress\/ -->\n<title>\u00bfCu\u00e1l es el precio de un injerto capilar de calidad en Turqu\u00eda?<\/title>\n<meta name=\"description\" content=\"Conozca nuestros paquetes todo incluido para su injerto capilar en Turqu\u00eda. Tratamientos de calidad y grandes resultados a precios asequibles.\" \/>\n<meta name=\"robots\" content=\"index, follow, max-snippet:-1, max-image-preview:large, max-video-preview:-1\" \/>\n<link rel=\"canonical\" href=\"https:\/\/biohairclinic.com\/es\/injerto-capilar-precio\/\" \/>\n<meta property=\"og:locale\" content=\"es_ES\" \/>\n<meta property=\"og:type\" content=\"article\" \/>\n<meta property=\"og:title\" content=\"Injerto Capilar Precio \/ Coste\" \/>\n<meta property=\"og:description\" content=\"Conozca nuestros paquetes todo incluido para su injerto capilar en Turqu\u00eda. Tratamientos de calidad y grandes resultados a precios asequibles.\" \/>\n<meta property=\"og:url\" content=\"https:\/\/biohairclinic.com\/es\/injerto-capilar-precio\/\" \/>\n<meta property=\"og:site_name\" content=\"Trasplante Capilar Turqu\u00eda\" \/>\n<meta property=\"article:modified_time\" content=\"2025-12-17T14:40:16+00:00\" \/>\n<meta name=\"twitter:card\" content=\"summary_large_image\" \/>\n<script type=\"application\/ld+json\" class=\"yoast-schema-graph\">{\"@context\":\"https:\/\/schema.org\",\"@graph\":[{\"@type\":\"WebPage\",\"@id\":\"https:\/\/biohairclinic.com\/es\/injerto-capilar-precio\/\",\"url\":\"https:\/\/biohairclinic.com\/es\/injerto-capilar-precio\/\",\"name\":\"\u00bfCu\u00e1l es el precio de un injerto capilar de calidad en Turqu\u00eda?\",\"isPartOf\":{\"@id\":\"https:\/\/biohairclinic.com\/es\/#website\"},\"datePublished\":\"2018-09-18T08:40:08+00:00\",\"dateModified\":\"2025-12-17T14:40:16+00:00\",\"description\":\"Conozca nuestros paquetes todo incluido para su injerto capilar en Turqu\u00eda. Tratamientos de calidad y grandes resultados a precios asequibles.\",\"breadcrumb\":{\"@id\":\"https:\/\/biohairclinic.com\/es\/injerto-capilar-precio\/#breadcrumb\"},\"inLanguage\":\"es-ES\",\"potentialAction\":[{\"@type\":\"ReadAction\",\"target\":[\"https:\/\/biohairclinic.com\/es\/injerto-capilar-precio\/\"]}]},{\"@type\":\"BreadcrumbList\",\"@id\":\"https:\/\/biohairclinic.com\/es\/injerto-capilar-precio\/#breadcrumb\",\"itemListElement\":[{\"@type\":\"ListItem\",\"position\":1,\"name\":\"Inicio\",\"item\":\"https:\/\/biohairclinic.com\/es\/\"},{\"@type\":\"ListItem\",\"position\":2,\"name\":\"Injerto Capilar Precio \/ Coste\"}]},{\"@type\":\"WebSite\",\"@id\":\"https:\/\/biohairclinic.com\/es\/#website\",\"url\":\"https:\/\/biohairclinic.com\/es\/\",\"name\":\"Trasplante Capilar Turqu\u00eda\",\"description\":\"BioHairClinic\u00a9\",\"publisher\":{\"@id\":\"https:\/\/biohairclinic.com\/es\/#organization\"},\"potentialAction\":[{\"@type\":\"SearchAction\",\"target\":{\"@type\":\"EntryPoint\",\"urlTemplate\":\"https:\/\/biohairclinic.com\/es\/?s={search_term_string}\"},\"query-input\":{\"@type\":\"PropertyValueSpecification\",\"valueRequired\":true,\"valueName\":\"search_term_string\"}}],\"inLanguage\":\"es-ES\"},{\"@type\":\"Organization\",\"@id\":\"https:\/\/biohairclinic.com\/es\/#organization\",\"name\":\"Biohair Clinic\",\"url\":\"https:\/\/biohairclinic.com\/es\/\",\"logo\":{\"@type\":\"ImageObject\",\"inLanguage\":\"es-ES\",\"@id\":\"https:\/\/biohairclinic.com\/es\/#\/schema\/logo\/image\/\",\"url\":\"https:\/\/biohairclinic.com\/es\/wp-content\/uploads\/sites\/4\/2021\/06\/biohair-logo.svg\",\"contentUrl\":\"https:\/\/biohairclinic.com\/es\/wp-content\/uploads\/sites\/4\/2021\/06\/biohair-logo.svg\",\"width\":\"1024\",\"height\":\"1024\",\"caption\":\"Biohair Clinic\"},\"image\":{\"@id\":\"https:\/\/biohairclinic.com\/es\/#\/schema\/logo\/image\/\"}}]}<\/script>\n<!-- \/ Yoast SEO Premium plugin. -->","yoast_head_json":{"title":"\u00bfCu\u00e1l es el precio de un injerto capilar de calidad en Turqu\u00eda?","description":"Conozca nuestros paquetes todo incluido para su injerto capilar en Turqu\u00eda. Tratamientos de calidad y grandes resultados a precios asequibles.","robots":{"index":"index","follow":"follow","max-snippet":"max-snippet:-1","max-image-preview":"max-image-preview:large","max-video-preview":"max-video-preview:-1"},"canonical":"https:\/\/biohairclinic.com\/es\/injerto-capilar-precio\/","og_locale":"es_ES","og_type":"article","og_title":"Injerto Capilar Precio \/ Coste","og_description":"Conozca nuestros paquetes todo incluido para su injerto capilar en Turqu\u00eda. Tratamientos de calidad y grandes resultados a precios asequibles.","og_url":"https:\/\/biohairclinic.com\/es\/injerto-capilar-precio\/","og_site_name":"Trasplante Capilar Turqu\u00eda","article_modified_time":"2025-12-17T14:40:16+00:00","twitter_card":"summary_large_image","schema":{"@context":"https:\/\/schema.org","@graph":[{"@type":"WebPage","@id":"https:\/\/biohairclinic.com\/es\/injerto-capilar-precio\/","url":"https:\/\/biohairclinic.com\/es\/injerto-capilar-precio\/","name":"\u00bfCu\u00e1l es el precio de un injerto capilar de calidad en Turqu\u00eda?","isPartOf":{"@id":"https:\/\/biohairclinic.com\/es\/#website"},"datePublished":"2018-09-18T08:40:08+00:00","dateModified":"2025-12-17T14:40:16+00:00","description":"Conozca nuestros paquetes todo incluido para su injerto capilar en Turqu\u00eda. Tratamientos de calidad y grandes resultados a precios asequibles.","breadcrumb":{"@id":"https:\/\/biohairclinic.com\/es\/injerto-capilar-precio\/#breadcrumb"},"inLanguage":"es-ES","potentialAction":[{"@type":"ReadAction","target":["https:\/\/biohairclinic.com\/es\/injerto-capilar-precio\/"]}]},{"@type":"BreadcrumbList","@id":"https:\/\/biohairclinic.com\/es\/injerto-capilar-precio\/#breadcrumb","itemListElement":[{"@type":"ListItem","position":1,"name":"Inicio","item":"https:\/\/biohairclinic.com\/es\/"},{"@type":"ListItem","position":2,"name":"Injerto Capilar Precio \/ Coste"}]},{"@type":"WebSite","@id":"https:\/\/biohairclinic.com\/es\/#website","url":"https:\/\/biohairclinic.com\/es\/","name":"Trasplante Capilar Turqu\u00eda","description":"BioHairClinic\u00a9","publisher":{"@id":"https:\/\/biohairclinic.com\/es\/#organization"},"potentialAction":[{"@type":"SearchAction","target":{"@type":"EntryPoint","urlTemplate":"https:\/\/biohairclinic.com\/es\/?s={search_term_string}"},"query-input":{"@type":"PropertyValueSpecification","valueRequired":true,"valueName":"search_term_string"}}],"inLanguage":"es-ES"},{"@type":"Organization","@id":"https:\/\/biohairclinic.com\/es\/#organization","name":"Biohair Clinic","url":"https:\/\/biohairclinic.com\/es\/","logo":{"@type":"ImageObject","inLanguage":"es-ES","@id":"https:\/\/biohairclinic.com\/es\/#\/schema\/logo\/image\/","url":"https:\/\/biohairclinic.com\/es\/wp-content\/uploads\/sites\/4\/2021\/06\/biohair-logo.svg","contentUrl":"https:\/\/biohairclinic.com\/es\/wp-content\/uploads\/sites\/4\/2021\/06\/biohair-logo.svg","width":"1024","height":"1024","caption":"Biohair Clinic"},"image":{"@id":"https:\/\/biohairclinic.com\/es\/#\/schema\/logo\/image\/"}}]}},"_links":{"self":[{"href":"https:\/\/biohairclinic.com\/es\/wp-json\/wp\/v2\/pages\/139","targetHints":{"allow":["GET"]}}],"collection":[{"href":"https:\/\/biohairclinic.com\/es\/wp-json\/wp\/v2\/pages"}],"about":[{"href":"https:\/\/biohairclinic.com\/es\/wp-json\/wp\/v2\/types\/page"}],"author":[{"embeddable":true,"href":"https:\/\/biohairclinic.com\/es\/wp-json\/wp\/v2\/users\/4"}],"replies":[{"embeddable":true,"href":"https:\/\/biohairclinic.com\/es\/wp-json\/wp\/v2\/comments?post=139"}],"version-history":[{"count":77,"href":"https:\/\/biohairclinic.com\/es\/wp-json\/wp\/v2\/pages\/139\/revisions"}],"predecessor-version":[{"id":59585,"href":"https:\/\/biohairclinic.com\/es\/wp-json\/wp\/v2\/pages\/139\/revisions\/59585"}],"wp:attachment":[{"href":"https:\/\/biohairclinic.com\/es\/wp-json\/wp\/v2\/media?parent=139"}],"curies":[{"name":"wp","href":"https:\/\/api.w.org\/{rel}","templated":true}]}}