{"id":169,"date":"2018-09-18T13:05:12","date_gmt":"2018-09-18T13:05:12","guid":{"rendered":"https:\/\/biohairclini.wpengine.com\/?page_id=169"},"modified":"2021-03-24T10:32:35","modified_gmt":"2021-03-24T10:32:35","slug":"presupuesto","status":"publish","type":"page","link":"https:\/\/biohairclinic.com\/es\/presupuesto\/","title":{"rendered":"Trasplante Capilar Presupuesto"},"content":{"rendered":"\n<h1>Presupuesto Injerto Capilar<\/h1><h2>Presupuesto Personalizado<\/h2><p>Estaremos encantados de ofrecerle un presupuesto detallado para que tenga una estimaci\u00f3n real de los costos de su injerto capilar. Para poder hacerlo, necesitamos que nos env\u00ede, a trav\u00e9s del formulario a continuaci\u00f3n, algunas fotos de las principales \u00e1reas de la cabeza.<\/p>\r\n<p>Obtendr\u00e1 su presupuesto personalizado en 24 horas. El mismo incluir\u00e1 un an\u00e1lisis detallado y contendr\u00e1 el n\u00famero de injertos que se consideran necesarios realizar.<\/p>\r\n","protected":false},"excerpt":{"rendered":"","protected":false},"author":4,"featured_media":0,"parent":0,"menu_order":0,"comment_status":"closed","ping_status":"closed","template":"","meta":{"_acf_changed":false,"inline_featured_image":false,"footnotes":""},"class_list":["post-169","page","type-page","status-publish","hentry"],"acf":[],"yoast_head":"<!-- This site is optimized with the Yoast SEO Premium plugin v27.0 (Yoast SEO v27.2) - https:\/\/yoast.com\/product\/yoast-seo-premium-wordpress\/ -->\n<title>Presupuesto para tu Injerto Capilar en Turqu\u00eda | Bio Hair Clinic<\/title>\n<meta name=\"description\" content=\"\u00a1Solicite un presupuesto personalizado para su injerto capilar! Con solo algunas fotos de su cabellera podremos armarle un presupuesto estimado.\" \/>\n<meta name=\"robots\" content=\"noindex, nofollow\" \/>\n<meta property=\"og:locale\" content=\"es_ES\" \/>\n<meta property=\"og:type\" content=\"article\" \/>\n<meta property=\"og:title\" content=\"Trasplante Capilar Presupuesto\" \/>\n<meta property=\"og:description\" content=\"\u00a1Solicite un presupuesto personalizado para su injerto capilar! Con solo algunas fotos de su cabellera podremos armarle un presupuesto estimado.\" \/>\n<meta property=\"og:url\" content=\"https:\/\/biohairclinic.com\/es\/presupuesto\/\" \/>\n<meta property=\"og:site_name\" content=\"Trasplante Capilar Turqu\u00eda\" \/>\n<meta property=\"article:modified_time\" content=\"2021-03-24T10:32:35+00:00\" \/>\n<meta name=\"twitter:card\" content=\"summary_large_image\" \/>\n<meta name=\"twitter:label1\" content=\"Est. reading time\" \/>\n\t<meta name=\"twitter:data1\" content=\"2 minutes\" \/>\n<script type=\"application\/ld+json\" class=\"yoast-schema-graph\">{\"@context\":\"https:\/\/schema.org\",\"@graph\":[{\"@type\":\"WebPage\",\"@id\":\"https:\/\/biohairclinic.com\/es\/presupuesto\/\",\"url\":\"https:\/\/biohairclinic.com\/es\/presupuesto\/\",\"name\":\"Presupuesto para tu Injerto Capilar en Turqu\u00eda | Bio Hair Clinic\",\"isPartOf\":{\"@id\":\"https:\/\/biohairclinic.com\/es\/#website\"},\"datePublished\":\"2018-09-18T13:05:12+00:00\",\"dateModified\":\"2021-03-24T10:32:35+00:00\",\"description\":\"\u00a1Solicite un presupuesto personalizado para su injerto capilar! Con solo algunas fotos de su cabellera podremos armarle un presupuesto estimado.\",\"breadcrumb\":{\"@id\":\"https:\/\/biohairclinic.com\/es\/presupuesto\/#breadcrumb\"},\"inLanguage\":\"es-ES\",\"potentialAction\":[{\"@type\":\"ReadAction\",\"target\":[\"https:\/\/biohairclinic.com\/es\/presupuesto\/\"]}]},{\"@type\":\"BreadcrumbList\",\"@id\":\"https:\/\/biohairclinic.com\/es\/presupuesto\/#breadcrumb\",\"itemListElement\":[{\"@type\":\"ListItem\",\"position\":1,\"name\":\"Inicio\",\"item\":\"https:\/\/biohairclinic.com\/es\/\"},{\"@type\":\"ListItem\",\"position\":2,\"name\":\"Trasplante Capilar Presupuesto\"}]},{\"@type\":\"WebSite\",\"@id\":\"https:\/\/biohairclinic.com\/es\/#website\",\"url\":\"https:\/\/biohairclinic.com\/es\/\",\"name\":\"Trasplante Capilar Turqu\u00eda\",\"description\":\"BioHairClinic\u00a9\",\"publisher\":{\"@id\":\"https:\/\/biohairclinic.com\/es\/#organization\"},\"potentialAction\":[{\"@type\":\"SearchAction\",\"target\":{\"@type\":\"EntryPoint\",\"urlTemplate\":\"https:\/\/biohairclinic.com\/es\/?s={search_term_string}\"},\"query-input\":{\"@type\":\"PropertyValueSpecification\",\"valueRequired\":true,\"valueName\":\"search_term_string\"}}],\"inLanguage\":\"es-ES\"},{\"@type\":\"Organization\",\"@id\":\"https:\/\/biohairclinic.com\/es\/#organization\",\"name\":\"Biohair Clinic\",\"url\":\"https:\/\/biohairclinic.com\/es\/\",\"logo\":{\"@type\":\"ImageObject\",\"inLanguage\":\"es-ES\",\"@id\":\"https:\/\/biohairclinic.com\/es\/#\/schema\/logo\/image\/\",\"url\":\"https:\/\/biohairclinic.com\/es\/wp-content\/uploads\/sites\/4\/2021\/06\/biohair-logo.svg\",\"contentUrl\":\"https:\/\/biohairclinic.com\/es\/wp-content\/uploads\/sites\/4\/2021\/06\/biohair-logo.svg\",\"width\":\"1024\",\"height\":\"1024\",\"caption\":\"Biohair Clinic\"},\"image\":{\"@id\":\"https:\/\/biohairclinic.com\/es\/#\/schema\/logo\/image\/\"}}]}<\/script>\n<!-- \/ Yoast SEO Premium plugin. -->","yoast_head_json":{"title":"Presupuesto para tu Injerto Capilar en Turqu\u00eda | Bio Hair Clinic","description":"\u00a1Solicite un presupuesto personalizado para su injerto capilar! Con solo algunas fotos de su cabellera podremos armarle un presupuesto estimado.","robots":{"index":"noindex","follow":"nofollow"},"og_locale":"es_ES","og_type":"article","og_title":"Trasplante Capilar Presupuesto","og_description":"\u00a1Solicite un presupuesto personalizado para su injerto capilar! Con solo algunas fotos de su cabellera podremos armarle un presupuesto estimado.","og_url":"https:\/\/biohairclinic.com\/es\/presupuesto\/","og_site_name":"Trasplante Capilar Turqu\u00eda","article_modified_time":"2021-03-24T10:32:35+00:00","twitter_card":"summary_large_image","twitter_misc":{"Est. reading time":"2 minutes"},"schema":{"@context":"https:\/\/schema.org","@graph":[{"@type":"WebPage","@id":"https:\/\/biohairclinic.com\/es\/presupuesto\/","url":"https:\/\/biohairclinic.com\/es\/presupuesto\/","name":"Presupuesto para tu Injerto Capilar en Turqu\u00eda | Bio Hair Clinic","isPartOf":{"@id":"https:\/\/biohairclinic.com\/es\/#website"},"datePublished":"2018-09-18T13:05:12+00:00","dateModified":"2021-03-24T10:32:35+00:00","description":"\u00a1Solicite un presupuesto personalizado para su injerto capilar! Con solo algunas fotos de su cabellera podremos armarle un presupuesto estimado.","breadcrumb":{"@id":"https:\/\/biohairclinic.com\/es\/presupuesto\/#breadcrumb"},"inLanguage":"es-ES","potentialAction":[{"@type":"ReadAction","target":["https:\/\/biohairclinic.com\/es\/presupuesto\/"]}]},{"@type":"BreadcrumbList","@id":"https:\/\/biohairclinic.com\/es\/presupuesto\/#breadcrumb","itemListElement":[{"@type":"ListItem","position":1,"name":"Inicio","item":"https:\/\/biohairclinic.com\/es\/"},{"@type":"ListItem","position":2,"name":"Trasplante Capilar Presupuesto"}]},{"@type":"WebSite","@id":"https:\/\/biohairclinic.com\/es\/#website","url":"https:\/\/biohairclinic.com\/es\/","name":"Trasplante Capilar Turqu\u00eda","description":"BioHairClinic\u00a9","publisher":{"@id":"https:\/\/biohairclinic.com\/es\/#organization"},"potentialAction":[{"@type":"SearchAction","target":{"@type":"EntryPoint","urlTemplate":"https:\/\/biohairclinic.com\/es\/?s={search_term_string}"},"query-input":{"@type":"PropertyValueSpecification","valueRequired":true,"valueName":"search_term_string"}}],"inLanguage":"es-ES"},{"@type":"Organization","@id":"https:\/\/biohairclinic.com\/es\/#organization","name":"Biohair Clinic","url":"https:\/\/biohairclinic.com\/es\/","logo":{"@type":"ImageObject","inLanguage":"es-ES","@id":"https:\/\/biohairclinic.com\/es\/#\/schema\/logo\/image\/","url":"https:\/\/biohairclinic.com\/es\/wp-content\/uploads\/sites\/4\/2021\/06\/biohair-logo.svg","contentUrl":"https:\/\/biohairclinic.com\/es\/wp-content\/uploads\/sites\/4\/2021\/06\/biohair-logo.svg","width":"1024","height":"1024","caption":"Biohair Clinic"},"image":{"@id":"https:\/\/biohairclinic.com\/es\/#\/schema\/logo\/image\/"}}]}},"_links":{"self":[{"href":"https:\/\/biohairclinic.com\/es\/wp-json\/wp\/v2\/pages\/169","targetHints":{"allow":["GET"]}}],"collection":[{"href":"https:\/\/biohairclinic.com\/es\/wp-json\/wp\/v2\/pages"}],"about":[{"href":"https:\/\/biohairclinic.com\/es\/wp-json\/wp\/v2\/types\/page"}],"author":[{"embeddable":true,"href":"https:\/\/biohairclinic.com\/es\/wp-json\/wp\/v2\/users\/4"}],"replies":[{"embeddable":true,"href":"https:\/\/biohairclinic.com\/es\/wp-json\/wp\/v2\/comments?post=169"}],"version-history":[{"count":11,"href":"https:\/\/biohairclinic.com\/es\/wp-json\/wp\/v2\/pages\/169\/revisions"}],"predecessor-version":[{"id":14781,"href":"https:\/\/biohairclinic.com\/es\/wp-json\/wp\/v2\/pages\/169\/revisions\/14781"}],"wp:attachment":[{"href":"https:\/\/biohairclinic.com\/es\/wp-json\/wp\/v2\/media?parent=169"}],"curies":[{"name":"wp","href":"https:\/\/api.w.org\/{rel}","templated":true}]}}