{"id":183,"date":"2018-09-18T14:14:25","date_gmt":"2018-09-18T14:14:25","guid":{"rendered":"https:\/\/biohairclini.wpengine.com\/?page_id=183"},"modified":"2023-03-10T10:42:40","modified_gmt":"2023-03-10T10:42:40","slug":"clinica-capilar","status":"publish","type":"page","link":"https:\/\/biohairclinic.com\/es\/clinica-capilar\/","title":{"rendered":"Trasplante Capilar Cl\u00ednica"},"content":{"rendered":"<section class=\"hero\">\r\n    <div class=\"container\">\r\n        <div class=\"row\">\r\n            <div class=\"col-md-6\">\r\n                <h1><span>Cl\u00ednica<\/span> Capilar en Turqu\u00eda<\/h1>\r\n                <div class=\"p-block\">\r\n                    <p>Nuestra cl\u00ednica de injerto capilar es una de las <b>mejores y m\u00e1s modernas cl\u00ednicas en Turqu\u00eda<\/b>. Tu trasplante de cabello se llevar\u00e1 a cabo en manos de expertos que han realizado m\u00e1s de <b>20.000 tratamientos<\/b> en el edificio inaugurado en 2022.\r\n<br>\r\n<br>\r\nNos centramos en tu comodidad durante todo el tratamiento. Por eso, Bio Hair Clinic te ofrece procedimientos sencillos con la m\u00e1xima calidad.<\/p>\r\n                                            <div class=\"btn\">\r\n                            <span class=\"button bio_btn\" data-url=\"https:\/\/biohairclinic.com\/es\/calculadora-de-cabello\/\">Consulta gratuita<\/span>\r\n                        <\/div>\r\n                       \r\n                <\/div>\r\n            <\/div>\r\n            <div class=\"col-md-6\">\r\n                                        <img loading=\"lazy\" decoding=\"async\" src=\"https:\/\/biohairclinic.com\/es\/wp-content\/uploads\/sites\/4\/2022\/12\/recepcion-clinica-capilar-bio-hair-turquia.jpg\" alt=\"Recepci\u00f3n de la Cl\u00ednica capilar Bio Hair en Turqu\u00eda\" width=\"610\" height=\"509\"\/>\r\n                            <\/div>\r\n        <\/div>\r\n    <\/div>\r\n<\/section>\n\n<section class=\"text_image sec_bg\">\r\n    <div class=\"container\">\r\n                    <div class=\"row\">\r\n                <div class=\"col-md-6\">\r\n                                                <img loading=\"lazy\" decoding=\"async\" class=\"top_right_bottom_left\" src=\"https:\/\/biohairclinic.com\/es\/wp-content\/uploads\/sites\/4\/2022\/12\/recepcion-clinica-capilar-bio-hair-estambul.jpg\" alt=\"Recepci\u00f3n de la cl\u00ednica capilar Bio Hair en Estambul, Turqu\u00eda.\" width=\"610\" height=\"509\"\/>\r\n                                    <\/div>\r\n                <div class=\"col-md-6\">\r\n                    <div class=\"content\">\r\n                        <h2><span>Cl\u00ednica de injerto capilar<\/span>: moderna y sofisticada<\/h2>\n<p>Si quieres hacerte un injerto capilar en Estambul. Sabemos cu\u00e1l es la mejor cl\u00ednica para ti. En Bio Hair Clinic, trabajamos con equipos de \u00faltima generaci\u00f3n y cumplimos con los m\u00e1s altos est\u00e1ndares de calidad.<\/p>\n<p>Nuestra moderna cl\u00ednica <b>ha sido inaugurada en 2022<\/b> y alberga los equipos e instalaciones m\u00e1s modernas del sector en <b>13 pisos<\/b>.<\/p>\n<p>Nuestro equipo m\u00e9dico te tratar\u00e1n exclusivamente con t\u00e9cnicas vanguardistas, ya sea con la <a href=\"https:\/\/biohairclinic.com\/es\/trasplante-capilar-dhi\/\">t\u00e9cnica DHI<\/a> <span style=\"font-weight: 400\">o la <\/span><b>t\u00e9cnica FUE Zafiro<\/b> de injerto capilar. Nuestro objetivo es cumplir siempre con los m\u00e1s altos est\u00e1ndares de calidad para ti.<\/p>\n                                                    <div class=\"btn\">\r\n                                <span class=\"angebot_btn bio_btn\" data-url=\"https:\/\/biohairclinic.com\/es\/calculadora-de-cabello\/\">Consulta gratuita<\/span>\r\n                            <\/div>\r\n                                            <\/div>\r\n                <\/div>\r\n            <\/div>\r\n            <\/div>\r\n<\/section>\n\n<section class=\"text_image sec_bg\">\r\n    <div class=\"container\">\r\n        <div class=\"row\">\r\n                            <div class=\"col-md-6\">\r\n                    <div class=\"col-dark-blue border-3-dark border-radius-1\">\r\n                        <h2>Sentirse bien en todo momento<\/h2>\n<p>Para tu cirug\u00eda capilar recibir\u00e1 la\u00a0<strong>mejor atenci\u00f3n<\/strong>, desde el examen preliminar hasta el trasplante capilar y los cuidados posteriores.<\/p>\n<p>Disfruta de las c\u00f3modas y modernas instalaciones de la cl\u00ednica y disfruta del\u00a0<strong>centro comercial<\/strong>, la\u00a0<strong>terraza de 1000m\u00b2<\/strong>\u00a0con vista panor\u00e1mica y muchas otras comodidades para que puedas relajarte.<\/p>\n<p>En Bio Hair Clinic contamos con\u00a0<strong>int\u00e9rpretes de espa\u00f1ol<\/strong>\u00a0para que todos nuestros pacientes se sientan seguros en cualquier momento y puedan tener la\u00a0<strong>mejor comunicaci\u00f3n<\/strong>\u00a0con los m\u00e9dicos.<\/p>\n                                                                                                <\/div>\r\n                <\/div>\r\n                <div class=\"col-md-6\">\r\n                    <div class=\"col-dark-blue border-radius-3 dark-blue\">\r\n                        <h2>Cl\u00ednica de injerto capilar: sus ventajas<\/h2>\n<ul>\n<li>Especialistas con experiencia<\/li>\n<li>Cl\u00ednica y equipamiento de \u00faltima generaci\u00f3n<\/li>\n<li>Paquete todo incluido<\/li>\n<li>Int\u00e9rpretes de espa\u00f1ol<\/li>\n<li>Atenci\u00f3n al paciente 24\/7<\/li>\n<li>Biotecnolog\u00eda<\/li>\n<li>Hotel de lujo incluido<\/li>\n<li>Traslados incluidos<\/li>\n<li>Perfecto resultado final<\/li>\n<\/ul>\n                                            <\/div>\r\n                <\/div>\r\n                    <\/div>\r\n    <\/div>\r\n<\/section>\n\n<section class=\"video_text\" style=\"background: #fafafa\">\n    <div class=\"container\">\n                    <div class=\"row mobile_order\">\n                <div class=\"col-md-6\">\n                    <div class=\"content\">\n                        <h2>La mejor calidad para tu tratamiento<\/h2>\n                        <p>Te mereces la mejor cl\u00ednica para tu injerto capilar en Estambul. Por eso, Bio Hair Clinic es la elecci\u00f3n correcta.<\/p>\n<p>En nuestra cl\u00ednica adaptamos los<strong> m\u00e9todos de tratamiento<\/strong> perfectamente <strong>a cada situaci\u00f3n capilar<\/strong>. Es por eso que nos esforzamos por contar con la <strong>m\u00e1s alta calidad<\/strong>, cuidando hasta en el m\u00e1s m\u00ednimo de los aspectos.<\/p>\n                                              \n                    <\/div>\n                <\/div>\n                <div class=\"col-md-6\">\n                     <div class=\"bio-video\">\n                        <div class=\"video-thumbnail\">\n                            <img loading=\"lazy\" decoding=\"async\" width=\"610\" height=\"340\" src=\"https:\/\/biohairclinic.com\/es\/wp-content\/uploads\/sites\/4\/2022\/09\/Thumbnail-bio-hair-clnic-video.jpg\" class=\"thumbnail\" alt=\"\" srcset=\"https:\/\/biohairclinic.com\/es\/wp-content\/uploads\/sites\/4\/2022\/09\/Thumbnail-bio-hair-clnic-video.jpg 610w, https:\/\/biohairclinic.com\/es\/wp-content\/uploads\/sites\/4\/2022\/09\/Thumbnail-bio-hair-clnic-video-300x167.jpg 300w\" sizes=\"auto, (max-width: 610px) 100vw, 610px\" \/><img loading=\"lazy\" decoding=\"async\" width=\"700\" height=\"700\" src=\"https:\/\/biohairclinic.com\/es\/wp-content\/uploads\/sites\/4\/2022\/12\/play-pause-icon.gif\" class=\"play-icon\" alt=\"\" \/>                        <\/div>\n                        <video  preload=\"none\" playsinline width=\"100%\" height=\"100%\" controls=\"\" class=\"globalVideo\"  preload=\"none\" width=\"550\" height=\"350\" controls><source src=\"https:\/\/biohairclinic.s3.amazonaws.com\/video\/biohairclinic.mp4\" type=\"video\/mp4\"><\/video>                     <\/div>\n                <\/div>\n            <\/div>\n            <\/div>\n<\/section>\n\n<section class=\"text_image\">\r\n    <div class=\"container\">\r\n                    <div class=\"row\">\r\n                <div class=\"col-md-6\">\r\n                                                <img loading=\"lazy\" decoding=\"async\" class=\"top_right_bottom_left\" src=\"https:\/\/biohairclinic.com\/es\/wp-content\/uploads\/sites\/4\/2022\/04\/Tratamiento-a-paciente-en-la-clinica-de-injerto-capilar-Bio-hair-Clinic.jpeg\" alt=\"M\u00e9dico y su equipo durante tratamiento con un paciente en la cl\u00ednica de injerto capilar\" width=\"610\" height=\"420\"\/>\r\n                                    <\/div>\r\n                <div class=\"col-md-6\">\r\n                    <div class=\"content\">\r\n                        <h2>M\u00e1s de 20.000 tratamientos con \u00e9xito hablan por s\u00ed mismos<\/h2>\n<p>A la hora de decidirte por nuestra cl\u00ednica, las recomendaciones de nuestros pacientes tienen suma importancia. Es por eso que m\u00e1s de 20.000 tratamientos con \u00e9xito de nuestro equipo de expertos refleja nuestro arduo trabajo.<\/p>\n<p>Las numerosas <a href=\"https:\/\/biohairclinic.com\/es\/opiniones-trasplante-capilar\/\">opiniones positivas de nuestros pacientes<\/a> son prueba del servicio de primer nivel que ofrecemos y que nos respaldan d\u00eda a d\u00eda para cumplir con nuestra misi\u00f3n: brindar a las personas afectadas por la ca\u00edda del cabello la posibilidad de tener una melena abundante, que los haga sentirse felices y les devuelva la confianza en s\u00ed mismos.<\/p>\n                                                    <div class=\"btn\">\r\n                                <span class=\"angebot_btn bio_btn\" data-url=\"https:\/\/biohairclinic.com\/es\/calculadora-de-cabello\/\">Calcular oferta<\/span>\r\n                            <\/div>\r\n                                            <\/div>\r\n                <\/div>\r\n            <\/div>\r\n            <\/div>\r\n<\/section>\n\n\r\n\r\n<section class=\"faq sec_bg\">\r\n    <div class=\"container\">\r\n        <div class=\"row\">\r\n                            <div class=\"col-md-12\">\r\n                    <div class=\"title\">\r\n                        <h2>PREGUNTAS FRECUENTES <\/h2>\r\n                    <\/div>\r\n                <\/div>\r\n                                        <div class=\"col-md-6\">\r\n                    <div class=\"content\">\r\n                        <h3>\u00bfDesde cu\u00e1ndo existe la cl\u00ednica?<\/h3>\r\n                        <p>La moderna cl\u00ednica ha sido construida en 2022 y cuenta con diferentes comodidades, como un peque\u00f1o centro comercial. Esto significa que el hospital cumple con todas las normas necesarias, convirti\u00e9ndose en una de las mejores cl\u00ednicas en Estambul.\r\n<\/p>\r\n                    <\/div>\r\n                <\/div>\r\n                                <div class=\"col-md-6\">\r\n                    <div class=\"content\">\r\n                        <h3>\u00bfEstar\u00e9 seguro durante mi injerto capilar?<\/h3>\r\n                        <p>Durante tu injerto capilar en Bio Hair Clinic, estar\u00e1s absolutamente seguro. Puedes confiar al 100% en nuestro equipo, que tiene a\u00f1os de experiencia en el sector. Estamos a tu disposici\u00f3n para cualquier duda que puedas tener.<\/p>\r\n                    <\/div>\r\n                <\/div>\r\n                                <div class=\"col-md-6\">\r\n                    <div class=\"content\">\r\n                        <h3>\u00bfCu\u00e1ntos pacientes han sido tratados ya en la cl\u00ednica?<\/h3>\r\n                        <p>Bio Hair Clinic ha realizado m\u00e1s de 20.000 trasplantes capilares con \u00e9xito. Nuestra experiencia nos ha permitido inspirar a un gran n\u00famero de pacientes que ahora se han embarcado en una nueva faceta en sus vidas.\r\n<br>\r\n<br>\r\nEstamos orgullosos de nuestro trabajo y disfrutamos de los comentarios positivos que recibimos regularmente.\r\n<\/p>\r\n                    <\/div>\r\n                <\/div>\r\n                                <div class=\"col-md-6\">\r\n                    <div class=\"content\">\r\n                        <h3>\u00bfExisten medidas especiales para el COVID19?<\/h3>\r\n                        <p>S\u00ed, contamos con un r\u00e9gimen de higiene muy estricto. Los empleados dan un buen ejemplo y cumplen con todas las directrices para brindarle seguridad y por consiguiente un \u00f3ptimo trasplante de pelo en Turqu\u00eda.\r\n<\/p>\r\n                    <\/div>\r\n                <\/div>\r\n                        <\/div>\r\n    <\/div>\r\n<\/section>\r\n\r\n","protected":false},"excerpt":{"rendered":"","protected":false},"author":4,"featured_media":0,"parent":0,"menu_order":0,"comment_status":"closed","ping_status":"closed","template":"","meta":{"_acf_changed":false,"inline_featured_image":false,"footnotes":""},"class_list":["post-183","page","type-page","status-publish","hentry"],"acf":[],"yoast_head":"<!-- This site is optimized with the Yoast SEO Premium plugin v27.0 (Yoast SEO v27.2) - https:\/\/yoast.com\/product\/yoast-seo-premium-wordpress\/ -->\n<title>Mejor cl\u00ednica de injerto capilar en Turqu\u00eda | Bio Hair Clinic<\/title>\n<meta name=\"description\" content=\"\u2713+15.000 Pacientes \u2713 Moderna cl\u00ednica inaugurada en 2022 Estambul | \u00a1Desc\u00fabrela ahora!\" \/>\n<meta name=\"robots\" content=\"index, follow, max-snippet:-1, max-image-preview:large, max-video-preview:-1\" \/>\n<link rel=\"canonical\" href=\"https:\/\/biohairclinic.com\/es\/clinica-capilar\/\" \/>\n<meta property=\"og:locale\" content=\"es_ES\" \/>\n<meta property=\"og:type\" content=\"article\" \/>\n<meta property=\"og:title\" content=\"Trasplante Capilar Cl\u00ednica\" \/>\n<meta property=\"og:description\" content=\"\u2713+15.000 Pacientes \u2713 Moderna cl\u00ednica inaugurada en 2022 Estambul | \u00a1Desc\u00fabrela ahora!\" \/>\n<meta property=\"og:url\" content=\"https:\/\/biohairclinic.com\/es\/clinica-capilar\/\" \/>\n<meta property=\"og:site_name\" content=\"Trasplante Capilar Turqu\u00eda\" \/>\n<meta property=\"article:modified_time\" content=\"2023-03-10T10:42:40+00:00\" \/>\n<meta name=\"twitter:card\" content=\"summary_large_image\" \/>\n<script type=\"application\/ld+json\" class=\"yoast-schema-graph\">{\"@context\":\"https:\/\/schema.org\",\"@graph\":[{\"@type\":\"WebPage\",\"@id\":\"https:\/\/biohairclinic.com\/es\/clinica-capilar\/\",\"url\":\"https:\/\/biohairclinic.com\/es\/clinica-capilar\/\",\"name\":\"Mejor cl\u00ednica de injerto capilar en Turqu\u00eda | Bio Hair Clinic\",\"isPartOf\":{\"@id\":\"https:\/\/biohairclinic.com\/es\/#website\"},\"datePublished\":\"2018-09-18T14:14:25+00:00\",\"dateModified\":\"2023-03-10T10:42:40+00:00\",\"description\":\"\u2713+15.000 Pacientes \u2713 Moderna cl\u00ednica inaugurada en 2022 Estambul | \u00a1Desc\u00fabrela ahora!\",\"breadcrumb\":{\"@id\":\"https:\/\/biohairclinic.com\/es\/clinica-capilar\/#breadcrumb\"},\"inLanguage\":\"es-ES\",\"potentialAction\":[{\"@type\":\"ReadAction\",\"target\":[\"https:\/\/biohairclinic.com\/es\/clinica-capilar\/\"]}]},{\"@type\":\"BreadcrumbList\",\"@id\":\"https:\/\/biohairclinic.com\/es\/clinica-capilar\/#breadcrumb\",\"itemListElement\":[{\"@type\":\"ListItem\",\"position\":1,\"name\":\"Inicio\",\"item\":\"https:\/\/biohairclinic.com\/es\/\"},{\"@type\":\"ListItem\",\"position\":2,\"name\":\"Trasplante Capilar Cl\u00ednica\"}]},{\"@type\":\"WebSite\",\"@id\":\"https:\/\/biohairclinic.com\/es\/#website\",\"url\":\"https:\/\/biohairclinic.com\/es\/\",\"name\":\"Trasplante Capilar Turqu\u00eda\",\"description\":\"BioHairClinic\u00a9\",\"publisher\":{\"@id\":\"https:\/\/biohairclinic.com\/es\/#organization\"},\"potentialAction\":[{\"@type\":\"SearchAction\",\"target\":{\"@type\":\"EntryPoint\",\"urlTemplate\":\"https:\/\/biohairclinic.com\/es\/?s={search_term_string}\"},\"query-input\":{\"@type\":\"PropertyValueSpecification\",\"valueRequired\":true,\"valueName\":\"search_term_string\"}}],\"inLanguage\":\"es-ES\"},{\"@type\":\"Organization\",\"@id\":\"https:\/\/biohairclinic.com\/es\/#organization\",\"name\":\"Biohair Clinic\",\"url\":\"https:\/\/biohairclinic.com\/es\/\",\"logo\":{\"@type\":\"ImageObject\",\"inLanguage\":\"es-ES\",\"@id\":\"https:\/\/biohairclinic.com\/es\/#\/schema\/logo\/image\/\",\"url\":\"https:\/\/biohairclinic.com\/es\/wp-content\/uploads\/sites\/4\/2021\/06\/biohair-logo.svg\",\"contentUrl\":\"https:\/\/biohairclinic.com\/es\/wp-content\/uploads\/sites\/4\/2021\/06\/biohair-logo.svg\",\"width\":\"1024\",\"height\":\"1024\",\"caption\":\"Biohair Clinic\"},\"image\":{\"@id\":\"https:\/\/biohairclinic.com\/es\/#\/schema\/logo\/image\/\"}}]}<\/script>\n<!-- \/ Yoast SEO Premium plugin. -->","yoast_head_json":{"title":"Mejor cl\u00ednica de injerto capilar en Turqu\u00eda | Bio Hair Clinic","description":"\u2713+15.000 Pacientes \u2713 Moderna cl\u00ednica inaugurada en 2022 Estambul | \u00a1Desc\u00fabrela ahora!","robots":{"index":"index","follow":"follow","max-snippet":"max-snippet:-1","max-image-preview":"max-image-preview:large","max-video-preview":"max-video-preview:-1"},"canonical":"https:\/\/biohairclinic.com\/es\/clinica-capilar\/","og_locale":"es_ES","og_type":"article","og_title":"Trasplante Capilar Cl\u00ednica","og_description":"\u2713+15.000 Pacientes \u2713 Moderna cl\u00ednica inaugurada en 2022 Estambul | \u00a1Desc\u00fabrela ahora!","og_url":"https:\/\/biohairclinic.com\/es\/clinica-capilar\/","og_site_name":"Trasplante Capilar Turqu\u00eda","article_modified_time":"2023-03-10T10:42:40+00:00","twitter_card":"summary_large_image","schema":{"@context":"https:\/\/schema.org","@graph":[{"@type":"WebPage","@id":"https:\/\/biohairclinic.com\/es\/clinica-capilar\/","url":"https:\/\/biohairclinic.com\/es\/clinica-capilar\/","name":"Mejor cl\u00ednica de injerto capilar en Turqu\u00eda | Bio Hair Clinic","isPartOf":{"@id":"https:\/\/biohairclinic.com\/es\/#website"},"datePublished":"2018-09-18T14:14:25+00:00","dateModified":"2023-03-10T10:42:40+00:00","description":"\u2713+15.000 Pacientes \u2713 Moderna cl\u00ednica inaugurada en 2022 Estambul | \u00a1Desc\u00fabrela ahora!","breadcrumb":{"@id":"https:\/\/biohairclinic.com\/es\/clinica-capilar\/#breadcrumb"},"inLanguage":"es-ES","potentialAction":[{"@type":"ReadAction","target":["https:\/\/biohairclinic.com\/es\/clinica-capilar\/"]}]},{"@type":"BreadcrumbList","@id":"https:\/\/biohairclinic.com\/es\/clinica-capilar\/#breadcrumb","itemListElement":[{"@type":"ListItem","position":1,"name":"Inicio","item":"https:\/\/biohairclinic.com\/es\/"},{"@type":"ListItem","position":2,"name":"Trasplante Capilar Cl\u00ednica"}]},{"@type":"WebSite","@id":"https:\/\/biohairclinic.com\/es\/#website","url":"https:\/\/biohairclinic.com\/es\/","name":"Trasplante Capilar Turqu\u00eda","description":"BioHairClinic\u00a9","publisher":{"@id":"https:\/\/biohairclinic.com\/es\/#organization"},"potentialAction":[{"@type":"SearchAction","target":{"@type":"EntryPoint","urlTemplate":"https:\/\/biohairclinic.com\/es\/?s={search_term_string}"},"query-input":{"@type":"PropertyValueSpecification","valueRequired":true,"valueName":"search_term_string"}}],"inLanguage":"es-ES"},{"@type":"Organization","@id":"https:\/\/biohairclinic.com\/es\/#organization","name":"Biohair Clinic","url":"https:\/\/biohairclinic.com\/es\/","logo":{"@type":"ImageObject","inLanguage":"es-ES","@id":"https:\/\/biohairclinic.com\/es\/#\/schema\/logo\/image\/","url":"https:\/\/biohairclinic.com\/es\/wp-content\/uploads\/sites\/4\/2021\/06\/biohair-logo.svg","contentUrl":"https:\/\/biohairclinic.com\/es\/wp-content\/uploads\/sites\/4\/2021\/06\/biohair-logo.svg","width":"1024","height":"1024","caption":"Biohair Clinic"},"image":{"@id":"https:\/\/biohairclinic.com\/es\/#\/schema\/logo\/image\/"}}]}},"_links":{"self":[{"href":"https:\/\/biohairclinic.com\/es\/wp-json\/wp\/v2\/pages\/183","targetHints":{"allow":["GET"]}}],"collection":[{"href":"https:\/\/biohairclinic.com\/es\/wp-json\/wp\/v2\/pages"}],"about":[{"href":"https:\/\/biohairclinic.com\/es\/wp-json\/wp\/v2\/types\/page"}],"author":[{"embeddable":true,"href":"https:\/\/biohairclinic.com\/es\/wp-json\/wp\/v2\/users\/4"}],"replies":[{"embeddable":true,"href":"https:\/\/biohairclinic.com\/es\/wp-json\/wp\/v2\/comments?post=183"}],"version-history":[{"count":49,"href":"https:\/\/biohairclinic.com\/es\/wp-json\/wp\/v2\/pages\/183\/revisions"}],"predecessor-version":[{"id":59339,"href":"https:\/\/biohairclinic.com\/es\/wp-json\/wp\/v2\/pages\/183\/revisions\/59339"}],"wp:attachment":[{"href":"https:\/\/biohairclinic.com\/es\/wp-json\/wp\/v2\/media?parent=183"}],"curies":[{"name":"wp","href":"https:\/\/api.w.org\/{rel}","templated":true}]}}