{"id":188,"date":"2018-09-18T14:39:33","date_gmt":"2018-09-18T14:39:33","guid":{"rendered":"https:\/\/biohairclini.wpengine.com\/?page_id=188"},"modified":"2025-06-26T20:32:47","modified_gmt":"2025-06-26T20:32:47","slug":"hotel","status":"publish","type":"page","link":"https:\/\/biohairclinic.com\/es\/hotel\/","title":{"rendered":"Hotel"},"content":{"rendered":"<section class=\"hero\">\r\n    <div class=\"container\">\r\n        <div class=\"row\">\r\n            <div class=\"col-md-6\">\r\n                <h1><span>Hotel para trasplantes capilares<\/span> Ramada Istanbul Golden Horn<\/h1>\r\n                <div class=\"p-block\">\r\n                    <p>El descanso y la relajaci\u00f3n son cruciales para una recuperaci\u00f3n sin contratiempos, y queremos brindar a nuestros pacientes la m\u00e1xima comodidad. Por eso, su tratamiento incluye una estancia en nuestro hotel asociado, el Ramada Istanbul Golden Horn.\r\n<br><br>\r\nEste moderno alojamiento se encuentra directamente en el Cuerno de Oro, uno de los estuarios m\u00e1s famosos de Estambul. En las inmediaciones, encontrar\u00e1 cafeter\u00edas, restaurantes y la oportunidad perfecta para un relajante paseo por el B\u00f3sforo.\r\n<br><br>\r\nNuestros paquetes con todo incluido incluyen una noche en el hotel de lujo, para que pueda concentrarse plenamente en lo que importa: su nuevo cabello.<\/p>\r\n                                            <div class=\"btn\">\r\n                            <span class=\"button bio_btn\" data-url=\"https:\/\/biohairclinic.com\/es\/calculadora-capilar\/\">Calcular Oferta<\/span>\r\n                        <\/div>\r\n                       \r\n                <\/div>\r\n            <\/div>\r\n            <div class=\"col-md-6\">\r\n                                        <img loading=\"lazy\" decoding=\"async\" src=\"https:\/\/biohairclinic.com\/es\/wp-content\/uploads\/sites\/4\/2025\/06\/hotel-para-trasplantes-capilares-istanbul-ramada.jpg\" alt=\"El exterior blanco del hotel con letras rojas que dicen Ramada.\" width=\"780\" height=\"585\"\/>\r\n                            <\/div>\r\n        <\/div>\r\n    <\/div>\r\n<\/section>\n\n<section class=\"text_image sec_bg\">\r\n    <div class=\"container\">\r\n                    <div class=\"row\">\r\n                <div class=\"col-md-6\">\r\n                                                <img loading=\"lazy\" decoding=\"async\" class=\"top_right_bottom_left\" src=\"https:\/\/biohairclinic.com\/es\/wp-content\/uploads\/sites\/4\/2025\/06\/hotel-restaurante-para-trasplante-capilar.jpg\" alt=\"Lujoso y espacioso mobiliario en el restaurante del hotel, con abundantes detalles en las mesas.\" width=\"780\" height=\"585\"\/>\r\n                                    <\/div>\r\n                <div class=\"col-md-6\">\r\n                    <div class=\"content\">\r\n                        <h2>\u00bfPor qu\u00e9 el Ramada Istanbul Golden Horn es nuestro hotel asociado?<\/h2>\n<p>La excelente ubicaci\u00f3n del hotel y su alto nivel de confort le permiten prepararse de forma \u00f3ptima para su tratamiento capilar y relajarse despu\u00e9s.<\/p>\n<p>Adem\u00e1s del lujoso mobiliario del hotel, nos importa que pueda concentrarse plenamente en su tratamiento.<\/p>\n<p>El Ramada Istanbul Golden Horn es el alojamiento ideal para su trasplante capilar. Disfrute de instalaciones modernas, la cercan\u00eda a la cl\u00ednica y el ambiente especial de una de las ciudades m\u00e1s bellas del mundo.<\/p>\n                                            <\/div>\r\n                <\/div>\r\n            <\/div>\r\n            <\/div>\r\n<\/section>\n\n<section class=\"text_image\">\r\n    <div class=\"container\">\r\n                    <div class=\"row mobile_order\">\r\n                <div class=\"col-md-6\">\r\n                    <div class=\"content\">\r\n                        <h2>Lujo y confort para su bienestar<\/h2>\n<p>El Ramada Istanbul Golden Hour impresiona por su elegante mobiliario, sus modernas habitaciones y su ambiente tranquilo.<\/p>\n<p>Servicios incluidos:<\/p>\n<ul>\n<li>Wi-Fi gratis<\/li>\n<li>Minibar<\/li>\n<li>Caja fuerte<\/li>\n<li>Cafetera y tetera<\/li>\n<li>TV de pantalla plana<\/li>\n<li>Aire acondicionado<\/li>\n<\/ul>\n<p>Antes de su trasplante capilar, tambi\u00e9n puede utilizar la zona de bienestar del hotel, con spa, sauna y servicio de masajes. Muchas habitaciones ofrecen vistas directas al mar, lo que har\u00e1 su estancia a\u00fan m\u00e1s placentera y relajante.<\/p>\n \r\n                                              \r\n                    <\/div>\r\n                <\/div>\r\n                <div class=\"col-md-6\">\r\n                                                <img loading=\"lazy\" decoding=\"async\" class=\"top_left_bottom_right\" src=\"https:\/\/biohairclinic.com\/es\/wp-content\/uploads\/sites\/4\/2025\/06\/ramada-hotel-lobby.jpg\" alt=\"Vest\u00edbulo en el hotel de trasplante capilar con un ambiente lujoso\" width=\"780\" height=\"585\"\/>\r\n                                    <\/div>\r\n            <\/div>\r\n            <\/div>\r\n<\/section>\n\n<section class=\"text_image sec_bg\">\r\n    <div class=\"container\">\r\n                    <div class=\"row\">\r\n                <div class=\"col-md-6\">\r\n                                                <img loading=\"lazy\" decoding=\"async\" class=\"top_right_bottom_left\" src=\"https:\/\/biohairclinic.com\/es\/wp-content\/uploads\/sites\/4\/2025\/06\/ramada-hotel-istanbul-esta-incluida.jpg\" alt=\"Habitaci\u00f3n de hotel lujosamente amueblada con detalles en blanco y dorado. Una cama grande se encuentra en el centro.\" width=\"780\" height=\"585\"\/>\r\n                                    <\/div>\r\n                <div class=\"col-md-6\">\r\n                    <div class=\"content\">\r\n                        <h2>Su estancia en el hotel est\u00e1 incluida<\/h2>\n<p>Nuestro objetivo es que su estancia en Estambul sea lo m\u00e1s c\u00f3moda posible. Por eso, nuestros paquetes todo incluido incluyen no solo su trasplante capilar, sino tambi\u00e9n su estancia en el Ramada Istanbul Golden Horn.<\/p>\n<p>Con nuestro paquete de precio fijo, no solo recibir\u00e1 un tratamiento de alta calidad en la Cl\u00ednica Bio Hair. Sin cargos ocultos ni sorpresas.<\/p>\n<p>Trabajamos exclusivamente con hoteles selectos que le ofrecen la mayor comodidad posible, \u00a1as\u00ed que no tendr\u00e1 que preocuparse por nada m\u00e1s que por su vuelo! Desde los traslados hasta el alojamiento, todo est\u00e1 ya organizado.<\/p>\n<p>Su trasplante capilar se realizar\u00e1 como de costumbre por nuestro equipo de expertos bajo la direcci\u00f3n del Dr. Ibrahim.<\/p>\n                                            <\/div>\r\n                <\/div>\r\n            <\/div>\r\n            <\/div>\r\n<\/section>\n\n<section class=\"text_image\">\r\n    <div class=\"container\">\r\n                    <div class=\"row mobile_order\">\r\n                <div class=\"col-md-6\">\r\n                    <div class=\"content\">\r\n                        <h2>Descubra Estambul<\/h2>\n<p>Desde su llegada hasta su regreso, se sentir\u00e1 bien atendido en Estambul. Aunque su trasplante capilar sea lo m\u00e1s importante, tendr\u00e1 tiempo para explorar durante su estancia.<\/p>\n<p>Estambul es una metr\u00f3polis fascinante que cautiva a millones de personas cada a\u00f1o. \u00bfLe apetece un paseo por el Cuerno de Oro? El paseo mar\u00edtimo est\u00e1 justo al salir. Nuestro hotel asociado es el punto de partida perfecto para descubrir cafeter\u00edas y restaurantes.<\/p>\n<p>Tambi\u00e9n puede llegar a muchos lugares de inter\u00e9s en tren en solo unos minutos. Tanto si busca paz y tranquilidad como si desea experimentar un poco de cultura, ambas opciones son posibles en Estambul.<\/p>\n<p>\u00bfListo para dar el siguiente paso hacia una cabellera m\u00e1s abundante? Solicite su presupuesto personalizado ahora.<\/p>\n \r\n                                                    <div class=\"btn\">\r\n                                <span class=\"angebot_btn bio_btn\" data-url=\"https:\/\/biohairclinic.com\/es\/calculadora-capilar\/\">Calcular oferta<\/span>\r\n                            <\/div>\r\n                                              \r\n                    <\/div>\r\n                <\/div>\r\n                <div class=\"col-md-6\">\r\n                                                <img loading=\"lazy\" decoding=\"async\" class=\"top_left_bottom_right\" src=\"https:\/\/biohairclinic.com\/es\/wp-content\/uploads\/sites\/4\/2025\/06\/ramada-istanbul-balkon.jpg\" alt=\"Vista desde el hotel de trasplante capilar en Estambul con balc\u00f3n\" width=\"780\" height=\"585\"\/>\r\n                                    <\/div>\r\n            <\/div>\r\n            <\/div>\r\n<\/section>","protected":false},"excerpt":{"rendered":"","protected":false},"author":4,"featured_media":0,"parent":0,"menu_order":0,"comment_status":"closed","ping_status":"closed","template":"","meta":{"_acf_changed":false,"inline_featured_image":false,"footnotes":""},"class_list":["post-188","page","type-page","status-publish","hentry"],"acf":[],"yoast_head":"<!-- This site is optimized with the Yoast SEO Premium plugin v27.3 (Yoast SEO v27.4) - https:\/\/yoast.com\/product\/yoast-seo-premium-wordpress\/ -->\n<title>Hotel para trasplantes capilares en Estambul: D\u00f3nde se alojar\u00e1<\/title>\n<meta name=\"description\" content=\"Hotel exclusivo para trasplantes capilares en Estambul: moderno, con resultados m\u00e9dicos avanzados y naturales. \u00a1Lea ahora!\" \/>\n<meta name=\"robots\" content=\"index, follow, max-snippet:-1, max-image-preview:large, max-video-preview:-1\" \/>\n<link rel=\"canonical\" href=\"https:\/\/biohairclinic.com\/es\/hotel\/\" \/>\n<meta property=\"og:locale\" content=\"es_ES\" \/>\n<meta property=\"og:type\" content=\"article\" \/>\n<meta property=\"og:title\" content=\"Hotel\" \/>\n<meta property=\"og:description\" content=\"Hotel exclusivo para trasplantes capilares en Estambul: moderno, con resultados m\u00e9dicos avanzados y naturales. \u00a1Lea ahora!\" \/>\n<meta property=\"og:url\" content=\"https:\/\/biohairclinic.com\/es\/hotel\/\" \/>\n<meta property=\"og:site_name\" content=\"Trasplante Capilar Turqu\u00eda\" \/>\n<meta property=\"article:modified_time\" content=\"2025-06-26T20:32:47+00:00\" \/>\n<meta name=\"twitter:card\" content=\"summary_large_image\" \/>\n<script type=\"application\/ld+json\" class=\"yoast-schema-graph\">{\"@context\":\"https:\\\/\\\/schema.org\",\"@graph\":[{\"@type\":\"WebPage\",\"@id\":\"https:\\\/\\\/biohairclinic.com\\\/es\\\/hotel\\\/\",\"url\":\"https:\\\/\\\/biohairclinic.com\\\/es\\\/hotel\\\/\",\"name\":\"Hotel para trasplantes capilares en Estambul: D\u00f3nde se alojar\u00e1\",\"isPartOf\":{\"@id\":\"https:\\\/\\\/biohairclinic.com\\\/es\\\/#website\"},\"datePublished\":\"2018-09-18T14:39:33+00:00\",\"dateModified\":\"2025-06-26T20:32:47+00:00\",\"description\":\"Hotel exclusivo para trasplantes capilares en Estambul: moderno, con resultados m\u00e9dicos avanzados y naturales. \u00a1Lea ahora!\",\"breadcrumb\":{\"@id\":\"https:\\\/\\\/biohairclinic.com\\\/es\\\/hotel\\\/#breadcrumb\"},\"inLanguage\":\"es-ES\",\"potentialAction\":[{\"@type\":\"ReadAction\",\"target\":[\"https:\\\/\\\/biohairclinic.com\\\/es\\\/hotel\\\/\"]}]},{\"@type\":\"BreadcrumbList\",\"@id\":\"https:\\\/\\\/biohairclinic.com\\\/es\\\/hotel\\\/#breadcrumb\",\"itemListElement\":[{\"@type\":\"ListItem\",\"position\":1,\"name\":\"Inicio\",\"item\":\"https:\\\/\\\/biohairclinic.com\\\/es\\\/\"},{\"@type\":\"ListItem\",\"position\":2,\"name\":\"Hotel\"}]},{\"@type\":\"WebSite\",\"@id\":\"https:\\\/\\\/biohairclinic.com\\\/es\\\/#website\",\"url\":\"https:\\\/\\\/biohairclinic.com\\\/es\\\/\",\"name\":\"Trasplante Capilar Turqu\u00eda\",\"description\":\"BioHairClinic\u00a9\",\"publisher\":{\"@id\":\"https:\\\/\\\/biohairclinic.com\\\/es\\\/#organization\"},\"potentialAction\":[{\"@type\":\"SearchAction\",\"target\":{\"@type\":\"EntryPoint\",\"urlTemplate\":\"https:\\\/\\\/biohairclinic.com\\\/es\\\/?s={search_term_string}\"},\"query-input\":{\"@type\":\"PropertyValueSpecification\",\"valueRequired\":true,\"valueName\":\"search_term_string\"}}],\"inLanguage\":\"es-ES\"},{\"@type\":[\"Organization\",\"Place\"],\"@id\":\"https:\\\/\\\/biohairclinic.com\\\/es\\\/#organization\",\"name\":\"Biohair Clinic\",\"url\":\"https:\\\/\\\/biohairclinic.com\\\/es\\\/\",\"logo\":{\"@id\":\"https:\\\/\\\/biohairclinic.com\\\/es\\\/hotel\\\/#local-main-organization-logo\"},\"image\":{\"@id\":\"https:\\\/\\\/biohairclinic.com\\\/es\\\/hotel\\\/#local-main-organization-logo\"},\"telephone\":[],\"openingHoursSpecification\":[{\"@type\":\"OpeningHoursSpecification\",\"dayOfWeek\":[\"Monday\",\"Tuesday\",\"Wednesday\",\"Thursday\",\"Friday\",\"Saturday\",\"Sunday\"],\"opens\":\"09:00\",\"closes\":\"17:00\"}]},{\"@type\":\"ImageObject\",\"inLanguage\":\"es-ES\",\"@id\":\"https:\\\/\\\/biohairclinic.com\\\/es\\\/hotel\\\/#local-main-organization-logo\",\"url\":\"https:\\\/\\\/biohairclinic.com\\\/es\\\/wp-content\\\/uploads\\\/sites\\\/4\\\/2021\\\/06\\\/biohair-logo.svg\",\"contentUrl\":\"https:\\\/\\\/biohairclinic.com\\\/es\\\/wp-content\\\/uploads\\\/sites\\\/4\\\/2021\\\/06\\\/biohair-logo.svg\",\"caption\":\"Biohair Clinic\"}]}<\/script>\n<!-- \/ Yoast SEO Premium plugin. -->","yoast_head_json":{"title":"Hotel para trasplantes capilares en Estambul: D\u00f3nde se alojar\u00e1","description":"Hotel exclusivo para trasplantes capilares en Estambul: moderno, con resultados m\u00e9dicos avanzados y naturales. \u00a1Lea ahora!","robots":{"index":"index","follow":"follow","max-snippet":"max-snippet:-1","max-image-preview":"max-image-preview:large","max-video-preview":"max-video-preview:-1"},"canonical":"https:\/\/biohairclinic.com\/es\/hotel\/","og_locale":"es_ES","og_type":"article","og_title":"Hotel","og_description":"Hotel exclusivo para trasplantes capilares en Estambul: moderno, con resultados m\u00e9dicos avanzados y naturales. \u00a1Lea ahora!","og_url":"https:\/\/biohairclinic.com\/es\/hotel\/","og_site_name":"Trasplante Capilar Turqu\u00eda","article_modified_time":"2025-06-26T20:32:47+00:00","twitter_card":"summary_large_image","schema":{"@context":"https:\/\/schema.org","@graph":[{"@type":"WebPage","@id":"https:\/\/biohairclinic.com\/es\/hotel\/","url":"https:\/\/biohairclinic.com\/es\/hotel\/","name":"Hotel para trasplantes capilares en Estambul: D\u00f3nde se alojar\u00e1","isPartOf":{"@id":"https:\/\/biohairclinic.com\/es\/#website"},"datePublished":"2018-09-18T14:39:33+00:00","dateModified":"2025-06-26T20:32:47+00:00","description":"Hotel exclusivo para trasplantes capilares en Estambul: moderno, con resultados m\u00e9dicos avanzados y naturales. \u00a1Lea ahora!","breadcrumb":{"@id":"https:\/\/biohairclinic.com\/es\/hotel\/#breadcrumb"},"inLanguage":"es-ES","potentialAction":[{"@type":"ReadAction","target":["https:\/\/biohairclinic.com\/es\/hotel\/"]}]},{"@type":"BreadcrumbList","@id":"https:\/\/biohairclinic.com\/es\/hotel\/#breadcrumb","itemListElement":[{"@type":"ListItem","position":1,"name":"Inicio","item":"https:\/\/biohairclinic.com\/es\/"},{"@type":"ListItem","position":2,"name":"Hotel"}]},{"@type":"WebSite","@id":"https:\/\/biohairclinic.com\/es\/#website","url":"https:\/\/biohairclinic.com\/es\/","name":"Trasplante Capilar Turqu\u00eda","description":"BioHairClinic\u00a9","publisher":{"@id":"https:\/\/biohairclinic.com\/es\/#organization"},"potentialAction":[{"@type":"SearchAction","target":{"@type":"EntryPoint","urlTemplate":"https:\/\/biohairclinic.com\/es\/?s={search_term_string}"},"query-input":{"@type":"PropertyValueSpecification","valueRequired":true,"valueName":"search_term_string"}}],"inLanguage":"es-ES"},{"@type":["Organization","Place"],"@id":"https:\/\/biohairclinic.com\/es\/#organization","name":"Biohair Clinic","url":"https:\/\/biohairclinic.com\/es\/","logo":{"@id":"https:\/\/biohairclinic.com\/es\/hotel\/#local-main-organization-logo"},"image":{"@id":"https:\/\/biohairclinic.com\/es\/hotel\/#local-main-organization-logo"},"telephone":[],"openingHoursSpecification":[{"@type":"OpeningHoursSpecification","dayOfWeek":["Monday","Tuesday","Wednesday","Thursday","Friday","Saturday","Sunday"],"opens":"09:00","closes":"17:00"}]},{"@type":"ImageObject","inLanguage":"es-ES","@id":"https:\/\/biohairclinic.com\/es\/hotel\/#local-main-organization-logo","url":"https:\/\/biohairclinic.com\/es\/wp-content\/uploads\/sites\/4\/2021\/06\/biohair-logo.svg","contentUrl":"https:\/\/biohairclinic.com\/es\/wp-content\/uploads\/sites\/4\/2021\/06\/biohair-logo.svg","caption":"Biohair Clinic"}]}},"_links":{"self":[{"href":"https:\/\/biohairclinic.com\/es\/wp-json\/wp\/v2\/pages\/188","targetHints":{"allow":["GET"]}}],"collection":[{"href":"https:\/\/biohairclinic.com\/es\/wp-json\/wp\/v2\/pages"}],"about":[{"href":"https:\/\/biohairclinic.com\/es\/wp-json\/wp\/v2\/types\/page"}],"author":[{"embeddable":true,"href":"https:\/\/biohairclinic.com\/es\/wp-json\/wp\/v2\/users\/4"}],"replies":[{"embeddable":true,"href":"https:\/\/biohairclinic.com\/es\/wp-json\/wp\/v2\/comments?post=188"}],"version-history":[{"count":64,"href":"https:\/\/biohairclinic.com\/es\/wp-json\/wp\/v2\/pages\/188\/revisions"}],"predecessor-version":[{"id":59558,"href":"https:\/\/biohairclinic.com\/es\/wp-json\/wp\/v2\/pages\/188\/revisions\/59558"}],"wp:attachment":[{"href":"https:\/\/biohairclinic.com\/es\/wp-json\/wp\/v2\/media?parent=188"}],"curies":[{"name":"wp","href":"https:\/\/api.w.org\/{rel}","templated":true}]}}