{"id":204,"date":"2018-09-19T07:55:34","date_gmt":"2018-09-19T07:55:34","guid":{"rendered":"https:\/\/biohairclini.wpengine.com\/?page_id=204"},"modified":"2022-09-07T11:04:43","modified_gmt":"2022-09-07T11:04:43","slug":"proceso","status":"publish","type":"page","link":"https:\/\/biohairclinic.com\/es\/proceso\/","title":{"rendered":"Procedimiento"},"content":{"rendered":"<section class=\"hero\">\r\n    <div class=\"container\">\r\n        <div class=\"row\">\r\n            <div class=\"col-md-6\">\r\n                <h1><span>Proceso<\/span> Trasplante Capilar<\/h1>\r\n                <div class=\"p-block\">\r\n                    <p>A pesar de la suave t\u00e9cnica FUE, el trasplante capilar sigue siendo un procedimiento quir\u00fargico en el que el cuero cabelludo puede resultar algo irritado. Pues consiste en extraer e insertar los injertos, las capas de la piel se lesionan o da\u00f1an.<br><br>Por lo tanto, es bastante normal que la zona donante se inflame despu\u00e9s de la cirug\u00eda capilar. Esto es inevitable, pero existen soluciones para apoyar y acelerar el proceso de curaci\u00f3n.<\/p>\r\n                                            <div class=\"btn\">\r\n                            <span class=\"button bio_btn\" data-url=\"https:\/\/biohairclinic.com\/es\/calculadora-de-cabello\/\">Consulta gratuita<\/span>\r\n                        <\/div>\r\n                       \r\n                <\/div>\r\n            <\/div>\r\n            <div class=\"col-md-6\">\r\n                                        <img loading=\"lazy\" decoding=\"async\" src=\"https:\/\/biohairclinic.com\/es\/wp-content\/uploads\/sites\/4\/2021\/06\/Gra\u0301fico-para-el-procedimiento-de-trasplante-de-cabello.svg\" alt=\"Gra\u0301fico para el procedimiento de trasplante de cabello\" width=\"536\" height=\"437\"\/>\r\n                            <\/div>\r\n        <\/div>\r\n    <\/div>\r\n<\/section>\n\n<section class=\"ablauf_three_columns \">\r\n        <div class=\"container\">\r\n            <div class=\"row\">\r\n                <div class=\"col-md-12\">\r\n                                            <h2 class=\"center\"> Procedimiento de trasplante capilar: solo 3 pasos para un cabello completo<\/h2>\r\n                                    <\/div>\r\n            <\/div>\r\n            <div class=\"row row1\">\r\n                                <div class=\"col-md-4\">\r\n                        <div class=\"content steps_bg_active\">\r\n                            <div class=\"order\">\r\n                                <span>\r\n                                                                            1                                                                    <\/span>\r\n                            <\/div>\r\n                                                                 <img loading=\"lazy\" decoding=\"async\" src=\"https:\/\/biohairclinic.com\/es\/wp-content\/uploads\/sites\/4\/2022\/09\/icon-analisis-capilar.svg\" alt=\"Icono lupa sobre un fol\u00edculo capilar\" width=\"160\" height=\"141\"\/>\r\n                                                            \r\n                                                            <h3>An\u00e1lisis capilar gratuito<\/h3>\r\n                                                                                        <p>Nuestro calculador capilar te pone en contacto con nuestro equipo de expertos. <strong>Analizamos tu situaci\u00f3n capilar<\/strong> y nos ponemos en contacto contigo de inmediato, sin que tengas que hacer nada m\u00e1s.<\/p>\r\n                                                    <\/div>\r\n                    <\/div>\r\n                                    <div class=\"col-md-4\">\r\n                        <div class=\"content \">\r\n                            <div class=\"order\">\r\n                                <span>\r\n                                                                            2                                                                    <\/span>\r\n                            <\/div>\r\n                                                                 <img loading=\"lazy\" decoding=\"async\" src=\"https:\/\/biohairclinic.com\/es\/wp-content\/uploads\/sites\/4\/2022\/09\/icon-primera-consulta.svg\" alt=\"Icono primera consulta\" width=\"131\" height=\"110\"\/>\r\n                                                            \r\n                                                            <h3>Consulta inicial con nuestros expertos<\/h3>\r\n                                                                                        <p>Nuestros especialistas le informar\u00e1n detalladamente sobre su procedimiento de cirug\u00eda de implante capilar. Durante la consulta tambi\u00e9n se le informar\u00e1 del m\u00e9todo m\u00e1s adecuado y de los <a href=\"https:\/\/biohairclinic.com\/es\/injerto-capilar-precio\/\">costes del trasplante capilar<\/a>.<\/p>\r\n                                                    <\/div>\r\n                    <\/div>\r\n                                    <div class=\"col-md-4\">\r\n                        <div class=\"content \">\r\n                            <div class=\"order\">\r\n                                <span>\r\n                                                                            3                                                                    <\/span>\r\n                            <\/div>\r\n                                                                 <img loading=\"lazy\" decoding=\"async\" src=\"https:\/\/biohairclinic.com\/es\/wp-content\/uploads\/sites\/4\/2022\/09\/icon-concertar-cita.svg\" alt=\"icono concertar cita con expertos de BioHairClinic\" width=\"131\" height=\"110\"\/>\r\n                                                            \r\n                                                            <h3>Concertar cita<\/h3>\r\n                                                                                        <p>A continuaci\u00f3n, le reservaremos una cita con el <strong>Dr. Ibrahim y su experimentado equipo m\u00e9dico<\/strong>.<\/p>\r\n                                                    <\/div>\r\n                    <\/div>\r\n                            <\/div>\r\n        <\/div>\r\n    <\/section>\n\n<section class=\"text_image\">\r\n    <div class=\"container\">\r\n                    <div class=\"row mobile_order\">\r\n                <div class=\"col-md-6\">\r\n                    <div class=\"content\">\r\n                        <h2>La metr\u00f3polis mundial Estambul le da la bienvenida<\/h2>\n<p>Una vez reservada la cita y confirmado el vuelo, el procedimiento de trasplante de pelo contin\u00faa. Una vez que llegue al aeropuerto de Estambul, su transporte personal VIP y su ch\u00f3fer le estar\u00e1n esperando.<\/p>\n<p>Se le conducir\u00e1 a nuestra <a href=\"https:\/\/biohairclinic.com\/es\/clinica-capilar\/\">moderna cl\u00ednica<\/a>, donde se le realizar\u00e1 un breve an\u00e1lisis de sangre.<\/p>\n<p>Despu\u00e9s de registrarse en nuestro <a href=\"https:\/\/biohairclinic.com\/es\/hotel\/\">hotel de lujo<\/a>, podr\u00e1 dedicar su tiempo a explorar Estambul.<\/p>\n<p><strong>COVID-19<\/strong><\/p>\n<p><em>Nuestro personal mantiene siempre una distancia m\u00ednima de 1,5 metros y sigue estrictamente nuestras medidas de higiene. La lanzadera VIP se desinfecta despu\u00e9s de cada viaje, al igual que su equipaje en el hotel. Adem\u00e1s, se le tomar\u00e1 la temperatura con un medidor de fiebre sin contacto y se le realizar\u00e1 una prueba gratuita de COVID-19.<\/em><\/p>\n \r\n                                              \r\n                    <\/div>\r\n                <\/div>\r\n                <div class=\"col-md-6\">\r\n                                                <img loading=\"lazy\" decoding=\"async\" class=\"top_left_bottom_right\" src=\"https:\/\/biohairclinic.com\/es\/wp-content\/uploads\/sites\/4\/2022\/09\/puente-del-bosforo-Estambul.jpeg\" alt=\"Vista puente del B\u00f3sforo en Estambul\" width=\"610\" height=\"637\"\/>\r\n                                    <\/div>\r\n            <\/div>\r\n            <\/div>\r\n<\/section>\n\n<section class=\"text_image\">\r\n    <div class=\"container\">\r\n                    <div class=\"row\">\r\n                <div class=\"col-md-6\">\r\n                                                <img loading=\"lazy\" decoding=\"async\" class=\"top_right_bottom_left\" src=\"https:\/\/biohairclinic.com\/es\/wp-content\/uploads\/sites\/4\/2022\/09\/Paciente-y-doctor-injerto-capilar-antes-de-la-operacion.jpeg\" alt=\"Paciente y doctor injerto capilar antes de la operacion\" width=\"610\" height=\"498\"\/>\r\n                                    <\/div>\r\n                <div class=\"col-md-6\">\r\n                    <div class=\"content\">\r\n                        <h2>Su trasplante capilar: ha llegado el gran d\u00eda.<\/h2>\n<p>Una vez que se haya relajado en el lujoso alojamiento, sigue el tratamiento real en el procedimiento de cirug\u00eda de trasplante capilar. Su ch\u00f3fer le llevar\u00e1 a la cl\u00ednica al d\u00eda siguiente. Su int\u00e9rprete personal le estar\u00e1 esperando en el lugar.<\/p>\n<p>A continuaci\u00f3n, puede comenzar su propio tratamiento capilar en su sala de tratamiento privada. Dependiendo del m\u00e9todo, el tratamiento durar\u00e1 entre 5 y 8 horas.<\/p>\n<p><strong>Aviso COVID-19:<\/strong><\/p>\n<p><em>Todos los quir\u00f3fanos se desinfectan con equipos de limpieza modernos y eficaces antes del procedimiento. Todo el personal de Bio Hair Clinic lleva una protecci\u00f3n bucal y nasal en todo momento.<\/em><\/p>\n                                            <\/div>\r\n                <\/div>\r\n            <\/div>\r\n            <\/div>\r\n<\/section>\n\n<section class=\"text_image\">\r\n    <div class=\"container\">\r\n                    <div class=\"row mobile_order\">\r\n                <div class=\"col-md-6\">\r\n                    <div class=\"content\">\r\n                        <h2>Examen de seguimiento por parte de nuestros especialistas<\/h2>\n<p>Despu\u00e9s de su trasplante capilar en Turqu\u00eda, el procedimiento consiste en que vuelva al hospital al d\u00eda siguiente para un examen de seguimiento.<\/p>\n<p>Recibir\u00e1 la medicaci\u00f3n e instrucciones importantes sobre su fase de cuidados posteriores. Despu\u00e9s, su conductor le llevar\u00e1 al aeropuerto y estar\u00e1 de camino a casa.<\/p>\n<p><strong>Aviso COVID-19:<\/strong><\/p>\n<p><em>Su examen de seguimiento tambi\u00e9n se realizar\u00e1 bajo las m\u00e1s estrictas normas de higiene. Si lo desea, se puede realizar una nueva prueba COVID-19 por un coste adicional de unas 350 liras turcas.<\/em><\/p>\n \r\n                                              \r\n                    <\/div>\r\n                <\/div>\r\n                <div class=\"col-md-6\">\r\n                                                <img loading=\"lazy\" decoding=\"async\" class=\"top_left_bottom_right\" src=\"https:\/\/biohairclinic.com\/es\/wp-content\/uploads\/sites\/4\/2022\/09\/revision-postoperatoria-biohair.jpeg\" alt=\"Dr. Ibrahim durante la revisi\u00f3n postoperatoria de un paciente de Bio Hair Clinic\" width=\"610\" height=\"450\"\/>\r\n                                    <\/div>\r\n            <\/div>\r\n            <\/div>\r\n<\/section>\n\n<section class=\"text_image\">\r\n    <div class=\"container\">\r\n                    <div class=\"row\">\r\n                <div class=\"col-md-6\">\r\n                                                <img loading=\"lazy\" decoding=\"async\" class=\"top_right_bottom_left\" src=\"https:\/\/biohairclinic.com\/es\/wp-content\/uploads\/sites\/4\/2022\/09\/paciente-con-el-Dr.-Ibrahim-durante-una-consulta.jpeg\" alt=\"paciente injerto capilar con el Dr. Ibrahim durante una consulta\" width=\"610\" height=\"412\"\/>\r\n                                    <\/div>\r\n                <div class=\"col-md-6\">\r\n                    <div class=\"content\">\r\n                        <h2>Despu\u00e9s del trasplante capilar en Turqu\u00eda: procedimiento de cuidados posteriores.<\/h2>\n<p>No te preocupes. La fase de cuidados post operatorio ser\u00e1 muy sencilla y s\u00f3lo hay que tener en cuenta algunos puntos.<\/p>\n<p>Adem\u00e1s de las recomendaciones de nuestros expertos en la cl\u00ednica, tambi\u00e9n estamos disponibles personalmente las 24 horas del d\u00eda para ofrecerle asesoramiento y apoyo.<\/p>\n<p>Los cuidados posteriores al trasplante capilar son muy importantes para el resultado final.<\/p>\n<p>Te recomendamos que sigas las <strong>instrucciones de nuestros expertos<\/strong>. Luego puedes relajarte y ver crecer tu cabello m\u00e1s fuerte.<\/p>\n                                            <\/div>\r\n                <\/div>\r\n            <\/div>\r\n            <\/div>\r\n<\/section>\n\n\r\n\r\n<section class=\"faq \">\r\n    <div class=\"container\">\r\n        <div class=\"row\">\r\n                            <div class=\"col-md-12\">\r\n                    <div class=\"title\">\r\n                        <h2>Preguntas frecuentes <\/h2>\r\n                    <\/div>\r\n                <\/div>\r\n                                        <div class=\"col-md-6\">\r\n                    <div class=\"content\">\r\n                        <h3>\u00bfTengo que reservar yo mismo mi vuelo?<\/h3>\r\n                        <p>Bio Hair Clinic es sin\u00f3nimo de simplicidad en todo el procedimiento de trasplante capilar. Por ello, tambi\u00e9n ofrecemos que nos encarguemos de la reserva de tu vuelo. Una vez que hayamos concertado una fecha adecuada para tu tratamiento, puede indicarnos si desea reservar el vuelo tu mismo o si debemos hacerlo nosotros por ti.<\/p>\r\n                    <\/div>\r\n                <\/div>\r\n                                <div class=\"col-md-6\">\r\n                    <div class=\"content\">\r\n                        <h3>\u00bfQu\u00e9 debo tener en cuenta 15 d\u00edas despu\u00e9s de la intervenci\u00f3n?<\/h3>\r\n                        <p><ul>\r\n    <li>Protege tu cabello de la luz solar directa.\r\n    <li>Evita las piscinas\r\n    <li>Te puedes lavar el pelo a partir del tercer d\u00eda (seg\u00fan las indicaciones de nuestro m\u00e9dico).\r\n    <li>No utilizar gomina ni laca para el pelo\r\n    <li>A partir del 15\u00ba d\u00eda puedes volver a hacer deporte. <\/li><\/p>\r\n                    <\/div>\r\n                <\/div>\r\n                                <div class=\"col-md-6\">\r\n                    <div class=\"content\">\r\n                        <h3>\u00bfC\u00f3mo debo pasar el primer d\u00eda despu\u00e9s del trasplante capilar?<\/h3>\r\n                        <p>Nuestros expertos recomiendan lo siguiente el primer d\u00eda:\r\n<ul>\r\n    <li>No hacer trabajos duros\r\n    <li>Evitar el estr\u00e9s\r\n    <li>No hacer deporte ni beber alcohol\r\n    <li>No lleves jers\u00e9is o camisetas ajustadas por encima de la cabeza\r\n    <li>Tomar la medicaci\u00f3n seg\u00fan las indicaciones de nuestros especialistas\r\n    <li>No lavar las zonas tratadas el primer d\u00eda\r\n    <li>Se ruega llevar la cabeza cubierta al aire libre<\/li><\/p>\r\n                    <\/div>\r\n                <\/div>\r\n                                <div class=\"col-md-6\">\r\n                    <div class=\"content\">\r\n                        <h3>\u00bfCu\u00e1ntos d\u00edas durar\u00e1 mi trasplante capilar en Estambul?<\/h3>\r\n                        <p>Pasar\u00e1s 3 d\u00edas en Estambul para tu trasplante capilar. El primer d\u00eda llegar\u00e1s al aeropuerto y se realizar\u00e1 el examen preliminar. Tambi\u00e9n te registrar\u00e1s en tu hotel. Despu\u00e9s de una buena noche de sue\u00f1o, el trasplante capilar tendr\u00e1 lugar el segundo d\u00eda. Para asegurarnos de que todo ha ido lo mejor posible y de que te encuentras bien, el examen de seguimiento tiene lugar al tercer d\u00eda. Despu\u00e9s, volver\u00e1s a casa.<\/p>\r\n                    <\/div>\r\n                <\/div>\r\n                                <div class=\"col-md-6\">\r\n                    <div class=\"content\">\r\n                        <h3>\u00bfEst\u00e1n incluidos todos los traslados?<\/h3>\r\n                        <p>Queremos que tu trasplante capilar en Turqu\u00eda sea lo m\u00e1s c\u00f3modo posible. Tu ch\u00f3fer personal estar\u00e1 a tu disposici\u00f3n en Estambul. Todos los traslados al aeropuerto, a la cl\u00ednica y al hotel est\u00e1n incluidos en el coste del trasplante capilar.<\/p>\r\n                    <\/div>\r\n                <\/div>\r\n                                <div class=\"col-md-6\">\r\n                    <div class=\"content\">\r\n                        <h3>\u00bfQu\u00e9 hago si tengo preguntas?<\/h3>\r\n                        <p>Nuestro equipo de expertos est\u00e1 disponible las 24 horas del d\u00eda para responder a tus preguntas. Estaremos encantados de atender todas tus dudas y responder a todas tus preguntas. En Estambul siempre hay un int\u00e9rprete disponible. As\u00ed que no tienes que preocuparte por las barreras ling\u00fc\u00edsticas.<\/p>\r\n                    <\/div>\r\n                <\/div>\r\n                        <\/div>\r\n    <\/div>\r\n<\/section>\r\n\r\n","protected":false},"excerpt":{"rendered":"","protected":false},"author":4,"featured_media":0,"parent":0,"menu_order":0,"comment_status":"closed","ping_status":"closed","template":"","meta":{"_acf_changed":false,"inline_featured_image":false,"footnotes":""},"class_list":["post-204","page","type-page","status-publish","hentry"],"acf":[],"yoast_head":"<!-- This site is optimized with the Yoast SEO Premium plugin v27.3 (Yoast SEO v27.4) - https:\/\/yoast.com\/product\/yoast-seo-premium-wordpress\/ -->\n<title>El proceso del injerto capilar | Bio Hair Clinic<\/title>\n<meta name=\"description\" content=\"Te contamos el proceso de tu trasplante capilar en Turqu\u00eda, y las distintas etapas por las que pasar\u00e1s durante tus d\u00edas en Estambul.\" \/>\n<meta name=\"robots\" content=\"index, follow, max-snippet:-1, max-image-preview:large, max-video-preview:-1\" \/>\n<link rel=\"canonical\" href=\"https:\/\/biohairclinic.com\/es\/proceso\/\" \/>\n<meta property=\"og:locale\" content=\"es_ES\" \/>\n<meta property=\"og:type\" content=\"article\" \/>\n<meta property=\"og:title\" content=\"Procedimiento\" \/>\n<meta property=\"og:description\" content=\"Te contamos el proceso de tu trasplante capilar en Turqu\u00eda, y las distintas etapas por las que pasar\u00e1s durante tus d\u00edas en Estambul.\" \/>\n<meta property=\"og:url\" content=\"https:\/\/biohairclinic.com\/es\/proceso\/\" \/>\n<meta property=\"og:site_name\" content=\"Trasplante Capilar Turqu\u00eda\" \/>\n<meta property=\"article:modified_time\" content=\"2022-09-07T11:04:43+00:00\" \/>\n<meta name=\"twitter:card\" content=\"summary_large_image\" \/>\n<script type=\"application\/ld+json\" class=\"yoast-schema-graph\">{\"@context\":\"https:\\\/\\\/schema.org\",\"@graph\":[{\"@type\":\"WebPage\",\"@id\":\"https:\\\/\\\/biohairclinic.com\\\/es\\\/proceso\\\/\",\"url\":\"https:\\\/\\\/biohairclinic.com\\\/es\\\/proceso\\\/\",\"name\":\"El proceso del injerto capilar | Bio Hair Clinic\",\"isPartOf\":{\"@id\":\"https:\\\/\\\/biohairclinic.com\\\/es\\\/#website\"},\"datePublished\":\"2018-09-19T07:55:34+00:00\",\"dateModified\":\"2022-09-07T11:04:43+00:00\",\"description\":\"Te contamos el proceso de tu trasplante capilar en Turqu\u00eda, y las distintas etapas por las que pasar\u00e1s durante tus d\u00edas en Estambul.\",\"breadcrumb\":{\"@id\":\"https:\\\/\\\/biohairclinic.com\\\/es\\\/proceso\\\/#breadcrumb\"},\"inLanguage\":\"es-ES\",\"potentialAction\":[{\"@type\":\"ReadAction\",\"target\":[\"https:\\\/\\\/biohairclinic.com\\\/es\\\/proceso\\\/\"]}]},{\"@type\":\"BreadcrumbList\",\"@id\":\"https:\\\/\\\/biohairclinic.com\\\/es\\\/proceso\\\/#breadcrumb\",\"itemListElement\":[{\"@type\":\"ListItem\",\"position\":1,\"name\":\"Inicio\",\"item\":\"https:\\\/\\\/biohairclinic.com\\\/es\\\/\"},{\"@type\":\"ListItem\",\"position\":2,\"name\":\"Procedimiento\"}]},{\"@type\":\"WebSite\",\"@id\":\"https:\\\/\\\/biohairclinic.com\\\/es\\\/#website\",\"url\":\"https:\\\/\\\/biohairclinic.com\\\/es\\\/\",\"name\":\"Trasplante Capilar Turqu\u00eda\",\"description\":\"BioHairClinic\u00a9\",\"publisher\":{\"@id\":\"https:\\\/\\\/biohairclinic.com\\\/es\\\/#organization\"},\"potentialAction\":[{\"@type\":\"SearchAction\",\"target\":{\"@type\":\"EntryPoint\",\"urlTemplate\":\"https:\\\/\\\/biohairclinic.com\\\/es\\\/?s={search_term_string}\"},\"query-input\":{\"@type\":\"PropertyValueSpecification\",\"valueRequired\":true,\"valueName\":\"search_term_string\"}}],\"inLanguage\":\"es-ES\"},{\"@type\":[\"Organization\",\"Place\"],\"@id\":\"https:\\\/\\\/biohairclinic.com\\\/es\\\/#organization\",\"name\":\"Biohair Clinic\",\"url\":\"https:\\\/\\\/biohairclinic.com\\\/es\\\/\",\"logo\":{\"@id\":\"https:\\\/\\\/biohairclinic.com\\\/es\\\/proceso\\\/#local-main-organization-logo\"},\"image\":{\"@id\":\"https:\\\/\\\/biohairclinic.com\\\/es\\\/proceso\\\/#local-main-organization-logo\"},\"telephone\":[],\"openingHoursSpecification\":[{\"@type\":\"OpeningHoursSpecification\",\"dayOfWeek\":[\"Monday\",\"Tuesday\",\"Wednesday\",\"Thursday\",\"Friday\",\"Saturday\",\"Sunday\"],\"opens\":\"09:00\",\"closes\":\"17:00\"}]},{\"@type\":\"ImageObject\",\"inLanguage\":\"es-ES\",\"@id\":\"https:\\\/\\\/biohairclinic.com\\\/es\\\/proceso\\\/#local-main-organization-logo\",\"url\":\"https:\\\/\\\/biohairclinic.com\\\/es\\\/wp-content\\\/uploads\\\/sites\\\/4\\\/2021\\\/06\\\/biohair-logo.svg\",\"contentUrl\":\"https:\\\/\\\/biohairclinic.com\\\/es\\\/wp-content\\\/uploads\\\/sites\\\/4\\\/2021\\\/06\\\/biohair-logo.svg\",\"caption\":\"Biohair Clinic\"}]}<\/script>\n<!-- \/ Yoast SEO Premium plugin. -->","yoast_head_json":{"title":"El proceso del injerto capilar | Bio Hair Clinic","description":"Te contamos el proceso de tu trasplante capilar en Turqu\u00eda, y las distintas etapas por las que pasar\u00e1s durante tus d\u00edas en Estambul.","robots":{"index":"index","follow":"follow","max-snippet":"max-snippet:-1","max-image-preview":"max-image-preview:large","max-video-preview":"max-video-preview:-1"},"canonical":"https:\/\/biohairclinic.com\/es\/proceso\/","og_locale":"es_ES","og_type":"article","og_title":"Procedimiento","og_description":"Te contamos el proceso de tu trasplante capilar en Turqu\u00eda, y las distintas etapas por las que pasar\u00e1s durante tus d\u00edas en Estambul.","og_url":"https:\/\/biohairclinic.com\/es\/proceso\/","og_site_name":"Trasplante Capilar Turqu\u00eda","article_modified_time":"2022-09-07T11:04:43+00:00","twitter_card":"summary_large_image","schema":{"@context":"https:\/\/schema.org","@graph":[{"@type":"WebPage","@id":"https:\/\/biohairclinic.com\/es\/proceso\/","url":"https:\/\/biohairclinic.com\/es\/proceso\/","name":"El proceso del injerto capilar | Bio Hair Clinic","isPartOf":{"@id":"https:\/\/biohairclinic.com\/es\/#website"},"datePublished":"2018-09-19T07:55:34+00:00","dateModified":"2022-09-07T11:04:43+00:00","description":"Te contamos el proceso de tu trasplante capilar en Turqu\u00eda, y las distintas etapas por las que pasar\u00e1s durante tus d\u00edas en Estambul.","breadcrumb":{"@id":"https:\/\/biohairclinic.com\/es\/proceso\/#breadcrumb"},"inLanguage":"es-ES","potentialAction":[{"@type":"ReadAction","target":["https:\/\/biohairclinic.com\/es\/proceso\/"]}]},{"@type":"BreadcrumbList","@id":"https:\/\/biohairclinic.com\/es\/proceso\/#breadcrumb","itemListElement":[{"@type":"ListItem","position":1,"name":"Inicio","item":"https:\/\/biohairclinic.com\/es\/"},{"@type":"ListItem","position":2,"name":"Procedimiento"}]},{"@type":"WebSite","@id":"https:\/\/biohairclinic.com\/es\/#website","url":"https:\/\/biohairclinic.com\/es\/","name":"Trasplante Capilar Turqu\u00eda","description":"BioHairClinic\u00a9","publisher":{"@id":"https:\/\/biohairclinic.com\/es\/#organization"},"potentialAction":[{"@type":"SearchAction","target":{"@type":"EntryPoint","urlTemplate":"https:\/\/biohairclinic.com\/es\/?s={search_term_string}"},"query-input":{"@type":"PropertyValueSpecification","valueRequired":true,"valueName":"search_term_string"}}],"inLanguage":"es-ES"},{"@type":["Organization","Place"],"@id":"https:\/\/biohairclinic.com\/es\/#organization","name":"Biohair Clinic","url":"https:\/\/biohairclinic.com\/es\/","logo":{"@id":"https:\/\/biohairclinic.com\/es\/proceso\/#local-main-organization-logo"},"image":{"@id":"https:\/\/biohairclinic.com\/es\/proceso\/#local-main-organization-logo"},"telephone":[],"openingHoursSpecification":[{"@type":"OpeningHoursSpecification","dayOfWeek":["Monday","Tuesday","Wednesday","Thursday","Friday","Saturday","Sunday"],"opens":"09:00","closes":"17:00"}]},{"@type":"ImageObject","inLanguage":"es-ES","@id":"https:\/\/biohairclinic.com\/es\/proceso\/#local-main-organization-logo","url":"https:\/\/biohairclinic.com\/es\/wp-content\/uploads\/sites\/4\/2021\/06\/biohair-logo.svg","contentUrl":"https:\/\/biohairclinic.com\/es\/wp-content\/uploads\/sites\/4\/2021\/06\/biohair-logo.svg","caption":"Biohair Clinic"}]}},"_links":{"self":[{"href":"https:\/\/biohairclinic.com\/es\/wp-json\/wp\/v2\/pages\/204","targetHints":{"allow":["GET"]}}],"collection":[{"href":"https:\/\/biohairclinic.com\/es\/wp-json\/wp\/v2\/pages"}],"about":[{"href":"https:\/\/biohairclinic.com\/es\/wp-json\/wp\/v2\/types\/page"}],"author":[{"embeddable":true,"href":"https:\/\/biohairclinic.com\/es\/wp-json\/wp\/v2\/users\/4"}],"replies":[{"embeddable":true,"href":"https:\/\/biohairclinic.com\/es\/wp-json\/wp\/v2\/comments?post=204"}],"version-history":[{"count":35,"href":"https:\/\/biohairclinic.com\/es\/wp-json\/wp\/v2\/pages\/204\/revisions"}],"predecessor-version":[{"id":59199,"href":"https:\/\/biohairclinic.com\/es\/wp-json\/wp\/v2\/pages\/204\/revisions\/59199"}],"wp:attachment":[{"href":"https:\/\/biohairclinic.com\/es\/wp-json\/wp\/v2\/media?parent=204"}],"curies":[{"name":"wp","href":"https:\/\/api.w.org\/{rel}","templated":true}]}}