{"id":56766,"date":"2021-06-25T14:00:58","date_gmt":"2021-06-25T14:00:58","guid":{"rendered":"https:\/\/cranky-ptolemy.3-126-85-72.plesk.page\/es\/?page_id=56766"},"modified":"2023-05-05T10:05:43","modified_gmt":"2023-05-05T10:05:43","slug":"especialistas-operacion-capilar","status":"publish","type":"page","link":"https:\/\/biohairclinic.com\/es\/especialistas-operacion-capilar\/","title":{"rendered":"M\u00e9dico especialista en Trasplante Capilar &#8211; Dr. Ibrahim"},"content":{"rendered":"<section class=\"hero\">\r\n    <div class=\"container\">\r\n        <div class=\"row\">\r\n            <div class=\"col-md-6\">\r\n                <h1><span>Tu m\u00e9dico<\/span> en injerto capilar<\/h1>\r\n                <div class=\"p-block\">\r\n                    <p>El Dr. Ibrahim es nuestro director m\u00e9dico. Junto a su <strong>experimentado equipo<\/strong>, ya han tratado a m\u00e1s de 20.000 pacientes en la cl\u00ednica. <br><br>Adem\u00e1s de su <strong>experiencia<\/strong>, su gran <strong>empat\u00eda<\/strong> lo hace tan popular entre nuestros pacientes. Los expertos de Bio Hair Clinic atender\u00e1n todos tus deseos y te garantizar\u00e1n un <strong>cabello simplemente completo<\/strong>.<\/p>\r\n                                            <div class=\"btn\">\r\n                            <span class=\"button bio_btn\" data-url=\"https:\/\/biohairclinic.com\/es\/calculadora-de-cabello\/\">Iniciar consulta gratuita<\/span>\r\n                        <\/div>\r\n                       \r\n                <\/div>\r\n            <\/div>\r\n            <div class=\"col-md-6\">\r\n                                        <img loading=\"lazy\" decoding=\"async\" src=\"https:\/\/biohairclinic.com\/es\/wp-content\/uploads\/sites\/4\/2022\/12\/dr-ibrahim-y-su-equipo-de-especialistas-injerto-capilar.jpg\" alt=\"El Dr. Ibrahim y su equipo de especialistas en injerto capilar.\" width=\"610\" height=\"509\"\/>\r\n                            <\/div>\r\n        <\/div>\r\n    <\/div>\r\n<\/section>\n\n<section class=\"text_image sec_bg\">\r\n    <div class=\"container\">\r\n                    <div class=\"row\">\r\n                <div class=\"col-md-6\">\r\n                                                <img loading=\"lazy\" decoding=\"async\" class=\"top_right_bottom_left\" src=\"https:\/\/biohairclinic.com\/es\/wp-content\/uploads\/sites\/4\/2022\/12\/dr-ibrahim-especialista-injerto-capilar.jpg\" alt=\"El Dr. Ibrahim, m\u00e9dico especialista en injerto capilar de Bio Hair.\" width=\"610\" height=\"509\"\/>\r\n                                    <\/div>\r\n                <div class=\"col-md-6\">\r\n                    <div class=\"content\">\r\n                        <h2>\u00bfPor qu\u00e9 elegir Bio Hair Clinic?<\/h2>\n<p>El Dr. Ibrahim decidi\u00f3 r\u00e1pidamente dedicarse a tratamientos capilares profesionales tras terminar sus estudios en la Universidad Ege de Esmirna en Turqu\u00eda. Desde hace a\u00f1os, el Dr. Ibrahim es el director jefe en Bio Hair Clinic.<\/p>\n<p>Asiste regularmente a <strong>cursos de formaci\u00f3n y seminarios<\/strong> en todo el mundo para estar al d\u00eda de las \u00faltimas innovaciones en este campo. La biotecnolog\u00eda que el mismo desarrollo es solo uno de los\u00a0ejemplos de la <strong>innovaci\u00f3n y la alta calidad<\/strong>\u00a0de nuestra cl\u00ednica.<\/p>\n<p>Por todo ello no es de extra\u00f1ar que cuando se busca el mejor m\u00e9dico de injerto capilar en Estambul se hable directamente del Dr. Ibrahim.<\/p>\n                                                    <div class=\"btn\">\r\n                                <span class=\"angebot_btn bio_btn\" data-url=\"https:\/\/biohairclinic.com\/es\/calculadora-de-cabello\/\">Consulta gratuita<\/span>\r\n                            <\/div>\r\n                                            <\/div>\r\n                <\/div>\r\n            <\/div>\r\n            <\/div>\r\n<\/section>\n\n<section class=\"text_image\">\r\n    <div class=\"container\">\r\n                    <div class=\"row mobile_order\">\r\n                <div class=\"col-md-6\">\r\n                    <div class=\"content\">\r\n                        <h2>Trayectoria profesional del Dr. Ibrahim<\/h2>\n<ul>\n<li>2017 hasta la actualidad &#8211; Bio Hair Clinic, Estambul<br \/>\nDirector M\u00e9dico<\/li>\n<li>2012 &#8211; 2017 Universidad de Bezmialem, Estambul<br \/>\nTrabaj\u00f3 como m\u00e9dico encargado<br \/>\nCreador y coordinador del departamento de turismo m\u00e9dico<\/li>\n<li>2011 &#8211; Universidad Ege, Bornova\/Izmir<br \/>\nGraduado con certificado M.D<\/li>\n<\/ul>\n \r\n                                              \r\n                    <\/div>\r\n                <\/div>\r\n                <div class=\"col-md-6\">\r\n                                                <img loading=\"lazy\" decoding=\"async\" class=\"top_left_bottom_right\" src=\"https:\/\/biohairclinic.com\/es\/wp-content\/uploads\/sites\/4\/2022\/05\/icono-graduacion-universitaria.svg\" alt=\"icono graduaci\u00f3n universitaria\" width=\"294\" height=\"355\"\/>\r\n                                    <\/div>\r\n            <\/div>\r\n            <\/div>\r\n<\/section>\n\n<section class=\"text_image\">\r\n    <div class=\"container\">\r\n                    <div class=\"row mobile_order\">\r\n                <div class=\"col-md-6\">\r\n                    <div class=\"content\">\r\n                        <h2>Nuestros expertos te garantizan el mejor servicio<\/h2>\n<p>Los mejores m\u00e9dicos de trasplante capilar se encuentran en Turqu\u00eda, pero sin duda, el mejor m\u00e9dico en injerto capilar es el Dr. Ibrahim. Adem\u00e1s de su <strong>profunda experiencia<\/strong>, tambi\u00e9n tiene la capacidad de empatizar con sus pacientes.<\/p>\n<p>Tu cirug\u00eda capilar ser\u00e1 realizado en nuestra <a href=\"https:\/\/biohairclinic.com\/es\/clinica-capilar\/\">moderna cl\u00ednica<\/a> que se posiciona como una de las mejores de Turqu\u00eda.<\/p>\n<p>Todo el personal de Bio Hair Clinic es experto en su campo. Desde la extracci\u00f3n hasta la apertura del canal y el trasplante, \u00fanicamente trabajamos con los mejores especialistas.<\/p>\n<p>El Dr. Ibrahim y su equipo han perfeccionado el tratamiento capilar a tal punto que te sorprender\u00e1n los resultados del <a href=\"https:\/\/biohairclinic.com\/es\/injerto-capilar-turquia-antes-despues\/\">antes y el despu\u00e9s del injerto capilar<\/a>.<\/p>\n \r\n                                              \r\n                    <\/div>\r\n                <\/div>\r\n                <div class=\"col-md-6\">\r\n                                                <img loading=\"lazy\" decoding=\"async\" class=\"top_left_bottom_right\" src=\"https:\/\/biohairclinic.com\/es\/wp-content\/uploads\/sites\/4\/2021\/06\/El-Dr.-Ibrahim-especialista-en-trasplantes-capilares-y-su-equipo-con-un-paciente-antes-de-la-intervencio\u0301n.jpeg\" alt=\"El Dr. Ibrahim, especialista en trasplantes capilares, y su equipo con un paciente antes de la intervencio\u0301n\" width=\"610\" height=\"466\"\/>\r\n                                    <\/div>\r\n            <\/div>\r\n            <\/div>\r\n<\/section>\n\n<section class=\"text_image sec_bg\">\r\n    <div class=\"container\">\r\n                    <div class=\"row\">\r\n                <div class=\"col-md-6\">\r\n                                                <img loading=\"lazy\" decoding=\"async\" class=\"top_right_bottom_left\" src=\"https:\/\/biohairclinic.com\/es\/wp-content\/uploads\/sites\/4\/2021\/06\/El-Dr.-Ibrahim-especialista-en-trasplantes-capilares-y-su-equipo-en-segundo-plano.jpeg\" alt=\"El Dr. Ibrahim, especialista en trasplantes capilares, y su equipo en segundo plano\" width=\"610\" height=\"534\"\/>\r\n                                    <\/div>\r\n                <div class=\"col-md-6\">\r\n                    <div class=\"content\">\r\n                        <h2>Nuestro objetivo<\/h2>\n<p>Nuestro equipo trabaja con uno de los <strong>mejores m\u00e9dicos de trasplante capilar<\/strong> de Turqu\u00eda que siempre est\u00e1 dispuesto a ayudarte. Gracias a su experiencia recibir\u00e1s el tratamiento m\u00e1s suave, sostenible y eficaz del mundo. Nuestro objetivo es detener la ca\u00edda del cabello y  <strong>cumplir tu sue\u00f1o de tener un cabello voluminoso y fuerte<\/strong>.<\/p>\n<p>Para ello, utilizamos <strong>innovadoras t\u00e9cnicas<\/strong> como el <a href=\"https:\/\/biohairclinic.com\/es\/trasplante-capilar-dhi\/\">trasplante capilar DHI<\/a> y el <a href=\"https:\/\/biohairclinic.com\/es\/trasplante-capilar-zafiro-fue\/\">trasplante capilar FUE zafiro<\/a>. Nuestro trabajo est\u00e1 orientado en ti, por lo que queremos que te sientas c\u00f3modo con nosotros y que tengas una<strong> <a href=\"https:\/\/biohairclinic.com\/es\/opiniones-trasplante-capilar\/\">buena experiencia<\/a> con tu trasplante capilar<\/strong>.<\/p>\n<p>Si tienes alguna pregunta sobre nuestro m\u00e9dico especialista en injerto capilar, el tratamiento, el procedimiento o el precio, puedes ponerte en contacto con nuestro equipo por tel\u00e9fono o correo electr\u00f3nico las 24 horas del d\u00eda, los 7 d\u00edas de la semana.<\/p>\n                                                    <div class=\"btn\">\r\n                                <span class=\"angebot_btn bio_btn\" data-url=\"https:\/\/biohairclinic.com\/es\/calculadora-de-cabello\/\">Consulta gratuita<\/span>\r\n                            <\/div>\r\n                                            <\/div>\r\n                <\/div>\r\n            <\/div>\r\n            <\/div>\r\n<\/section>\n\n\r\n\r\n<section class=\"faq \">\r\n    <div class=\"container\">\r\n        <div class=\"row\">\r\n                            <div class=\"col-md-12\">\r\n                    <div class=\"title\">\r\n                        <h2>PREGUNTAS FRECUENTES <\/h2>\r\n                    <\/div>\r\n                <\/div>\r\n                                        <div class=\"col-md-6\">\r\n                    <div class=\"content\">\r\n                        <h3>\u00bfQu\u00e9 tipo de formaci\u00f3n tiene el Dr. Ibrahim?<\/h3>\r\n                        <p>Nuestro especialista estudi\u00f3 medicina en la Universidad Ege de Izmir\/Turqu\u00eda. Se especializ\u00f3 en microtrasplante capilar y realiz\u00f3 numerosos cursos sobre medicina capilar. Ha aprendido mucho para poder ayudar a la gente a tener una cabeza llena de pelo. \r\n<br><br>\r\nA d\u00eda de hoy, nuestro especialista capilar asiste regularmente a cursos y seminarios en todo el mundo. En Bio Hair Clinic, siempre trabajamos para lograr los m\u00e1s altos est\u00e1ndares.\r\n<\/p>\r\n                    <\/div>\r\n                <\/div>\r\n                                <div class=\"col-md-6\">\r\n                    <div class=\"content\">\r\n                        <h3>\u00bfTodas las personas que intervienen en mi injerto de cabello est\u00e1n formadas?<\/h3>\r\n                        <p>Todos los miembros del equipo est\u00e1n altamente capacitados en su campo. S\u00f3lo dejamos que trabajen en su cabeza expertos absolutos. Damos por descontado que la formaci\u00f3n y la educaci\u00f3n de nuestro personal son peri\u00f3dicas.<\/p>\r\n                    <\/div>\r\n                <\/div>\r\n                                <div class=\"col-md-6\">\r\n                    <div class=\"content\">\r\n                        <h3>\u00bfEl Dr. Ibrahim realizar\u00e1 \u00e9l mismo mi tratamiento capilar?<\/h3>\r\n                        <p>En Bio Hair Clinic contamos con especialistas especialmente formados para cada paso. Desde la apertura del canal hasta la extracci\u00f3n de los injertos, pasando por su colocaci\u00f3n, cada paso es realizado por un experto absoluto. De este modo podemos garantizar la m\u00e1xima calidad de sus tratamientos.<\/p>\r\n                    <\/div>\r\n                <\/div>\r\n                                <div class=\"col-md-6\">\r\n                    <div class=\"content\">\r\n                        <h3>\u00bfQu\u00e9 ocurre si me encuentro mal de repente durante la intervenci\u00f3n?<\/h3>\r\n                        <p>Si en alg\u00fan momento se siente mal durante el trasplante capilar, s\u00f3lo tiene que hablar con el equipo que lleva a cabo el procedimiento. Saben exactamente lo que hay que hacer en una situaci\u00f3n as\u00ed y te atender\u00e1n lo mejor posible. Siempre hay un m\u00e9dico de cabecera en la cl\u00ednica para atenderle.<\/p>\r\n                    <\/div>\r\n                <\/div>\r\n                                <div class=\"col-md-6\">\r\n                    <div class=\"content\">\r\n                        <h3>\u00bfQu\u00e9 diferencia al Dr. Ibrahim de otros m\u00e9dicos del sector?<\/h3>\r\n                        <p>El Dr. Ibrahim destaca por su continua formaci\u00f3n e investigaci\u00f3n en el campo de los trasplantes capilares. Tambi\u00e9n ha desarrollado la novedosa T\u00e9cnica Bio, que expresa su trabajo innovador. Es respetado por pacientes y colegas por igual por su experiencia y empat\u00eda.<\/p>\r\n                    <\/div>\r\n                <\/div>\r\n                                <div class=\"col-md-6\">\r\n                    <div class=\"content\">\r\n                        <h3>Tengo una pregunta sobre el trasplante de cabello. \u00bfQu\u00e9 debo hacer?<\/h3>\r\n                        <p>No dude en ponerse en contacto por tel\u00e9fono o correo electr\u00f3nico en cualquier momento. Estamos a su disposici\u00f3n las 24 horas del d\u00eda y hacemos que sus preocupaciones sean las nuestras.<\/p>\r\n                    <\/div>\r\n                <\/div>\r\n                        <\/div>\r\n    <\/div>\r\n<\/section>\r\n\r\n","protected":false},"excerpt":{"rendered":"","protected":false},"author":7,"featured_media":0,"parent":0,"menu_order":0,"comment_status":"closed","ping_status":"closed","template":"","meta":{"_acf_changed":false,"inline_featured_image":false,"footnotes":""},"class_list":["post-56766","page","type-page","status-publish","hentry"],"acf":[],"yoast_head":"<!-- This site is optimized with the Yoast SEO Premium plugin v27.3 (Yoast SEO v27.4) - https:\/\/yoast.com\/product\/yoast-seo-premium-wordpress\/ -->\n<title>Dr. Ibrahim, especialista en injerto capilar en Turqu\u00eda | Bio Hair Clinic<\/title>\n<meta name=\"description\" content=\"Conoce al Dr. Ibrahim y a su equipo. Expertos y creadores de la biotecnolog\u00eda en injerto capilar que garantiza resultados perfectos.\" \/>\n<meta name=\"robots\" content=\"index, follow, max-snippet:-1, max-image-preview:large, max-video-preview:-1\" \/>\n<link rel=\"canonical\" href=\"https:\/\/biohairclinic.com\/es\/especialistas-operacion-capilar\/\" \/>\n<meta property=\"og:locale\" content=\"es_ES\" \/>\n<meta property=\"og:type\" content=\"article\" \/>\n<meta property=\"og:title\" content=\"M\u00e9dico especialista en Trasplante Capilar - Dr. Ibrahim\" \/>\n<meta property=\"og:description\" content=\"Conoce al Dr. Ibrahim y a su equipo. Expertos y creadores de la biotecnolog\u00eda en injerto capilar que garantiza resultados perfectos.\" \/>\n<meta property=\"og:url\" content=\"https:\/\/biohairclinic.com\/es\/especialistas-operacion-capilar\/\" \/>\n<meta property=\"og:site_name\" content=\"Trasplante Capilar Turqu\u00eda\" \/>\n<meta property=\"article:modified_time\" content=\"2023-05-05T10:05:43+00:00\" \/>\n<meta name=\"twitter:card\" content=\"summary_large_image\" \/>\n<script type=\"application\/ld+json\" class=\"yoast-schema-graph\">{\"@context\":\"https:\\\/\\\/schema.org\",\"@graph\":[{\"@type\":\"WebPage\",\"@id\":\"https:\\\/\\\/biohairclinic.com\\\/es\\\/especialistas-operacion-capilar\\\/\",\"url\":\"https:\\\/\\\/biohairclinic.com\\\/es\\\/especialistas-operacion-capilar\\\/\",\"name\":\"Dr. Ibrahim, especialista en injerto capilar en Turqu\u00eda | Bio Hair Clinic\",\"isPartOf\":{\"@id\":\"https:\\\/\\\/biohairclinic.com\\\/es\\\/#website\"},\"datePublished\":\"2021-06-25T14:00:58+00:00\",\"dateModified\":\"2023-05-05T10:05:43+00:00\",\"description\":\"Conoce al Dr. Ibrahim y a su equipo. Expertos y creadores de la biotecnolog\u00eda en injerto capilar que garantiza resultados perfectos.\",\"breadcrumb\":{\"@id\":\"https:\\\/\\\/biohairclinic.com\\\/es\\\/especialistas-operacion-capilar\\\/#breadcrumb\"},\"inLanguage\":\"es-ES\",\"potentialAction\":[{\"@type\":\"ReadAction\",\"target\":[\"https:\\\/\\\/biohairclinic.com\\\/es\\\/especialistas-operacion-capilar\\\/\"]}]},{\"@type\":\"BreadcrumbList\",\"@id\":\"https:\\\/\\\/biohairclinic.com\\\/es\\\/especialistas-operacion-capilar\\\/#breadcrumb\",\"itemListElement\":[{\"@type\":\"ListItem\",\"position\":1,\"name\":\"Inicio\",\"item\":\"https:\\\/\\\/biohairclinic.com\\\/es\\\/\"},{\"@type\":\"ListItem\",\"position\":2,\"name\":\"M\u00e9dico especialista en Trasplante Capilar &#8211; Dr. Ibrahim\"}]},{\"@type\":\"WebSite\",\"@id\":\"https:\\\/\\\/biohairclinic.com\\\/es\\\/#website\",\"url\":\"https:\\\/\\\/biohairclinic.com\\\/es\\\/\",\"name\":\"Trasplante Capilar Turqu\u00eda\",\"description\":\"BioHairClinic\u00a9\",\"publisher\":{\"@id\":\"https:\\\/\\\/biohairclinic.com\\\/es\\\/#organization\"},\"potentialAction\":[{\"@type\":\"SearchAction\",\"target\":{\"@type\":\"EntryPoint\",\"urlTemplate\":\"https:\\\/\\\/biohairclinic.com\\\/es\\\/?s={search_term_string}\"},\"query-input\":{\"@type\":\"PropertyValueSpecification\",\"valueRequired\":true,\"valueName\":\"search_term_string\"}}],\"inLanguage\":\"es-ES\"},{\"@type\":[\"Organization\",\"Place\"],\"@id\":\"https:\\\/\\\/biohairclinic.com\\\/es\\\/#organization\",\"name\":\"Biohair Clinic\",\"url\":\"https:\\\/\\\/biohairclinic.com\\\/es\\\/\",\"logo\":{\"@id\":\"https:\\\/\\\/biohairclinic.com\\\/es\\\/especialistas-operacion-capilar\\\/#local-main-organization-logo\"},\"image\":{\"@id\":\"https:\\\/\\\/biohairclinic.com\\\/es\\\/especialistas-operacion-capilar\\\/#local-main-organization-logo\"},\"telephone\":[],\"openingHoursSpecification\":[{\"@type\":\"OpeningHoursSpecification\",\"dayOfWeek\":[\"Monday\",\"Tuesday\",\"Wednesday\",\"Thursday\",\"Friday\",\"Saturday\",\"Sunday\"],\"opens\":\"09:00\",\"closes\":\"17:00\"}]},{\"@type\":\"ImageObject\",\"inLanguage\":\"es-ES\",\"@id\":\"https:\\\/\\\/biohairclinic.com\\\/es\\\/especialistas-operacion-capilar\\\/#local-main-organization-logo\",\"url\":\"https:\\\/\\\/biohairclinic.com\\\/es\\\/wp-content\\\/uploads\\\/sites\\\/4\\\/2021\\\/06\\\/biohair-logo.svg\",\"contentUrl\":\"https:\\\/\\\/biohairclinic.com\\\/es\\\/wp-content\\\/uploads\\\/sites\\\/4\\\/2021\\\/06\\\/biohair-logo.svg\",\"caption\":\"Biohair Clinic\"}]}<\/script>\n<!-- \/ Yoast SEO Premium plugin. -->","yoast_head_json":{"title":"Dr. Ibrahim, especialista en injerto capilar en Turqu\u00eda | Bio Hair Clinic","description":"Conoce al Dr. Ibrahim y a su equipo. Expertos y creadores de la biotecnolog\u00eda en injerto capilar que garantiza resultados perfectos.","robots":{"index":"index","follow":"follow","max-snippet":"max-snippet:-1","max-image-preview":"max-image-preview:large","max-video-preview":"max-video-preview:-1"},"canonical":"https:\/\/biohairclinic.com\/es\/especialistas-operacion-capilar\/","og_locale":"es_ES","og_type":"article","og_title":"M\u00e9dico especialista en Trasplante Capilar - Dr. Ibrahim","og_description":"Conoce al Dr. Ibrahim y a su equipo. Expertos y creadores de la biotecnolog\u00eda en injerto capilar que garantiza resultados perfectos.","og_url":"https:\/\/biohairclinic.com\/es\/especialistas-operacion-capilar\/","og_site_name":"Trasplante Capilar Turqu\u00eda","article_modified_time":"2023-05-05T10:05:43+00:00","twitter_card":"summary_large_image","schema":{"@context":"https:\/\/schema.org","@graph":[{"@type":"WebPage","@id":"https:\/\/biohairclinic.com\/es\/especialistas-operacion-capilar\/","url":"https:\/\/biohairclinic.com\/es\/especialistas-operacion-capilar\/","name":"Dr. Ibrahim, especialista en injerto capilar en Turqu\u00eda | Bio Hair Clinic","isPartOf":{"@id":"https:\/\/biohairclinic.com\/es\/#website"},"datePublished":"2021-06-25T14:00:58+00:00","dateModified":"2023-05-05T10:05:43+00:00","description":"Conoce al Dr. Ibrahim y a su equipo. Expertos y creadores de la biotecnolog\u00eda en injerto capilar que garantiza resultados perfectos.","breadcrumb":{"@id":"https:\/\/biohairclinic.com\/es\/especialistas-operacion-capilar\/#breadcrumb"},"inLanguage":"es-ES","potentialAction":[{"@type":"ReadAction","target":["https:\/\/biohairclinic.com\/es\/especialistas-operacion-capilar\/"]}]},{"@type":"BreadcrumbList","@id":"https:\/\/biohairclinic.com\/es\/especialistas-operacion-capilar\/#breadcrumb","itemListElement":[{"@type":"ListItem","position":1,"name":"Inicio","item":"https:\/\/biohairclinic.com\/es\/"},{"@type":"ListItem","position":2,"name":"M\u00e9dico especialista en Trasplante Capilar &#8211; Dr. Ibrahim"}]},{"@type":"WebSite","@id":"https:\/\/biohairclinic.com\/es\/#website","url":"https:\/\/biohairclinic.com\/es\/","name":"Trasplante Capilar Turqu\u00eda","description":"BioHairClinic\u00a9","publisher":{"@id":"https:\/\/biohairclinic.com\/es\/#organization"},"potentialAction":[{"@type":"SearchAction","target":{"@type":"EntryPoint","urlTemplate":"https:\/\/biohairclinic.com\/es\/?s={search_term_string}"},"query-input":{"@type":"PropertyValueSpecification","valueRequired":true,"valueName":"search_term_string"}}],"inLanguage":"es-ES"},{"@type":["Organization","Place"],"@id":"https:\/\/biohairclinic.com\/es\/#organization","name":"Biohair Clinic","url":"https:\/\/biohairclinic.com\/es\/","logo":{"@id":"https:\/\/biohairclinic.com\/es\/especialistas-operacion-capilar\/#local-main-organization-logo"},"image":{"@id":"https:\/\/biohairclinic.com\/es\/especialistas-operacion-capilar\/#local-main-organization-logo"},"telephone":[],"openingHoursSpecification":[{"@type":"OpeningHoursSpecification","dayOfWeek":["Monday","Tuesday","Wednesday","Thursday","Friday","Saturday","Sunday"],"opens":"09:00","closes":"17:00"}]},{"@type":"ImageObject","inLanguage":"es-ES","@id":"https:\/\/biohairclinic.com\/es\/especialistas-operacion-capilar\/#local-main-organization-logo","url":"https:\/\/biohairclinic.com\/es\/wp-content\/uploads\/sites\/4\/2021\/06\/biohair-logo.svg","contentUrl":"https:\/\/biohairclinic.com\/es\/wp-content\/uploads\/sites\/4\/2021\/06\/biohair-logo.svg","caption":"Biohair Clinic"}]}},"_links":{"self":[{"href":"https:\/\/biohairclinic.com\/es\/wp-json\/wp\/v2\/pages\/56766","targetHints":{"allow":["GET"]}}],"collection":[{"href":"https:\/\/biohairclinic.com\/es\/wp-json\/wp\/v2\/pages"}],"about":[{"href":"https:\/\/biohairclinic.com\/es\/wp-json\/wp\/v2\/types\/page"}],"author":[{"embeddable":true,"href":"https:\/\/biohairclinic.com\/es\/wp-json\/wp\/v2\/users\/7"}],"replies":[{"embeddable":true,"href":"https:\/\/biohairclinic.com\/es\/wp-json\/wp\/v2\/comments?post=56766"}],"version-history":[{"count":40,"href":"https:\/\/biohairclinic.com\/es\/wp-json\/wp\/v2\/pages\/56766\/revisions"}],"predecessor-version":[{"id":59357,"href":"https:\/\/biohairclinic.com\/es\/wp-json\/wp\/v2\/pages\/56766\/revisions\/59357"}],"wp:attachment":[{"href":"https:\/\/biohairclinic.com\/es\/wp-json\/wp\/v2\/media?parent=56766"}],"curies":[{"name":"wp","href":"https:\/\/api.w.org\/{rel}","templated":true}]}}