{"id":57540,"date":"2021-06-26T12:42:35","date_gmt":"2021-06-26T12:42:35","guid":{"rendered":"https:\/\/biohairclinic.com\/es\/?page_id=57540"},"modified":"2022-05-07T06:32:18","modified_gmt":"2022-05-07T06:32:18","slug":"injerto-capilar-corona","status":"publish","type":"page","link":"https:\/\/biohairclinic.com\/es\/injerto-capilar-corona\/","title":{"rendered":"Injerto capilar en Turqu\u00eda durante el COVID-19"},"content":{"rendered":"<section class=\"hero\">\r\n    <div class=\"container\">\r\n        <div class=\"row\">\r\n            <div class=\"col-md-6\">\r\n                <h1><span>Injerto capilar en Turqu\u00eda<\/span> durante el COVID-19<\/h1>\r\n                <div class=\"p-block\">\r\n                    <p><strong>Lo que tienes que saber<\/strong>\r\n<br>\r\n<br>\r\nRealizar tu injerto capilar en Turqu\u00eda es posible sin problemas incluso en tiempos de Corona virus. Hemos desarrollado nuestro propio sistema de higiene que cumple las <strong>m\u00e1s estrictas normas de seguridad<\/strong>. <br><br>\r\nNuestros expertos en Estambul est\u00e1n formados profesionalmente y cumplen todas las <strong>directrices COVID-19<\/strong>, para que tu tratamiento sea seguro y sin problemas.\r\n<\/p>\r\n                       \r\n                <\/div>\r\n            <\/div>\r\n            <div class=\"col-md-6\">\r\n                                        <img loading=\"lazy\" decoding=\"async\" src=\"https:\/\/biohairclinic.com\/es\/wp-content\/uploads\/sites\/4\/2021\/06\/Gra\u0301fico-de-trasplante-capilar-en-Turqui\u0301a-durante-el-Corona.svg\" alt=\"Gra\u0301fico de trasplante capilar en Turqui\u0301a durante el Corona\" width=\"589\" height=\"487\"\/>\r\n                            <\/div>\r\n        <\/div>\r\n    <\/div>\r\n<\/section>\n\n<section class=\"text_image sec_bg\">\r\n    <div class=\"container\">\r\n        <div class=\"row\">\r\n                            <div class=\"col-md-6\">\r\n                    <div class=\"col-dark-blue border-3-dark border-radius-1\">\r\n                        <h2><b>Actualizaci\u00f3n COVID-19:<\/b><\/h2>\n<p><span style=\"font-weight: 400;\">Actualmente todos los pacientes tienen la posibilidad de viajar a Turqu\u00eda sin problemas. Hay que tener en cuenta los siguientes puntos:<\/span><\/p>\n<ul>\n<li>Entrada con prueba de ant\u00edgenos negativa (de un centro de pruebas oficial y con una antig\u00fcedad no superior a 48 horas)<\/li>\n<li>El viaje de vuelta s\u00f3lo es posible con una prueba de ant\u00edgenos negativa.<\/li>\n<li>En Estambul, las mascarillas son estrictamente necesarias<\/li>\n<li>Debe respetarse una distancia m\u00ednima de 1,5 metros<\/li>\n<\/ul>\n                                                                                    <div class=\"btn\">\r\n                                    <span class=\"angebot_btn bio_btn\" data-url=\"https:\/\/biohairclinic.com\/es\/calculadora-de-cabello\/\">Calcular presupuesto<\/span>\r\n                                <\/div>\r\n                                                                        <\/div>\r\n                <\/div>\r\n                <div class=\"col-md-6\">\r\n                    <div class=\"col-dark-blue border-radius-3 dark-blue\">\r\n                        <h2>\u00bfEs posible un injerto capilar en Turqu\u00eda pese al Corona virus?<\/h2>\n<p>La pandemia de Covid 19 sigue atormentando al mundo. Sin embargo, cada vez notamos m\u00e1s flexibilizaci\u00f3n de las normas Covid en la vida cotidiana.<\/p>\n<p>Nada se interpondr\u00e1 en tu deseo de tener un cabello simplemente lleno. Un trasplante capilar en Turqu\u00eda a pesar de Corona sigue siendo posible sin restricciones.<\/p>\n<p>En Bio Hair Clinic nuestros especialistas han ayudado a miles de pacientes a tener un cabello completo durante la pandemia. Gracias a nuestras eficaces medidas de higiene, nada se interpone en el camino de tu trasplante capilar.<\/p>\n                                            <\/div>\r\n                <\/div>\r\n                    <\/div>\r\n    <\/div>\r\n<\/section>\n\n<section class=\"text_image\">\r\n    <div class=\"container\">\r\n                    <div class=\"row\">\r\n                <div class=\"col-md-6\">\r\n                                                <img loading=\"lazy\" decoding=\"async\" class=\"top_right_bottom_left\" src=\"https:\/\/biohairclinic.com\/es\/wp-content\/uploads\/sites\/4\/2021\/06\/Avio\u0301n-en-la-pista-de-un-aeropuerto.jpeg\" alt=\"Avio\u0301n en la pista de un aeropuerto\" width=\"610\" height=\"527\"\/>\r\n                                    <\/div>\r\n                <div class=\"col-md-6\">\r\n                    <div class=\"content\">\r\n                        <h2>Prep\u00e1rate para la salida<\/h2>\n<p>Tu entrada en Turqu\u00eda todav\u00eda es posible. Para garantizar el buen funcionamiento de tu injerto capilar en Turqu\u00eda en tiempos de Corona, tenga en cuenta lo siguiente:<br \/>\nPara entrar en Turqu\u00eda, debes tener una prueba de ant\u00edgenos negativa. Debe ser de un centro de pruebas oficial y no tener m\u00e1s de 48 horas de antig\u00fcedad.<\/p>\n<p>Tambi\u00e9n debes rellenar un formulario de inscripci\u00f3n del Ministerio de Sanidad turco en un plazo de 72 horas.<\/p>\n<p>Tu ventaja es que hay muchos menos pasajeros en el avi\u00f3n que antes de la pandemia. As\u00ed podr\u00e1s estirar las piernas y relajarte de verdad durante el vuelo.<\/p>\n                                            <\/div>\r\n                <\/div>\r\n            <\/div>\r\n            <\/div>\r\n<\/section>\n\n<section class=\"text_image sec_bg\">\r\n    <div class=\"container\">\r\n                    <div class=\"row mobile_order\">\r\n                <div class=\"col-md-6\">\r\n                    <div class=\"content\">\r\n                        <h2>Higiene en Turqu\u00eda <\/h2>\n<p>El aeropuerto de Estambul se ha convertido en el primer aeropuerto del mundo en recibir la nueva acreditaci\u00f3n sanitaria del ACI (Consejo Internacional de Aeropuertos). Hay c\u00e1maras t\u00e9rmicas instaladas en todo el aeropuerto para medir la temperatura de cada pasajero.<\/p>\n<p>El personal tambi\u00e9n presta mucha atenci\u00f3n al uso de mascarillas y al cumplimiento de la distancia de seguridad. Los traslados al hotel y a la cl\u00ednica se har\u00e1n en nuestro transporte VIP.<\/p>\n<p>Despu\u00e9s de cada viaje, nuestros conductores realizan una desinfecci\u00f3n a fondo. Para que puedas subir al coche con tranquilidad. El servicio de transporte VIP es para t\u00ed solo y ser\u00e1s conducido con seguridad a la cl\u00ednica.<\/p>\n<p>Cada uno de los miembros de nuestro equipo tiene una profunda experiencia y est\u00e1 formado en las medidas de protecci\u00f3n establecidas para contener la pandemia. Tu seguridad es nuestra prioridad.<\/p>\n \r\n                                                    <div class=\"btn\">\r\n                                <span class=\"angebot_btn bio_btn\" data-url=\"https:\/\/biohairclinic.com\/es\/calculadora-de-cabello\/\">Consulta gratuita<\/span>\r\n                            <\/div>\r\n                                              \r\n                    <\/div>\r\n                <\/div>\r\n                <div class=\"col-md-6\">\r\n                                                <img loading=\"lazy\" decoding=\"async\" class=\"top_left_bottom_right\" src=\"https:\/\/biohairclinic.com\/es\/wp-content\/uploads\/sites\/4\/2021\/06\/me\u0301dico-equipo-boquilla.jpeg\" alt=\"me\u0301dico-equipo-boquilla\" width=\"610\" height=\"644\"\/>\r\n                                    <\/div>\r\n            <\/div>\r\n            <\/div>\r\n<\/section>\n\n<section class=\"text_image\">\r\n    <div class=\"container\">\r\n                    <div class=\"row\">\r\n                <div class=\"col-md-6\">\r\n                                                <img loading=\"lazy\" decoding=\"async\" class=\"top_right_bottom_left\" src=\"https:\/\/biohairclinic.com\/es\/wp-content\/uploads\/sites\/4\/2021\/06\/Quiro\u0301fano-de-injerto-capilar-en-Turqui\u0301a-durante-Corona.jpeg\" alt=\"Quiro\u0301fano de injerto capilar en Turqui\u0301a durante Corona\" width=\"610\" height=\"392\"\/>\r\n                                    <\/div>\r\n                <div class=\"col-md-6\">\r\n                    <div class=\"content\">\r\n                        <h2>Desinfecci\u00f3n de cada habitaci\u00f3n<\/h2>\n<p>Antes de tu injerto capilar en Turqu\u00eda en tiempos de Corona, todas las salas de tratamiento en nuestra cl\u00ednica son todas las salas de tratamiento de nuestra cl\u00ednica se desinfectan regularmente. <\/p>\n<p>Antes de que comience el procedimiento, se realiza una desinfecci\u00f3n especialmente cuidadosa.<br \/>\nAdem\u00e1s, cada sala est\u00e1 equipada con l\u00e1mparas UV para eliminar eficazmente las bacterias y los virus.<\/p>\n<p>Su ventaja es que se minimiza cualquier riesgo. Podr\u00e1s sentirte c\u00f3modo y esperar con ansias tu nuevo y completo cabello.<\/p>\n                                            <\/div>\r\n                <\/div>\r\n            <\/div>\r\n            <\/div>\r\n<\/section>\n\n<section class=\"text_image sec_bg\">\r\n    <div class=\"container\">\r\n                    <div class=\"row mobile_order\">\r\n                <div class=\"col-md-6\">\r\n                    <div class=\"content\">\r\n                        <h2>Medidas en tu lujoso hotel <\/h2>\n<p>Nuestros hoteles de lujo asociados han dise\u00f1ado cuidadosamente conceptos de higiene. All\u00ed te esperan unas normas de seguridad \u00f3ptimas y un servicio excelente.<br \/>\nLa habitaci\u00f3n del hotel se desinfectar\u00e1 por adelantado y se ventilar\u00e1 regularmente. Tras el registro, recibir\u00e1s un set de higiene compuesto por una mascarilla y un desinfectante.<\/p>\n<p>Para evitar en lo posible el contacto entre los hu\u00e9spedes, la comida se sirve actualmente s\u00f3lo en platos. Como es habitual, las m\u00e1scaras tambi\u00e9n son obligatorias en el comedor.<\/p>\n \r\n                                                    <div class=\"btn\">\r\n                                <span class=\"angebot_btn bio_btn\" data-url=\"https:\/\/biohairclinic.com\/es\/calculadora-de-cabello\/\">Consulta gratuita<\/span>\r\n                            <\/div>\r\n                                              \r\n                    <\/div>\r\n                <\/div>\r\n                <div class=\"col-md-6\">\r\n                                                <img loading=\"lazy\" decoding=\"async\" class=\"top_left_bottom_right\" src=\"https:\/\/biohairclinic.com\/es\/wp-content\/uploads\/sites\/4\/2021\/06\/La-entrada-del-hotel-de-lujo-en-Estambul-Reis-Inn.jpeg\" alt=\"La entrada del hotel de lujo en Estambul Reis Inn\" width=\"610\" height=\"467\"\/>\r\n                                    <\/div>\r\n            <\/div>\r\n            <\/div>\r\n<\/section>\n\n<section class=\"text_image\">\r\n    <div class=\"container\">\r\n                    <div class=\"row\">\r\n                <div class=\"col-md-6\">\r\n                                                <img loading=\"lazy\" decoding=\"async\" class=\"top_right_bottom_left\" src=\"https:\/\/biohairclinic.com\/es\/wp-content\/uploads\/sites\/4\/2021\/06\/paciente-de-sexo-masculino-en-el-aeropuerto-esperando-su-vuelo-a-casa.jpeg\" alt=\"paciente de sexo masculino en el aeropuerto esperando su vuelo a casa\" width=\"610\" height=\"390\"\/>\r\n                                    <\/div>\r\n                <div class=\"col-md-6\">\r\n                    <div class=\"content\">\r\n                        <h2>De vuelta a Espa\u00f1a<\/h2>\n<p>Despu\u00e9s de tu injerto capilar en Turqu\u00eda durante el Corona, podr\u00e1s tomar tu vuelo de vuelta a casa al d\u00eda siguiente. <\/p>\n<p>Debido a la normativa Covid, se aplica lo siguiente: para poder volver a entrar en Espa\u00f1a, debes presentar una prueba de ant\u00edgenos negativa.<\/p>\n<p>La prueba se realiza in situ en nuestra cl\u00ednica, sin costes adicionales. <\/p>\n                                            <\/div>\r\n                <\/div>\r\n            <\/div>\r\n            <\/div>\r\n<\/section>\n\n<section class=\"text_image sec_bg\">\r\n    <div class=\"container\">\r\n                    <div class=\"row mobile_order\">\r\n                <div class=\"col-md-6\">\r\n                    <div class=\"content\">\r\n                        <h2>\u00bfQu\u00e9 ha cambiado en el injerto capilar en Turqu\u00eda durante el Covid-19?<\/h2>\n<p>Incluso durante la pandemia, seguimos cumpliendo con los est\u00e1ndares m\u00e1s altos en nuestros tratamientos capilares. Nuestro experimentado equipo de especialistas realizar\u00e1 tu procedimiento con el m\u00e1ximo cuidado y conseguir\u00e1 un resultado perfecto.<\/p>\n<p>Adem\u00e1s de los ex\u00e1menes preventivos y de seguimiento, tambi\u00e9n se le har\u00e1 una prueba PCR.<\/p>\n<p>Tu protecci\u00f3n y seguridad son nuestra m\u00e1xima prioridad<\/p>\n \r\n                                                    <div class=\"btn\">\r\n                                <span class=\"angebot_btn bio_btn\" data-url=\"https:\/\/biohairclinic.com\/es\/calculadora-de-cabello\/\">Consulta gratuita<\/span>\r\n                            <\/div>\r\n                                              \r\n                    <\/div>\r\n                <\/div>\r\n                <div class=\"col-md-6\">\r\n                                                <img loading=\"lazy\" decoding=\"async\" class=\"top_left_bottom_right\" src=\"https:\/\/biohairclinic.com\/es\/wp-content\/uploads\/sites\/4\/2021\/06\/experto-en-trasplante-de-cabello.jpeg\" alt=\"experto en trasplante de cabello\" width=\"610\" height=\"516\"\/>\r\n                                    <\/div>\r\n            <\/div>\r\n            <\/div>\r\n<\/section>\n\n\r\n\r\n<section class=\"faq \">\r\n    <div class=\"container\">\r\n        <div class=\"row\">\r\n                            <div class=\"col-md-12\">\r\n                    <div class=\"title\">\r\n                        <h2>FAQ <\/h2>\r\n                    <\/div>\r\n                <\/div>\r\n                                        <div class=\"col-md-6\">\r\n                    <div class=\"content\">\r\n                        <h3>\u00bfEs posible el trasplante capilar en Turqu\u00eda durante el Covid?<\/h3>\r\n                        <p>S\u00ed, incluso durante la pandemia Covid-19, seguimos realizando injertos capilares a diario, cumpliendo el sue\u00f1o de nuestros pacientes de tener simplemente una cabeza llena de pelo. Garantizamos tu protecci\u00f3n con las m\u00e1s estrictas medidas higi\u00e9nicas.<\/p>\r\n                    <\/div>\r\n                <\/div>\r\n                                <div class=\"col-md-6\">\r\n                    <div class=\"content\">\r\n                        <h3>\u00bfExisten desventajas durante la pandemia del Corona?<\/h3>\r\n                        <p>No hay desventajas en someterse a un trasplante capilar durante el COVID-19. Sus ventajas son: Est\u00e1s cumpliendo tu gran sue\u00f1o de tener simplemente una melena completa. Sus posibilidades de ocio son elevadas debido a que hay menos ocasiones sociales, lo que hace que el viaje sea agradable.<\/p>\r\n                    <\/div>\r\n                <\/div>\r\n                                <div class=\"col-md-6\">\r\n                    <div class=\"content\">\r\n                        <h3>\u00bfQu\u00e9 medidas de protecci\u00f3n ha tomado la Bio Hair Clinic?<\/h3>\r\n                        <p>Para protegerte mejor del coronavirus, hemos aplicado un r\u00e9gimen de higiene estricto y seguro. Esto incluye mediciones de temperatura, mascarillas m\u00e9dicas y desinfecciones y limpiezas peri\u00f3dicas.<\/p>\r\n                    <\/div>\r\n                <\/div>\r\n                                <div class=\"col-md-6\">\r\n                    <div class=\"content\">\r\n                        <h3>\u00bfUna infecci\u00f3n por el coronavirus tiene alguna desventaja para un injerto capilar?<\/h3>\r\n                        <p>Si est\u00e1s infectado con COVID-19, no podemos tratarte. Esto es para proteger a nuestros pacientes y al equipo. Tan pronto como se haya recuperado, el trasplante capilar ser\u00e1 posible de nuevo.<\/p>\r\n                    <\/div>\r\n                <\/div>\r\n                                <div class=\"col-md-6\">\r\n                    <div class=\"content\">\r\n                        <h3>\u00bfEs posible entrar en Turqu\u00eda?<\/h3>\r\n                        <p>Para poder entrar en Turqu\u00eda sin obst\u00e1culos, es necesario que la prueba PCR sea negativa y que no tenga m\u00e1s de 48 horas de antig\u00fcedad. Adem\u00e1s, tienes que rellenar el formulario de entrada de las autoridades sanitarias turcas. Despu\u00e9s, nada se interpondr\u00e1 en el camino de tu injerto capilar durante el Coronavirus.<\/p>\r\n                    <\/div>\r\n                <\/div>\r\n                                <div class=\"col-md-6\">\r\n                    <div class=\"content\">\r\n                        <h3>\u00bfTengo que vacunarme contra el Corona?<\/h3>\r\n                        <p>No es obligatorio vacunarse contra el Corona para viajar a Turqu\u00eda. Si sufres de p\u00e9rdida de cabello, puedes viajar a Estambul con la conciencia tranquila y dejarse tratar por los expertos de Bio Hair Clinic.<\/p>\r\n                    <\/div>\r\n                <\/div>\r\n                        <\/div>\r\n    <\/div>\r\n<\/section>\r\n\r\n","protected":false},"excerpt":{"rendered":"","protected":false},"author":7,"featured_media":0,"parent":0,"menu_order":0,"comment_status":"closed","ping_status":"closed","template":"","meta":{"_acf_changed":false,"inline_featured_image":false,"footnotes":""},"class_list":["post-57540","page","type-page","status-publish","hentry"],"acf":[],"yoast_head":"<!-- This site is optimized with the Yoast SEO Premium plugin v27.3 (Yoast SEO v27.4) - https:\/\/yoast.com\/product\/yoast-seo-premium-wordpress\/ -->\n<title>Injerto capilar Turqu\u00eda durante el Covid-19 | Bio Hair Clinic<\/title>\n<meta name=\"description\" content=\"\u00bfEs seguro realizar un injerto capilar en Turqu\u00eda durante el Corona Virus? \u00bfQu\u00e9 medidas de prevenci\u00f3n hay? Resolvemos aqu\u00ed todas sus dudas.\" \/>\n<meta name=\"robots\" content=\"index, follow, max-snippet:-1, max-image-preview:large, max-video-preview:-1\" \/>\n<link rel=\"canonical\" href=\"https:\/\/biohairclinic.com\/es\/injerto-capilar-corona\/\" \/>\n<meta property=\"og:locale\" content=\"es_ES\" \/>\n<meta property=\"og:type\" content=\"article\" \/>\n<meta property=\"og:title\" content=\"Injerto capilar en Turqu\u00eda durante el COVID-19\" \/>\n<meta property=\"og:description\" content=\"\u00bfEs seguro realizar un injerto capilar en Turqu\u00eda durante el Corona Virus? \u00bfQu\u00e9 medidas de prevenci\u00f3n hay? Resolvemos aqu\u00ed todas sus dudas.\" \/>\n<meta property=\"og:url\" content=\"https:\/\/biohairclinic.com\/es\/injerto-capilar-corona\/\" \/>\n<meta property=\"og:site_name\" content=\"Trasplante Capilar Turqu\u00eda\" \/>\n<meta property=\"article:modified_time\" content=\"2022-05-07T06:32:18+00:00\" \/>\n<meta name=\"twitter:card\" content=\"summary_large_image\" \/>\n<script type=\"application\/ld+json\" class=\"yoast-schema-graph\">{\"@context\":\"https:\\\/\\\/schema.org\",\"@graph\":[{\"@type\":\"WebPage\",\"@id\":\"https:\\\/\\\/biohairclinic.com\\\/es\\\/injerto-capilar-corona\\\/\",\"url\":\"https:\\\/\\\/biohairclinic.com\\\/es\\\/injerto-capilar-corona\\\/\",\"name\":\"Injerto capilar Turqu\u00eda durante el Covid-19 | Bio Hair Clinic\",\"isPartOf\":{\"@id\":\"https:\\\/\\\/biohairclinic.com\\\/es\\\/#website\"},\"datePublished\":\"2021-06-26T12:42:35+00:00\",\"dateModified\":\"2022-05-07T06:32:18+00:00\",\"description\":\"\u00bfEs seguro realizar un injerto capilar en Turqu\u00eda durante el Corona Virus? \u00bfQu\u00e9 medidas de prevenci\u00f3n hay? Resolvemos aqu\u00ed todas sus dudas.\",\"breadcrumb\":{\"@id\":\"https:\\\/\\\/biohairclinic.com\\\/es\\\/injerto-capilar-corona\\\/#breadcrumb\"},\"inLanguage\":\"es-ES\",\"potentialAction\":[{\"@type\":\"ReadAction\",\"target\":[\"https:\\\/\\\/biohairclinic.com\\\/es\\\/injerto-capilar-corona\\\/\"]}]},{\"@type\":\"BreadcrumbList\",\"@id\":\"https:\\\/\\\/biohairclinic.com\\\/es\\\/injerto-capilar-corona\\\/#breadcrumb\",\"itemListElement\":[{\"@type\":\"ListItem\",\"position\":1,\"name\":\"Inicio\",\"item\":\"https:\\\/\\\/biohairclinic.com\\\/es\\\/\"},{\"@type\":\"ListItem\",\"position\":2,\"name\":\"Injerto capilar en Turqu\u00eda durante el COVID-19\"}]},{\"@type\":\"WebSite\",\"@id\":\"https:\\\/\\\/biohairclinic.com\\\/es\\\/#website\",\"url\":\"https:\\\/\\\/biohairclinic.com\\\/es\\\/\",\"name\":\"Trasplante Capilar Turqu\u00eda\",\"description\":\"BioHairClinic\u00a9\",\"publisher\":{\"@id\":\"https:\\\/\\\/biohairclinic.com\\\/es\\\/#organization\"},\"potentialAction\":[{\"@type\":\"SearchAction\",\"target\":{\"@type\":\"EntryPoint\",\"urlTemplate\":\"https:\\\/\\\/biohairclinic.com\\\/es\\\/?s={search_term_string}\"},\"query-input\":{\"@type\":\"PropertyValueSpecification\",\"valueRequired\":true,\"valueName\":\"search_term_string\"}}],\"inLanguage\":\"es-ES\"},{\"@type\":[\"Organization\",\"Place\"],\"@id\":\"https:\\\/\\\/biohairclinic.com\\\/es\\\/#organization\",\"name\":\"Biohair Clinic\",\"url\":\"https:\\\/\\\/biohairclinic.com\\\/es\\\/\",\"logo\":{\"@id\":\"https:\\\/\\\/biohairclinic.com\\\/es\\\/injerto-capilar-corona\\\/#local-main-organization-logo\"},\"image\":{\"@id\":\"https:\\\/\\\/biohairclinic.com\\\/es\\\/injerto-capilar-corona\\\/#local-main-organization-logo\"},\"telephone\":[],\"openingHoursSpecification\":[{\"@type\":\"OpeningHoursSpecification\",\"dayOfWeek\":[\"Monday\",\"Tuesday\",\"Wednesday\",\"Thursday\",\"Friday\",\"Saturday\",\"Sunday\"],\"opens\":\"09:00\",\"closes\":\"17:00\"}]},{\"@type\":\"ImageObject\",\"inLanguage\":\"es-ES\",\"@id\":\"https:\\\/\\\/biohairclinic.com\\\/es\\\/injerto-capilar-corona\\\/#local-main-organization-logo\",\"url\":\"https:\\\/\\\/biohairclinic.com\\\/es\\\/wp-content\\\/uploads\\\/sites\\\/4\\\/2021\\\/06\\\/biohair-logo.svg\",\"contentUrl\":\"https:\\\/\\\/biohairclinic.com\\\/es\\\/wp-content\\\/uploads\\\/sites\\\/4\\\/2021\\\/06\\\/biohair-logo.svg\",\"caption\":\"Biohair Clinic\"}]}<\/script>\n<!-- \/ Yoast SEO Premium plugin. -->","yoast_head_json":{"title":"Injerto capilar Turqu\u00eda durante el Covid-19 | Bio Hair Clinic","description":"\u00bfEs seguro realizar un injerto capilar en Turqu\u00eda durante el Corona Virus? \u00bfQu\u00e9 medidas de prevenci\u00f3n hay? Resolvemos aqu\u00ed todas sus dudas.","robots":{"index":"index","follow":"follow","max-snippet":"max-snippet:-1","max-image-preview":"max-image-preview:large","max-video-preview":"max-video-preview:-1"},"canonical":"https:\/\/biohairclinic.com\/es\/injerto-capilar-corona\/","og_locale":"es_ES","og_type":"article","og_title":"Injerto capilar en Turqu\u00eda durante el COVID-19","og_description":"\u00bfEs seguro realizar un injerto capilar en Turqu\u00eda durante el Corona Virus? \u00bfQu\u00e9 medidas de prevenci\u00f3n hay? Resolvemos aqu\u00ed todas sus dudas.","og_url":"https:\/\/biohairclinic.com\/es\/injerto-capilar-corona\/","og_site_name":"Trasplante Capilar Turqu\u00eda","article_modified_time":"2022-05-07T06:32:18+00:00","twitter_card":"summary_large_image","schema":{"@context":"https:\/\/schema.org","@graph":[{"@type":"WebPage","@id":"https:\/\/biohairclinic.com\/es\/injerto-capilar-corona\/","url":"https:\/\/biohairclinic.com\/es\/injerto-capilar-corona\/","name":"Injerto capilar Turqu\u00eda durante el Covid-19 | Bio Hair Clinic","isPartOf":{"@id":"https:\/\/biohairclinic.com\/es\/#website"},"datePublished":"2021-06-26T12:42:35+00:00","dateModified":"2022-05-07T06:32:18+00:00","description":"\u00bfEs seguro realizar un injerto capilar en Turqu\u00eda durante el Corona Virus? \u00bfQu\u00e9 medidas de prevenci\u00f3n hay? Resolvemos aqu\u00ed todas sus dudas.","breadcrumb":{"@id":"https:\/\/biohairclinic.com\/es\/injerto-capilar-corona\/#breadcrumb"},"inLanguage":"es-ES","potentialAction":[{"@type":"ReadAction","target":["https:\/\/biohairclinic.com\/es\/injerto-capilar-corona\/"]}]},{"@type":"BreadcrumbList","@id":"https:\/\/biohairclinic.com\/es\/injerto-capilar-corona\/#breadcrumb","itemListElement":[{"@type":"ListItem","position":1,"name":"Inicio","item":"https:\/\/biohairclinic.com\/es\/"},{"@type":"ListItem","position":2,"name":"Injerto capilar en Turqu\u00eda durante el COVID-19"}]},{"@type":"WebSite","@id":"https:\/\/biohairclinic.com\/es\/#website","url":"https:\/\/biohairclinic.com\/es\/","name":"Trasplante Capilar Turqu\u00eda","description":"BioHairClinic\u00a9","publisher":{"@id":"https:\/\/biohairclinic.com\/es\/#organization"},"potentialAction":[{"@type":"SearchAction","target":{"@type":"EntryPoint","urlTemplate":"https:\/\/biohairclinic.com\/es\/?s={search_term_string}"},"query-input":{"@type":"PropertyValueSpecification","valueRequired":true,"valueName":"search_term_string"}}],"inLanguage":"es-ES"},{"@type":["Organization","Place"],"@id":"https:\/\/biohairclinic.com\/es\/#organization","name":"Biohair Clinic","url":"https:\/\/biohairclinic.com\/es\/","logo":{"@id":"https:\/\/biohairclinic.com\/es\/injerto-capilar-corona\/#local-main-organization-logo"},"image":{"@id":"https:\/\/biohairclinic.com\/es\/injerto-capilar-corona\/#local-main-organization-logo"},"telephone":[],"openingHoursSpecification":[{"@type":"OpeningHoursSpecification","dayOfWeek":["Monday","Tuesday","Wednesday","Thursday","Friday","Saturday","Sunday"],"opens":"09:00","closes":"17:00"}]},{"@type":"ImageObject","inLanguage":"es-ES","@id":"https:\/\/biohairclinic.com\/es\/injerto-capilar-corona\/#local-main-organization-logo","url":"https:\/\/biohairclinic.com\/es\/wp-content\/uploads\/sites\/4\/2021\/06\/biohair-logo.svg","contentUrl":"https:\/\/biohairclinic.com\/es\/wp-content\/uploads\/sites\/4\/2021\/06\/biohair-logo.svg","caption":"Biohair Clinic"}]}},"_links":{"self":[{"href":"https:\/\/biohairclinic.com\/es\/wp-json\/wp\/v2\/pages\/57540","targetHints":{"allow":["GET"]}}],"collection":[{"href":"https:\/\/biohairclinic.com\/es\/wp-json\/wp\/v2\/pages"}],"about":[{"href":"https:\/\/biohairclinic.com\/es\/wp-json\/wp\/v2\/types\/page"}],"author":[{"embeddable":true,"href":"https:\/\/biohairclinic.com\/es\/wp-json\/wp\/v2\/users\/7"}],"replies":[{"embeddable":true,"href":"https:\/\/biohairclinic.com\/es\/wp-json\/wp\/v2\/comments?post=57540"}],"version-history":[{"count":21,"href":"https:\/\/biohairclinic.com\/es\/wp-json\/wp\/v2\/pages\/57540\/revisions"}],"predecessor-version":[{"id":58269,"href":"https:\/\/biohairclinic.com\/es\/wp-json\/wp\/v2\/pages\/57540\/revisions\/58269"}],"wp:attachment":[{"href":"https:\/\/biohairclinic.com\/es\/wp-json\/wp\/v2\/media?parent=57540"}],"curies":[{"name":"wp","href":"https:\/\/api.w.org\/{rel}","templated":true}]}}