{"id":59370,"date":"2023-11-13T14:46:27","date_gmt":"2023-11-13T14:46:27","guid":{"rendered":"https:\/\/biohairclinic.com\/es\/?page_id=59370"},"modified":"2025-06-26T13:43:35","modified_gmt":"2025-06-26T13:43:35","slug":"bio-power-boost","status":"publish","type":"page","link":"https:\/\/biohairclinic.com\/es\/bio-power-boost\/","title":{"rendered":"Bio Power Boost"},"content":{"rendered":"<section class=\"hero\">\r\n    <div class=\"container\">\r\n        <div class=\"row\">\r\n            <div class=\"col-md-6\">\r\n                <h1><i><span>BIO<\/span> POWER BOOST<\/i> &#8211; Tratamiento exclusivo para unos resultados perfectos<\/h1>\r\n                <div class=\"p-block\">\r\n                    <p><b>\u201cCabello denso y perfectamente natural\u201d<\/b> &#8211; esta es la premisa de la Cl\u00ednica Bio Hair. Nuestro experimentado equipo de especialistas, dirigido por el Dr. Ibrahim, no solo se asegura de que recibas un resultado perfecto, sino que va m\u00e1s all\u00e1 e investiga constantemente m\u00e9todos nuevos y exclusivos para ofrecerte el mejor injerto capilar.\r\n\r\n<br><br>\r\nComo paciente nuestro, recibir\u00e1s el innovador BIO POWER BOOST antes de tu trasplante capilar. Este nuevo procedimiento se ha desarrollado para garantizar que los resultados del injerto de pelo sean absolutamente perfectos y que tu cabello se mantenga sano y vital despu\u00e9s del tratamiento, \u00a1sin dolor y sin efectos secundarios!<\/p>\r\n                                            <div class=\"btn\">\r\n                            <span class=\"button bio_btn\" data-url=\"https:\/\/biohairclinic.com\/haar-rechner\/\">An\u00e1lisis capilar gratuito<\/span>\r\n                        <\/div>\r\n                       \r\n                <\/div>\r\n            <\/div>\r\n            <div class=\"col-md-6\">\r\n                                        <img loading=\"lazy\" decoding=\"async\" src=\"https:\/\/biohairclinic.com\/es\/wp-content\/uploads\/sites\/4\/2023\/11\/paciente-doctor-bio-power-boost.jpg\" alt=\"Paciente y doctor con Bio Power Boost\" width=\"858\" height=\"768\"\/>\r\n                            <\/div>\r\n        <\/div>\r\n    <\/div>\r\n<\/section>\n\n<section class=\"text_image sec_bg\">\r\n    <div class=\"container\">\r\n                    <div class=\"row\">\r\n                <div class=\"col-md-6\">\r\n                                                <img loading=\"lazy\" decoding=\"async\" class=\"top_right_bottom_left\" src=\"https:\/\/biohairclinic.com\/es\/wp-content\/uploads\/sites\/4\/2025\/06\/dr-ibrahim-paciente-feliz-bio-power-boost.jpg\" alt=\"Dr. Ibrahim y paciente feliz con su Bio Power Boost\" width=\"720\" height=\"600\"\/>\r\n                                    <\/div>\r\n                <div class=\"col-md-6\">\r\n                    <div class=\"content\">\r\n                        <h2>\u00bfC\u00f3mo consigo el <span>BIO POWER BOOST?<\/span><\/h2>\n<p><span style=\"font-weight: 400\">Despu\u00e9s de tu llegada a Estambul, nuestro servicio de traslado VIP te llevar\u00e1 directamente a nuestra cl\u00ednica para hacerte el an\u00e1lisis de sangre. A continuaci\u00f3n, recibir\u00e1s tu exclusivo BIO POWER BOOST bajo supervisi\u00f3n m\u00e9dica. Por lo tanto, recibir\u00e1s el tratamiento 1 d\u00eda antes de tu trasplante capilar directamente en nuestra cl\u00ednica.<\/span><\/p>\n<p><span style=\"font-weight: 400\">Esta t\u00e9cnica innovadora solo est\u00e1 disponible para los pacientes de la Cl\u00ednica Bio Hair y solo dura 25 minutos. Este tratamiento proporciona la m\u00e1xima salud a tu pelo y cuero cabelludo por un m\u00ednimo de tiempo.<\/span><\/p>\n                                                    <div class=\"btn\">\r\n                                <span class=\"angebot_btn bio_btn\" data-url=\"https:\/\/biohairclinic.com\/haar-rechner\/\">Iniciar an\u00e1lisis capilar<\/span>\r\n                            <\/div>\r\n                                            <\/div>\r\n                <\/div>\r\n            <\/div>\r\n            <\/div>\r\n<\/section>\n\n<style>\n    .hero h1 {\n        font-size: 40px;\n    }\n    h1 span {\n        display: contents;\n    }\n    @media (max-width: 767px) {\n        .hero h1 {\n            font-size: 28px;\n            line-height: 36px;\n        }\n    }\n<\/style>\n<section class=\"text_image_slider\">\n    <div class=\"container\">\n        <div class=\"row\">\n            <div class=\"col-md-9\">\n                                    <img loading=\"lazy\" decoding=\"async\" src=\"https:\/\/biohairclinic.com\/es\/wp-content\/uploads\/sites\/4\/2023\/11\/infografia-proceso-bio-power-boost.svg\" alt=\"Infograf\u00eda del proceso Bio Power Boost\" width=\"363\" height=\"363\"\/>\n                                <div class=\"textMain\">\n                    <h2>M\u00e1xima salud para tu pelo y cuero cabelludo en solo 4 pasos<\/h2>                    <p><span style=\"font-weight: 400\">Al desarrollar el BIO POWER BOOST, nuestros especialistas ten\u00edan claro que la tecnolog\u00eda deb\u00eda favorecer el resultado perfecto antes y despu\u00e9s y ser lo m\u00e1s eficaz posible. El resultado es una combinaci\u00f3n de 4 pasos separados, todos los cuales promueven la salud de tu pelo y cuero cabelludo. A continuaci\u00f3n, explicamos cada paso en detalle.<\/span><\/p>\n                <\/div>\n            <\/div>\n            <div class=\"col-md-12\">\n                <div class=\"swiper\">\n                    <div class=\"swiper-wrapper\">\n                                                            <div class=\"swiper-slide\">\n                                        <div class=\"slideInner\">\n                                            <div class=\"stepTitle\"><p>Paso 1:<\/p><\/div>                                                                                            <img loading=\"lazy\" decoding=\"async\" src=\"https:\/\/biohairclinic.com\/es\/wp-content\/uploads\/sites\/4\/2023\/11\/icon-agente-limpiador.svg\" alt=\"Icono agente limpiador\" width=\"1\" height=\"1\"\/>\n                                                                                        <h3>Agente limpiador especial<\/h3>                                            <p><span style=\"font-weight: 400\">En el primer paso del BIO POWER BOOST, nuestro experimentado equipo limpia el cuero cabelludo con un producto especial y lo prepara perfectamente para su uso. Este paso solo dura unos minutos y es el primer paso para conseguir un cabello y un cuero cabelludo sanos.<\/span><\/p>\n                                        <\/div>\n                                    <\/div>\n                                                            <div class=\"swiper-slide\">\n                                        <div class=\"slideInner\">\n                                            <div class=\"stepTitle\"><p>Paso 2:<\/p><\/div>                                                                                            <img loading=\"lazy\" decoding=\"async\" src=\"https:\/\/biohairclinic.com\/es\/wp-content\/uploads\/sites\/4\/2023\/11\/icono-terapia-laser.svg\" alt=\"Icono terapia l\u00e1ser\" width=\"1\" height=\"1\"\/>\n                                                                                        <h3>Terapia l\u00e1ser para el cabello<\/h3>                                            <p><span style=\"font-weight: 400\">La terapia con l\u00e1ser para el cabello, tambi\u00e9n conocida como terapia de baja intensidad, terapia con luz roja o terapia con l\u00e1ser fr\u00edo, consiste en proyectar los llamados fotones en el cuero cabelludo. Los fotones son absorbidos por las c\u00e9lulas pilosas d\u00e9biles y favorecen as\u00ed el crecimiento del cabello. Adem\u00e1s, aumenta la circulaci\u00f3n sangu\u00ednea y se acelera la fase de curaci\u00f3n. Este paso no es invasivo, es indoloro y carece por completo de efectos secundarios.<\/span><\/p>\n                                        <\/div>\n                                    <\/div>\n                                                            <div class=\"swiper-slide\">\n                                        <div class=\"slideInner\">\n                                            <div class=\"stepTitle\"><p>Paso 3:<\/p><\/div>                                                                                            <img loading=\"lazy\" decoding=\"async\" src=\"https:\/\/biohairclinic.com\/es\/wp-content\/uploads\/sites\/4\/2023\/11\/icon-biohair-serum.svg\" alt=\"Icono Bio Hair serum\" width=\"1\" height=\"1\"\/>\n                                                                                        <h3>Aplicar el Bio Hair Serum<\/h3>                                            <p><span style=\"font-weight: 400\">A continuaci\u00f3n, se aplica el suero especial Bio Hair Serum, que aporta prote\u00ednas, minerales, elementos y compuestos reparadores directamente a las ra\u00edces del cabello. Este producto de cuidado altamente concentrado favorece el crecimiento de los tejidos, engrosa las hebras capilares y hace que el cabello existente est\u00e9 m\u00e1s sano, con m\u00e1s volumen y vitalidad. Tambi\u00e9n favorece la respiraci\u00f3n de las ra\u00edces capilares y reduce la producci\u00f3n de sebo, que acelera la ca\u00edda del cabello.<\/span><\/p>\n                                        <\/div>\n                                    <\/div>\n                                                            <div class=\"swiper-slide\">\n                                        <div class=\"slideInner\">\n                                            <div class=\"stepTitle\"><p>Paso 4:<\/p><\/div>                                                                                            <img loading=\"lazy\" decoding=\"async\" src=\"https:\/\/biohairclinic.com\/es\/wp-content\/uploads\/sites\/4\/2023\/11\/icono-masaje-cabeza.svg\" alt=\"Icono masaje en la cabeza\" width=\"1\" height=\"1\"\/>\n                                                                                        <h3>Masaje del cuero cabelludo<\/h3>                                            <p><span style=\"font-weight: 400\">El masaje especial de nuestros especialistas completa el BIO POWER BOOST. El masaje del cuero cabelludo garantiza la estimulaci\u00f3n de los fol\u00edculos pilosos, el aumento de la elasticidad y la eliminaci\u00f3n de las obstrucciones que dificultan la respiraci\u00f3n del cuero cabelludo. La reducci\u00f3n de la producci\u00f3n de sebo permite que el cuero cabelludo respire y favorece el crecimiento del cabello. En general, puede decirse que la calidad y densidad del cabello aumentan considerablemente con este proceso.<\/span><\/p>\n                                        <\/div>\n                                    <\/div>\n                                            <\/div>\n                    <div class=\"swiper-pagination\"><\/div>\n                <\/div>\n            <\/div>\n            <div class=\"col-md-9\"><div class=\"underText\"><p><b>Consejo:<\/b><span style=\"font-weight: 400\"> Los masajes diarios de 4 minutos en el cuero cabelludo durante 24 semanas influyen en la expresi\u00f3n gen\u00e9tica, mejoran la calidad y el crecimiento del cabello y reducen la ca\u00edda existente.<\/span><\/p>\n<\/div><\/div>        <\/div>\n    <\/div>\n<\/section>\n\n<section class=\"text_image withoutImage sec_bg\">\r\n    <div class=\"container\">\r\n                    <div class=\"row\">\r\n                <div class=\"col-md-6\">\r\n                                    <\/div>\r\n                <div class=\"col-md-6\">\r\n                    <div class=\"content\">\r\n                        <h2>Tus ventajas con el <span>BIO POWER BOOST<\/span><\/h2>\n<ul>\n<li><span style=\"font-weight: 400\">Ayuda a conseguir los m\u00e1ximos resultados<\/span><\/li>\n<li><span style=\"font-weight: 400\">Acelera el proceso de curaci\u00f3n<\/span><\/li>\n<li><span style=\"font-weight: 400\">Favorece la extracci\u00f3n \u00f3ptima de los injertos<\/span><\/li>\n<li><span style=\"font-weight: 400\">Mejora la calidad de los injertos extra\u00eddos<\/span><\/li>\n<li><span style=\"font-weight: 400\">Acorta el tiempo de la intervenci\u00f3n<\/span><\/li>\n<li><span style=\"font-weight: 400\">Reduce el riesgo de complicaciones<\/span><\/li>\n<li><span style=\"font-weight: 400\">Aminora la ca\u00edda del cabello existente<\/span><\/li>\n<li><span style=\"font-weight: 400\">Mejora la calidad del pelo original<\/span><\/li>\n<li><span style=\"font-weight: 400\">Minimiza las cicatrices tras la operaci\u00f3n<\/span><\/li>\n<\/ul>\n                                                    <div class=\"btn\">\r\n                                <span class=\"angebot_btn bio_btn\" data-url=\"https:\/\/biohairclinic.com\/haar-rechner\/\">Obtener ventajas<\/span>\r\n                            <\/div>\r\n                                            <\/div>\r\n                <\/div>\r\n            <\/div>\r\n            <\/div>\r\n<\/section>\n\n<section class=\"text_image\">\r\n    <div class=\"container\">\r\n                    <div class=\"row mobile_order\">\r\n                <div class=\"col-md-6\">\r\n                    <div class=\"content\">\r\n                        <h2><span>BIO POWER BOOST<\/span> &#8211; \u00a1Porque tu pelo lo vale!<\/h2>\n<p><span style=\"font-weight: 400\">\u00bfDeseas conseguir m\u00e9todos exclusivos y modernos para tu injerto capilar que se centren en la salud de tu cabello y cuero cabelludo? \u00a1Entonces prueba nuestro innovador BIO POWER BOOST!<\/span><\/p>\n<p><span style=\"font-weight: 400\">Limpiar el cuero cabelludo de sebo y caspa, favorecer el crecimiento del cabello y estimular las terminaciones nerviosas y los m\u00fasculos del cuero cabelludo son solo algunos aspectos que hablan a favor de nuestra nueva tecnolog\u00eda. Adem\u00e1s, la fase de cicatrizaci\u00f3n tras el trasplante de pelo se acelera al promover la actividad celular y reducir la inflamaci\u00f3n.<\/span><\/p>\n<p><span style=\"font-weight: 400\">Habla ahora con tu asesor personal y haz realidad tu sue\u00f1o de volver a tener un cabello sano y denso con la ayuda de Bio Hair Clinic.<\/span><\/p>\n \r\n                                                    <div class=\"btn\">\r\n                                <span class=\"angebot_btn bio_btn\" data-url=\"https:\/\/biohairclinic.com\/haar-rechner\/\">Contactar con un asesor<\/span>\r\n                            <\/div>\r\n                                              \r\n                    <\/div>\r\n                <\/div>\r\n                <div class=\"col-md-6\">\r\n                                                <img loading=\"lazy\" decoding=\"async\" class=\"top_left_bottom_right\" src=\"https:\/\/biohairclinic.com\/es\/wp-content\/uploads\/sites\/4\/2023\/11\/paciente-feliz-tras-injerto-de-pelo-con-bio-power-boost.jpg\" alt=\"Paciente feliz tras injerto de pelo con Bio Power Boost\" width=\"720\" height=\"600\"\/>\r\n                                    <\/div>\r\n            <\/div>\r\n            <\/div>\r\n<\/section>","protected":false},"excerpt":{"rendered":"","protected":false},"author":49,"featured_media":59385,"parent":0,"menu_order":0,"comment_status":"closed","ping_status":"closed","template":"","meta":{"_acf_changed":false,"inline_featured_image":false,"footnotes":""},"class_list":["post-59370","page","type-page","status-publish","has-post-thumbnail","hentry"],"acf":[],"yoast_head":"<!-- This site is optimized with the Yoast SEO Premium plugin v27.3 (Yoast SEO v27.4) - https:\/\/yoast.com\/product\/yoast-seo-premium-wordpress\/ -->\n<title>BIO POWER BOOST - Exclusivo para tu cabello y cuero cabelludo | Bio Hair Clinic<\/title>\n<meta name=\"description\" content=\"La t\u00e9cnica BIO POWER BOOST fortalece el cabello y el cuero cabelludo. Obt\u00e9n resultados perfectos con este m\u00e9todo exclusivo.\" \/>\n<meta name=\"robots\" content=\"index, follow, max-snippet:-1, max-image-preview:large, max-video-preview:-1\" \/>\n<link rel=\"canonical\" href=\"https:\/\/biohairclinic.com\/es\/bio-power-boost\/\" \/>\n<meta property=\"og:locale\" content=\"es_ES\" \/>\n<meta property=\"og:type\" content=\"article\" \/>\n<meta property=\"og:title\" content=\"BIO POWER BOOST - Exclusivo para tu cabello y cuero cabelludo | Bio Hair Clinic\" \/>\n<meta property=\"og:description\" content=\"La t\u00e9cnica BIO POWER BOOST fortalece el cabello y el cuero cabelludo. Obt\u00e9n resultados perfectos con este m\u00e9todo exclusivo.\" \/>\n<meta property=\"og:url\" content=\"https:\/\/biohairclinic.com\/es\/bio-power-boost\/\" \/>\n<meta property=\"og:site_name\" content=\"Trasplante Capilar Turqu\u00eda\" \/>\n<meta property=\"article:modified_time\" content=\"2025-06-26T13:43:35+00:00\" \/>\n<meta property=\"og:image\" content=\"https:\/\/biohairclinic.com\/es\/wp-content\/uploads\/sites\/4\/2023\/11\/paciente-doctor-bio-power-boost.jpg\" \/>\n\t<meta property=\"og:image:width\" content=\"858\" \/>\n\t<meta property=\"og:image:height\" content=\"768\" \/>\n\t<meta property=\"og:image:type\" content=\"image\/jpeg\" \/>\n<meta name=\"twitter:card\" content=\"summary_large_image\" \/>\n<meta name=\"twitter:title\" content=\"BIO POWER BOOST - Exclusivo para tu cabello y cuero cabelludo | Bio Hair Clinic\" \/>\n<meta name=\"twitter:description\" content=\"La t\u00e9cnica BIO POWER BOOST fortalece el cabello y el cuero cabelludo. Obt\u00e9n resultados perfectos con este m\u00e9todo exclusivo.\" \/>\n<meta name=\"twitter:label1\" content=\"Est. reading time\" \/>\n\t<meta name=\"twitter:data1\" content=\"1 minute\" \/>\n<script type=\"application\/ld+json\" class=\"yoast-schema-graph\">{\"@context\":\"https:\\\/\\\/schema.org\",\"@graph\":[{\"@type\":\"WebPage\",\"@id\":\"https:\\\/\\\/biohairclinic.com\\\/es\\\/bio-power-boost\\\/\",\"url\":\"https:\\\/\\\/biohairclinic.com\\\/es\\\/bio-power-boost\\\/\",\"name\":\"BIO POWER BOOST - Exclusivo para tu cabello y cuero cabelludo | Bio Hair Clinic\",\"isPartOf\":{\"@id\":\"https:\\\/\\\/biohairclinic.com\\\/es\\\/#website\"},\"primaryImageOfPage\":{\"@id\":\"https:\\\/\\\/biohairclinic.com\\\/es\\\/bio-power-boost\\\/#primaryimage\"},\"image\":{\"@id\":\"https:\\\/\\\/biohairclinic.com\\\/es\\\/bio-power-boost\\\/#primaryimage\"},\"thumbnailUrl\":\"https:\\\/\\\/biohairclinic.com\\\/es\\\/wp-content\\\/uploads\\\/sites\\\/4\\\/2023\\\/11\\\/paciente-doctor-bio-power-boost.jpg\",\"datePublished\":\"2023-11-13T14:46:27+00:00\",\"dateModified\":\"2025-06-26T13:43:35+00:00\",\"description\":\"La t\u00e9cnica BIO POWER BOOST fortalece el cabello y el cuero cabelludo. Obt\u00e9n resultados perfectos con este m\u00e9todo exclusivo.\",\"breadcrumb\":{\"@id\":\"https:\\\/\\\/biohairclinic.com\\\/es\\\/bio-power-boost\\\/#breadcrumb\"},\"inLanguage\":\"es-ES\",\"potentialAction\":[{\"@type\":\"ReadAction\",\"target\":[\"https:\\\/\\\/biohairclinic.com\\\/es\\\/bio-power-boost\\\/\"]}]},{\"@type\":\"ImageObject\",\"inLanguage\":\"es-ES\",\"@id\":\"https:\\\/\\\/biohairclinic.com\\\/es\\\/bio-power-boost\\\/#primaryimage\",\"url\":\"https:\\\/\\\/biohairclinic.com\\\/es\\\/wp-content\\\/uploads\\\/sites\\\/4\\\/2023\\\/11\\\/paciente-doctor-bio-power-boost.jpg\",\"contentUrl\":\"https:\\\/\\\/biohairclinic.com\\\/es\\\/wp-content\\\/uploads\\\/sites\\\/4\\\/2023\\\/11\\\/paciente-doctor-bio-power-boost.jpg\",\"width\":858,\"height\":768,\"caption\":\"Paciente y doctor con Bio Power Boost\"},{\"@type\":\"BreadcrumbList\",\"@id\":\"https:\\\/\\\/biohairclinic.com\\\/es\\\/bio-power-boost\\\/#breadcrumb\",\"itemListElement\":[{\"@type\":\"ListItem\",\"position\":1,\"name\":\"Inicio\",\"item\":\"https:\\\/\\\/biohairclinic.com\\\/es\\\/\"},{\"@type\":\"ListItem\",\"position\":2,\"name\":\"Bio Power Boost\"}]},{\"@type\":\"WebSite\",\"@id\":\"https:\\\/\\\/biohairclinic.com\\\/es\\\/#website\",\"url\":\"https:\\\/\\\/biohairclinic.com\\\/es\\\/\",\"name\":\"Trasplante Capilar Turqu\u00eda\",\"description\":\"BioHairClinic\u00a9\",\"publisher\":{\"@id\":\"https:\\\/\\\/biohairclinic.com\\\/es\\\/#organization\"},\"potentialAction\":[{\"@type\":\"SearchAction\",\"target\":{\"@type\":\"EntryPoint\",\"urlTemplate\":\"https:\\\/\\\/biohairclinic.com\\\/es\\\/?s={search_term_string}\"},\"query-input\":{\"@type\":\"PropertyValueSpecification\",\"valueRequired\":true,\"valueName\":\"search_term_string\"}}],\"inLanguage\":\"es-ES\"},{\"@type\":[\"Organization\",\"Place\"],\"@id\":\"https:\\\/\\\/biohairclinic.com\\\/es\\\/#organization\",\"name\":\"Biohair Clinic\",\"url\":\"https:\\\/\\\/biohairclinic.com\\\/es\\\/\",\"logo\":{\"@id\":\"https:\\\/\\\/biohairclinic.com\\\/es\\\/bio-power-boost\\\/#local-main-organization-logo\"},\"image\":{\"@id\":\"https:\\\/\\\/biohairclinic.com\\\/es\\\/bio-power-boost\\\/#local-main-organization-logo\"},\"telephone\":[],\"openingHoursSpecification\":[{\"@type\":\"OpeningHoursSpecification\",\"dayOfWeek\":[\"Monday\",\"Tuesday\",\"Wednesday\",\"Thursday\",\"Friday\",\"Saturday\",\"Sunday\"],\"opens\":\"09:00\",\"closes\":\"17:00\"}]},{\"@type\":\"ImageObject\",\"inLanguage\":\"es-ES\",\"@id\":\"https:\\\/\\\/biohairclinic.com\\\/es\\\/bio-power-boost\\\/#local-main-organization-logo\",\"url\":\"https:\\\/\\\/biohairclinic.com\\\/es\\\/wp-content\\\/uploads\\\/sites\\\/4\\\/2021\\\/06\\\/biohair-logo.svg\",\"contentUrl\":\"https:\\\/\\\/biohairclinic.com\\\/es\\\/wp-content\\\/uploads\\\/sites\\\/4\\\/2021\\\/06\\\/biohair-logo.svg\",\"caption\":\"Biohair Clinic\"}]}<\/script>\n<!-- \/ Yoast SEO Premium plugin. -->","yoast_head_json":{"title":"BIO POWER BOOST - Exclusivo para tu cabello y cuero cabelludo | Bio Hair Clinic","description":"La t\u00e9cnica BIO POWER BOOST fortalece el cabello y el cuero cabelludo. Obt\u00e9n resultados perfectos con este m\u00e9todo exclusivo.","robots":{"index":"index","follow":"follow","max-snippet":"max-snippet:-1","max-image-preview":"max-image-preview:large","max-video-preview":"max-video-preview:-1"},"canonical":"https:\/\/biohairclinic.com\/es\/bio-power-boost\/","og_locale":"es_ES","og_type":"article","og_title":"BIO POWER BOOST - Exclusivo para tu cabello y cuero cabelludo | Bio Hair Clinic","og_description":"La t\u00e9cnica BIO POWER BOOST fortalece el cabello y el cuero cabelludo. Obt\u00e9n resultados perfectos con este m\u00e9todo exclusivo.","og_url":"https:\/\/biohairclinic.com\/es\/bio-power-boost\/","og_site_name":"Trasplante Capilar Turqu\u00eda","article_modified_time":"2025-06-26T13:43:35+00:00","og_image":[{"width":858,"height":768,"url":"https:\/\/biohairclinic.com\/es\/wp-content\/uploads\/sites\/4\/2023\/11\/paciente-doctor-bio-power-boost.jpg","type":"image\/jpeg"}],"twitter_card":"summary_large_image","twitter_title":"BIO POWER BOOST - Exclusivo para tu cabello y cuero cabelludo | Bio Hair Clinic","twitter_description":"La t\u00e9cnica BIO POWER BOOST fortalece el cabello y el cuero cabelludo. Obt\u00e9n resultados perfectos con este m\u00e9todo exclusivo.","twitter_misc":{"Est. reading time":"1 minute"},"schema":{"@context":"https:\/\/schema.org","@graph":[{"@type":"WebPage","@id":"https:\/\/biohairclinic.com\/es\/bio-power-boost\/","url":"https:\/\/biohairclinic.com\/es\/bio-power-boost\/","name":"BIO POWER BOOST - Exclusivo para tu cabello y cuero cabelludo | Bio Hair Clinic","isPartOf":{"@id":"https:\/\/biohairclinic.com\/es\/#website"},"primaryImageOfPage":{"@id":"https:\/\/biohairclinic.com\/es\/bio-power-boost\/#primaryimage"},"image":{"@id":"https:\/\/biohairclinic.com\/es\/bio-power-boost\/#primaryimage"},"thumbnailUrl":"https:\/\/biohairclinic.com\/es\/wp-content\/uploads\/sites\/4\/2023\/11\/paciente-doctor-bio-power-boost.jpg","datePublished":"2023-11-13T14:46:27+00:00","dateModified":"2025-06-26T13:43:35+00:00","description":"La t\u00e9cnica BIO POWER BOOST fortalece el cabello y el cuero cabelludo. Obt\u00e9n resultados perfectos con este m\u00e9todo exclusivo.","breadcrumb":{"@id":"https:\/\/biohairclinic.com\/es\/bio-power-boost\/#breadcrumb"},"inLanguage":"es-ES","potentialAction":[{"@type":"ReadAction","target":["https:\/\/biohairclinic.com\/es\/bio-power-boost\/"]}]},{"@type":"ImageObject","inLanguage":"es-ES","@id":"https:\/\/biohairclinic.com\/es\/bio-power-boost\/#primaryimage","url":"https:\/\/biohairclinic.com\/es\/wp-content\/uploads\/sites\/4\/2023\/11\/paciente-doctor-bio-power-boost.jpg","contentUrl":"https:\/\/biohairclinic.com\/es\/wp-content\/uploads\/sites\/4\/2023\/11\/paciente-doctor-bio-power-boost.jpg","width":858,"height":768,"caption":"Paciente y doctor con Bio Power Boost"},{"@type":"BreadcrumbList","@id":"https:\/\/biohairclinic.com\/es\/bio-power-boost\/#breadcrumb","itemListElement":[{"@type":"ListItem","position":1,"name":"Inicio","item":"https:\/\/biohairclinic.com\/es\/"},{"@type":"ListItem","position":2,"name":"Bio Power Boost"}]},{"@type":"WebSite","@id":"https:\/\/biohairclinic.com\/es\/#website","url":"https:\/\/biohairclinic.com\/es\/","name":"Trasplante Capilar Turqu\u00eda","description":"BioHairClinic\u00a9","publisher":{"@id":"https:\/\/biohairclinic.com\/es\/#organization"},"potentialAction":[{"@type":"SearchAction","target":{"@type":"EntryPoint","urlTemplate":"https:\/\/biohairclinic.com\/es\/?s={search_term_string}"},"query-input":{"@type":"PropertyValueSpecification","valueRequired":true,"valueName":"search_term_string"}}],"inLanguage":"es-ES"},{"@type":["Organization","Place"],"@id":"https:\/\/biohairclinic.com\/es\/#organization","name":"Biohair Clinic","url":"https:\/\/biohairclinic.com\/es\/","logo":{"@id":"https:\/\/biohairclinic.com\/es\/bio-power-boost\/#local-main-organization-logo"},"image":{"@id":"https:\/\/biohairclinic.com\/es\/bio-power-boost\/#local-main-organization-logo"},"telephone":[],"openingHoursSpecification":[{"@type":"OpeningHoursSpecification","dayOfWeek":["Monday","Tuesday","Wednesday","Thursday","Friday","Saturday","Sunday"],"opens":"09:00","closes":"17:00"}]},{"@type":"ImageObject","inLanguage":"es-ES","@id":"https:\/\/biohairclinic.com\/es\/bio-power-boost\/#local-main-organization-logo","url":"https:\/\/biohairclinic.com\/es\/wp-content\/uploads\/sites\/4\/2021\/06\/biohair-logo.svg","contentUrl":"https:\/\/biohairclinic.com\/es\/wp-content\/uploads\/sites\/4\/2021\/06\/biohair-logo.svg","caption":"Biohair Clinic"}]}},"_links":{"self":[{"href":"https:\/\/biohairclinic.com\/es\/wp-json\/wp\/v2\/pages\/59370","targetHints":{"allow":["GET"]}}],"collection":[{"href":"https:\/\/biohairclinic.com\/es\/wp-json\/wp\/v2\/pages"}],"about":[{"href":"https:\/\/biohairclinic.com\/es\/wp-json\/wp\/v2\/types\/page"}],"author":[{"embeddable":true,"href":"https:\/\/biohairclinic.com\/es\/wp-json\/wp\/v2\/users\/49"}],"replies":[{"embeddable":true,"href":"https:\/\/biohairclinic.com\/es\/wp-json\/wp\/v2\/comments?post=59370"}],"version-history":[{"count":22,"href":"https:\/\/biohairclinic.com\/es\/wp-json\/wp\/v2\/pages\/59370\/revisions"}],"predecessor-version":[{"id":59551,"href":"https:\/\/biohairclinic.com\/es\/wp-json\/wp\/v2\/pages\/59370\/revisions\/59551"}],"wp:featuredmedia":[{"embeddable":true,"href":"https:\/\/biohairclinic.com\/es\/wp-json\/wp\/v2\/media\/59385"}],"wp:attachment":[{"href":"https:\/\/biohairclinic.com\/es\/wp-json\/wp\/v2\/media?parent=59370"}],"curies":[{"name":"wp","href":"https:\/\/api.w.org\/{rel}","templated":true}]}}