{"id":67,"date":"2018-09-15T15:30:26","date_gmt":"2018-09-15T15:30:26","guid":{"rendered":"https:\/\/biohairclini.wpengine.com\/?page_id=67"},"modified":"2025-12-17T14:32:55","modified_gmt":"2025-12-17T14:32:55","slug":"bio-trasplante-barba","status":"publish","type":"page","link":"https:\/\/biohairclinic.com\/es\/bio-trasplante-barba\/","title":{"rendered":"Bio Trasplante de Barba"},"content":{"rendered":"<section class=\"hero\">\r\n    <div class=\"container\">\r\n        <div class=\"row\">\r\n            <div class=\"col-md-6\">\r\n                <h1><span>Trasplante<\/span> de Barba<\/h1>\r\n                <div class=\"p-block\">\r\n                    <p>Actualmente, la barba desempe\u00f1a un papel muy importante en muchos hombres. Por ello, el implante de barba con Bio Hair Clinic es la soluci\u00f3n perfecta para los que sufren de <b>zonas sin vello o poca densidad capilar<\/b>. \r\n<br><br>\r\nNuestra experiencia en m\u00e1s de <b>20.000 trasplantes capilares<\/b> nos respaldan. \r\n<br><br>\r\nGracias a los <b>m\u00e9todos m\u00e1s modernos<\/b> as\u00ed como las <b>t\u00e9cnicas m\u00e1s vanguardistas<\/b>, y a los amplios conocimientos de nuestros expertos podr\u00e1s lucir la barba de tus sue\u00f1os en poco tiempo.<\/p>\r\n                                            <div class=\"btn\">\r\n                            <span class=\"button bio_btn\" data-url=\"https:\/\/biohairclinic.com\/es\/calculadora-de-cabello\/\">Consulta gratuita<\/span>\r\n                        <\/div>\r\n                       \r\n                <\/div>\r\n            <\/div>\r\n            <div class=\"col-md-6\">\r\n                                        <img loading=\"lazy\" decoding=\"async\" src=\"https:\/\/biohairclinic.com\/es\/wp-content\/uploads\/sites\/4\/2021\/06\/Gra\u0301fico-de-implante-de-barba-masculina.svg\" alt=\"Gra\u0301fico de implante de barba masculina\" width=\"536\" height=\"484\"\/>\r\n                            <\/div>\r\n        <\/div>\r\n    <\/div>\r\n<\/section>\n\n<section class=\"text_image sec_bg\">\r\n    <div class=\"container\">\r\n                    <div class=\"row\">\r\n                <div class=\"col-md-6\">\r\n                                                <img loading=\"lazy\" decoding=\"async\" class=\"top_right_bottom_left\" src=\"https:\/\/biohairclinic.com\/es\/wp-content\/uploads\/sites\/4\/2022\/04\/Hombre-despues-implante-barba-bio-hair-clinic.jpeg\" alt=\"Imagen de un paciente feliz despues de un implante de barba en Turqu\u00eda\" width=\"610\" height=\"511\"\/>\r\n                                    <\/div>\r\n                <div class=\"col-md-6\">\r\n                    <div class=\"content\">\r\n                        <h2>Trasplante de pelo en la zona de la barba: ideal contra la ca\u00edda del vello facial<\/h2>\n<p>No tener una <b>barba completa<\/b> genera inseguridad, por lo que el implante de barba cada vez interesa a m\u00e1s hombres para <b>recuperar su confianza y masculinidad<\/b>. <\/p>\n<p>La ca\u00edda del vello facial tiene varias causas. Cicatrices o las influencias gen\u00e9ticas las cuales pueden provocar calvas o peque\u00f1os huecos en la barba de algunos hombres son claros ejemplos de ello.<\/p>\n<p>\u00bfSufres por carecer de barba o no tener apenas? Entonces Bio Hair Clinic es la respuesta a tu problema. Nuestros especialistas en este tratamiento te ayudar\u00e1n a tener la frondosa barba que siempre anhelaste.<\/p>\n                                                    <div class=\"btn\">\r\n                                <span class=\"angebot_btn bio_btn\" data-url=\"https:\/\/biohairclinic.com\/es\/calculadora-de-cabello\/\">Consulta gratuita<\/span>\r\n                            <\/div>\r\n                                            <\/div>\r\n                <\/div>\r\n            <\/div>\r\n            <\/div>\r\n<\/section>\n\n<section class=\"ablauf_three_columns \">\r\n        <div class=\"container\">\r\n            <div class=\"row\">\r\n                <div class=\"col-md-12\">\r\n                                            <h2 class=\"center\"> Proceso del implante de barba en Turqu\u00eda<\/h2>\r\n                                    <\/div>\r\n            <\/div>\r\n            <div class=\"row row1\">\r\n                                <div class=\"col-md-4\">\r\n                        <div class=\"content \">\r\n                            <div class=\"order\">\r\n                                <span>\r\n                                                                            1                                                                    <\/span>\r\n                            <\/div>\r\n                                                                 <img loading=\"lazy\" decoding=\"async\" src=\"https:\/\/biohairclinic.com\/es\/wp-content\/uploads\/sites\/4\/2021\/06\/Instrumento-Comfort-In.svg\" alt=\"Instrumento Comfort-In\" width=\"97\" height=\"97\"\/>\r\n                                                            \r\n                                                            <h3>Anestesia<\/h3>\r\n                                                                                        <p>La zona receptora se anestesia con el m\u00e9todo Comfort-In sin agujas.<\/p>\r\n                                                    <\/div>\r\n                    <\/div>\r\n                                    <div class=\"col-md-4\">\r\n                        <div class=\"content steps_bg_active\">\r\n                            <div class=\"order\">\r\n                                <span>\r\n                                                                            2                                                                    <\/span>\r\n                            <\/div>\r\n                                                                 <img loading=\"lazy\" decoding=\"async\" src=\"https:\/\/biohairclinic.com\/es\/wp-content\/uploads\/sites\/4\/2021\/06\/Extraccio\u0301n-de-los-Grafts-individuales.svg\" alt=\"Extraccio\u0301n de los Grafts individuales\" width=\"113\" height=\"105\"\/>\r\n                                                            \r\n                                                            <h3>Extracci\u00f3n de los grafts<\/h3>\r\n                                                                                        <p>Los injertos capilares se extraen de la zona donante mediante el m\u00e9todo FUE.<\/p>\r\n                                                    <\/div>\r\n                    <\/div>\r\n                                    <div class=\"col-md-4\">\r\n                        <div class=\"content \">\r\n                            <div class=\"order\">\r\n                                <span>\r\n                                                                            3                                                                    <\/span>\r\n                            <\/div>\r\n                                                                 <img loading=\"lazy\" decoding=\"async\" src=\"https:\/\/biohairclinic.com\/es\/wp-content\/uploads\/sites\/4\/2021\/06\/Icono-de-trasplante-de-cabello.svg\" alt=\"Icono de trasplante de cabello\" width=\"111\" height=\"114\"\/>\r\n                                                            \r\n                                                            <h3>Inserci\u00f3n del pelo<\/h3>\r\n                                                                                        <p>En el \u00faltimo paso, los fol\u00edculos pilosos se trasplantan a la zona receptora. La t\u00e9cnica utilizada se selecciona en funci\u00f3n de tu p\u00e9rdida capilar.<\/p>\r\n                                                    <\/div>\r\n                    <\/div>\r\n                            <\/div>\r\n        <\/div>\r\n    <\/section>\n\n<section class=\"text_image sec_bg\">\r\n    <div class=\"container\">\r\n                    <div class=\"row mobile_order\">\r\n                <div class=\"col-md-6\">\r\n                    <div class=\"content\">\r\n                        <h2>Ventajas del implante de barba<\/h2>\n<ul>\n<li>M\u00e1xima densidad capilar<\/li>\n<li>Aspecto natural y masculino<\/li>\n<li>T\u00e9cnicas de vanguardia<\/li>\n<li>Equipo de expertos<\/li>\n<li>Puede combinarse con un trasplante capilar<\/li>\n<li>Paquete todo incluido<\/li>\n<li>Resultados definitivos y perfectos<\/li>\n<\/ul>\n \r\n                                              \r\n                    <\/div>\r\n                <\/div>\r\n                <div class=\"col-md-6\">\r\n                                                <img loading=\"lazy\" decoding=\"async\" class=\"top_left_bottom_right\" src=\"https:\/\/biohairclinic.com\/es\/wp-content\/uploads\/sites\/4\/2021\/06\/El-paciente-muestra-dos-pulgares-hacia-arriba-despue\u0301s-de-su-implante-de-barba.jpeg\" alt=\"El paciente muestra dos pulgares hacia arriba despue\u0301s de su implante de barba\" width=\"610\" height=\"582\"\/>\r\n                                    <\/div>\r\n            <\/div>\r\n            <\/div>\r\n<\/section>\n\n<section class=\"text_image\">\r\n    <div class=\"container\">\r\n                    <div class=\"row\">\r\n                <div class=\"col-md-6\">\r\n                                                <img loading=\"lazy\" decoding=\"async\" class=\"top_right_bottom_left\" src=\"https:\/\/biohairclinic.com\/es\/wp-content\/uploads\/sites\/4\/2022\/04\/antes-y-despues-implante-de-barba.jpeg\" alt=\"Imagen de un paciente Antes y despu\u00e9s de un implante de barba #\" width=\"610\" height=\"464\"\/>\r\n                                    <\/div>\r\n                <div class=\"col-md-6\">\r\n                    <div class=\"content\">\r\n                        <h2>Trasplante de barba antes y despu\u00e9s<\/h2>\n<p>Tener una barba densa es siempre una buena opci\u00f3n a diferencia de un rostro sin vello.<\/p>\n<p>Los resultados del antes y el despu\u00e9s del trasplante de barba son impresionantes, dan un reflejo de c\u00f3mo este tratamiento puede cambiar tu vida para mejor y para siempre. Nuestros pacientes recuperaron la confianza en s\u00ed mismos y sobre todo su masculinidad.<\/p>\n<p>En la <strong>consulta gratuita y sin compromiso<\/strong>, nuestros expertos te asesorar\u00e1n sobre tu situaci\u00f3n capilar. Se encargaran de responder todas tus preguntas y tambi\u00e9n recibir\u00e1s un <strong>presupuesto personalizado<\/strong>.<\/p>\n                                            <\/div>\r\n                <\/div>\r\n            <\/div>\r\n            <\/div>\r\n<\/section>\n\n<section class=\"text_image \">\r\n    <div class=\"container\">\r\n        <div class=\"row\">\r\n                            <div class=\"col-md-6\">\r\n                    <div class=\"col-dark-blue border-3-dark border-radius-1\">\r\n                        <h2><span style=\"font-weight: 400\">Tu trasplante de barba: costes y calidad DHI<\/span><\/h2>\n<p>Los costes de tu trasplante de barba en Turqu\u00eda se comunican de forma transparente y justa. Para obtener la m\u00e1xima densidad y precisi\u00f3n, utilizamos exclusivamente el innovador m\u00e9todo DHI.<\/p>\n<p>Dado que el n\u00famero de injertos necesarios es individual, te preparamos una oferta personalizada basada en un an\u00e1lisis preciso de la situaci\u00f3n de tu barba.<\/p>\n<p>A modo orientativo: el precio inicial de tu trasplante de barba con la t\u00e9cnica DHI es a partir de 3000 \u20ac.<\/p>\n<p>Tu precio forma parte de nuestro paquete \u00absin preocupaciones\u00bb y te garantiza un control total de los costes y un resultado perfecto y denso.<\/p>\n                                                                                    <div class=\"btn\">\r\n                                    <span class=\"angebot_btn bio_btn\" data-url=\"https:\/\/biohairclinic.com\/es\/calculadora-de-cabello\/\">Consulta gratuita<\/span>\r\n                                <\/div>\r\n                                                                        <\/div>\r\n                <\/div>\r\n                <div class=\"col-md-6\">\r\n                    <div class=\"col-dark-blue border-radius-3 dark-blue\">\r\n                        <h2>\u00bfPor qu\u00e9 realizarse un trasplante de barba en Bio Hair Clinic?<\/h2>\n<p><span class=\"has-inline-color has-white-color\">Todo el que desee un implante de barba, deber\u00eda analizar la opci\u00f3n de hacerla en Bio Hair Clinic, en Estambul. Los tratamientos aqu\u00ed, son tanto de confianza como econ\u00f3micos. Junto con el trasplante capilar, el hospital Istinye y Bio Hair Clinic son reconocidos por alcanzar los sue\u00f1os individuales de los pacientes.<\/span><\/p>\n<p><span class=\"has-inline-color has-white-color\"><span style=\"font-weight: 400\">Tu tratamiento tendr\u00e1 lugar en nuestra <\/span><strong><a href=\"https:\/\/biohairclinic.com\/es\/clinica-capilar\/\">cl\u00ednica capilar certificada<\/a>.<\/strong><\/span><span style=\"font-weight: 400\">Todo en nuestras instalaciones est\u00e1n dise\u00f1adas para tu comodidad y satisfacci\u00f3n.<\/span><\/p>\n<p><span style=\"font-weight: 400\">Antes, durante y despu\u00e9s del tratamiento, nuestros expertos te acompa\u00f1ar\u00e1n en todo momento. En Estambul, nuestros int\u00e9rpretes se encargan de que no haya barreras de comunicaci\u00f3n, ya que ellos hablan varios idiomas con fluidez.<\/span><\/p>\n<p><span style=\"font-weight: 400\">Te ofrecemos un servicio de primera calidad para tu implante de barba en Turqu\u00eda.<\/span><\/p>\n                                            <\/div>\r\n                <\/div>\r\n                    <\/div>\r\n    <\/div>\r\n<\/section>\n\n\r\n\r\n<section class=\"faq \">\r\n    <div class=\"container\">\r\n        <div class=\"row\">\r\n                            <div class=\"col-md-12\">\r\n                    <div class=\"title\">\r\n                        <h2>Preguntas frecuentes <\/h2>\r\n                    <\/div>\r\n                <\/div>\r\n                                        <div class=\"col-md-6\">\r\n                    <div class=\"content\">\r\n                        <h3>\u00bfCu\u00e1nto cuesta un trasplante de barba en Turqu\u00eda?<\/h3>\r\n                        <p>Los costes de tu trasplante de barba se calculan de forma transparente y justa, en funci\u00f3n del alcance individual de tu tratamiento. Utilizamos exclusivamente la t\u00e9cnica DHI de alta precisi\u00f3n. Los precios de esta intervenci\u00f3n comienzan a partir de 3000 \u20ac.\r\n<br><\/br>\r\n\u00a1Calcularemos el precio exacto para el resultado que deseas!\r\n<br><\/br>\r\nAprovecha nuestro an\u00e1lisis capilar gratuito en cualquier momento. Nuestros expertos se pondr\u00e1n en contacto contigo inmediatamente con toda la informaci\u00f3n detallada sobre tu paquete personal todo incluido.\r\n<\/p>\r\n                    <\/div>\r\n                <\/div>\r\n                                <div class=\"col-md-6\">\r\n                    <div class=\"content\">\r\n                        <h3>\u00bfCu\u00e1ntos injertos se requieren para lograr una barba completa?<\/h3>\r\n                        <p>El n\u00famero de injertos que necesitas para una barba completa depende de tu situaci\u00f3n capilar personal. Sin embargo, se puede trasplantar un m\u00e1ximo de 5500 &#8211; 6000 fol\u00edculos por sesi\u00f3n. Estos se implantan a una densidad de 130 injertos por cent\u00edmetro cuadrado.\r\nDurante el an\u00e1lisis capilar gratuito se te indicar\u00e1 el n\u00famero de grafts que se necesitan trasplantar.<\/p>\r\n                    <\/div>\r\n                <\/div>\r\n                                <div class=\"col-md-6\">\r\n                    <div class=\"content\">\r\n                        <h3>\u00bfPuedo elegir la forma de mi barba?<\/h3>\r\n                        <p>Durante el tratamiento, nuestro especialista dibuja la nueva l\u00ednea de pelo de tu barba. Junto contigo, determinamos la forma de barba que m\u00e1s te conviene para que tu rostro tenga un contorno \u00f3ptimo.<\/p>\r\n                    <\/div>\r\n                <\/div>\r\n                                <div class=\"col-md-6\">\r\n                    <div class=\"content\">\r\n                        <h3>\u00bfSe puede combinar el tratamiento con un trasplante capilar?<\/h3>\r\n                        <p>Es posible la combinaci\u00f3n de un implante de barba y un injerto capilar en Bio Hair Clinic. Durante tu an\u00e1lisis capilar gratuito, nuestros expertos te dir\u00e1n si eres candidato para el trasplante simult\u00e1neo.<\/p>\r\n                    <\/div>\r\n                <\/div>\r\n                                <div class=\"col-md-6\">\r\n                    <div class=\"content\">\r\n                        <h3>\u00bfSe puede trasplantar vello corporal durante un trasplante de barba? <\/h3>\r\n                        <p>El vello de otras partes del cuerpo tiene una estructura y calidad distinta a la del vello facial, por lo tanto, son muy diferentes entre s\u00ed. Es as\u00ed que un trasplante de vello corporal en la regi\u00f3n de la barba no dar\u00eda un resultado natural y satisfactorio. Por lo tanto, Bio Hair Clinic, no trasplantamos el vello corporal durante el trasplante de pelo de la barba.<\/p>\r\n                    <\/div>\r\n                <\/div>\r\n                        <\/div>\r\n    <\/div>\r\n<\/section>\r\n\r\n","protected":false},"excerpt":{"rendered":"","protected":false},"author":4,"featured_media":0,"parent":0,"menu_order":0,"comment_status":"closed","ping_status":"closed","template":"","meta":{"_acf_changed":false,"inline_featured_image":false,"footnotes":""},"class_list":["post-67","page","type-page","status-publish","hentry"],"acf":[],"yoast_head":"<!-- This site is optimized with the Yoast SEO Premium plugin v27.3 (Yoast SEO v27.4) - https:\/\/yoast.com\/product\/yoast-seo-premium-wordpress\/ -->\n<title>Trasplante de Barba para renovar y aumentar tu masculinidad<\/title>\n<meta name=\"description\" content=\"La barba es muy importante para la apariencia y masculinidad de los hombres. Conoce las posibilidades de un trasplante de barba en Turqu\u00eda.\" \/>\n<meta name=\"robots\" content=\"index, follow, max-snippet:-1, max-image-preview:large, max-video-preview:-1\" \/>\n<link rel=\"canonical\" href=\"https:\/\/biohairclinic.com\/es\/bio-trasplante-barba\/\" \/>\n<meta property=\"og:locale\" content=\"es_ES\" \/>\n<meta property=\"og:type\" content=\"article\" \/>\n<meta property=\"og:title\" content=\"Bio Trasplante de Barba\" \/>\n<meta property=\"og:description\" content=\"La barba es muy importante para la apariencia y masculinidad de los hombres. Conoce las posibilidades de un trasplante de barba en Turqu\u00eda.\" \/>\n<meta property=\"og:url\" content=\"https:\/\/biohairclinic.com\/es\/bio-trasplante-barba\/\" \/>\n<meta property=\"og:site_name\" content=\"Trasplante Capilar Turqu\u00eda\" \/>\n<meta property=\"article:modified_time\" content=\"2025-12-17T14:32:55+00:00\" \/>\n<meta name=\"twitter:card\" content=\"summary_large_image\" \/>\n<script type=\"application\/ld+json\" class=\"yoast-schema-graph\">{\"@context\":\"https:\\\/\\\/schema.org\",\"@graph\":[{\"@type\":\"WebPage\",\"@id\":\"https:\\\/\\\/biohairclinic.com\\\/es\\\/bio-trasplante-barba\\\/\",\"url\":\"https:\\\/\\\/biohairclinic.com\\\/es\\\/bio-trasplante-barba\\\/\",\"name\":\"Trasplante de Barba para renovar y aumentar tu masculinidad\",\"isPartOf\":{\"@id\":\"https:\\\/\\\/biohairclinic.com\\\/es\\\/#website\"},\"datePublished\":\"2018-09-15T15:30:26+00:00\",\"dateModified\":\"2025-12-17T14:32:55+00:00\",\"description\":\"La barba es muy importante para la apariencia y masculinidad de los hombres. Conoce las posibilidades de un trasplante de barba en Turqu\u00eda.\",\"breadcrumb\":{\"@id\":\"https:\\\/\\\/biohairclinic.com\\\/es\\\/bio-trasplante-barba\\\/#breadcrumb\"},\"inLanguage\":\"es-ES\",\"potentialAction\":[{\"@type\":\"ReadAction\",\"target\":[\"https:\\\/\\\/biohairclinic.com\\\/es\\\/bio-trasplante-barba\\\/\"]}]},{\"@type\":\"BreadcrumbList\",\"@id\":\"https:\\\/\\\/biohairclinic.com\\\/es\\\/bio-trasplante-barba\\\/#breadcrumb\",\"itemListElement\":[{\"@type\":\"ListItem\",\"position\":1,\"name\":\"Inicio\",\"item\":\"https:\\\/\\\/biohairclinic.com\\\/es\\\/\"},{\"@type\":\"ListItem\",\"position\":2,\"name\":\"Bio Trasplante de Barba\"}]},{\"@type\":\"WebSite\",\"@id\":\"https:\\\/\\\/biohairclinic.com\\\/es\\\/#website\",\"url\":\"https:\\\/\\\/biohairclinic.com\\\/es\\\/\",\"name\":\"Trasplante Capilar Turqu\u00eda\",\"description\":\"BioHairClinic\u00a9\",\"publisher\":{\"@id\":\"https:\\\/\\\/biohairclinic.com\\\/es\\\/#organization\"},\"potentialAction\":[{\"@type\":\"SearchAction\",\"target\":{\"@type\":\"EntryPoint\",\"urlTemplate\":\"https:\\\/\\\/biohairclinic.com\\\/es\\\/?s={search_term_string}\"},\"query-input\":{\"@type\":\"PropertyValueSpecification\",\"valueRequired\":true,\"valueName\":\"search_term_string\"}}],\"inLanguage\":\"es-ES\"},{\"@type\":[\"Organization\",\"Place\"],\"@id\":\"https:\\\/\\\/biohairclinic.com\\\/es\\\/#organization\",\"name\":\"Biohair Clinic\",\"url\":\"https:\\\/\\\/biohairclinic.com\\\/es\\\/\",\"logo\":{\"@id\":\"https:\\\/\\\/biohairclinic.com\\\/es\\\/bio-trasplante-barba\\\/#local-main-organization-logo\"},\"image\":{\"@id\":\"https:\\\/\\\/biohairclinic.com\\\/es\\\/bio-trasplante-barba\\\/#local-main-organization-logo\"},\"telephone\":[],\"openingHoursSpecification\":[{\"@type\":\"OpeningHoursSpecification\",\"dayOfWeek\":[\"Monday\",\"Tuesday\",\"Wednesday\",\"Thursday\",\"Friday\",\"Saturday\",\"Sunday\"],\"opens\":\"09:00\",\"closes\":\"17:00\"}]},{\"@type\":\"ImageObject\",\"inLanguage\":\"es-ES\",\"@id\":\"https:\\\/\\\/biohairclinic.com\\\/es\\\/bio-trasplante-barba\\\/#local-main-organization-logo\",\"url\":\"https:\\\/\\\/biohairclinic.com\\\/es\\\/wp-content\\\/uploads\\\/sites\\\/4\\\/2021\\\/06\\\/biohair-logo.svg\",\"contentUrl\":\"https:\\\/\\\/biohairclinic.com\\\/es\\\/wp-content\\\/uploads\\\/sites\\\/4\\\/2021\\\/06\\\/biohair-logo.svg\",\"caption\":\"Biohair Clinic\"}]}<\/script>\n<!-- \/ Yoast SEO Premium plugin. -->","yoast_head_json":{"title":"Trasplante de Barba para renovar y aumentar tu masculinidad","description":"La barba es muy importante para la apariencia y masculinidad de los hombres. Conoce las posibilidades de un trasplante de barba en Turqu\u00eda.","robots":{"index":"index","follow":"follow","max-snippet":"max-snippet:-1","max-image-preview":"max-image-preview:large","max-video-preview":"max-video-preview:-1"},"canonical":"https:\/\/biohairclinic.com\/es\/bio-trasplante-barba\/","og_locale":"es_ES","og_type":"article","og_title":"Bio Trasplante de Barba","og_description":"La barba es muy importante para la apariencia y masculinidad de los hombres. Conoce las posibilidades de un trasplante de barba en Turqu\u00eda.","og_url":"https:\/\/biohairclinic.com\/es\/bio-trasplante-barba\/","og_site_name":"Trasplante Capilar Turqu\u00eda","article_modified_time":"2025-12-17T14:32:55+00:00","twitter_card":"summary_large_image","schema":{"@context":"https:\/\/schema.org","@graph":[{"@type":"WebPage","@id":"https:\/\/biohairclinic.com\/es\/bio-trasplante-barba\/","url":"https:\/\/biohairclinic.com\/es\/bio-trasplante-barba\/","name":"Trasplante de Barba para renovar y aumentar tu masculinidad","isPartOf":{"@id":"https:\/\/biohairclinic.com\/es\/#website"},"datePublished":"2018-09-15T15:30:26+00:00","dateModified":"2025-12-17T14:32:55+00:00","description":"La barba es muy importante para la apariencia y masculinidad de los hombres. Conoce las posibilidades de un trasplante de barba en Turqu\u00eda.","breadcrumb":{"@id":"https:\/\/biohairclinic.com\/es\/bio-trasplante-barba\/#breadcrumb"},"inLanguage":"es-ES","potentialAction":[{"@type":"ReadAction","target":["https:\/\/biohairclinic.com\/es\/bio-trasplante-barba\/"]}]},{"@type":"BreadcrumbList","@id":"https:\/\/biohairclinic.com\/es\/bio-trasplante-barba\/#breadcrumb","itemListElement":[{"@type":"ListItem","position":1,"name":"Inicio","item":"https:\/\/biohairclinic.com\/es\/"},{"@type":"ListItem","position":2,"name":"Bio Trasplante de Barba"}]},{"@type":"WebSite","@id":"https:\/\/biohairclinic.com\/es\/#website","url":"https:\/\/biohairclinic.com\/es\/","name":"Trasplante Capilar Turqu\u00eda","description":"BioHairClinic\u00a9","publisher":{"@id":"https:\/\/biohairclinic.com\/es\/#organization"},"potentialAction":[{"@type":"SearchAction","target":{"@type":"EntryPoint","urlTemplate":"https:\/\/biohairclinic.com\/es\/?s={search_term_string}"},"query-input":{"@type":"PropertyValueSpecification","valueRequired":true,"valueName":"search_term_string"}}],"inLanguage":"es-ES"},{"@type":["Organization","Place"],"@id":"https:\/\/biohairclinic.com\/es\/#organization","name":"Biohair Clinic","url":"https:\/\/biohairclinic.com\/es\/","logo":{"@id":"https:\/\/biohairclinic.com\/es\/bio-trasplante-barba\/#local-main-organization-logo"},"image":{"@id":"https:\/\/biohairclinic.com\/es\/bio-trasplante-barba\/#local-main-organization-logo"},"telephone":[],"openingHoursSpecification":[{"@type":"OpeningHoursSpecification","dayOfWeek":["Monday","Tuesday","Wednesday","Thursday","Friday","Saturday","Sunday"],"opens":"09:00","closes":"17:00"}]},{"@type":"ImageObject","inLanguage":"es-ES","@id":"https:\/\/biohairclinic.com\/es\/bio-trasplante-barba\/#local-main-organization-logo","url":"https:\/\/biohairclinic.com\/es\/wp-content\/uploads\/sites\/4\/2021\/06\/biohair-logo.svg","contentUrl":"https:\/\/biohairclinic.com\/es\/wp-content\/uploads\/sites\/4\/2021\/06\/biohair-logo.svg","caption":"Biohair Clinic"}]}},"_links":{"self":[{"href":"https:\/\/biohairclinic.com\/es\/wp-json\/wp\/v2\/pages\/67","targetHints":{"allow":["GET"]}}],"collection":[{"href":"https:\/\/biohairclinic.com\/es\/wp-json\/wp\/v2\/pages"}],"about":[{"href":"https:\/\/biohairclinic.com\/es\/wp-json\/wp\/v2\/types\/page"}],"author":[{"embeddable":true,"href":"https:\/\/biohairclinic.com\/es\/wp-json\/wp\/v2\/users\/4"}],"replies":[{"embeddable":true,"href":"https:\/\/biohairclinic.com\/es\/wp-json\/wp\/v2\/comments?post=67"}],"version-history":[{"count":40,"href":"https:\/\/biohairclinic.com\/es\/wp-json\/wp\/v2\/pages\/67\/revisions"}],"predecessor-version":[{"id":59580,"href":"https:\/\/biohairclinic.com\/es\/wp-json\/wp\/v2\/pages\/67\/revisions\/59580"}],"wp:attachment":[{"href":"https:\/\/biohairclinic.com\/es\/wp-json\/wp\/v2\/media?parent=67"}],"curies":[{"name":"wp","href":"https:\/\/api.w.org\/{rel}","templated":true}]}}