{"id":90,"date":"2018-09-17T10:08:24","date_gmt":"2018-09-17T10:08:24","guid":{"rendered":"https:\/\/biohairclini.wpengine.com\/?page_id=90"},"modified":"2021-06-28T10:31:00","modified_gmt":"2021-06-28T10:31:00","slug":"tratamiento-prp-capilar","status":"publish","type":"page","link":"https:\/\/biohairclinic.com\/es\/tratamiento-prp-capilar\/","title":{"rendered":"Tratamiento PRP"},"content":{"rendered":"<h1>Tratamiento PRP<\/h1>\n<h2>Tratamiento capilar PRP en Bio Hair Clinic<\/h2>\n<p>En la <strong><a href=\"https:\/\/biohairclinic.com\/es\/clinica-capilar\/\">cl\u00ednica capilar<\/a><\/strong> Bio Hair ofrecemos a nuestros paciente el tratamiento PRP, tambi\u00e9n conocido como \u201cplasma rico en plaquetas\u201d. En pocas palabras, consiste en utilizar los factores de crecimiento de la propia sangre para prevenir la ca\u00edda de cabello, o estimular su desarrollo.<\/p>\n<p>En los \u00faltimos a\u00f1os, el \u00e9xito de este procedimiento en distintas \u00e1reas m\u00e9dicas ha ido en crecimiento. Los resultados y las <strong><a href=\"https:\/\/biohairclinic.com\/es\/opiniones-trasplante-capilar\/\">opiniones de quienes ya lo han probado<\/a><\/strong> son positivas, especialmente en el mundo del deporte, donde grandes estrellas se han sometido al tratamiento PRP.<br \/>\nAtletas de renombre como Tiger Woods, Rafael Nadal y muchos otros, han confiado en este tratamiento. Se ha usado junto con medicamentos, fisioterapia o cirug\u00eda para tratar a los atletas y diversas lesiones, como esguinces de rodilla o lesiones cr\u00f3nicas de tendones. Los resultados: una recuperaci\u00f3n m\u00e1s r\u00e1pida.<\/p>\n<p>Y aunque el tratamiento es en la actualidad ampliamente conocido por el p\u00fablico, siempre existen dudas y <strong><a href=\"https:\/\/biohairclinic.com\/es\/faq\/\">preguntas frecuentes<\/a><\/strong>, que trataremos de responder a continuaci\u00f3n.<\/p>\n<h2>\u00bfQu\u00e9 es exactamente el plasma rico en plaquetas o plasma enriquecido?<\/h2>\n<p>La sangre es mayormente un l\u00edquido (llamado plasma) que incluye muchos tipos de c\u00e9lulas diferentes, como gl\u00f3bulos rojos, gl\u00f3bulos blancos y plaquetas. Estas \u00faltimas poseen una gran capacidad para la regeneraci\u00f3n de tejidos y de la sangre. Asimismo, contienen muchas prote\u00ednas que influyen en la curaci\u00f3n de heridas de manera muy importante.<\/p>\n<p>El plasma enriquecido (PRP), es un preparado que contiene muchas m\u00e1s plaquetas de lo que normalmente se encuentra en la sangre humana. La concentraci\u00f3n de plaquetas y, por tanto, la capacidad de regeneraci\u00f3n, se multiplica entre 5 y 10 veces, haciendo que esta t\u00e9cnica sea muy valiosa.<\/p>\n<h2>Tratamiento con PRP para la cicatrizaci\u00f3n<\/h2>\n<p>Uno de los principales usos que le damos en nuestra cl\u00ednica al tratamiento PRP, es como complemento de un <strong><a href=\"https:\/\/biohairclinic.com\/es\/trasplante-capilar-fue\/\">trasplante capilar<\/a><\/strong>. Luego de la operaci\u00f3n, el plasma rico en plaquetas apoya y ayuda a la cicatrizaci\u00f3n de las heridas de los puntos de sutura que se recibieron durante el trasplante. Este preparado tiene la ventaja de acelerar el proceso de curaci\u00f3n gracias a la circulaci\u00f3n sangu\u00ednea optimizada. Adem\u00e1s, gracias a esta terapia el cabello, que pierde fuerza y energ\u00eda, se reactiva y fortalece.<\/p>\n<p>Por consiguiente, el PRP favorece la cicatrizaci\u00f3n y vitaliza el crecimiento del cuero cabelludo y del cabello. En otras palabras, el crecimiento del pelo se estimula naturalmente despu\u00e9s del trasplante.<\/p>\n<h3>\u00bfTodav\u00eda tiene preguntas?<\/h3>\n<p>Preguntar no cuesta nada. Y nuestra consulta y an\u00e1lisis capilar profesional es gratuito.<\/p>\n<p>\u00bfQu\u00e9 est\u00e1 esperando?&nbsp;Cont\u00e1ctenos ahora, estaremos encantados de atenderle.<\/p>\n<h2>\u00bfCu\u00e1l es el procedimiento?<\/h2>\n<p style=\"text-align: left\">Para desarrollar un preparado PRP, se extrae plasma de la propia sangre del paciente. A continuaci\u00f3n viene el paso primordial, en la cual se separan los trombocitos de los leucocitos. Los primeros, son los responsables de la r\u00e1pida recuperaci\u00f3n. En el paso final, la mezcla se inyecta en el cuero cabelludo, promoviendo la curaci\u00f3n y revitalizaci\u00f3n del cuero cabelludo y la ra\u00edz capilar.<\/p>\n<h2>No hay riesgos asociados<\/h2>\n<p>No hay absolutamente ning\u00fan riesgo ligado al tratamiento PRP, ya que para el mismo se utilizar\u00e1 la propia sangre del paciente. Esto significa que no se pueden producir alergias ni ning\u00fan otro riesgo de rechazo por parte del cuerpo. Podr\u00e1 ver los resultados positivos cuando compruebe que su piel se est\u00e1 regenerando a un ritmo bastante mayor de lo habitual.<\/p>\n<p>Al mismo tiempo, su propia sangre tratada, tendr\u00e1 un efecto rejuvenecedor y refrescante en su cuero cabelludo, reduciendo dr\u00e1sticamente la p\u00e9rdida de cabello. El tejido alrededor de las \u00e1reas donde inyectamos su propia sangre, se renueva mucho m\u00e1s r\u00e1pido y como resultado, el cabello crecer\u00e1 mucho m\u00e1s sano y fuerte.<\/p>\n<h2>&nbsp;Un resumen de las principales ventajas del tratamiento PRP<\/h2>\n<ul>\n<li>Curaci\u00f3n m\u00e1s r\u00e1pida del tejido: las peque\u00f1as cicatrices se curan mucho m\u00e1s r\u00e1pido, comenzando el crecimiento del cabello bastante antes de lo normal.<\/li>\n<li>Mejora en la vitalidad de los fol\u00edculos capilares: insertando el plasma rico en plaquetas en el cuero cabelludo, no solo se estimula la curaci\u00f3n, sino que los fol\u00edculos se hacen m\u00e1s fuertes.<\/li>\n<li>Es un tratamiento pr\u00e1cticamente indoloro.<\/li>\n<li>No supone riesgos o contra indicaciones, ya que se trabaja con la sangre propia del paciente.<\/li>\n<li>Posteriormente al tratamiento, se puede seguir con la actividad normal, debido a que casi no se necesitan cuidados post operatorios.<\/li>\n<\/ul>\n<h2>AN\u00c1LISIS CAPILAR GRATIS<\/h2>\n<p>Utilice la calculadora de cabello para conocer la cantidad de injertos que necesita. El proceso es totalmente gratuito y sin compromiso.<\/p>\n","protected":false},"excerpt":{"rendered":"<p>Tratamiento PRP Tratamiento capilar PRP en Bio Hair Clinic En la cl\u00ednica capilar Bio Hair ofrecemos a nuestros paciente el tratamiento PRP, tambi\u00e9n conocido como \u201cplasma rico en plaquetas\u201d. En pocas palabras, consiste en utilizar los factores de crecimiento de la propia sangre para prevenir la ca\u00edda de cabello, o estimular su desarrollo. En los [&hellip;]<\/p>\n","protected":false},"author":4,"featured_media":0,"parent":0,"menu_order":0,"comment_status":"closed","ping_status":"closed","template":"","meta":{"_acf_changed":false,"inline_featured_image":false,"footnotes":""},"class_list":["post-90","page","type-page","status-publish","hentry"],"acf":[],"yoast_head":"<!-- This site is optimized with the Yoast SEO Premium plugin v27.3 (Yoast SEO v27.4) - https:\/\/yoast.com\/product\/yoast-seo-premium-wordpress\/ -->\n<title>Tratamiento capilar PRP | Plasma rico en plaquetas para tu pelo<\/title>\n<meta name=\"description\" content=\"El plasma rico en plaquetas (PRP) es la mejor forma de apoyar la cicatrizaci\u00f3n y el crecimiento del cabello luego de un trasplante capilar.\" \/>\n<meta name=\"robots\" content=\"noindex, nofollow\" \/>\n<meta property=\"og:locale\" content=\"es_ES\" \/>\n<meta property=\"og:type\" content=\"article\" \/>\n<meta property=\"og:title\" content=\"Tratamiento PRP\" \/>\n<meta property=\"og:description\" content=\"El plasma rico en plaquetas (PRP) es la mejor forma de apoyar la cicatrizaci\u00f3n y el crecimiento del cabello luego de un trasplante capilar.\" \/>\n<meta property=\"og:url\" content=\"https:\/\/biohairclinic.com\/es\/tratamiento-prp-capilar\/\" \/>\n<meta property=\"og:site_name\" content=\"Trasplante Capilar Turqu\u00eda\" \/>\n<meta property=\"article:modified_time\" content=\"2021-06-28T10:31:00+00:00\" \/>\n<meta name=\"twitter:card\" content=\"summary_large_image\" \/>\n<meta name=\"twitter:label1\" content=\"Est. reading time\" \/>\n\t<meta name=\"twitter:data1\" content=\"4 minutes\" \/>\n<script type=\"application\/ld+json\" class=\"yoast-schema-graph\">{\"@context\":\"https:\\\/\\\/schema.org\",\"@graph\":[{\"@type\":\"WebPage\",\"@id\":\"https:\\\/\\\/biohairclinic.com\\\/es\\\/tratamiento-prp-capilar\\\/\",\"url\":\"https:\\\/\\\/biohairclinic.com\\\/es\\\/tratamiento-prp-capilar\\\/\",\"name\":\"Tratamiento capilar PRP | Plasma rico en plaquetas para tu pelo\",\"isPartOf\":{\"@id\":\"https:\\\/\\\/biohairclinic.com\\\/es\\\/#website\"},\"datePublished\":\"2018-09-17T10:08:24+00:00\",\"dateModified\":\"2021-06-28T10:31:00+00:00\",\"description\":\"El plasma rico en plaquetas (PRP) es la mejor forma de apoyar la cicatrizaci\u00f3n y el crecimiento del cabello luego de un trasplante capilar.\",\"breadcrumb\":{\"@id\":\"https:\\\/\\\/biohairclinic.com\\\/es\\\/tratamiento-prp-capilar\\\/#breadcrumb\"},\"inLanguage\":\"es-ES\",\"potentialAction\":[{\"@type\":\"ReadAction\",\"target\":[\"https:\\\/\\\/biohairclinic.com\\\/es\\\/tratamiento-prp-capilar\\\/\"]}]},{\"@type\":\"BreadcrumbList\",\"@id\":\"https:\\\/\\\/biohairclinic.com\\\/es\\\/tratamiento-prp-capilar\\\/#breadcrumb\",\"itemListElement\":[{\"@type\":\"ListItem\",\"position\":1,\"name\":\"Inicio\",\"item\":\"https:\\\/\\\/biohairclinic.com\\\/es\\\/\"},{\"@type\":\"ListItem\",\"position\":2,\"name\":\"Tratamiento PRP\"}]},{\"@type\":\"WebSite\",\"@id\":\"https:\\\/\\\/biohairclinic.com\\\/es\\\/#website\",\"url\":\"https:\\\/\\\/biohairclinic.com\\\/es\\\/\",\"name\":\"Trasplante Capilar Turqu\u00eda\",\"description\":\"BioHairClinic\u00a9\",\"publisher\":{\"@id\":\"https:\\\/\\\/biohairclinic.com\\\/es\\\/#organization\"},\"potentialAction\":[{\"@type\":\"SearchAction\",\"target\":{\"@type\":\"EntryPoint\",\"urlTemplate\":\"https:\\\/\\\/biohairclinic.com\\\/es\\\/?s={search_term_string}\"},\"query-input\":{\"@type\":\"PropertyValueSpecification\",\"valueRequired\":true,\"valueName\":\"search_term_string\"}}],\"inLanguage\":\"es-ES\"},{\"@type\":[\"Organization\",\"Place\"],\"@id\":\"https:\\\/\\\/biohairclinic.com\\\/es\\\/#organization\",\"name\":\"Biohair Clinic\",\"url\":\"https:\\\/\\\/biohairclinic.com\\\/es\\\/\",\"logo\":{\"@id\":\"https:\\\/\\\/biohairclinic.com\\\/es\\\/tratamiento-prp-capilar\\\/#local-main-organization-logo\"},\"image\":{\"@id\":\"https:\\\/\\\/biohairclinic.com\\\/es\\\/tratamiento-prp-capilar\\\/#local-main-organization-logo\"},\"telephone\":[],\"openingHoursSpecification\":[{\"@type\":\"OpeningHoursSpecification\",\"dayOfWeek\":[\"Monday\",\"Tuesday\",\"Wednesday\",\"Thursday\",\"Friday\",\"Saturday\",\"Sunday\"],\"opens\":\"09:00\",\"closes\":\"17:00\"}]},{\"@type\":\"ImageObject\",\"inLanguage\":\"es-ES\",\"@id\":\"https:\\\/\\\/biohairclinic.com\\\/es\\\/tratamiento-prp-capilar\\\/#local-main-organization-logo\",\"url\":\"https:\\\/\\\/biohairclinic.com\\\/es\\\/wp-content\\\/uploads\\\/sites\\\/4\\\/2021\\\/06\\\/biohair-logo.svg\",\"contentUrl\":\"https:\\\/\\\/biohairclinic.com\\\/es\\\/wp-content\\\/uploads\\\/sites\\\/4\\\/2021\\\/06\\\/biohair-logo.svg\",\"caption\":\"Biohair Clinic\"}]}<\/script>\n<!-- \/ Yoast SEO Premium plugin. -->","yoast_head_json":{"title":"Tratamiento capilar PRP | Plasma rico en plaquetas para tu pelo","description":"El plasma rico en plaquetas (PRP) es la mejor forma de apoyar la cicatrizaci\u00f3n y el crecimiento del cabello luego de un trasplante capilar.","robots":{"index":"noindex","follow":"nofollow"},"og_locale":"es_ES","og_type":"article","og_title":"Tratamiento PRP","og_description":"El plasma rico en plaquetas (PRP) es la mejor forma de apoyar la cicatrizaci\u00f3n y el crecimiento del cabello luego de un trasplante capilar.","og_url":"https:\/\/biohairclinic.com\/es\/tratamiento-prp-capilar\/","og_site_name":"Trasplante Capilar Turqu\u00eda","article_modified_time":"2021-06-28T10:31:00+00:00","twitter_card":"summary_large_image","twitter_misc":{"Est. reading time":"4 minutes"},"schema":{"@context":"https:\/\/schema.org","@graph":[{"@type":"WebPage","@id":"https:\/\/biohairclinic.com\/es\/tratamiento-prp-capilar\/","url":"https:\/\/biohairclinic.com\/es\/tratamiento-prp-capilar\/","name":"Tratamiento capilar PRP | Plasma rico en plaquetas para tu pelo","isPartOf":{"@id":"https:\/\/biohairclinic.com\/es\/#website"},"datePublished":"2018-09-17T10:08:24+00:00","dateModified":"2021-06-28T10:31:00+00:00","description":"El plasma rico en plaquetas (PRP) es la mejor forma de apoyar la cicatrizaci\u00f3n y el crecimiento del cabello luego de un trasplante capilar.","breadcrumb":{"@id":"https:\/\/biohairclinic.com\/es\/tratamiento-prp-capilar\/#breadcrumb"},"inLanguage":"es-ES","potentialAction":[{"@type":"ReadAction","target":["https:\/\/biohairclinic.com\/es\/tratamiento-prp-capilar\/"]}]},{"@type":"BreadcrumbList","@id":"https:\/\/biohairclinic.com\/es\/tratamiento-prp-capilar\/#breadcrumb","itemListElement":[{"@type":"ListItem","position":1,"name":"Inicio","item":"https:\/\/biohairclinic.com\/es\/"},{"@type":"ListItem","position":2,"name":"Tratamiento PRP"}]},{"@type":"WebSite","@id":"https:\/\/biohairclinic.com\/es\/#website","url":"https:\/\/biohairclinic.com\/es\/","name":"Trasplante Capilar Turqu\u00eda","description":"BioHairClinic\u00a9","publisher":{"@id":"https:\/\/biohairclinic.com\/es\/#organization"},"potentialAction":[{"@type":"SearchAction","target":{"@type":"EntryPoint","urlTemplate":"https:\/\/biohairclinic.com\/es\/?s={search_term_string}"},"query-input":{"@type":"PropertyValueSpecification","valueRequired":true,"valueName":"search_term_string"}}],"inLanguage":"es-ES"},{"@type":["Organization","Place"],"@id":"https:\/\/biohairclinic.com\/es\/#organization","name":"Biohair Clinic","url":"https:\/\/biohairclinic.com\/es\/","logo":{"@id":"https:\/\/biohairclinic.com\/es\/tratamiento-prp-capilar\/#local-main-organization-logo"},"image":{"@id":"https:\/\/biohairclinic.com\/es\/tratamiento-prp-capilar\/#local-main-organization-logo"},"telephone":[],"openingHoursSpecification":[{"@type":"OpeningHoursSpecification","dayOfWeek":["Monday","Tuesday","Wednesday","Thursday","Friday","Saturday","Sunday"],"opens":"09:00","closes":"17:00"}]},{"@type":"ImageObject","inLanguage":"es-ES","@id":"https:\/\/biohairclinic.com\/es\/tratamiento-prp-capilar\/#local-main-organization-logo","url":"https:\/\/biohairclinic.com\/es\/wp-content\/uploads\/sites\/4\/2021\/06\/biohair-logo.svg","contentUrl":"https:\/\/biohairclinic.com\/es\/wp-content\/uploads\/sites\/4\/2021\/06\/biohair-logo.svg","caption":"Biohair Clinic"}]}},"_links":{"self":[{"href":"https:\/\/biohairclinic.com\/es\/wp-json\/wp\/v2\/pages\/90","targetHints":{"allow":["GET"]}}],"collection":[{"href":"https:\/\/biohairclinic.com\/es\/wp-json\/wp\/v2\/pages"}],"about":[{"href":"https:\/\/biohairclinic.com\/es\/wp-json\/wp\/v2\/types\/page"}],"author":[{"embeddable":true,"href":"https:\/\/biohairclinic.com\/es\/wp-json\/wp\/v2\/users\/4"}],"replies":[{"embeddable":true,"href":"https:\/\/biohairclinic.com\/es\/wp-json\/wp\/v2\/comments?post=90"}],"version-history":[{"count":11,"href":"https:\/\/biohairclinic.com\/es\/wp-json\/wp\/v2\/pages\/90\/revisions"}],"predecessor-version":[{"id":57657,"href":"https:\/\/biohairclinic.com\/es\/wp-json\/wp\/v2\/pages\/90\/revisions\/57657"}],"wp:attachment":[{"href":"https:\/\/biohairclinic.com\/es\/wp-json\/wp\/v2\/media?parent=90"}],"curies":[{"name":"wp","href":"https:\/\/api.w.org\/{rel}","templated":true}]}}