{"id":11565,"date":"2019-10-02T11:02:53","date_gmt":"2019-10-02T11:02:53","guid":{"rendered":"https:\/\/biohairclinic.com\/it\/?page_id=11565"},"modified":"2023-12-06T21:33:30","modified_gmt":"2023-12-06T21:33:30","slug":"trattamento-tricopigmentazione","status":"publish","type":"page","link":"https:\/\/biohairclinic.com\/it\/trattamento-tricopigmentazione\/","title":{"rendered":"La tricopigmentazione, che cos\u2019\u00e8?"},"content":{"rendered":"<h1><b>La tricopigmentazione, che cos\u2019\u00e8?<\/b><\/h1>\n<p>Per alcuni problemi legati ai capelli, come un forte diradamento dei capelli o una calvizie a zone, possiamo offrire un\u2019ampia gamma di soluzioni sempre pi\u00f9 flessibili ed efficaci. Tra le opzioni disponibili, la <strong>tricopigmentazione<\/strong> o micropigmentazione dei capelli, figura come una soluzione relativamente veloce, poco invasiva ed economica.<\/p>\n<p>Questa tecnica prevede l\u2019inoculazione tramite aghi di pigmentazioni specifiche nello strato esterno del derma del cuoio capelluto. I tratti lasciati andranno a simulare visivamente i capelli. Il risultato finale del processo, visibile fin dalla prima guarigione, permette di <strong>rinfoltire<\/strong> la chioma, <strong>coprire diradamento<\/strong> o inestetismi e ottenere un \u201c<strong>effetto rasato<\/strong>\u201d ultra-realistico.<\/p>\n<p>Una soluzione che sta guadagnando sempre maggior consenso e popolarit\u00e0, in virt\u00f9 delle sue garanzie e della possibilit\u00e0 di essere facilmente integrata all\u2019interno di trattamenti pi\u00f9 complessi contro la calvizie, come il trapianto. Ora andremo a vedere nello specifico come la tricopigmentazione vi pu\u00f2 aiutare, quali tecniche adoperiamo, quali sono le fasi del trattamento operatorio e post-operatorio per ottenere risultati brillanti e duraturi.<\/p>\n<h2>I diversi tipi di utilizzo<\/h2>\n<p>Come gi\u00e0 accennato, questa soluzione \u00e8 ideale per chi desidera prevalentemente ricostruire la pienezza e la densit\u00e0 dei propri capelli senza ricorrere a tecniche chirurgiche pi\u00f9 invasive. Questo trattamento viene scelto prevalentemente nei seguenti tre casi.<\/p>\n<ul>\n<li><strong>L\u00b4effetto rasato<\/strong><br \/>\nQuesto trattamento \u00e8 altamente consigliato nel caso in cui si voglia ottenere un effetto rasato molto realistico. Un\u2019 opinione comprensibile, ma molto imprecisa, la vorrebbe come soluzione dedicata prevalentemente a persone che preferiscono un taglio rasato. Un taglio molto corto infatti ne beneficerebbe enormemente, tuttavia questo non significa che chi preferisce un capello medio o lungo non possa trarne altrettanto profitto.<\/li>\n<li><strong>L\u00b4effetto riempimento<\/strong><br \/>\nPossiamo adoperare le nostre conoscenze per intervenire su ogni capigliatura, lunga o corta, dal momento che ogni taglio potrebbe avere la necessit\u00e1 di mascherare il contrasto tra lo scalpo e la chioma, dovuto al progressivo diradamento dei capelli.<\/li>\n<li><strong>La copertura di inestetismi<\/strong><br \/>\nRestituire corposit\u00e0 alla capigliatura \u00e8 solo una delle possibilit\u00e0: la tricopigmentazione \u00e8 la soluzione perfetta per intervenire su ogni inestetismo che compromette l\u2019omogeneit\u00e0 dei vostri capelli.Grazie alla sua delicatezza infatti, quest\u2019operazione pu\u00f2 intervenire su ogni genere di pelle, anche sul tessuto cicatriziale lasciato dall\u2019operazione di trapianto FUT o da altre ferite.<\/li>\n<\/ul>\n<p>Essendo poi una tecnica applicabile in maniera settoriale, \u00e8 anche ideale per rinfoltire vuoti lasciati da segni o rose e per rimodellare la stempiatura e la linea dei capelli che con la calvizie divengono pi\u00f9 rade e profonde.<\/p>\n<h2>Le tecniche<\/h2>\n<p>Esiste un ricco palco di tecniche che vengono adoperate in funzione delle necessit\u00e0 di chi si sottopone all\u2019operazione e che vengono scelte attentamente dal chirurgo per ottenere i migliori risultati possibili.<\/p>\n<p>Tra le tecniche che adoperiamo, le pi\u00f9 richieste sono quelle di <strong>puntinatura<\/strong>, ideale per simulare la rasatura e la ricrescita del capello e quella a \u201c<strong>virgola<\/strong>\u201d che riempie in maniera pi\u00f9 consistente lo spazio vuoto tra i capelli presenti, ma fini e diradati.<\/p>\n<p>Queste due tecniche possono essere combinate liberamente per creare texture altamente realistiche e variegate, difficilmente distinguibili dai capelli normali.<\/p>\n<h2>Le fasi della tricopigmentazione<\/h2>\n<ol style=\"padding-left: 2em\">\n<li><strong>Prima dell\u00b4operazione \u2013 24 ore prima<\/strong><br \/>\nPer intraprendere un\u2019operazione del genere \u00e8 necessario procedere con cautela: gi\u00e0 prima di sottoporsi alla tricopigmentazione bisogna avere l\u2019accortezza di azzerare l\u2019uso di alcool, sigarette e farmaci (questi ultimi solo previa autorizzazione medica) per almeno 24 ore. L\u2019assunzione di queste sostanza potrebbe infatti diluire il sangue o alterare la pressione sanguinea; fattori che renderanno pi\u00f9 difficile l\u2019operazione e che potrebbero compromettere la guarigione.<\/li>\n<li><strong>Prima dell\u00b4operazione \u2013 in clinica<\/strong><br \/>\nAssieme all\u2019equipe medica verrete assistiti nella pre &#8211; visualizzazione dei risultati; avrete la possibilit\u00e0 di scegliere l\u2019effetto finale e su quali zone intervenire per rinfoltire i capelli. Ogni capigliatura possiede una colorazione unica e pertanto richiede una pigmentazione sviluppata su misura per adattarsi alla tonalit\u00e0 naturale del capello. Solo dopo aver definito assieme al dottore i termini dell\u2019operazione si procede con la pulizia della cute e con l\u2019applicazione della crema anestetica.<\/li>\n<li><strong>L\u2019operazione<\/strong><br \/>\nL\u2019esecuzione durer\u00e0 poi dalle 2 alle 4 ore e seguir\u00e0 una seconda applicazione di balsami lenitivi che smorzeranno la reazione della cute. Al termine di questa fase il nostro team vi dar\u00e1 le istruzioni e i chiarimenti necessari per una corretta cura da casa al fine di assicurare una guarigione indolore e completa.<\/li>\n<li><strong>Dopo l\u00b4operazione<\/strong><br \/>\n\u00c8 opportuno anche qui rinunciare all\u2019assunzione delle sostanze indicate precedentemente, alcool, fumo e farmaci per almeno altre 24 ore. Dopo la prima tricopigmentazione dei capelli ci accorderemo per altre sedute, una o due, pi\u00f9 veloci, che serviranno a completare il risultato e che creeranno un effetto ancora pi\u00f9 omogeneo e realistico.<\/li>\n<\/ol>\n<h2>La guarigione: veloce e con poche rinunce<\/h2>\n<p>I tempi di guarigione sono piuttosto rapidi; i risultati e la durata dell\u2019effetto sono largamente determinati dall\u2019attenzione con cui si seguono le indicazioni post-operatorie.<\/p>\n<ul>\n<li><strong>La prima settimana<\/strong>: L\u2019eccessiva sudorazione potrebbe invece riaprire i pori e causare un rigetto di colore quindi bisogna lasciare il capo libero di respirare e rinunciare all\u2019attivit\u00e0 sportiva per almeno una settimana. Anche l\u2019esposizione alla luce solare o ultravioletta (solarium) debbono essere controllate e bisogna evitare, per quanto possibile, l\u2019esposizione diretta almeno per la prima settimana.<\/li>\n<li><strong>Le prime due settimane<\/strong>: Soprattutto per i primi 14 giorni sar\u00e0 importante che prestiate attenzione ad evitare il contatto con sostanze caustiche quali cloro e tinture per capelli. Se siete amanti della sauna \u00e8 bene sapere che il divieto si estende per lo stesso lasso di tempo.<\/li>\n<\/ul>\n<h2>I risultati<\/h2>\n<p>Terminata la guarigione, con una corretta cura, il risultato sar\u00e0 stupefacente, ma non durer\u00e0 per sempre. Neppure la tricopigmentazione permanente garantisce risultati a vita: il corpo umano, infatti, \u00e8 in grado di <strong>riassorbire l\u2019inchiostro<\/strong>. Questo tratto negativo, in realt\u00e0, \u00e8 uno dei punti di forza di questa tecnica. Le tinte iniettate sottopelle infatti tendono ad allargarsi con gli anni, la tricopigmentazione invece arriva a garantire fino 3\/6 anni di \u201ccopertura\u201d dopo i quali svanir\u00e0 e potr\u00e0 essere tranquillamente rieseguita.<\/p>\n<p>Ad influenzare la durata dei risultati intervengono numerosi fattori: dalla profondit\u00e0 delle incisioni, alla tipologia di tintura adoperata fino alle singole caratteristiche metaboliche dell\u2019individuo. I nostri chirurghi ed il nostro personale sapranno accompagnarti durante l\u2019intero processo per fornirti un\u2019esperienza altamente personalizzata, attenta all\u2019ascolto delle tue esigenze, garantita ma soprattutto sicura e serena.<\/p>\n<p>Un vantaggio da non dimenticare: la tricopigmentazione presenta costi notevolmente inferiori ai <strong><a href=\"https:\/\/biohairclinic.com\/it\/trapianto-capelli-prezzi\/\">prezzi di un trapianto di capelli<\/a><\/strong>, sia in termini di denaro che di tempo. Per coloro che preferiscono un&#8217;operazione meno invasiva, seppur meno duratura nel tempo, la tricoprigmentazione rappresenta la soluzione adatta per le loro esigenze.<\/p>\n<h2>Analisi dei capelli gratuita<\/h2>\n<p>Utilizzate il Calcolatore di capelli per ottenere informazioni sul numero di Grafts necessarie. La richiesta \u00e9 gratuita e senza impegno.<\/p>\n<p><!--  --> .haarrechner {<!--  --> text-transform: uppercase;<!--  --> padding-top: 15px !important;<!--  --> padding-right: 5% !important;<!--  --> padding-bottom: 15px !important;<!--  --> padding-left: 5% !important;<!--  --> color: #049DB7 !important;<!--  --> border-width: 0px !important;<!--  --> border-color: #ffffff;<!--  --> border-radius: 30px;<!--  --> font-size: 18px;<!--  --> background-color: #ffffff;<!--  --> box-shadow: 0px 12px 18px -6px rgba(4, 157, 183, 0.48);<!--  --> transition: all 300ms ease 0ms;<!--  --> font-weight: 600;<!--  --> border: 2px solid;<!--  --> line-height: 1.7em !important;<!--  --> }<!--  --> .haarrechner:hover {<!--  --> color: #ffffff !important;<!--  --> border: 2px solid #ffffff !important;<!--  --> border-radius: 30px;<!--  --> font-size: 18px;<!--  --> background-color: #049DB7;<!--  --> box-shadow: 0px 12px 18px -6px rgba(4, 157, 183, 0.48);<!--  --> transition: all 300ms ease 0ms;<!--  --> }<!--  --><!--  --><a class=\"haarrechner\" href=\"https:\/\/biohairclinic.com\/it\/calcolatore-di-capelli\/\" data-abc=\"true\">Vai al calcolatore<\/a><\/p>\n","protected":false},"excerpt":{"rendered":"<p>La tricopigmentazione, che cos\u2019\u00e8? Per alcuni problemi legati ai capelli, come un forte diradamento dei capelli o una calvizie a zone, possiamo offrire un\u2019ampia gamma di soluzioni sempre pi\u00f9 flessibili ed efficaci. Tra le opzioni disponibili, la tricopigmentazione o micropigmentazione dei capelli, figura come una soluzione relativamente veloce, poco invasiva ed economica. Questa tecnica prevede [&hellip;]<\/p>\n","protected":false},"author":13,"featured_media":0,"parent":0,"menu_order":0,"comment_status":"closed","ping_status":"closed","template":"","meta":{"_acf_changed":false,"inline_featured_image":false,"footnotes":""},"class_list":["post-11565","page","type-page","status-publish","hentry"],"acf":[],"yoast_head":"<!-- This site is optimized with the Yoast SEO Premium plugin v27.3 (Yoast SEO v27.4) - https:\/\/yoast.com\/product\/yoast-seo-premium-wordpress\/ -->\n<title>Tricopigmentazione: che cos\u00b4\u00e8 e come funziona? | Bio Hair Clinic<\/title>\n<meta name=\"description\" content=\"Capelli diradati, cicatrici o problemi di capelli, la tricopigmentazione \u00e9 il trattamento che fa per voi se volete una soluzione semplice e poco invasive!\" \/>\n<meta name=\"robots\" content=\"noindex, nofollow\" \/>\n<meta property=\"og:locale\" content=\"it_IT\" \/>\n<meta property=\"og:type\" content=\"article\" \/>\n<meta property=\"og:title\" content=\"La tricopigmentazione, che cos\u2019\u00e8?\" \/>\n<meta property=\"og:description\" content=\"Capelli diradati, cicatrici o problemi di capelli, la tricopigmentazione \u00e9 il trattamento che fa per voi se volete una soluzione semplice e poco invasive!\" \/>\n<meta property=\"og:url\" content=\"https:\/\/biohairclinic.com\/it\/trattamento-tricopigmentazione\/\" \/>\n<meta property=\"og:site_name\" content=\"Trapianto Capelli Turchia Prezzi\" \/>\n<meta property=\"article:modified_time\" content=\"2023-12-06T21:33:30+00:00\" \/>\n<meta name=\"twitter:card\" content=\"summary_large_image\" \/>\n<meta name=\"twitter:label1\" content=\"Est. reading time\" \/>\n\t<meta name=\"twitter:data1\" content=\"7 minutes\" \/>\n<script type=\"application\/ld+json\" class=\"yoast-schema-graph\">{\"@context\":\"https:\\\/\\\/schema.org\",\"@graph\":[{\"@type\":\"WebPage\",\"@id\":\"https:\\\/\\\/biohairclinic.com\\\/it\\\/trattamento-tricopigmentazione\\\/\",\"url\":\"https:\\\/\\\/biohairclinic.com\\\/it\\\/trattamento-tricopigmentazione\\\/\",\"name\":\"Tricopigmentazione: che cos\u00b4\u00e8 e come funziona? | Bio Hair Clinic\",\"isPartOf\":{\"@id\":\"https:\\\/\\\/biohairclinic.com\\\/it\\\/#website\"},\"datePublished\":\"2019-10-02T11:02:53+00:00\",\"dateModified\":\"2023-12-06T21:33:30+00:00\",\"description\":\"Capelli diradati, cicatrici o problemi di capelli, la tricopigmentazione \u00e9 il trattamento che fa per voi se volete una soluzione semplice e poco invasive!\",\"breadcrumb\":{\"@id\":\"https:\\\/\\\/biohairclinic.com\\\/it\\\/trattamento-tricopigmentazione\\\/#breadcrumb\"},\"inLanguage\":\"it-IT\",\"potentialAction\":[{\"@type\":\"ReadAction\",\"target\":[\"https:\\\/\\\/biohairclinic.com\\\/it\\\/trattamento-tricopigmentazione\\\/\"]}]},{\"@type\":\"BreadcrumbList\",\"@id\":\"https:\\\/\\\/biohairclinic.com\\\/it\\\/trattamento-tricopigmentazione\\\/#breadcrumb\",\"itemListElement\":[{\"@type\":\"ListItem\",\"position\":1,\"name\":\"Home\",\"item\":\"https:\\\/\\\/biohairclinic.com\\\/it\\\/\"},{\"@type\":\"ListItem\",\"position\":2,\"name\":\"La tricopigmentazione, che cos\u2019\u00e8?\"}]},{\"@type\":\"WebSite\",\"@id\":\"https:\\\/\\\/biohairclinic.com\\\/it\\\/#website\",\"url\":\"https:\\\/\\\/biohairclinic.com\\\/it\\\/\",\"name\":\"Trapianto Capelli Turchia Prezzi\",\"description\":\"BioHairClinic \u00a9\",\"potentialAction\":[{\"@type\":\"SearchAction\",\"target\":{\"@type\":\"EntryPoint\",\"urlTemplate\":\"https:\\\/\\\/biohairclinic.com\\\/it\\\/?s={search_term_string}\"},\"query-input\":{\"@type\":\"PropertyValueSpecification\",\"valueRequired\":true,\"valueName\":\"search_term_string\"}}],\"inLanguage\":\"it-IT\"},{\"@type\":\"ImageObject\",\"inLanguage\":\"it-IT\",\"@id\":\"https:\\\/\\\/biohairclinic.com\\\/it\\\/trattamento-tricopigmentazione\\\/#local-main-organization-logo\",\"url\":\"\",\"contentUrl\":\"\",\"caption\":\"Trapianto Capelli Turchia Prezzi\"}]}<\/script>\n<meta name=\"geo.placename\" content=\"Roma\" \/>\n<meta name=\"geo.position\" content=\"41.9059342;12.4922504\" \/>\n<meta name=\"geo.region\" content=\"\u00c5land Islands\" \/>\n<!-- \/ Yoast SEO Premium plugin. -->","yoast_head_json":{"title":"Tricopigmentazione: che cos\u00b4\u00e8 e come funziona? | Bio Hair Clinic","description":"Capelli diradati, cicatrici o problemi di capelli, la tricopigmentazione \u00e9 il trattamento che fa per voi se volete una soluzione semplice e poco invasive!","robots":{"index":"noindex","follow":"nofollow"},"og_locale":"it_IT","og_type":"article","og_title":"La tricopigmentazione, che cos\u2019\u00e8?","og_description":"Capelli diradati, cicatrici o problemi di capelli, la tricopigmentazione \u00e9 il trattamento che fa per voi se volete una soluzione semplice e poco invasive!","og_url":"https:\/\/biohairclinic.com\/it\/trattamento-tricopigmentazione\/","og_site_name":"Trapianto Capelli Turchia Prezzi","article_modified_time":"2023-12-06T21:33:30+00:00","twitter_card":"summary_large_image","twitter_misc":{"Est. reading time":"7 minutes"},"schema":{"@context":"https:\/\/schema.org","@graph":[{"@type":"WebPage","@id":"https:\/\/biohairclinic.com\/it\/trattamento-tricopigmentazione\/","url":"https:\/\/biohairclinic.com\/it\/trattamento-tricopigmentazione\/","name":"Tricopigmentazione: che cos\u00b4\u00e8 e come funziona? | Bio Hair Clinic","isPartOf":{"@id":"https:\/\/biohairclinic.com\/it\/#website"},"datePublished":"2019-10-02T11:02:53+00:00","dateModified":"2023-12-06T21:33:30+00:00","description":"Capelli diradati, cicatrici o problemi di capelli, la tricopigmentazione \u00e9 il trattamento che fa per voi se volete una soluzione semplice e poco invasive!","breadcrumb":{"@id":"https:\/\/biohairclinic.com\/it\/trattamento-tricopigmentazione\/#breadcrumb"},"inLanguage":"it-IT","potentialAction":[{"@type":"ReadAction","target":["https:\/\/biohairclinic.com\/it\/trattamento-tricopigmentazione\/"]}]},{"@type":"BreadcrumbList","@id":"https:\/\/biohairclinic.com\/it\/trattamento-tricopigmentazione\/#breadcrumb","itemListElement":[{"@type":"ListItem","position":1,"name":"Home","item":"https:\/\/biohairclinic.com\/it\/"},{"@type":"ListItem","position":2,"name":"La tricopigmentazione, che cos\u2019\u00e8?"}]},{"@type":"WebSite","@id":"https:\/\/biohairclinic.com\/it\/#website","url":"https:\/\/biohairclinic.com\/it\/","name":"Trapianto Capelli Turchia Prezzi","description":"BioHairClinic \u00a9","potentialAction":[{"@type":"SearchAction","target":{"@type":"EntryPoint","urlTemplate":"https:\/\/biohairclinic.com\/it\/?s={search_term_string}"},"query-input":{"@type":"PropertyValueSpecification","valueRequired":true,"valueName":"search_term_string"}}],"inLanguage":"it-IT"},{"@type":"ImageObject","inLanguage":"it-IT","@id":"https:\/\/biohairclinic.com\/it\/trattamento-tricopigmentazione\/#local-main-organization-logo","url":"","contentUrl":"","caption":"Trapianto Capelli Turchia Prezzi"}]},"geo.placename":"Roma","geo.position":{"lat":"41.9059342","long":"12.4922504"},"geo.region":"\u00c5land Islands"},"_links":{"self":[{"href":"https:\/\/biohairclinic.com\/it\/wp-json\/wp\/v2\/pages\/11565","targetHints":{"allow":["GET"]}}],"collection":[{"href":"https:\/\/biohairclinic.com\/it\/wp-json\/wp\/v2\/pages"}],"about":[{"href":"https:\/\/biohairclinic.com\/it\/wp-json\/wp\/v2\/types\/page"}],"author":[{"embeddable":true,"href":"https:\/\/biohairclinic.com\/it\/wp-json\/wp\/v2\/users\/13"}],"replies":[{"embeddable":true,"href":"https:\/\/biohairclinic.com\/it\/wp-json\/wp\/v2\/comments?post=11565"}],"version-history":[{"count":12,"href":"https:\/\/biohairclinic.com\/it\/wp-json\/wp\/v2\/pages\/11565\/revisions"}],"predecessor-version":[{"id":59915,"href":"https:\/\/biohairclinic.com\/it\/wp-json\/wp\/v2\/pages\/11565\/revisions\/59915"}],"wp:attachment":[{"href":"https:\/\/biohairclinic.com\/it\/wp-json\/wp\/v2\/media?parent=11565"}],"curies":[{"name":"wp","href":"https:\/\/api.w.org\/{rel}","templated":true}]}}