{"id":11586,"date":"2019-10-02T12:52:19","date_gmt":"2019-10-02T12:52:19","guid":{"rendered":"https:\/\/biohairclinic.com\/it\/?page_id=11586"},"modified":"2023-05-05T10:03:33","modified_gmt":"2023-05-05T10:03:33","slug":"specialisti-chirurgia-capelli","status":"publish","type":"page","link":"https:\/\/biohairclinic.com\/it\/specialisti-chirurgia-capelli\/","title":{"rendered":"Chirurgo del trapianto di capelli"},"content":{"rendered":"<section class=\"hero\">\r\n    <div class=\"container\">\r\n        <div class=\"row\">\r\n            <div class=\"col-md-6\">\r\n                <h1><span>Il chirurgo<\/span>per il tuo trapianto di capelli <\/h1>\r\n                <div class=\"p-block\">\r\n                    <p>Il dottor Ibrahim \u00e8 il nostro medico primario. Insieme al suo team di esperti, ha gi\u00e0 trattato la caduta dei capelli di <strong> oltre 20.000 pazienti<\/strong>.\r\n <br><br>\r\n\r\nOltre alla sua competenza, \u00e8 soprattutto la sua empatia a renderlo cos\u00ec popolare tra i nostri pazienti. Gli esperti della Clinica Bio Hair esaudiranno tutti i tuoi desideri e ti garantiranno <strong> capelli meravigliosamente folti<\/strong>.<\/p>\r\n                                            <div class=\"btn\">\r\n                            <span class=\"button bio_btn\" data-url=\"https:\/\/biohairclinic.com\/it\/calcolatore-di-capelli\/\">Calcolare l\u2019offerta<\/span>\r\n                        <\/div>\r\n                       \r\n                <\/div>\r\n            <\/div>\r\n            <div class=\"col-md-6\">\r\n                                        <img loading=\"lazy\" decoding=\"async\" src=\"https:\/\/biohairclinic.com\/it\/wp-content\/uploads\/sites\/3\/2022\/12\/dr-ibrahim-team-specialisti-trapianto-capelli.jpg\" alt=\"Il Dr. Ibrahim e il suo team di specialisti di trapianto di capelli\" width=\"610\" height=\"509\"\/>\r\n                            <\/div>\r\n        <\/div>\r\n    <\/div>\r\n<\/section>\n\n<section class=\"text_image sec_bg\">\r\n    <div class=\"container\">\r\n                    <div class=\"row\">\r\n                <div class=\"col-md-6\">\r\n                                                <img loading=\"lazy\" decoding=\"async\" class=\"top_right_bottom_left\" src=\"https:\/\/biohairclinic.com\/it\/wp-content\/uploads\/sites\/3\/2022\/12\/dr-ibrahim-specialista-trapianto-capelli.jpg\" alt=\"Foto del Dr. Ibrahim, lo specialista di trapianto di capelli\" width=\"610\" height=\"509\"\/>\r\n                                    <\/div>\r\n                <div class=\"col-md-6\">\r\n                    <div class=\"content\">\r\n                        <h2>Dr. Ibrahim: il chirurgo per il tuo trapianto di capelli<\/h2>\n<p>Il nostro medico primario, il Dr. Ibrahim, ha deciso presto di specializzarsi nel campo dei trattamenti professionali dei capelli e nella chirurgia della calvizie.<\/p>\n<p>Dopo i suoi studi all\u2019Universit\u00e0 Ege di Izmir\/Turchia, aveva gi\u00e0 ben chiaro il suo obiettivo: diventare chirurgo di trapianto di capelli. Per molti anni, il Dr. Ibrahim ha lavorato come medico senior presso la Bio Hair Clinic.<\/p>\n<p>Per essere sempre aggiornato sulle ultime tecnologie e tecniche di trapianto, frequenta regolarmente corsi di formazione e seminari in tutto il mondo. La <strong>biotecnologia da lui stesso sviluppata<\/strong> \u00e8 un esempio dell&#8217;innovazione e dell&#8217;alta qualit\u00e0 della nostra clinica.<\/p>\n<p>Quindi non sorprende che quando la gente parla del <strong>miglior medico per il trapianto di capelli<\/strong> a Istanbul, il Dr. Ibrahim viene regolarmente menzionato.<\/p>\n                                            <\/div>\r\n                <\/div>\r\n            <\/div>\r\n            <\/div>\r\n<\/section>\n\n<section class=\"text_image\">\r\n    <div class=\"container\">\r\n                    <div class=\"row mobile_order\">\r\n                <div class=\"col-md-6\">\r\n                    <div class=\"content\">\r\n                        <h3>L&#8217;educazione del dottor Ibrahim<\/h3>\n<ul>\n<li style=\"list-style-type: none\">\n<ul>\n<li><strong>Dal 2017 &#8211; Bio Hair Clinic, Istanbul<\/strong><\/li>\n<\/ul>\n<\/li>\n<\/ul>\n<p>Direttore medico<\/p>\n<ul>\n<li style=\"list-style-type: none\">\n<ul>\n<li><strong>2012 &#8211; 2017 Universit\u00e0 Bezmialem, Istanbul<\/strong><\/li>\n<\/ul>\n<\/li>\n<\/ul>\n<p>Medico incaricato per l&#8217;istituzione e il coordinamento del dipartimento del turismo<\/p>\n<ul>\n<li style=\"list-style-type: none\">\n<ul>\n<li><strong>2011 &#8211; Universit\u00e0 Ege, Bornova\/Izmir<\/strong><\/li>\n<\/ul>\n<\/li>\n<\/ul>\n<p>Laureato con certificato M.D.<\/p>\n \r\n                                              \r\n                    <\/div>\r\n                <\/div>\r\n                <div class=\"col-md-6\">\r\n                                                <img loading=\"lazy\" decoding=\"async\" class=\"top_left_bottom_right\" src=\"https:\/\/biohairclinic.com\/it\/wp-content\/uploads\/sites\/3\/2022\/05\/grafica-istruzione-universitaria.svg\" alt=\"grafica istruzione universitaria del Dr. Ibrahim\" width=\"294\" height=\"355\"\/>\r\n                                    <\/div>\r\n            <\/div>\r\n            <\/div>\r\n<\/section>\n\n<section class=\"text_image sec_bg\">\r\n    <div class=\"container\">\r\n                    <div class=\"row\">\r\n                <div class=\"col-md-6\">\r\n                                                <img loading=\"lazy\" decoding=\"async\" class=\"top_right_bottom_left\" src=\"https:\/\/biohairclinic.com\/it\/wp-content\/uploads\/sites\/3\/2022\/05\/dr-ibrahim-team-bnio-hair-clinic-intervento.jpg\" alt=\"il dr Ibrahim supervisiona il team di Bio Hair Clinic durante l&#039;intervento\" width=\"610\" height=\"466\"\/>\r\n                                    <\/div>\r\n                <div class=\"col-md-6\">\r\n                    <div class=\"content\">\r\n                        <h2>I nostri esperti forniscono il miglior supporto<\/h2>\n<p>I migliori medici di trapianto di capelli si trovano in Turchia e il Dr. Ibrahim \u00e8 sicuramente uno di loro. Oltre alla sua profonda competenza, ha anche la capacit\u00e0 di entrare in <strong>empatia con i suoi pazienti<\/strong>.<\/p>\n<p>Il team, che eseguir\u00e0 il tuo intervento chirurgico nella nostra <a href=\"https:\/\/biohairclinic.com\/it\/clinica-per-trapianto-capelli\/\">clinica all&#8217;avanguardia<\/a>, \u00e8 anche uno dei migliori in Turchia e supporta quotidianamente il nostro specialista di trapianti di capelli.<\/p>\n<p>Tutto il personale di Bio Hair Clinic \u00e8 esperto nel campo delle tecniche chirurgiche per trattare l\u2019alopecia androgenetica. Dal prelievo delle unit\u00e0 follicolari con la tecnica FUE fino al trapianto, lavoriamo solo con i <strong>migliori specialisti<\/strong>.<\/p>\n<p>Il Dr. Ibrahim e il suo team hanno perfezionato cos\u00ec tanto le loro tecniche che resterai stupito <a href=\"https:\/\/biohairclinic.com\/it\/trapianto-di-capelli-prima-e-dopo\/\">dal confronto prima e dopo<\/a>.<\/p>\n                                            <\/div>\r\n                <\/div>\r\n            <\/div>\r\n            <\/div>\r\n<\/section>\n\n<section class=\"text_image\">\r\n    <div class=\"container\">\r\n                    <div class=\"row mobile_order\">\r\n                <div class=\"col-md-6\">\r\n                    <div class=\"content\">\r\n                        <h2>Il nostro obiettivo<\/h2>\n<p>Come specialisti per il tuo trapianto di capelli, ti garantiamo il trattamento pi\u00f9 <strong>delicato, sostenibile ed efficace<\/strong> al mondo. Il nostro obiettivo \u00e8 donarti semplicemente un risultato estetico eccezionale.<\/p>\n<p>Per questo scopo, utilizziamo tecniche moderne come il <a href=\"https:\/\/biohairclinic.com\/it\/trapianto-capelli-dhi\/\">metodo DHI<\/a> o la <a href=\"https:\/\/biohairclinic.com\/it\/trapianto-fue-zaffiro\/\">procedura Zaffiro<\/a>. Il nostro lavoro \u00e8 preciso e orientato al paziente. Desideriamo che ti senta a tuo agio con noi e che tu abbia un\u2019<a href=\"https:\/\/biohairclinic.com\/it\/esperienze-trapianto-capelli-turchia\/\">esperienza positiva con il tuo trapianto di capelli<\/a>.<\/p>\n<p>Il nostro team di esperti lavora con uno dei migliori medici per il trapianto di capelli in Turchia ed \u00e8 sempre pronto ad aiutarti. Se hai domande sul nostro chirurgo del trapianto di capelli, sul trattamento, la procedura, la fase post operatoria o il costo, \u00e8 possibile <strong>contattare il nostro team<\/strong> <strong>24\/7<\/strong> per telefono o anche e-mail.<\/p>\n \r\n                                                    <div class=\"btn\">\r\n                                <span class=\"angebot_btn bio_btn\" data-url=\"https:\/\/biohairclinic.com\/it\/calcolatore-di-capelli\/\">Calcolare l&#8217;offerta<\/span>\r\n                            <\/div>\r\n                                              \r\n                    <\/div>\r\n                <\/div>\r\n                <div class=\"col-md-6\">\r\n                                                <img loading=\"lazy\" decoding=\"async\" class=\"top_left_bottom_right\" src=\"https:\/\/biohairclinic.com\/it\/wp-content\/uploads\/sites\/3\/2021\/06\/Specialista-nel-trapianto-di-capelli-Dr.-Ibrahim-e-il-suo-team-in-background.jpeg\" alt=\"Specialista nel trapianto di capelli Dr. Ibrahim e il suo team in background\" width=\"610\" height=\"534\"\/>\r\n                                    <\/div>\r\n            <\/div>\r\n            <\/div>\r\n<\/section>\n\n\r\n\r\n<section class=\"faq \">\r\n    <div class=\"container\">\r\n        <div class=\"row\">\r\n                            <div class=\"col-md-12\">\r\n                    <div class=\"title\">\r\n                        <h2>Domande Frequenti <\/h2>\r\n                    <\/div>\r\n                <\/div>\r\n                                        <div class=\"col-md-6\">\r\n                    <div class=\"content\">\r\n                        <h3>Qual \u00e8 l\u2019istruzione del dottor Ibrahim?<\/h3>\r\n                        <p>Il nostro chirurgo per i trapianti di capelli ha studiato medicina all\u2019Universit\u00e0 Ege di Izmir\/Turchia. In seguito, si \u00e8 specializzato nel trapianto di capelli e si \u00e8 sottoposto, ogni anno, a molti altri corsi di formazione. Il Dr Ibrahim ha studiato costantemente per realizzare il suo sogno di aiutare le persone a riottenere dei capelli folti. Ancora oggi partecipa regolarmente a corsi di formazione e seminari in tutto il mondo. \u00c8 cos\u00ec che noi di Bio Hair Clinic siamo in grado di aumentare regolarmente i nostri gi\u00e0 elevati standard.<\/p>\r\n                    <\/div>\r\n                <\/div>\r\n                                <div class=\"col-md-6\">\r\n                    <div class=\"content\">\r\n                        <h3> Cosa rende speciale il nostro chirurgo del trapianto di capelli?<\/h3>\r\n                        <p>Il Dr. Ibrahim si distingue per la sua continua formazione e ricerca nel campo del trapianto di capelli. Ha anche sviluppato la Biotecnologia e la, che esprimono il suo lavoro innovativo. \u00c8 apprezzato sia dai pazienti, sia dai colleghi per la sua competenza ed empatia.\r\n<\/p>\r\n                    <\/div>\r\n                <\/div>\r\n                                <div class=\"col-md-6\">\r\n                    <div class=\"content\">\r\n                        <h3>Sar\u00e0 il Dr. Ibrahim stesso a effettuare il mio trapianto di capelli?<\/h3>\r\n                        <p>Se lo desideri, il Dr. Ibrahim eseguir\u00e0 il tuo trattamento anche personalmente. Basta prendere nota di questo durante la prima consulenza con i nostri esperti.\r\n<\/p>\r\n                    <\/div>\r\n                <\/div>\r\n                                <div class=\"col-md-6\">\r\n                    <div class=\"content\">\r\n                        <h3>Cosa succede se durante la procedura improvvisamente non mi sento bene?<\/h3>\r\n                        <p>Se non ti senti bene durante il trapianto di capelli, basta parlare con il team che esegue la procedura di chirurgia estetica. Sanno esattamente cosa fare in una situazione del genere e si prenderanno cura di te. Inoltre, per ogni necessit\u00e0, nella clinica \u00e8 sempre presente un medico generico.<\/p>\r\n                    <\/div>\r\n                <\/div>\r\n                                <div class=\"col-md-6\">\r\n                    <div class=\"content\">\r\n                        <h3>Tutte le persone coinvolte nel mio trapianto di capelli sono qualificate?<\/h3>\r\n                        <p>Ogni singolo membro del team \u00e8 altamente specializzato nel suo campo. Facciamo eseguire il tuo trapianto di capelli solo a specialisti assoluti. Per noi, la formazione e il perfezionamento continuo del nostro personale sono sempre all&#8217;ordine del giorno.<\/p>\r\n                    <\/div>\r\n                <\/div>\r\n                                <div class=\"col-md-6\">\r\n                    <div class=\"content\">\r\n                        <h3>Ho una domanda sul trapianto di capelli: cosa devo fare?<\/h3>\r\n                        <p>Puoi sempre contattarci per telefono o per e-mail. Siamo disponibili 24 ore su 24, 7 giorni su 7. Risponderemo a qualsiasi dubbio che hai.<\/p>\r\n                    <\/div>\r\n                <\/div>\r\n                        <\/div>\r\n    <\/div>\r\n<\/section>\r\n\r\n","protected":false},"excerpt":{"rendered":"","protected":false},"author":13,"featured_media":0,"parent":0,"menu_order":0,"comment_status":"closed","ping_status":"closed","template":"","meta":{"_acf_changed":false,"inline_featured_image":false,"footnotes":""},"class_list":["post-11586","page","type-page","status-publish","hentry"],"acf":[],"yoast_head":"<!-- This site is optimized with the Yoast SEO Premium plugin v27.3 (Yoast SEO v27.4) - https:\/\/yoast.com\/product\/yoast-seo-premium-wordpress\/ -->\n<title>Il Dr. Ibrahim: il chirurgo del trapianto di capelli | Bio Hair Clinic<\/title>\n<meta name=\"description\" content=\"Scopri tutto sul Dr. Ibrahim, il chirurgo del trapianto di capelli in Turchia. Tecniche moderne, oltre 20.000 pazienti felici!\" \/>\n<meta name=\"robots\" content=\"index, follow, max-snippet:-1, max-image-preview:large, max-video-preview:-1\" \/>\n<link rel=\"canonical\" href=\"https:\/\/biohairclinic.com\/it\/specialisti-chirurgia-capelli\/\" \/>\n<meta property=\"og:locale\" content=\"it_IT\" \/>\n<meta property=\"og:type\" content=\"article\" \/>\n<meta property=\"og:title\" content=\"Chirurgo del trapianto di capelli\" \/>\n<meta property=\"og:description\" content=\"Scopri tutto sul Dr. Ibrahim, il chirurgo del trapianto di capelli in Turchia. Tecniche moderne, oltre 20.000 pazienti felici!\" \/>\n<meta property=\"og:url\" content=\"https:\/\/biohairclinic.com\/it\/specialisti-chirurgia-capelli\/\" \/>\n<meta property=\"og:site_name\" content=\"Trapianto Capelli Turchia Prezzi\" \/>\n<meta property=\"article:modified_time\" content=\"2023-05-05T10:03:33+00:00\" \/>\n<meta name=\"twitter:card\" content=\"summary_large_image\" \/>\n<script type=\"application\/ld+json\" class=\"yoast-schema-graph\">{\"@context\":\"https:\\\/\\\/schema.org\",\"@graph\":[{\"@type\":\"WebPage\",\"@id\":\"https:\\\/\\\/biohairclinic.com\\\/it\\\/specialisti-chirurgia-capelli\\\/\",\"url\":\"https:\\\/\\\/biohairclinic.com\\\/it\\\/specialisti-chirurgia-capelli\\\/\",\"name\":\"Il Dr. Ibrahim: il chirurgo del trapianto di capelli | Bio Hair Clinic\",\"isPartOf\":{\"@id\":\"https:\\\/\\\/biohairclinic.com\\\/it\\\/#website\"},\"datePublished\":\"2019-10-02T12:52:19+00:00\",\"dateModified\":\"2023-05-05T10:03:33+00:00\",\"description\":\"Scopri tutto sul Dr. Ibrahim, il chirurgo del trapianto di capelli in Turchia. Tecniche moderne, oltre 20.000 pazienti felici!\",\"breadcrumb\":{\"@id\":\"https:\\\/\\\/biohairclinic.com\\\/it\\\/specialisti-chirurgia-capelli\\\/#breadcrumb\"},\"inLanguage\":\"it-IT\",\"potentialAction\":[{\"@type\":\"ReadAction\",\"target\":[\"https:\\\/\\\/biohairclinic.com\\\/it\\\/specialisti-chirurgia-capelli\\\/\"]}]},{\"@type\":\"BreadcrumbList\",\"@id\":\"https:\\\/\\\/biohairclinic.com\\\/it\\\/specialisti-chirurgia-capelli\\\/#breadcrumb\",\"itemListElement\":[{\"@type\":\"ListItem\",\"position\":1,\"name\":\"Home\",\"item\":\"https:\\\/\\\/biohairclinic.com\\\/it\\\/\"},{\"@type\":\"ListItem\",\"position\":2,\"name\":\"Chirurgo del trapianto di capelli\"}]},{\"@type\":\"WebSite\",\"@id\":\"https:\\\/\\\/biohairclinic.com\\\/it\\\/#website\",\"url\":\"https:\\\/\\\/biohairclinic.com\\\/it\\\/\",\"name\":\"Trapianto Capelli Turchia Prezzi\",\"description\":\"BioHairClinic \u00a9\",\"potentialAction\":[{\"@type\":\"SearchAction\",\"target\":{\"@type\":\"EntryPoint\",\"urlTemplate\":\"https:\\\/\\\/biohairclinic.com\\\/it\\\/?s={search_term_string}\"},\"query-input\":{\"@type\":\"PropertyValueSpecification\",\"valueRequired\":true,\"valueName\":\"search_term_string\"}}],\"inLanguage\":\"it-IT\"},{\"@type\":\"ImageObject\",\"inLanguage\":\"it-IT\",\"@id\":\"https:\\\/\\\/biohairclinic.com\\\/it\\\/specialisti-chirurgia-capelli\\\/#local-main-organization-logo\",\"url\":\"\",\"contentUrl\":\"\",\"caption\":\"Trapianto Capelli Turchia Prezzi\"}]}<\/script>\n<meta name=\"geo.placename\" content=\"Roma\" \/>\n<meta name=\"geo.position\" content=\"41.9059342;12.4922504\" \/>\n<meta name=\"geo.region\" content=\"\u00c5land Islands\" \/>\n<!-- \/ Yoast SEO Premium plugin. -->","yoast_head_json":{"title":"Il Dr. Ibrahim: il chirurgo del trapianto di capelli | Bio Hair Clinic","description":"Scopri tutto sul Dr. Ibrahim, il chirurgo del trapianto di capelli in Turchia. Tecniche moderne, oltre 20.000 pazienti felici!","robots":{"index":"index","follow":"follow","max-snippet":"max-snippet:-1","max-image-preview":"max-image-preview:large","max-video-preview":"max-video-preview:-1"},"canonical":"https:\/\/biohairclinic.com\/it\/specialisti-chirurgia-capelli\/","og_locale":"it_IT","og_type":"article","og_title":"Chirurgo del trapianto di capelli","og_description":"Scopri tutto sul Dr. Ibrahim, il chirurgo del trapianto di capelli in Turchia. Tecniche moderne, oltre 20.000 pazienti felici!","og_url":"https:\/\/biohairclinic.com\/it\/specialisti-chirurgia-capelli\/","og_site_name":"Trapianto Capelli Turchia Prezzi","article_modified_time":"2023-05-05T10:03:33+00:00","twitter_card":"summary_large_image","schema":{"@context":"https:\/\/schema.org","@graph":[{"@type":"WebPage","@id":"https:\/\/biohairclinic.com\/it\/specialisti-chirurgia-capelli\/","url":"https:\/\/biohairclinic.com\/it\/specialisti-chirurgia-capelli\/","name":"Il Dr. Ibrahim: il chirurgo del trapianto di capelli | Bio Hair Clinic","isPartOf":{"@id":"https:\/\/biohairclinic.com\/it\/#website"},"datePublished":"2019-10-02T12:52:19+00:00","dateModified":"2023-05-05T10:03:33+00:00","description":"Scopri tutto sul Dr. Ibrahim, il chirurgo del trapianto di capelli in Turchia. Tecniche moderne, oltre 20.000 pazienti felici!","breadcrumb":{"@id":"https:\/\/biohairclinic.com\/it\/specialisti-chirurgia-capelli\/#breadcrumb"},"inLanguage":"it-IT","potentialAction":[{"@type":"ReadAction","target":["https:\/\/biohairclinic.com\/it\/specialisti-chirurgia-capelli\/"]}]},{"@type":"BreadcrumbList","@id":"https:\/\/biohairclinic.com\/it\/specialisti-chirurgia-capelli\/#breadcrumb","itemListElement":[{"@type":"ListItem","position":1,"name":"Home","item":"https:\/\/biohairclinic.com\/it\/"},{"@type":"ListItem","position":2,"name":"Chirurgo del trapianto di capelli"}]},{"@type":"WebSite","@id":"https:\/\/biohairclinic.com\/it\/#website","url":"https:\/\/biohairclinic.com\/it\/","name":"Trapianto Capelli Turchia Prezzi","description":"BioHairClinic \u00a9","potentialAction":[{"@type":"SearchAction","target":{"@type":"EntryPoint","urlTemplate":"https:\/\/biohairclinic.com\/it\/?s={search_term_string}"},"query-input":{"@type":"PropertyValueSpecification","valueRequired":true,"valueName":"search_term_string"}}],"inLanguage":"it-IT"},{"@type":"ImageObject","inLanguage":"it-IT","@id":"https:\/\/biohairclinic.com\/it\/specialisti-chirurgia-capelli\/#local-main-organization-logo","url":"","contentUrl":"","caption":"Trapianto Capelli Turchia Prezzi"}]},"geo.placename":"Roma","geo.position":{"lat":"41.9059342","long":"12.4922504"},"geo.region":"\u00c5land Islands"},"_links":{"self":[{"href":"https:\/\/biohairclinic.com\/it\/wp-json\/wp\/v2\/pages\/11586","targetHints":{"allow":["GET"]}}],"collection":[{"href":"https:\/\/biohairclinic.com\/it\/wp-json\/wp\/v2\/pages"}],"about":[{"href":"https:\/\/biohairclinic.com\/it\/wp-json\/wp\/v2\/types\/page"}],"author":[{"embeddable":true,"href":"https:\/\/biohairclinic.com\/it\/wp-json\/wp\/v2\/users\/13"}],"replies":[{"embeddable":true,"href":"https:\/\/biohairclinic.com\/it\/wp-json\/wp\/v2\/comments?post=11586"}],"version-history":[{"count":94,"href":"https:\/\/biohairclinic.com\/it\/wp-json\/wp\/v2\/pages\/11586\/revisions"}],"predecessor-version":[{"id":59816,"href":"https:\/\/biohairclinic.com\/it\/wp-json\/wp\/v2\/pages\/11586\/revisions\/59816"}],"wp:attachment":[{"href":"https:\/\/biohairclinic.com\/it\/wp-json\/wp\/v2\/media?parent=11586"}],"curies":[{"name":"wp","href":"https:\/\/api.w.org\/{rel}","templated":true}]}}