{"id":11606,"date":"2019-10-04T13:32:25","date_gmt":"2019-10-04T13:32:25","guid":{"rendered":"https:\/\/biohairclinic.com\/it\/?page_id=11606"},"modified":"2023-03-10T10:47:29","modified_gmt":"2023-03-10T10:47:29","slug":"anestesia-senza-ago","status":"publish","type":"page","link":"https:\/\/biohairclinic.com\/it\/anestesia-senza-ago\/","title":{"rendered":"Anestesiadel trapianto di capelli"},"content":{"rendered":"<section class=\"hero\">\r\n    <div class=\"container\">\r\n        <div class=\"row\">\r\n            <div class=\"col-md-6\">\r\n                <h1><span>Anestesia<\/span>del trapianto di capelli<\/h1>\r\n                <div class=\"p-block\">\r\n                    <p>L\u2019anestesia \u00e8 una parte essenziale del trapianto di capelli.\r\n\r\n<br><br>\r\n\r\nGoditi un\u2019anestesia <strong> quasi indolore e senza ago <\/strong>  grazie al metodo Comfort-In.\r\n\r\n<br><br>\r\nI nostri esperti hanno gi\u00e0 anestetizzato <strong> oltre 20.000 pazienti<\/strong>  con questo metodo.<\/p>\r\n                                            <div class=\"btn\">\r\n                            <span class=\"button bio_btn\" data-url=\"https:\/\/biohairclinic.com\/it\/calcolatore-di-capelli\/\">Calcolare l&#8217;offerta<\/span>\r\n                        <\/div>\r\n                       \r\n                <\/div>\r\n            <\/div>\r\n            <div class=\"col-md-6\">\r\n                                        <img loading=\"lazy\" decoding=\"async\" src=\"https:\/\/biohairclinic.com\/it\/wp-content\/uploads\/sites\/3\/2022\/05\/grafica-anestesia-comfort-in-senza-ago.svg\" alt=\"grafica dell\u2019anestesia senza ago con il metodo Comfort-In\" width=\"536\" height=\"477\"\/>\r\n                            <\/div>\r\n        <\/div>\r\n    <\/div>\r\n<\/section>\n\n<section class=\"text_image\">\r\n    <div class=\"container\">\r\n                    <div class=\"row\">\r\n                <div class=\"col-md-6\">\r\n                                                <img loading=\"lazy\" decoding=\"async\" class=\"top_right_bottom_left\" src=\"https:\/\/biohairclinic.com\/it\/wp-content\/uploads\/sites\/3\/2022\/05\/team-medici-anestesia-trapianto-capelli.jpg\" alt=\"Un team di medici effettua un\u2019anestesia prima del trapianto di capelli\" width=\"610\" height=\"430\"\/>\r\n                                    <\/div>\r\n                <div class=\"col-md-6\">\r\n                    <div class=\"content\">\r\n                        <h2>Anestesia trapianto capelli: comoda grazie a Comfort-In<\/h2>\n<p>Con l\u2019anestesia del trapianto di capelli, puoi aspettarti una procedura piacevole e <strong>quasi indolore<\/strong>.<\/p>\n<p>Alla Bio Hair Clinic utilizziamo il metodo <strong>Comfort-In<\/strong>, un procedimento innovativo che si adatta perfettamente all\u2019anestesia locale e <strong>ti prepara al meglio<\/strong> per il tuo <a href=\"https:\/\/biohairclinic.com\/it\/trapianto-di-capelli\/\">trapianto di capelli<\/a>.<\/p>\n                                            <\/div>\r\n                <\/div>\r\n            <\/div>\r\n            <\/div>\r\n<\/section>\n\n<section class=\"text_image sec_bg\">\r\n    <div class=\"container\">\r\n                    <div class=\"row mobile_order\">\r\n                <div class=\"col-md-6\">\r\n                    <div class=\"content\">\r\n                        <h2>Senza ago per un trattamento quasi indolore<\/h2>\n<p>L\u2019anestesia del trapianto di capelli avviene senza iniezione e senza ago. I nostri specialisti utilizzano per questo uno <strong>speciale dispositivo d&#8217;iniezione<\/strong>.<\/p>\n<p>La procedura innovativa permette d&#8217;iniettare l\u2019anestetico sotto il cuoio capelluto <strong>utilizzando la pressione<\/strong>.<\/p>\n<p>A differenza degli aghi convenzionali, il foro del dispositivo d&#8217;iniezione penetra <strong>solo 0,15 mm<\/strong> di profondit\u00e0 nel cuoio capelluto. Con una siringa convenzionale, invece, \u00e8 0,39 mm.<\/p>\n<p>L\u2019anestesia locale con il metodo <strong>Comfort-In<\/strong> viene utilizzata per ogni intervento. In questo modo, viene garantito un trattamento confortevole e quasi indolore.<\/p>\n<p>Adatto a uomini e donne, il procedimento moderno e senza ago segna l\u2019inizio del tuo cammino verso dei <strong>capelli semplicemente folti<\/strong>.<\/p>\n \r\n                                              \r\n                    <\/div>\r\n                <\/div>\r\n                <div class=\"col-md-6\">\r\n                                                <img loading=\"lazy\" decoding=\"async\" class=\"top_left_bottom_right\" src=\"https:\/\/biohairclinic.com\/it\/wp-content\/uploads\/sites\/3\/2022\/05\/paziente-anestesia-comfort-in.jpg\" alt=\"un paziente rilassato mentre riceve l\u2019anestesia senza ago con metodo Comfort-In\" width=\"610\" height=\"683\"\/>\r\n                                    <\/div>\r\n            <\/div>\r\n            <\/div>\r\n<\/section>\n\n<section class=\"ablauf_anesthesia \" style=\"background-color: #ffffff;\">\r\n    <div class=\"container\">\r\n        <div class=\"row\">\r\n            <div class=\"col-md-12\">\r\n                                    <h2 class=\"center\">Procedura dell\u2019anestesia <\/h2>\r\n                            <\/div>\r\n        <\/div>\r\n        <div class=\"row mobile_style\" style=\"background-image: url(https:\/\/biohairclinic.com\/it\/wp-content\/uploads\/sites\/3\/2022\/05\/procedura-anestesia-comfort-in-trapianto-capelli.svg);\">\r\n            <div class=\"col-md-4\">\r\n                <div class=\"align_right\">\r\n                    <h3>Riempimento<\/h3>\r\n                    <p>L\u2019anestetico viene inserito nello <strong> speciale dispositivo d&#8217;iniezione Comfort-In<\/strong>. Alla sua estremit\u00e0 si trova un <strong> beccuccio con un pistone<\/strong>. \r\n<\/p>\r\n                <\/div>\r\n                <div class=\"empty desk\"><\/div>\r\n                <div class=\"align_right\">\r\n                    <h3>Iniezione<\/h3>\r\n                    <p><strong> Per mezzo dell\u2019aria compressa<\/strong>, il pistone presente nel beccuccio inietta il liquido nel cuoio capelluto a una profondit\u00e0 di circa 0,15 mm. La procedura richiede solo <strong> pochi secondi<\/strong>, dopodich\u00e9 il tuo trapianto di capelli avr\u00e0 inizio. \r\n<\/p>\r\n                <\/div>\r\n            <\/div>\r\n            <div class=\"col-md-4 desk\" style=\"background-image: url(https:\/\/biohairclinic.com\/it\/wp-content\/uploads\/sites\/3\/2022\/05\/procedura-anestesia-comfort-in-trapianto-capelli.svg);background-size: contain;background-repeat: no-repeat;background-position: center center;\"><\/div>\r\n            <div class=\"col-md-4\">\r\n                <div class=\"empty desk\"><\/div>\r\n                <div class=\"\">\r\n                    <h3>Posizionamento<\/h3>\r\n                    <p>Lo <strong> strumento per l\u2019iniezione<\/strong> viene poi posizionato dai <strong> nostri esperti<\/strong> nelle zone da trattare.\r\n<\/p>\r\n\r\n                <\/div>\r\n\r\n\r\n                \r\n            <\/div>\r\n        <\/div>\r\n    <\/div>\r\n<\/section>\n\n<section class=\"text_image sec_bg\">\r\n    <div class=\"container\">\r\n                    <div class=\"row\">\r\n                <div class=\"col-md-6\">\r\n                                                <img loading=\"lazy\" decoding=\"async\" class=\"top_right_bottom_left\" src=\"https:\/\/biohairclinic.com\/it\/wp-content\/uploads\/sites\/3\/2022\/05\/dr-ibrahim-paziente-bio-hair-clinic.jpg\" alt=\"il Dr. Ibrahim sorridente insieme a un paziente Bio Hair Clinic\" width=\"610\" height=\"384\"\/>\r\n                                    <\/div>\r\n                <div class=\"col-md-6\">\r\n                    <div class=\"content\">\r\n                        <h2>I tuoi vantaggi con l\u2019anestesia senza ago<\/h2>\n<ul>\n<li>Effetto veloce ed efficiente<\/li>\n<li>Niente aghi o iniezioni<\/li>\n<li>Adatto per i pazienti timorosi<\/li>\n<li>Dosaggio dell\u2019anestetico individuale<\/li>\n<li>Procedura certificata<\/li>\n<li>Penetra solo 0,15 mm grazie all\u2019alta pressione<\/li>\n<\/ul>\n                                            <\/div>\r\n                <\/div>\r\n            <\/div>\r\n            <\/div>\r\n<\/section>\n\n<section class=\"text_image \">\r\n    <div class=\"container\">\r\n        <div class=\"row\">\r\n                            <div class=\"col-md-6\">\r\n                    <div class=\"col-dark-blue border-3-dark border-radius-1\">\r\n                        <h2>Sei adatto al metodo Comfort-In?<\/h2>\n<p>L\u2019anestesia del trapianto di capelli con la <strong>tecnica Comfort-In<\/strong> \u00e8 adatta a te? La risposta \u00e8 semplicemente s\u00ec! Utilizziamo questo tipo di anestesia <strong>per tutti i nostri pazienti<\/strong>.<\/p>\n<p>Anche tu riceverai l\u2019anestesia Comfort-In prima del tuo trapianto di capelli. Ne beneficiano soprattutto i <strong>pazienti pi\u00f9 timorosi<\/strong>. Potrai semplicemente goderti l\u2019intero trattamento.<\/p>\n                                            <\/div>\r\n                <\/div>\r\n                <div class=\"col-md-6\">\r\n                    <div class=\"col-dark-blue border-radius-3 dark-blue\">\r\n                        <h2>Trattamento con anestesia locale per il massimo comfort<\/h2>\n<p>Per il tuo trapianto di capelli \u00e8 sufficiente un anestetico locale.<\/p>\n<p>Ci\u00f2 significa che starai <strong>sveglio durante tutto il trapianto di capelli<\/strong>. Puoi utilizzare questo tempo per vedere film o ascoltare musica.<\/p>\n<p>Dopo l\u2019intervento sarai subito di nuovo in piedi.<\/p>\n                                                                                    <div class=\"btn\">\r\n                                    <span class=\"angebot_btn bio_btn\" data-url=\"https:\/\/biohairclinic.com\/it\/calcolatore-di-capelli\/\">Calcolare l&#8217;offerta<\/span>\r\n                                <\/div>\r\n                                                                        <\/div>\r\n                <\/div>\r\n                    <\/div>\r\n    <\/div>\r\n<\/section>\n\n\r\n\r\n<section class=\"faq sec_bg\">\r\n    <div class=\"container\">\r\n        <div class=\"row\">\r\n                            <div class=\"col-md-12\">\r\n                    <div class=\"title\">\r\n                        <h2>Domande Frequenti <\/h2>\r\n                    <\/div>\r\n                <\/div>\r\n                                        <div class=\"col-md-6\">\r\n                    <div class=\"content\">\r\n                        <h3>Cosa succede se l&#8217;anestesia smette di fare effetto durante l\u2019operazione?<\/h3>\r\n                        <p>In pochi pazienti pu\u00f2 accadere che l\u2019effetto dell\u2019anestesia svanisca prima. Se questo \u00e8 il tuo caso, avvisa semplicemente il nostro team. Gli specialisti ti inietteranno l\u2019anestetico ancora una volta.<\/p>\r\n                    <\/div>\r\n                <\/div>\r\n                                <div class=\"col-md-6\">\r\n                    <div class=\"content\">\r\n                        <h3>L\u2019anestesia con il sistema Comfort-In \u00e8 dolorosa?<\/h3>\r\n                        <p>No, la tecnica Comfort-In \u00e8 stata appositamente sviluppata per assicurare un intervento di trapianto di capelli poco doloroso. Per la maggior parte dei pazienti l\u2019anestesia \u00e8 quasi indolore.<\/p>\r\n                    <\/div>\r\n                <\/div>\r\n                                <div class=\"col-md-6\">\r\n                    <div class=\"content\">\r\n                        <h3>La procedura \u00e8 sicura?<\/h3>\r\n                        <p>L\u2019anestesia senza ago \u00e8 un\u2019applicazione molto sicura. La procedura di anestesia \u00e8 certificata e brevettata. Poich\u00e9 non ci sono fori di puntura, il rischio d&#8217;infezione \u00e8 ridotto al minimo. Inoltre, l\u2019uso \u00e8 particolarmente semplice e rapido.<\/p>\r\n                    <\/div>\r\n                <\/div>\r\n                                <div class=\"col-md-6\">\r\n                    <div class=\"content\">\r\n                        <h3>Ho bisogno di un\u2019anestesia totale?<\/h3>\r\n                        <p>Un\u2019anestesia totale non \u00e8 necessaria. Per il trapianto di capelli viene somministrato solo un anestetico locale. Grazie a ci\u00f2, hai il vantaggio di restare sveglio per tutto il tempo. Per i pazienti pi\u00f9 timorosi, pu\u00f2 essere somministrata anche un\u2019anestesia totale per via endovenosa.<\/p>\r\n                    <\/div>\r\n                <\/div>\r\n                                <div class=\"col-md-6\">\r\n                    <div class=\"content\">\r\n                        <h3>L\u2019anestetico ha effetto sugli innesti?<\/h3>\r\n                        <p>L\u2019anestetico non ha nessun effetto negativo sugli innesti. La loro crescita non viene minacciata in alcuna maniera. \r\n<\/p>\r\n                    <\/div>\r\n                <\/div>\r\n                                <div class=\"col-md-6\">\r\n                    <div class=\"content\">\r\n                        <h3>Anestesia del trapianto di capelli nonostante allergia?<\/h3>\r\n                        <p>Prima del tuo trapianto di capelli, ti domanderemo su tutte le malattie precedenti, allergie e farmaci che prendi. Ne terremo conto con la massima attenzione. <\/p>\r\n                    <\/div>\r\n                <\/div>\r\n                        <\/div>\r\n    <\/div>\r\n<\/section>\r\n\r\n","protected":false},"excerpt":{"rendered":"","protected":false},"author":13,"featured_media":0,"parent":0,"menu_order":0,"comment_status":"closed","ping_status":"closed","template":"","meta":{"_acf_changed":false,"inline_featured_image":false,"footnotes":""},"class_list":["post-11606","page","type-page","status-publish","hentry"],"acf":[],"yoast_head":"<!-- This site is optimized with the Yoast SEO Premium plugin v27.3 (Yoast SEO v27.4) - https:\/\/yoast.com\/product\/yoast-seo-premium-wordpress\/ -->\n<title>Anestesia trapianto capelli - Metodo Comfort-In | Bio Hair Clinic<\/title>\n<meta name=\"description\" content=\"Anestesia del trapianto di capelli con metodo Comfort-In senza ago per un trattamento delicato. Scopri come funziona!\" \/>\n<meta name=\"robots\" content=\"index, follow, max-snippet:-1, max-image-preview:large, max-video-preview:-1\" \/>\n<link rel=\"canonical\" href=\"https:\/\/biohairclinic.com\/it\/anestesia-senza-ago\/\" \/>\n<meta property=\"og:locale\" content=\"it_IT\" \/>\n<meta property=\"og:type\" content=\"article\" \/>\n<meta property=\"og:title\" content=\"Anestesiadel trapianto di capelli\" \/>\n<meta property=\"og:description\" content=\"Anestesia del trapianto di capelli con metodo Comfort-In senza ago per un trattamento delicato. Scopri come funziona!\" \/>\n<meta property=\"og:url\" content=\"https:\/\/biohairclinic.com\/it\/anestesia-senza-ago\/\" \/>\n<meta property=\"og:site_name\" content=\"Trapianto Capelli Turchia Prezzi\" \/>\n<meta property=\"article:modified_time\" content=\"2023-03-10T10:47:29+00:00\" \/>\n<meta name=\"twitter:card\" content=\"summary_large_image\" \/>\n<script type=\"application\/ld+json\" class=\"yoast-schema-graph\">{\"@context\":\"https:\\\/\\\/schema.org\",\"@graph\":[{\"@type\":\"WebPage\",\"@id\":\"https:\\\/\\\/biohairclinic.com\\\/it\\\/anestesia-senza-ago\\\/\",\"url\":\"https:\\\/\\\/biohairclinic.com\\\/it\\\/anestesia-senza-ago\\\/\",\"name\":\"Anestesia trapianto capelli - Metodo Comfort-In | Bio Hair Clinic\",\"isPartOf\":{\"@id\":\"https:\\\/\\\/biohairclinic.com\\\/it\\\/#website\"},\"datePublished\":\"2019-10-04T13:32:25+00:00\",\"dateModified\":\"2023-03-10T10:47:29+00:00\",\"description\":\"Anestesia del trapianto di capelli con metodo Comfort-In senza ago per un trattamento delicato. Scopri come funziona!\",\"breadcrumb\":{\"@id\":\"https:\\\/\\\/biohairclinic.com\\\/it\\\/anestesia-senza-ago\\\/#breadcrumb\"},\"inLanguage\":\"it-IT\",\"potentialAction\":[{\"@type\":\"ReadAction\",\"target\":[\"https:\\\/\\\/biohairclinic.com\\\/it\\\/anestesia-senza-ago\\\/\"]}]},{\"@type\":\"BreadcrumbList\",\"@id\":\"https:\\\/\\\/biohairclinic.com\\\/it\\\/anestesia-senza-ago\\\/#breadcrumb\",\"itemListElement\":[{\"@type\":\"ListItem\",\"position\":1,\"name\":\"Home\",\"item\":\"https:\\\/\\\/biohairclinic.com\\\/it\\\/\"},{\"@type\":\"ListItem\",\"position\":2,\"name\":\"Anestesiadel trapianto di capelli\"}]},{\"@type\":\"WebSite\",\"@id\":\"https:\\\/\\\/biohairclinic.com\\\/it\\\/#website\",\"url\":\"https:\\\/\\\/biohairclinic.com\\\/it\\\/\",\"name\":\"Trapianto Capelli Turchia Prezzi\",\"description\":\"BioHairClinic \u00a9\",\"potentialAction\":[{\"@type\":\"SearchAction\",\"target\":{\"@type\":\"EntryPoint\",\"urlTemplate\":\"https:\\\/\\\/biohairclinic.com\\\/it\\\/?s={search_term_string}\"},\"query-input\":{\"@type\":\"PropertyValueSpecification\",\"valueRequired\":true,\"valueName\":\"search_term_string\"}}],\"inLanguage\":\"it-IT\"},{\"@type\":\"ImageObject\",\"inLanguage\":\"it-IT\",\"@id\":\"https:\\\/\\\/biohairclinic.com\\\/it\\\/anestesia-senza-ago\\\/#local-main-organization-logo\",\"url\":\"\",\"contentUrl\":\"\",\"caption\":\"Trapianto Capelli Turchia Prezzi\"}]}<\/script>\n<meta name=\"geo.placename\" content=\"Roma\" \/>\n<meta name=\"geo.position\" content=\"41.9059342;12.4922504\" \/>\n<meta name=\"geo.region\" content=\"\u00c5land Islands\" \/>\n<!-- \/ Yoast SEO Premium plugin. -->","yoast_head_json":{"title":"Anestesia trapianto capelli - Metodo Comfort-In | Bio Hair Clinic","description":"Anestesia del trapianto di capelli con metodo Comfort-In senza ago per un trattamento delicato. Scopri come funziona!","robots":{"index":"index","follow":"follow","max-snippet":"max-snippet:-1","max-image-preview":"max-image-preview:large","max-video-preview":"max-video-preview:-1"},"canonical":"https:\/\/biohairclinic.com\/it\/anestesia-senza-ago\/","og_locale":"it_IT","og_type":"article","og_title":"Anestesiadel trapianto di capelli","og_description":"Anestesia del trapianto di capelli con metodo Comfort-In senza ago per un trattamento delicato. Scopri come funziona!","og_url":"https:\/\/biohairclinic.com\/it\/anestesia-senza-ago\/","og_site_name":"Trapianto Capelli Turchia Prezzi","article_modified_time":"2023-03-10T10:47:29+00:00","twitter_card":"summary_large_image","schema":{"@context":"https:\/\/schema.org","@graph":[{"@type":"WebPage","@id":"https:\/\/biohairclinic.com\/it\/anestesia-senza-ago\/","url":"https:\/\/biohairclinic.com\/it\/anestesia-senza-ago\/","name":"Anestesia trapianto capelli - Metodo Comfort-In | Bio Hair Clinic","isPartOf":{"@id":"https:\/\/biohairclinic.com\/it\/#website"},"datePublished":"2019-10-04T13:32:25+00:00","dateModified":"2023-03-10T10:47:29+00:00","description":"Anestesia del trapianto di capelli con metodo Comfort-In senza ago per un trattamento delicato. Scopri come funziona!","breadcrumb":{"@id":"https:\/\/biohairclinic.com\/it\/anestesia-senza-ago\/#breadcrumb"},"inLanguage":"it-IT","potentialAction":[{"@type":"ReadAction","target":["https:\/\/biohairclinic.com\/it\/anestesia-senza-ago\/"]}]},{"@type":"BreadcrumbList","@id":"https:\/\/biohairclinic.com\/it\/anestesia-senza-ago\/#breadcrumb","itemListElement":[{"@type":"ListItem","position":1,"name":"Home","item":"https:\/\/biohairclinic.com\/it\/"},{"@type":"ListItem","position":2,"name":"Anestesiadel trapianto di capelli"}]},{"@type":"WebSite","@id":"https:\/\/biohairclinic.com\/it\/#website","url":"https:\/\/biohairclinic.com\/it\/","name":"Trapianto Capelli Turchia Prezzi","description":"BioHairClinic \u00a9","potentialAction":[{"@type":"SearchAction","target":{"@type":"EntryPoint","urlTemplate":"https:\/\/biohairclinic.com\/it\/?s={search_term_string}"},"query-input":{"@type":"PropertyValueSpecification","valueRequired":true,"valueName":"search_term_string"}}],"inLanguage":"it-IT"},{"@type":"ImageObject","inLanguage":"it-IT","@id":"https:\/\/biohairclinic.com\/it\/anestesia-senza-ago\/#local-main-organization-logo","url":"","contentUrl":"","caption":"Trapianto Capelli Turchia Prezzi"}]},"geo.placename":"Roma","geo.position":{"lat":"41.9059342","long":"12.4922504"},"geo.region":"\u00c5land Islands"},"_links":{"self":[{"href":"https:\/\/biohairclinic.com\/it\/wp-json\/wp\/v2\/pages\/11606","targetHints":{"allow":["GET"]}}],"collection":[{"href":"https:\/\/biohairclinic.com\/it\/wp-json\/wp\/v2\/pages"}],"about":[{"href":"https:\/\/biohairclinic.com\/it\/wp-json\/wp\/v2\/types\/page"}],"author":[{"embeddable":true,"href":"https:\/\/biohairclinic.com\/it\/wp-json\/wp\/v2\/users\/13"}],"replies":[{"embeddable":true,"href":"https:\/\/biohairclinic.com\/it\/wp-json\/wp\/v2\/comments?post=11606"}],"version-history":[{"count":74,"href":"https:\/\/biohairclinic.com\/it\/wp-json\/wp\/v2\/pages\/11606\/revisions"}],"predecessor-version":[{"id":59789,"href":"https:\/\/biohairclinic.com\/it\/wp-json\/wp\/v2\/pages\/11606\/revisions\/59789"}],"wp:attachment":[{"href":"https:\/\/biohairclinic.com\/it\/wp-json\/wp\/v2\/media?parent=11606"}],"curies":[{"name":"wp","href":"https:\/\/api.w.org\/{rel}","templated":true}]}}