{"id":11655,"date":"2019-10-05T10:15:16","date_gmt":"2019-10-05T10:15:16","guid":{"rendered":"https:\/\/biohairclinic.com\/it\/?page_id=11655"},"modified":"2021-06-28T09:54:44","modified_gmt":"2021-06-28T09:54:44","slug":"storia-clinica-trapianto-capelli","status":"publish","type":"page","link":"https:\/\/biohairclinic.com\/it\/storia-clinica-trapianto-capelli\/","title":{"rendered":"Chi siamo e la nostra storia"},"content":{"rendered":"<h1><span style=\"font-weight: 400\">Chi siamo e la nostra storia<\/span><\/h1>\n<p>Bio Hair Clinic rappresenta un caso unico nel suo genere per quanto riguarda la sua nascita e il suo sviluppo. La nostra storia non inizia con un tradizionale \u201cC&#8217;era una volta\u201d, bens\u00ed con una lunga serie di peripezie, che hanno reso la partenza tanto burrascosa quanto emozionante.<\/p>\n<h2>Bio Hair Clinic &#8211; La storia un po&#8217; insolita di una grande azienda<\/h2>\n<p>Vi confidiamo qui alcuni retroscena della carriera e persino della vita del Dr. Ibrahim Salameh, uno specialista che \u00e9 in grado di convincere non solo con le parole, ma soprattutto con i fatti. Il nostro dottore \u00e8 troppo modesto per raccontarvi la sua storia e quindi, vi raccontiamo noi qualche episodio della vita di un uomo risoluto, che ha sempre guardato avanti in ogni situazione.<\/p>\n<p>Il 2000 \u00e8 l&#8217;anno in cui il Dr. Ibrahim fa il primo passo per diventare un medico professionista, quando inizia i suoi studi all&#8217;universit\u00e0 Ege, nella citt\u00e0 turca di Izmir. Fin dai primi anni, il Dr. Ibrahim si distingue per il suo talento, ottenendo sempre il massimo dei voti. Ma la sua carriera accademica deve passare in secondo piano a causa della <strong>guerra in Giordania<\/strong> e di alcuni problemi familiari. Per questo motivo nel 2003 \u00e9 costretto a sospendere gli studi per dedicarsi alla sua famiglia, che in quel momento rappresenta la sua priorit\u00e1 rispetto ai propri interessi. Per ben quattro anni il Dr. Ibrahim rinuncia alla propria carriera per dedicarsi ad aiutare le persone che ama. Questo <strong>calore e sensibilit\u00e0<\/strong> vengono sempre percepiti dai clienti di Bio Hair Clinic.<\/p>\n<p>Che il Dr. Ibrahim sia un uomo di principi, si pu\u00f3 vedere non solo nella sua lealt\u00e1 e dedizione alla famiglia, ma anche nel fatto che non appena ne ha la possibilit\u00e1, nel 2007, riprende i suoi studi di medicina. Proprio in universit\u00e1, quasi fosse uno scherzo del destino, conosce un uomo e soprattutto trova un amico, che presto diventer\u00e0 uno dei suoi colleghi pi\u00f9 stretti: <strong>Abdulaziz Balwi<\/strong>, oggi noto come lo specialista di Elithairtransplant, un&#8217;altra clinica prestigiosa che si occupa di trapianti di capelli a Istanbul.<\/p>\n<p>Nel 2011 il Dr. Ibrahim porta a termine con successo i suoi studi, ma vi \u00e9 una cosa che il nostro ambizioso dottore non ha ancora affrontato: la propria perdita di capelli. Il Dr. Ibrahim inizia subito a dedicarsi intensamente al tema della calvizie e del trapianto di capelli. Non impiega molto tempo a specializzarsi nel campo e trova la sua vocazione proprio in questo ambito.<\/p>\n<p>Esegue le prime operazioni negli Emirati Arabi Uniti, in Giordania e in Turchia. Allo stesso tempo, continua ad ottenere il rispetto e l&#8217;ammirazione da parte di coloro che lo circondano, indipendentemente dal suo ruolo o dalla sua cultura. Ibrahim, infatti, non \u00e8 solo un medico per i suoi colleghi, ma anche un professionista leale, di saldi principi e di buon cuore.<\/p>\n<p>Nel 2015, la strade del Dr. Ibrahim e del Dr. Balwi si incrociano di nuovo: il Dr. Ibrahim entra a far parte della squadra di Elithairtransplant e anche qui dimostra le sue abilit\u00e0 come medico. Questa collaborazione continua per due anni, durante i quali egli inizia anche a trasmettere la sua esperienza alle generazioni future grazie al <strong>ruolo acquisito di docente universitario<\/strong>.<\/p>\n<p>Nella vita del Dr Ibrahim sarebbe arrivato presto un altro cambiamento importante: nel 2017 prende in carico la direzione medica di Bio Hair Clinic e vuole provare su se stesso l&#8217;esperienza del trapianto di capelli: <strong>affronta l&#8217;operazione sotto ai ferri e alle mani esperte del proprio team<\/strong>, la squadra di esperti di Bio Hair Clinic.<\/p>\n<p>Durante questo trattamento, gli innesti da trapiantare sono stati conservati in una soluzione nutritiva contenente tra le varie sostanze anche la biotina. Questa scelta rappresenta un nuovo approccio, che si dimostra valido ed efficace fin dalle prime applicazioni.<\/p>\n<p>Nel 2017 il Dr. Ibrahim Salameh non solo \u00e8 stato un paziente della Bio Hair Clinic, ma ne \u00e8 diventato anche il direttore medico e il coordinatore &#8211; Questa \u00e8 una dimostrazione della fiducia che nutre nel suo team. Oggi, afferma scherzosamente di essere in \u201camichevole competizione\u201d con Elithairtransplant. Altro segno del suo calore e della sua lealt\u00e1, che pare quasi incredibile in un settore tanto competitivo, come quello del trapianto di capelli.<\/p>\n<h2>Cos&#8217;\u00e8 Bio Hair?<\/h2>\n<p>&#8220;Bio hair&#8221; si riferisce al nome del trattamento che viene adottato sui capelli durante il <strong><a href=\"https:\/\/biohairclinic.com\/it\/trapianto-fue-zaffiro\/\">trapianto di capelli con la tecnica FUE zaffiro<\/a><\/strong>. I capelli vengono prelevati dalla zona donatrice e poi trapiantati nell&#8217;area ricevente affetta da calvizie. Nel lasso di tempo tra il prelievo e l\u00b4innesto, i capelli devono essere conservati in condizioni perfette. Ci\u00f2 che distingue la nostra clinica \u00e8 che approfittiamo di questo arco temporale per rinforzare e migliorare la qualit\u00e1 dei capelli del paziente.<\/p>\n<p>In qualsiasi caso si pu\u00f3 effettuare il trapianto di capelli anche senza la tecnica dei &#8220;<strong>Bio-innesti<\/strong>&#8220;, quindi questa nostra particolarit\u00e1 \u00e9 considerata un valore aggiunto per i capelli. Questo processo li render\u00e0 molto pi\u00f9 sani e pi\u00f9 forti di prima.<\/p>\n<h2>Cosa rende il trattamento cos\u00ec speciale?<\/h2>\n<p>Il trattamento Bio Hair \u00e8 stato appositamente progettato da noi. La soluzione in cui immergiamo i capelli prelevati contiene componenti che accelerano la crescita dei capelli e ne ritardano o bloccano la caduta. Questo trattamento \u00e8 esclusivo della nostra azienda e per questo non possiamo mostrare i componenti, ma possiamo rivelare che la <strong>biotina<\/strong> svolge un ruolo molto importante. \u00c8 un composto naturale, che d\u00e1 forza ai capelli, comportandosi come una sorta di pietra filosofale: ringiovanisce la radice e la rifornisce di sostanze nutritive.<\/p>\n<p>Sia il Dr. Ibrahim che il resto del team di specialisti sono molto orgogliosi di questo prodotto, frutto della loro ricerca. Per loro rappresenta una grande soddisfazione anche il fatto di <strong>contribuire allo sviluppo della ricerca<\/strong> nel campo del trapianto di capelli. In qualsiasi caso, il maggiore orgoglio \u00e8 costituito dal fatto di essere in grado di fornire soluzioni sempre pi\u00fa innovative per la caduta dei capelli.<\/p>\n<h2>Perch\u00e9 scegliere la clinica Bio Hair di Istanbul per il trapianto di capelli?<\/h2>\n<p>Come clinica specializzata in trapianti di capelli, utilizziamo solo le migliori e pi\u00f9 avanzate tecniche di trapianto di capelli FUE. Questo perch\u00e9 grazie a questo metodo, i <strong>risultati sono eccellenti e i pazienti molto soddisfatti<\/strong>.<\/p>\n<p>Inoltre, come gi\u00e0 accennato, siamo una delle cliniche pioniere nell&#8217;uso di questa tecnica, sia in Europa che in Turchia.<\/p>\n<p>Per questo motivo, abbiamo molti <strong>anni di esperienza<\/strong> in questo campo, che garantiscono risultati molto soddisfacenti.<\/p>\n<p>Inoltre, il <strong><a href=\"https:\/\/biohairclinic.com\/it\/trapianto-capelli-prezzi\/\">prezzo del trapianto di capelli<\/a><\/strong> svolge un ruolo molto importante, infatti nella nostra clinica troverete un eccellente rapporto qualit\u00e0-prezzo. Contatta pure le nostre consulenti per sciogliere ogni dubbio e chiedere ulteriori informazioni.<\/p>\n<h2>Analisi dei capelli gratuita<\/h2>\n<p>Utilizzate il Calcolatore di capelli per ottenere informazioni sul numero di Grafts necessarie. La richiesta \u00e9 gratuita e senza impegno.<\/p>\n<style><!--  -->  .haarrechner {<!--  -->    text-transform: uppercase;<!--  -->    padding-top: 15px !important;<!--  -->    padding-right: 5% !important;<!--  -->    padding-bottom: 15px !important;<!--  -->    padding-left: 5% !important;<!--  -->    color: #049DB7 !important;<!--  -->    border-width: 0px !important;<!--  -->    border-color: #ffffff;<!--  -->    border-radius: 30px;<!--  -->    font-size: 18px;<!--  -->    background-color: #ffffff;<!--  -->    box-shadow: 0px 12px 18px -6px rgba(4, 157, 183, 0.48);<!--  -->    transition: all 300ms ease 0ms;<!--  -->    font-weight: 600;<!--  -->    border: 2px solid;<!--  -->    line-height: 1.7em !important;<!--  -->  }<!--  -->  .haarrechner:hover {<!--  -->    color: #ffffff !important;<!--  -->    border: 2px solid #ffffff !important;<!--  -->    border-radius: 30px;<!--  -->    font-size: 18px;<!--  -->    background-color: #049DB7;<!--  -->    box-shadow: 0px 12px 18px -6px rgba(4, 157, 183, 0.48);<!--  -->    transition: all 300ms ease 0ms;<!--  -->  }<!--  --><\/style>\n<p><!--  --><a class=\"haarrechner\" href=\"https:\/\/biohairclinic.com\/it\/calcolatore-di-capelli\/\" data-abc=\"true\">Vai al calcolatore<\/a><\/p>\n","protected":false},"excerpt":{"rendered":"<p>Chi siamo e la nostra storia Bio Hair Clinic rappresenta un caso unico nel suo genere per quanto riguarda la sua nascita e il suo sviluppo. La nostra storia non inizia con un tradizionale \u201cC&#8217;era una volta\u201d, bens\u00ed con una lunga serie di peripezie, che hanno reso la partenza tanto burrascosa quanto emozionante. Bio Hair [&hellip;]<\/p>\n","protected":false},"author":13,"featured_media":0,"parent":0,"menu_order":0,"comment_status":"closed","ping_status":"closed","template":"","meta":{"_acf_changed":false,"inline_featured_image":false,"footnotes":""},"class_list":["post-11655","page","type-page","status-publish","hentry"],"acf":[],"yoast_head":"<!-- This site is optimized with the Yoast SEO Premium plugin v27.3 (Yoast SEO v27.4) - https:\/\/yoast.com\/product\/yoast-seo-premium-wordpress\/ -->\n<title>Chi siamo e la storia del nostro marchio | Bio Hair Clinic<\/title>\n<meta name=\"description\" content=\"Leggete la storia insolita di un medico e un\u00b4azienda che hanno combattuto fin dall\u00b4inizio per raggiungere grandi obiettivi! Scoprite i dettagli!\" \/>\n<meta name=\"robots\" content=\"noindex, nofollow\" \/>\n<meta property=\"og:locale\" content=\"it_IT\" \/>\n<meta property=\"og:type\" content=\"article\" \/>\n<meta property=\"og:title\" content=\"Chi siamo e la nostra storia\" \/>\n<meta property=\"og:description\" content=\"Leggete la storia insolita di un medico e un\u00b4azienda che hanno combattuto fin dall\u00b4inizio per raggiungere grandi obiettivi! Scoprite i dettagli!\" \/>\n<meta property=\"og:url\" content=\"https:\/\/biohairclinic.com\/it\/storia-clinica-trapianto-capelli\/\" \/>\n<meta property=\"og:site_name\" content=\"Trapianto Capelli Turchia Prezzi\" \/>\n<meta property=\"article:modified_time\" content=\"2021-06-28T09:54:44+00:00\" \/>\n<meta name=\"twitter:card\" content=\"summary_large_image\" \/>\n<meta name=\"twitter:label1\" content=\"Est. reading time\" \/>\n\t<meta name=\"twitter:data1\" content=\"6 minutes\" \/>\n<script type=\"application\/ld+json\" class=\"yoast-schema-graph\">{\"@context\":\"https:\\\/\\\/schema.org\",\"@graph\":[{\"@type\":\"WebPage\",\"@id\":\"https:\\\/\\\/biohairclinic.com\\\/it\\\/storia-clinica-trapianto-capelli\\\/\",\"url\":\"https:\\\/\\\/biohairclinic.com\\\/it\\\/storia-clinica-trapianto-capelli\\\/\",\"name\":\"Chi siamo e la storia del nostro marchio | Bio Hair Clinic\",\"isPartOf\":{\"@id\":\"https:\\\/\\\/biohairclinic.com\\\/it\\\/#website\"},\"datePublished\":\"2019-10-05T10:15:16+00:00\",\"dateModified\":\"2021-06-28T09:54:44+00:00\",\"description\":\"Leggete la storia insolita di un medico e un\u00b4azienda che hanno combattuto fin dall\u00b4inizio per raggiungere grandi obiettivi! Scoprite i dettagli!\",\"breadcrumb\":{\"@id\":\"https:\\\/\\\/biohairclinic.com\\\/it\\\/storia-clinica-trapianto-capelli\\\/#breadcrumb\"},\"inLanguage\":\"it-IT\",\"potentialAction\":[{\"@type\":\"ReadAction\",\"target\":[\"https:\\\/\\\/biohairclinic.com\\\/it\\\/storia-clinica-trapianto-capelli\\\/\"]}]},{\"@type\":\"BreadcrumbList\",\"@id\":\"https:\\\/\\\/biohairclinic.com\\\/it\\\/storia-clinica-trapianto-capelli\\\/#breadcrumb\",\"itemListElement\":[{\"@type\":\"ListItem\",\"position\":1,\"name\":\"Home\",\"item\":\"https:\\\/\\\/biohairclinic.com\\\/it\\\/\"},{\"@type\":\"ListItem\",\"position\":2,\"name\":\"Chi siamo e la nostra storia\"}]},{\"@type\":\"WebSite\",\"@id\":\"https:\\\/\\\/biohairclinic.com\\\/it\\\/#website\",\"url\":\"https:\\\/\\\/biohairclinic.com\\\/it\\\/\",\"name\":\"Trapianto Capelli Turchia Prezzi\",\"description\":\"BioHairClinic \u00a9\",\"potentialAction\":[{\"@type\":\"SearchAction\",\"target\":{\"@type\":\"EntryPoint\",\"urlTemplate\":\"https:\\\/\\\/biohairclinic.com\\\/it\\\/?s={search_term_string}\"},\"query-input\":{\"@type\":\"PropertyValueSpecification\",\"valueRequired\":true,\"valueName\":\"search_term_string\"}}],\"inLanguage\":\"it-IT\"},{\"@type\":\"ImageObject\",\"inLanguage\":\"it-IT\",\"@id\":\"https:\\\/\\\/biohairclinic.com\\\/it\\\/storia-clinica-trapianto-capelli\\\/#local-main-organization-logo\",\"url\":\"\",\"contentUrl\":\"\",\"caption\":\"Trapianto Capelli Turchia Prezzi\"}]}<\/script>\n<meta name=\"geo.placename\" content=\"Roma\" \/>\n<meta name=\"geo.position\" content=\"41.9059342;12.4922504\" \/>\n<meta name=\"geo.region\" content=\"\u00c5land Islands\" \/>\n<!-- \/ Yoast SEO Premium plugin. -->","yoast_head_json":{"title":"Chi siamo e la storia del nostro marchio | Bio Hair Clinic","description":"Leggete la storia insolita di un medico e un\u00b4azienda che hanno combattuto fin dall\u00b4inizio per raggiungere grandi obiettivi! Scoprite i dettagli!","robots":{"index":"noindex","follow":"nofollow"},"og_locale":"it_IT","og_type":"article","og_title":"Chi siamo e la nostra storia","og_description":"Leggete la storia insolita di un medico e un\u00b4azienda che hanno combattuto fin dall\u00b4inizio per raggiungere grandi obiettivi! Scoprite i dettagli!","og_url":"https:\/\/biohairclinic.com\/it\/storia-clinica-trapianto-capelli\/","og_site_name":"Trapianto Capelli Turchia Prezzi","article_modified_time":"2021-06-28T09:54:44+00:00","twitter_card":"summary_large_image","twitter_misc":{"Est. reading time":"6 minutes"},"schema":{"@context":"https:\/\/schema.org","@graph":[{"@type":"WebPage","@id":"https:\/\/biohairclinic.com\/it\/storia-clinica-trapianto-capelli\/","url":"https:\/\/biohairclinic.com\/it\/storia-clinica-trapianto-capelli\/","name":"Chi siamo e la storia del nostro marchio | Bio Hair Clinic","isPartOf":{"@id":"https:\/\/biohairclinic.com\/it\/#website"},"datePublished":"2019-10-05T10:15:16+00:00","dateModified":"2021-06-28T09:54:44+00:00","description":"Leggete la storia insolita di un medico e un\u00b4azienda che hanno combattuto fin dall\u00b4inizio per raggiungere grandi obiettivi! Scoprite i dettagli!","breadcrumb":{"@id":"https:\/\/biohairclinic.com\/it\/storia-clinica-trapianto-capelli\/#breadcrumb"},"inLanguage":"it-IT","potentialAction":[{"@type":"ReadAction","target":["https:\/\/biohairclinic.com\/it\/storia-clinica-trapianto-capelli\/"]}]},{"@type":"BreadcrumbList","@id":"https:\/\/biohairclinic.com\/it\/storia-clinica-trapianto-capelli\/#breadcrumb","itemListElement":[{"@type":"ListItem","position":1,"name":"Home","item":"https:\/\/biohairclinic.com\/it\/"},{"@type":"ListItem","position":2,"name":"Chi siamo e la nostra storia"}]},{"@type":"WebSite","@id":"https:\/\/biohairclinic.com\/it\/#website","url":"https:\/\/biohairclinic.com\/it\/","name":"Trapianto Capelli Turchia Prezzi","description":"BioHairClinic \u00a9","potentialAction":[{"@type":"SearchAction","target":{"@type":"EntryPoint","urlTemplate":"https:\/\/biohairclinic.com\/it\/?s={search_term_string}"},"query-input":{"@type":"PropertyValueSpecification","valueRequired":true,"valueName":"search_term_string"}}],"inLanguage":"it-IT"},{"@type":"ImageObject","inLanguage":"it-IT","@id":"https:\/\/biohairclinic.com\/it\/storia-clinica-trapianto-capelli\/#local-main-organization-logo","url":"","contentUrl":"","caption":"Trapianto Capelli Turchia Prezzi"}]},"geo.placename":"Roma","geo.position":{"lat":"41.9059342","long":"12.4922504"},"geo.region":"\u00c5land Islands"},"_links":{"self":[{"href":"https:\/\/biohairclinic.com\/it\/wp-json\/wp\/v2\/pages\/11655","targetHints":{"allow":["GET"]}}],"collection":[{"href":"https:\/\/biohairclinic.com\/it\/wp-json\/wp\/v2\/pages"}],"about":[{"href":"https:\/\/biohairclinic.com\/it\/wp-json\/wp\/v2\/types\/page"}],"author":[{"embeddable":true,"href":"https:\/\/biohairclinic.com\/it\/wp-json\/wp\/v2\/users\/13"}],"replies":[{"embeddable":true,"href":"https:\/\/biohairclinic.com\/it\/wp-json\/wp\/v2\/comments?post=11655"}],"version-history":[{"count":9,"href":"https:\/\/biohairclinic.com\/it\/wp-json\/wp\/v2\/pages\/11655\/revisions"}],"predecessor-version":[{"id":57687,"href":"https:\/\/biohairclinic.com\/it\/wp-json\/wp\/v2\/pages\/11655\/revisions\/57687"}],"wp:attachment":[{"href":"https:\/\/biohairclinic.com\/it\/wp-json\/wp\/v2\/media?parent=11655"}],"curies":[{"name":"wp","href":"https:\/\/api.w.org\/{rel}","templated":true}]}}