{"id":11784,"date":"2019-10-18T09:33:24","date_gmt":"2019-10-18T09:33:24","guid":{"rendered":"https:\/\/biohairclinic.com\/it\/?page_id=11784"},"modified":"2025-12-18T12:09:41","modified_gmt":"2025-12-18T12:09:41","slug":"trapianto-capelli-dhi","status":"publish","type":"page","link":"https:\/\/biohairclinic.com\/it\/trapianto-capelli-dhi\/","title":{"rendered":"Trapianto capelli DHI"},"content":{"rendered":"<section class=\"hero\">\r\n    <div class=\"container\">\r\n        <div class=\"row\">\r\n            <div class=\"col-md-6\">\r\n                <h1><span>Trapianto di capelli<\/span> DHI<\/h1>\r\n                <div class=\"p-block\">\r\n                    <p>Il trapianto di capelli DHI \u00e8 la <strong>tecnica pi\u00f9 moderna<\/strong> per impiantare i tuoi capelli. \r\n<br><br>\r\nApprofitta della fase di guarigione pi\u00f9 breve e guarda gi\u00e0 dopo pochi giorni i tuoi capelli crescere!\r\n<br><br>\r\nLasciati trattare dai nostri esperti, affidati all\u2019esperienza di <strong>oltre 20.000 interventi<\/strong>.\r\n<\/p>\r\n                                            <div class=\"btn\">\r\n                            <span class=\"button bio_btn\" data-url=\"https:\/\/biohairclinic.com\/it\/calcolatore-di-capelli\/\">Calcolare l\u2019offerta<\/span>\r\n                        <\/div>\r\n                       \r\n                <\/div>\r\n            <\/div>\r\n            <div class=\"col-md-6\">\r\n                                        <img loading=\"lazy\" decoding=\"async\" src=\"https:\/\/biohairclinic.com\/it\/wp-content\/uploads\/sites\/3\/2022\/05\/infografica-trapianto-capelli-dhi.svg\" alt=\"infografica del trapianto di capelli DHI\" width=\"536\" height=\"474\"\/>\r\n                            <\/div>\r\n        <\/div>\r\n    <\/div>\r\n<\/section>\n\n<section class=\"text_image sec_bg\">\r\n    <div class=\"container\">\r\n                    <div class=\"row\">\r\n                <div class=\"col-md-6\">\r\n                                                <img loading=\"lazy\" decoding=\"async\" class=\"top_right_bottom_left\" src=\"https:\/\/biohairclinic.com\/it\/wp-content\/uploads\/sites\/3\/2022\/05\/dr-ibrahim-trapianto-capelli-dhi.jpg\" alt=\"Il Dr. Ibrahim supervisiona un trapianto di capelli DHI presso la Bio Hair Clinic\" width=\"610\" height=\"408\"\/>\r\n                                    <\/div>\r\n                <div class=\"col-md-6\">\r\n                    <div class=\"content\">\r\n                        <h2>Trapianto capelli DHI: una tecnica speciale per capelli folti<\/h2>\n<p>La tecnica DHI (Direct Hair Implant) \u00e8 attualmente il <strong>metodo pi\u00f9 moderno<\/strong> di trapianto di capelli.<\/p>\n<p>La cosa straordinaria \u00e8 che con questa tecnica non \u00e8 necessaria <strong>nessuna apertura canalare separata<\/strong>.<\/p>\n<p>Con l\u2019aiuto di una speciale implanter pen, gli innesti precedentemente rimossi <strong>vengono trapiantati direttamente<\/strong> nell\u2019area ricevente durante il trattamento, con precisione e senza deviazioni.<\/p>\n                                            <\/div>\r\n                <\/div>\r\n            <\/div>\r\n            <\/div>\r\n<\/section>\n\n<section class=\"text_image\">\r\n    <div class=\"container\">\r\n                    <div class=\"row mobile_order\">\r\n                <div class=\"col-md-6\">\r\n                    <div class=\"content\">\r\n                        <h2>Capelli semplicemente folti grazie alla Choi-Pen<\/h2>\n<p>Il punto di forza del trapianto di capelli DHI \u00e8 la <strong>speciale Choi-Pen<\/strong>.<\/p>\n<p>Il dispositivo ha un piccolo ago sulla punta, nella cui apertura vengono inseriti individualmente gli innesti rimossi.<\/p>\n<p>I follicoli piliferi vengono poi impiantati nelle zone calve con un angolo di 40-45 gradi, cio\u00e8 la <strong>perfetta direzione naturale di crescita<\/strong>.<\/p>\n \r\n                                              \r\n                    <\/div>\r\n                <\/div>\r\n                <div class=\"col-md-6\">\r\n                                                <img loading=\"lazy\" decoding=\"async\" class=\"top_left_bottom_right\" src=\"https:\/\/biohairclinic.com\/it\/wp-content\/uploads\/sites\/3\/2022\/05\/choi-pen-trapianto-capelli-dhi.jpg\" alt=\"Choi-Pen per il trapianto di capelli DHI\" width=\"610\" height=\"408\"\/>\r\n                                    <\/div>\r\n            <\/div>\r\n            <\/div>\r\n<\/section>\n\n<section class=\"ablauf_technik \">\r\n        <div class=\"container\">\r\n            <div class=\"row\">\r\n                <div class=\"col-md-12\">\r\n                                            <h2 class=\"center\"> Procedura del trapianto di capelli DHI<\/h2>\r\n                                    <\/div>\r\n            <\/div>\r\n            <div class=\"row row1\">\r\n                                <div class=\"col-md-3\">\r\n                        <div class=\"content\">\r\n                            <div class=\"order\">\r\n                                <span>\r\n                                                                            1                                                                    <\/span>\r\n                            <\/div>\r\n                                                                 <img loading=\"lazy\" decoding=\"async\" src=\"https:\/\/biohairclinic.com\/it\/wp-content\/uploads\/sites\/3\/2022\/05\/icona-anestesia-senza-ago-comfort-in.svg\" alt=\"icona che rappresenta l\u2019anestesia senza ago Comfort-In\" width=\"97\" height=\"97\"\/>\r\n                                                                                            <h3>Anestesia<\/h3>\r\n                                                                                        <p>Anestesia locale delle zone da trattare con l\u2019innovativo <a href=\"https:\/\/biohairclinic.com\/it\/anestesia-senza-ago\/\">Metodo Comfort-In<\/a>.<\/p>\r\n                                                    <\/div>\r\n                    <\/div>\r\n                                    <div class=\"col-md-3\">\r\n                        <div class=\"content\">\r\n                            <div class=\"order\">\r\n                                <span>\r\n                                                                            2                                                                    <\/span>\r\n                            <\/div>\r\n                                                                 <img loading=\"lazy\" decoding=\"async\" src=\"https:\/\/biohairclinic.com\/it\/wp-content\/uploads\/sites\/3\/2022\/05\/icona-prelievo-innesti-fue.svg\" alt=\"icona che rappresenta il prelievo degli innesti con tecnica fue\" width=\"113\" height=\"105\"\/>\r\n                                                                                            <h3>Metodo FUE<\/h3>\r\n                                                                                        <p>Prelievo dei follicoli sani dalla zona donatrice con il <a href=\"https:\/\/biohairclinic.com\/it\/bio-fue-tecnica\/\">Metodo FUE<\/a>.\r\n<\/p>\r\n                                                    <\/div>\r\n                    <\/div>\r\n                                    <div class=\"col-md-3\">\r\n                        <div class=\"content_bg_active\">\r\n                            <div class=\"order\">\r\n                                <span>\r\n                                                                            3                                                                    <\/span>\r\n                            <\/div>\r\n                                                                 <img loading=\"lazy\" decoding=\"async\" src=\"https:\/\/biohairclinic.com\/it\/wp-content\/uploads\/sites\/3\/2022\/05\/icona-choi-pen.svg\" alt=\"icona che rappresenta la speciale Choi-Pen\" width=\"150\" height=\"146\"\/>\r\n                                                                                            <h3>Choi-Pen<\/h3>\r\n                                                                                        <p>Il tuoi innesti vengono messi a uno a uno dai nostri esperti nella speciale Choi-Pen\r\n\r\n<\/p>\r\n                                                    <\/div>\r\n                    <\/div>\r\n                                    <div class=\"col-md-3\">\r\n                        <div class=\"content\">\r\n                            <div class=\"order\">\r\n                                <span>\r\n                                                                            4                                                                    <\/span>\r\n                            <\/div>\r\n                                                                 <img loading=\"lazy\" decoding=\"async\" src=\"https:\/\/biohairclinic.com\/it\/wp-content\/uploads\/sites\/3\/2022\/05\/icona-trapianto-capelli-dhi.svg\" alt=\"icona che rappresenta l&#039;inserimento diretto degli innesti del trapianto di capelli dhi\" width=\"101\" height=\"139\"\/>\r\n                                                                                            <h3>Trapianto capelli<\/h3>\r\n                                                                                        <p>Impianto semplice e diretto dei follicoli nella zona ricevente senza apertura canalare separata.\r\n\r\n<\/p>\r\n                                                    <\/div>\r\n                    <\/div>\r\n                            <\/div>\r\n        <\/div>\r\n    <\/section>\n\n<section class=\"inner_cta \" >\r\n    <div class=\"container\">\r\n        <div class=\"row\">\r\n            <div class=\"col-md-12\">\r\n                <div class=\"content\">\r\n                    <h2>Capelli semplicemente folti<\/h2>\r\n                    <p>La calvizie ti limita nella quotidianit\u00e0 e non puoi gustarti la vita a pieno? Allora utilizza gi\u00e0 adesso il nostro calcolatore di capelli gratuito e lascia che i nostri esperti analizzino la condizione dei tuoi capelli, \u00e8 facile e non vincolante!\r\n<\/p>\r\n                    <div class=\"btn\">\r\n                        <span class=\"angebot_btn bio_btn\" data-url=\"https:\/\/biohairclinic.com\/it\/calcolatore-di-capelli\/\">Calcolare l&#8217;offerta <\/span>\r\n                    <\/div>\r\n                <\/div>\r\n            <\/div>\r\n        <\/div>\r\n    <\/div>\r\n<\/section>\n\n<section class=\"text_image sec_bg\">\r\n    <div class=\"container\">\r\n        <div class=\"row\">\r\n                            <div class=\"col-md-6\">\r\n                    <div class=\"col-dark-blue border-3-dark border-radius-1\">\r\n                        <h2>Vantaggi del trapianto di capelli DHI<\/h2>\n<ul>\n<li>Gli innesti vengono impiantati direttamente senza essere separati a lungo dai nutrimenti<\/li>\n<li>Densit\u00e0 massima di capelli nella zona ricevente<\/li>\n<li>Fase di convalescenza veloce<\/li>\n<li>Rasatura parziale della zona donatrice possibile<\/li>\n<li>Di nuovo socialmente accettabile dopo poco tempo<\/li>\n<li>Direzione di crescita naturale<\/li>\n<li>Risultato perfetto per uomini e donne<\/li>\n<\/ul>\n                                                                                                <\/div>\r\n                <\/div>\r\n                <div class=\"col-md-6\">\r\n                    <div class=\"col-dark-blue border-radius-3 dark-blue\">\r\n                        <h2>Il trapianto di capelli DHI presenta degli svantaggi?<\/h2>\n<p>La procedura ha solamente un piccolo svantaggio. Il trapianto di capelli DHI in Turchia pu\u00f2 essere eseguito solamente da degli <strong>esperti assoluti<\/strong>.<\/p>\n<p>Durante il trattamento \u00e8 necessaria una <strong>particolare sensibilit\u00e0 delle dita<\/strong>. Oltre a ci\u00f2, l\u2019intervento non presenta nessun altro svantaggio.<\/p>\n<p>Approfitta del nostro <strong>team internazionale di specialisti<\/strong>. Questo \u00e8 responsabile esclusivamente dei trapianti di capelli DHI e ha gi\u00e0 trattato con successo molte migliaia di pazienti.<\/p>\n                                            <\/div>\r\n                <\/div>\r\n                    <\/div>\r\n    <\/div>\r\n<\/section>\n\n<section class=\"text_image\">\r\n    <div class=\"container\">\r\n                    <div class=\"row mobile_order\">\r\n                <div class=\"col-md-6\">\r\n                    <div class=\"content\">\r\n                        <h2>Cosa dicono i nostri pazienti?<\/h2>\n<p>I pazienti hanno costantemente un\u2019<a href=\"https:\/\/biohairclinic.com\/it\/esperienze-trapianto-capelli-turchia\/\">esperienza positiva<\/a> con il trapianto di capelli DHI.<\/p>\n<p>Riceviamo solo feedback entusiastici sui risultati finali. Il trattamento dona a molti <strong>pi\u00f9 consapevolezza<\/strong> e una <strong>vita pi\u00f9 felice<\/strong>.<\/p>\n<p>Dopo il trattamento, le cose per i nostri pazienti cambiano in meglio. Il tuo trapianto di capelli DHI promette di essere un\u2019esperienza davvero speciale.<\/p>\n \r\n                                                    <div class=\"btn\">\r\n                                <span class=\"angebot_btn bio_btn\" data-url=\"https:\/\/biohairclinic.com\/it\/calcolatore-di-capelli\/\">Calcolare l&#8217;offerta<\/span>\r\n                            <\/div>\r\n                                              \r\n                    <\/div>\r\n                <\/div>\r\n                <div class=\"col-md-6\">\r\n                                                <img loading=\"lazy\" decoding=\"async\" class=\"top_left_bottom_right\" src=\"https:\/\/biohairclinic.com\/it\/wp-content\/uploads\/sites\/3\/2021\/06\/Dr.-Ibrahim-e-paziente-dopo-il-trapianto-di-capelli-DHI.jpeg\" alt=\"Dr. Ibrahim e un paziente dopo il trapianto di capelli DHI\" width=\"942\" height=\"1000\"\/>\r\n                                    <\/div>\r\n            <\/div>\r\n            <\/div>\r\n<\/section>\n\n<section class=\"text_image \">\r\n    <div class=\"container\">\r\n        <div class=\"row\">\r\n                            <div class=\"col-md-6\">\r\n                    <div class=\"col-dark-blue border-3-dark border-radius-1\">\r\n                        <h2>Equo e trasparente: trapianto di capelli DHI a partire da soli 3.000 \u20ac<\/h2>\n<p>Nel trapianto di capelli DHI, i costi giocano naturalmente un ruolo importante. Va detto in anticipo che il prezzo viene sempre calcolato individualmente e comunicato in modo trasparente.<\/p>\n<p>\u2714\ufe0f Metodo DHI: a partire da 3.000 \u20ac<\/p>\n<p>Durante il tuo primo colloquio gratuito con i nostri esperti ti verr\u00e0 fornita tutta l&#8217;informazione necessaria sul trapianto di capelli DHI e sul prezzo.<\/p>\n<p>In questo modo ti garantiamo il pieno controllo dei costi prima dell&#8217;intervento.<\/p>\n<p>o un <strong>controllo totale<\/strong> sul costo prima dell\u2019intervento.<\/p>\n                                                                                                <\/div>\r\n                <\/div>\r\n                <div class=\"col-md-6\">\r\n                    <div class=\"col-dark-blue border-radius-3 dark-blue\">\r\n                        <h2>Finalmente di nuovo dei capelli folti con la tecnica DHI<\/h2>\n<p>Vuoi contrastare attivamente la tua calvizie? Vuoi solamente avere di nuovo una testa piena di capelli?<\/p>\n<p>Allora concordi oggi stesso il tuo appuntamento per un <strong>primo colloquio gratuito<\/strong>. I nostri esperti ti consiglieranno sul tuo trapianto di capelli DHI in Turchia.<\/p>\n<p>Puoi sederti e goderti il servizio pi\u00f9 confortevole sul mercato. La caduta dei capelli o la stempiatura non sono un ostacolo!<\/p>\n<p><strong>Bio Hair Clinic: capelli semplicemente folti!<\/strong><\/p>\n                                            <\/div>\r\n                <\/div>\r\n                    <\/div>\r\n    <\/div>\r\n<\/section>\n\n\r\n\r\n<section class=\"faq \">\r\n    <div class=\"container\">\r\n        <div class=\"row\">\r\n                            <div class=\"col-md-12\">\r\n                    <div class=\"title\">\r\n                        <h2>Domande Frequenti <\/h2>\r\n                    <\/div>\r\n                <\/div>\r\n                                        <div class=\"col-md-6\">\r\n                    <div class=\"content\">\r\n                        <h3>Qual \u00e8 la differenza tra DHI e FUE?<\/h3>\r\n                        <p>Il metodo DHI \u00e8 il metodo pi\u00f9 moderno per trapiantare efficacemente i capelli nella zona ricevente. La tecnica FUE, d&#8217;altra parte, \u00e8 usata per estrarre i tuoi follicoli sani dalla zona donatrice. Cos\u00ec, entrambe le applicazioni sono utilizzate per il vostro trapianto di capelli.\r\n<\/p>\r\n                    <\/div>\r\n                <\/div>\r\n                                <div class=\"col-md-6\">\r\n                    <div class=\"content\">\r\n                        <h3>I capelli trapiantati possono di nuovo cadere?<\/h3>\r\n                        <p>Nei primi 3 mesi  dopo la procedura, pu\u00f2 verificarsi la perdita di capelli. Tuttavia, questo \u00e8 normale e si chiama &#8220;effetto shock loss&#8221;. Si prega di notare che nessuna radice dei capelli cadr\u00e0 e i tuoi capelli naturali ricominceranno a crescere immediatamente.<\/p>\r\n                    <\/div>\r\n                <\/div>\r\n                                <div class=\"col-md-6\">\r\n                    <div class=\"content\">\r\n                        <h3>Quanto durano i capelli trapiantati?<\/h3>\r\n                        <p>I risultati di Bio Hair Clinic durano tutta la vita. Per il trapianto di capelli DHI usiamo solo innesti sani che non sono affetti da calvizie.\r\n<\/p>\r\n                    <\/div>\r\n                <\/div>\r\n                                <div class=\"col-md-6\">\r\n                    <div class=\"content\">\r\n                        <h3>A che profondit\u00e0 vengono impiantati gli innesti?<\/h3>\r\n                        <p>Normalmente, i follicoli piliferi sono impiantati circa 1 cm sopra la linea muscolare. La tua nuova attaccatura sar\u00e0 discussa con te in anticipo dai nostri esperti e regolata secondo i tuoi desideri.\r\n<\/p>\r\n                    <\/div>\r\n                <\/div>\r\n                                <div class=\"col-md-6\">\r\n                    <div class=\"content\">\r\n                        <h3>Quanto tempo ci vuole perch\u00e9 i capelli trapiantati crescano?<\/h3>\r\n                        <p>In media, le unit\u00e0 follicolari sono gi\u00e0 saldamente cresciute dopo 4-5 giorni. Dopo poco tempo si possono anche rimuovere con cura le croste e fare il primo lavaggio dei capelli. Riceverai ulteriori informazioni dai nostri esperti dopo il tuo trapianto di capelli DHI.<\/p>\r\n                    <\/div>\r\n                <\/div>\r\n                                <div class=\"col-md-6\">\r\n                    <div class=\"content\">\r\n                        <h3>Quanto \u00e8 pericoloso il metodo DHI?<\/h3>\r\n                        <p>Il trapianto di capelli DHI alla Bio Hair Clinic non ha praticamente effetti collaterali. Il nostro team di esperti ha una vasta esperienza con la tecnica DHI e raggiunger\u00e0 risultati perfetti anche per te.\r\n<\/p>\r\n                    <\/div>\r\n                <\/div>\r\n                        <\/div>\r\n    <\/div>\r\n<\/section>\r\n\r\n","protected":false},"excerpt":{"rendered":"","protected":false},"author":13,"featured_media":0,"parent":0,"menu_order":0,"comment_status":"closed","ping_status":"closed","template":"","meta":{"_acf_changed":false,"inline_featured_image":false,"footnotes":""},"class_list":["post-11784","page","type-page","status-publish","hentry"],"acf":[],"yoast_head":"<!-- This site is optimized with the Yoast SEO Premium plugin v27.0 (Yoast SEO v27.2) - https:\/\/yoast.com\/product\/yoast-seo-premium-wordpress\/ -->\n<title>Trapianto capelli DHI - Tecnica all&#039;avanguardia | Bio Hair Clinic<\/title>\n<meta name=\"description\" content=\"Trapianto di capelli DHI, impianto diretto di unit\u00e0 follicolari per risultati naturali al 100%. Scopri come funziona!\" \/>\n<meta name=\"robots\" content=\"index, follow, max-snippet:-1, max-image-preview:large, max-video-preview:-1\" \/>\n<link rel=\"canonical\" href=\"https:\/\/biohairclinic.com\/it\/trapianto-capelli-dhi\/\" \/>\n<meta property=\"og:locale\" content=\"it_IT\" \/>\n<meta property=\"og:type\" content=\"article\" \/>\n<meta property=\"og:title\" content=\"Trapianto capelli DHI\" \/>\n<meta property=\"og:description\" content=\"Trapianto di capelli DHI, impianto diretto di unit\u00e0 follicolari per risultati naturali al 100%. Scopri come funziona!\" \/>\n<meta property=\"og:url\" content=\"https:\/\/biohairclinic.com\/it\/trapianto-capelli-dhi\/\" \/>\n<meta property=\"og:site_name\" content=\"Trapianto Capelli Turchia Prezzi\" \/>\n<meta property=\"article:modified_time\" content=\"2025-12-18T12:09:41+00:00\" \/>\n<meta name=\"twitter:card\" content=\"summary_large_image\" \/>\n<script type=\"application\/ld+json\" class=\"yoast-schema-graph\">{\"@context\":\"https:\/\/schema.org\",\"@graph\":[{\"@type\":\"WebPage\",\"@id\":\"https:\/\/biohairclinic.com\/it\/trapianto-capelli-dhi\/\",\"url\":\"https:\/\/biohairclinic.com\/it\/trapianto-capelli-dhi\/\",\"name\":\"Trapianto capelli DHI - Tecnica all'avanguardia | Bio Hair Clinic\",\"isPartOf\":{\"@id\":\"https:\/\/biohairclinic.com\/it\/#website\"},\"datePublished\":\"2019-10-18T09:33:24+00:00\",\"dateModified\":\"2025-12-18T12:09:41+00:00\",\"description\":\"Trapianto di capelli DHI, impianto diretto di unit\u00e0 follicolari per risultati naturali al 100%. Scopri come funziona!\",\"breadcrumb\":{\"@id\":\"https:\/\/biohairclinic.com\/it\/trapianto-capelli-dhi\/#breadcrumb\"},\"inLanguage\":\"it-IT\",\"potentialAction\":[{\"@type\":\"ReadAction\",\"target\":[\"https:\/\/biohairclinic.com\/it\/trapianto-capelli-dhi\/\"]}]},{\"@type\":\"BreadcrumbList\",\"@id\":\"https:\/\/biohairclinic.com\/it\/trapianto-capelli-dhi\/#breadcrumb\",\"itemListElement\":[{\"@type\":\"ListItem\",\"position\":1,\"name\":\"Home\",\"item\":\"https:\/\/biohairclinic.com\/it\/\"},{\"@type\":\"ListItem\",\"position\":2,\"name\":\"Trapianto capelli DHI\"}]},{\"@type\":\"WebSite\",\"@id\":\"https:\/\/biohairclinic.com\/it\/#website\",\"url\":\"https:\/\/biohairclinic.com\/it\/\",\"name\":\"Trapianto Capelli Turchia Prezzi\",\"description\":\"BioHairClinic \u00a9\",\"potentialAction\":[{\"@type\":\"SearchAction\",\"target\":{\"@type\":\"EntryPoint\",\"urlTemplate\":\"https:\/\/biohairclinic.com\/it\/?s={search_term_string}\"},\"query-input\":{\"@type\":\"PropertyValueSpecification\",\"valueRequired\":true,\"valueName\":\"search_term_string\"}}],\"inLanguage\":\"it-IT\"}]}<\/script>\n<!-- \/ Yoast SEO Premium plugin. -->","yoast_head_json":{"title":"Trapianto capelli DHI - Tecnica all'avanguardia | Bio Hair Clinic","description":"Trapianto di capelli DHI, impianto diretto di unit\u00e0 follicolari per risultati naturali al 100%. Scopri come funziona!","robots":{"index":"index","follow":"follow","max-snippet":"max-snippet:-1","max-image-preview":"max-image-preview:large","max-video-preview":"max-video-preview:-1"},"canonical":"https:\/\/biohairclinic.com\/it\/trapianto-capelli-dhi\/","og_locale":"it_IT","og_type":"article","og_title":"Trapianto capelli DHI","og_description":"Trapianto di capelli DHI, impianto diretto di unit\u00e0 follicolari per risultati naturali al 100%. Scopri come funziona!","og_url":"https:\/\/biohairclinic.com\/it\/trapianto-capelli-dhi\/","og_site_name":"Trapianto Capelli Turchia Prezzi","article_modified_time":"2025-12-18T12:09:41+00:00","twitter_card":"summary_large_image","schema":{"@context":"https:\/\/schema.org","@graph":[{"@type":"WebPage","@id":"https:\/\/biohairclinic.com\/it\/trapianto-capelli-dhi\/","url":"https:\/\/biohairclinic.com\/it\/trapianto-capelli-dhi\/","name":"Trapianto capelli DHI - Tecnica all'avanguardia | Bio Hair Clinic","isPartOf":{"@id":"https:\/\/biohairclinic.com\/it\/#website"},"datePublished":"2019-10-18T09:33:24+00:00","dateModified":"2025-12-18T12:09:41+00:00","description":"Trapianto di capelli DHI, impianto diretto di unit\u00e0 follicolari per risultati naturali al 100%. Scopri come funziona!","breadcrumb":{"@id":"https:\/\/biohairclinic.com\/it\/trapianto-capelli-dhi\/#breadcrumb"},"inLanguage":"it-IT","potentialAction":[{"@type":"ReadAction","target":["https:\/\/biohairclinic.com\/it\/trapianto-capelli-dhi\/"]}]},{"@type":"BreadcrumbList","@id":"https:\/\/biohairclinic.com\/it\/trapianto-capelli-dhi\/#breadcrumb","itemListElement":[{"@type":"ListItem","position":1,"name":"Home","item":"https:\/\/biohairclinic.com\/it\/"},{"@type":"ListItem","position":2,"name":"Trapianto capelli DHI"}]},{"@type":"WebSite","@id":"https:\/\/biohairclinic.com\/it\/#website","url":"https:\/\/biohairclinic.com\/it\/","name":"Trapianto Capelli Turchia Prezzi","description":"BioHairClinic \u00a9","potentialAction":[{"@type":"SearchAction","target":{"@type":"EntryPoint","urlTemplate":"https:\/\/biohairclinic.com\/it\/?s={search_term_string}"},"query-input":{"@type":"PropertyValueSpecification","valueRequired":true,"valueName":"search_term_string"}}],"inLanguage":"it-IT"}]}},"_links":{"self":[{"href":"https:\/\/biohairclinic.com\/it\/wp-json\/wp\/v2\/pages\/11784","targetHints":{"allow":["GET"]}}],"collection":[{"href":"https:\/\/biohairclinic.com\/it\/wp-json\/wp\/v2\/pages"}],"about":[{"href":"https:\/\/biohairclinic.com\/it\/wp-json\/wp\/v2\/types\/page"}],"author":[{"embeddable":true,"href":"https:\/\/biohairclinic.com\/it\/wp-json\/wp\/v2\/users\/13"}],"replies":[{"embeddable":true,"href":"https:\/\/biohairclinic.com\/it\/wp-json\/wp\/v2\/comments?post=11784"}],"version-history":[{"count":42,"href":"https:\/\/biohairclinic.com\/it\/wp-json\/wp\/v2\/pages\/11784\/revisions"}],"predecessor-version":[{"id":60003,"href":"https:\/\/biohairclinic.com\/it\/wp-json\/wp\/v2\/pages\/11784\/revisions\/60003"}],"wp:attachment":[{"href":"https:\/\/biohairclinic.com\/it\/wp-json\/wp\/v2\/media?parent=11784"}],"curies":[{"name":"wp","href":"https:\/\/api.w.org\/{rel}","templated":true}]}}