{"id":129,"date":"2018-09-17T13:50:50","date_gmt":"2018-09-17T13:50:50","guid":{"rendered":"https:\/\/biohairclini.wpengine.com\/?page_id=129"},"modified":"2021-06-28T15:18:33","modified_gmt":"2021-06-28T15:18:33","slug":"bio-faq","status":"publish","type":"page","link":"https:\/\/biohairclinic.com\/it\/bio-faq\/","title":{"rendered":"FAQ"},"content":{"rendered":"\n<div class=\"wp-block-group container\"><div class=\"wp-block-group__inner-container is-layout-flow wp-block-group-is-layout-flow\">\n<h1>FAQ<\/h1>\n<p><span style=\"color: #0082ce\"><strong>\u00c8 prevista una consulenza pre-operatoria? Dove \u00e8 svolta la consulenza? Qual \u00e8 il costo?<\/strong><\/span><br>\n\u00c8 previsto un percorso di consulenza telefonico prima della prenotazione degli interventi. I trattamenti sono poi eseguiti nella nostra clinica di Istanbul.<br>\n<span style=\"color: #0082ce\"><strong>Come posso sapere quale trattamento \u00e8 il pi\u00f9 adatto a me?<\/strong><\/span><br>\n\u00c8 sufficiente inoltrarci una serie di foto dell&#8217;area da trattare e descrivere il risultato atteso. Successivamente discuteremo insieme la particolarit\u00e0 del caso e le modalit\u00e0 di intervento che meglio si adattano alle specifiche esigenze.<br>\n<span style=\"color: #0082ce\"><strong>Come posso contattarvi?<\/strong><\/span><br>\nPu\u00f3 contattarci via email o telefono in qualsiasi momento. Nei nostri contatti pu\u00f3 trovare i nostri recapiti.<br>\n<span style=\"color: #0082ce\"><strong>Come posso esser certo del fatto che la clinica sia affidabile?<\/strong><\/span><br>\nLa nostra clinica \u00e8 collocata all&#8217;interno di una delle strutture ospedaliere d&#8217;eccellenza dell&#8217;intera Turchia, il LIV Hospital, e gode di un&#8217;eccellente reputazione in tutta Europa.<\/p>\n<p><span style=\"color: #0082ce\"><strong>Qual \u00e8 il livello di professionalit\u00e0 dei vostri specialisti? <\/strong><\/span><br>\nIl nostro specialista in trapianti di capelli, il Dr. Ibrahim, \u00e8 uno dei principali esperti mondiali in chirurgia plastica\/estetica.<\/p>\n<p><span style=\"color: #0082ce\"><strong>Come posso programmare un appuntamento?<\/strong><\/span><br>\nCi contattaci telefonicamente oppure mandi un messaggio attraverso via email. La contatteremo per pianificare un appuntamento che si adatti alle Sue esigenze.<br>\n<span style=\"color: #0082ce\"><strong>Quando dura l&#8217;intervento?<\/strong><\/span><br>\nLa durata dell&#8217;intervento dipende dall&#8217;estensione dell&#8217;area trattata e dalla natura stessa del trattamento. In genere ha una durata di circa cinque ore o pi\u00f9. Le tempistiche sono comunque discusse in fase di consulenza e prima dell&#8217;appuntamento.<br>\n<span style=\"color: #0082ce\"><strong>Cosa succede durante l&#8217;operazione?<\/strong><\/span><br>\nViene somministrata un&#8217;anestesia locale nella zona soggetta al trattamento. Questa rende il trattamento totalmente indolore. Una televisione e\/o della musica sono sempre disponibili per potersi distrarre.<span style=\"color: #0082ce\"><strong>Devo tagliare i capelli prima del trattamento?<\/strong><\/span><br>\nDipende dalla natura del trattamento a cui ci si sottopone. Tendenzialmente comunque non \u00e8 necessario che si taglino i capelli prima dell&#8217;intervento.<\/p>\n<p><span style=\"color: #0082ce\"><strong>Qual \u00e8 la durata del trapianto?<\/strong><\/span><br>\nI capelli trapiantati hanno una garanzia di 20 anni.<\/p>\n<p><span style=\"color: #0082ce\"><strong>\u00c8 necessario assentarsi dal lavoro per tanto tempo?<\/strong><\/span><br>\nPasser\u00e1 fra i tre e i cinque giorni a Istanbul. Successivamente, in relazione al trattamento effettuato, dovr\u00e1 probabilmente prendere qualche giorno di riposo prima di rientrare a lavoro.<br>\n<span style=\"color: #0082ce\"><strong>Dove allogger\u00f2? Devo pagare un extra per il pernottamento?<\/strong><\/span><br>\nAllogger\u00e1 in un hotel a 4 stelle a Istanbul, non lontano dalla clinica. Il soggiorno previsto va dal giorno prima dell&#8217;intervento a un massimo di cinque giorni successivi a seconda delle necessit\u00e0. La durata del soggiorno \u00e8 condizionata dal tipo di trattamento effettuato ed \u00e8 compresa entro il pacchetto che prenoter\u00e1 prima della partenza.<br>\n<span style=\"color: #0082ce\"><strong>Come arrivo a Istanbul?<\/strong><\/span><br>\nDovr\u00e1 prenotare il volo autonomamente. Noi saremo comunque disponibili ad aiutarLa e a fornirLe suggerimenti nella fase di organizzazione. Prima completer\u00e1 la procedura di prenotazione, maggiori saranno le possibilit\u00e1 di prenotare un volo economico. Il volo non \u00e8 quindi compreso nei costi dei nostri pacchetti.<br>\n<span style=\"color: #0082ce\"><strong>Chi si preoccuper\u00e0 di organizzare il mio soggiorno?<\/strong><\/span><br>\nNoi organizzeremo tutte le fasi comprese fra l&#8217;arrivo a Istanbul e i controlli post-operatori. Lei potr\u00e1 invece organizzare autonomamente il tempo libero.<br>\n<span style=\"color: #0082ce\"><strong>Quanto devo stare a Istanbul\/in clinica?<\/strong><\/span><br>\nLa permanenza a Istanbul \u00e8 strettamente correlata alla natura dell&#8217;intervento e va, mediamente, dai tre ai cinque giorni. Non sar\u00e0 necessario passare la notte nella clinica. Potr\u00e1 tornare in hotel non appena terminato l&#8217;intervento.<br>\n<span style=\"color: #0082ce\"><strong>\u00c8 previsto un servizio navetta?<\/strong><\/span><br>\nNoi organizzeremo il prelievo all&#8217;aeroporto e il servizio navetta fino all&#8217;hotel e, successivamente dall&#8217;hotel alla clinica.<br>\n<span style=\"color: #0082ce\"><strong>Come arrivo alla clinica?<\/strong><\/span><br>\nSar\u00e1 accompagnato dai nostri autisti.<br>\n<span style=\"color: #0082ce\"><strong>Potr\u00f2 parlare Italiano nella clinica?<\/strong><\/span><br>\nUn interprete \u00e8 sempre presente per poterLa assistere e evitare ogni problema derivante dalle barriere linguistiche.<br>\n<span style=\"color: #0082ce\"><strong>Quanto costa un trapianto di capelli?<\/strong><\/span><br>\nI prezzi variano a seconda del trattamento richiesto. Siamo a disposizione per discuterne i dettagli.<br>\n<span style=\"color: #0082ce\"><strong>Come viene calcolato il prezzo del trattamento?<\/strong><\/span><br>\nI prezzi variano a seconda del trattamento richiesto. Vedi il nostro listino per dettagli.<br>\n<span style=\"color: #0082ce\"><strong>Quali sono i termini di pagamento?<\/strong><\/span><br>\n\u00c8 sufficiente confermare la prenotazione con un anticipo del 20% sull&#8217;importo totale del trattamento. Sfortunatamente, non possiamo offrire soluzioni di pagamento rateali.<br>\n<span style=\"color: #0082ce\"><strong>Con quanto anticipo devo prenotare il trattamento?<\/strong><\/span><br>\nPer poter scegliere la data pi\u00f9 consona alle Sue esigenze, suggeriamo di prenotare l&#8217;appuntamento almeno con qualche settimana di anticipo sulla data desiderata.<\/p>\n<\/div><\/div>\n\n\n<p><!-- \/wp:post-content --><\/p>","protected":false},"excerpt":{"rendered":"<p>FAQ \u00c8 prevista una consulenza pre-operatoria? Dove \u00e8 svolta la consulenza? Qual \u00e8 il costo? \u00c8 previsto un percorso di consulenza telefonico prima della prenotazione degli interventi. I trattamenti sono poi eseguiti nella nostra clinica di Istanbul. Come posso sapere quale trattamento \u00e8 il pi\u00f9 adatto a me? \u00c8 sufficiente inoltrarci una serie di foto [&hellip;]<\/p>\n","protected":false},"author":4,"featured_media":0,"parent":0,"menu_order":0,"comment_status":"closed","ping_status":"closed","template":"","meta":{"_acf_changed":false,"inline_featured_image":false,"footnotes":""},"class_list":["post-129","page","type-page","status-publish","hentry"],"acf":[],"yoast_head":"<!-- This site is optimized with the Yoast SEO Premium plugin v27.3 (Yoast SEO v27.4) - https:\/\/yoast.com\/product\/yoast-seo-premium-wordpress\/ -->\n<title>FAQ - Domande frequenti trapianto capelli | Bio Hair Clinic<\/title>\n<meta name=\"description\" content=\"Le domande pi\u00fa frequenti sul tema del trapianto di capelli in Turchia e le risposte dei nostri esperti. Scopri tutti i dettagli dei nostri trattamenti.\" \/>\n<meta name=\"robots\" content=\"noindex, nofollow\" \/>\n<meta property=\"og:locale\" content=\"it_IT\" \/>\n<meta property=\"og:type\" content=\"article\" \/>\n<meta property=\"og:title\" content=\"FAQ\" \/>\n<meta property=\"og:description\" content=\"Le domande pi\u00fa frequenti sul tema del trapianto di capelli in Turchia e le risposte dei nostri esperti. Scopri tutti i dettagli dei nostri trattamenti.\" \/>\n<meta property=\"og:url\" content=\"https:\/\/biohairclinic.com\/it\/bio-faq\/\" \/>\n<meta property=\"og:site_name\" content=\"Trapianto Capelli Turchia Prezzi\" \/>\n<meta property=\"article:modified_time\" content=\"2021-06-28T15:18:33+00:00\" \/>\n<meta name=\"twitter:card\" content=\"summary_large_image\" \/>\n<meta name=\"twitter:label1\" content=\"Est. reading time\" \/>\n\t<meta name=\"twitter:data1\" content=\"3 minutes\" \/>\n<script type=\"application\/ld+json\" class=\"yoast-schema-graph\">{\"@context\":\"https:\\\/\\\/schema.org\",\"@graph\":[{\"@type\":\"WebPage\",\"@id\":\"https:\\\/\\\/biohairclinic.com\\\/it\\\/bio-faq\\\/\",\"url\":\"https:\\\/\\\/biohairclinic.com\\\/it\\\/bio-faq\\\/\",\"name\":\"FAQ - Domande frequenti trapianto capelli | Bio Hair Clinic\",\"isPartOf\":{\"@id\":\"https:\\\/\\\/biohairclinic.com\\\/it\\\/#website\"},\"datePublished\":\"2018-09-17T13:50:50+00:00\",\"dateModified\":\"2021-06-28T15:18:33+00:00\",\"description\":\"Le domande pi\u00fa frequenti sul tema del trapianto di capelli in Turchia e le risposte dei nostri esperti. Scopri tutti i dettagli dei nostri trattamenti.\",\"breadcrumb\":{\"@id\":\"https:\\\/\\\/biohairclinic.com\\\/it\\\/bio-faq\\\/#breadcrumb\"},\"inLanguage\":\"it-IT\",\"potentialAction\":[{\"@type\":\"ReadAction\",\"target\":[\"https:\\\/\\\/biohairclinic.com\\\/it\\\/bio-faq\\\/\"]}]},{\"@type\":\"BreadcrumbList\",\"@id\":\"https:\\\/\\\/biohairclinic.com\\\/it\\\/bio-faq\\\/#breadcrumb\",\"itemListElement\":[{\"@type\":\"ListItem\",\"position\":1,\"name\":\"Home\",\"item\":\"https:\\\/\\\/biohairclinic.com\\\/it\\\/\"},{\"@type\":\"ListItem\",\"position\":2,\"name\":\"FAQ\"}]},{\"@type\":\"WebSite\",\"@id\":\"https:\\\/\\\/biohairclinic.com\\\/it\\\/#website\",\"url\":\"https:\\\/\\\/biohairclinic.com\\\/it\\\/\",\"name\":\"Trapianto Capelli Turchia Prezzi\",\"description\":\"BioHairClinic \u00a9\",\"potentialAction\":[{\"@type\":\"SearchAction\",\"target\":{\"@type\":\"EntryPoint\",\"urlTemplate\":\"https:\\\/\\\/biohairclinic.com\\\/it\\\/?s={search_term_string}\"},\"query-input\":{\"@type\":\"PropertyValueSpecification\",\"valueRequired\":true,\"valueName\":\"search_term_string\"}}],\"inLanguage\":\"it-IT\"},{\"@type\":\"ImageObject\",\"inLanguage\":\"it-IT\",\"@id\":\"https:\\\/\\\/biohairclinic.com\\\/it\\\/bio-faq\\\/#local-main-organization-logo\",\"url\":\"\",\"contentUrl\":\"\",\"caption\":\"Trapianto Capelli Turchia Prezzi\"}]}<\/script>\n<meta name=\"geo.placename\" content=\"Roma\" \/>\n<meta name=\"geo.position\" content=\"41.9059342;12.4922504\" \/>\n<meta name=\"geo.region\" content=\"\u00c5land Islands\" \/>\n<!-- \/ Yoast SEO Premium plugin. -->","yoast_head_json":{"title":"FAQ - Domande frequenti trapianto capelli | Bio Hair Clinic","description":"Le domande pi\u00fa frequenti sul tema del trapianto di capelli in Turchia e le risposte dei nostri esperti. Scopri tutti i dettagli dei nostri trattamenti.","robots":{"index":"noindex","follow":"nofollow"},"og_locale":"it_IT","og_type":"article","og_title":"FAQ","og_description":"Le domande pi\u00fa frequenti sul tema del trapianto di capelli in Turchia e le risposte dei nostri esperti. Scopri tutti i dettagli dei nostri trattamenti.","og_url":"https:\/\/biohairclinic.com\/it\/bio-faq\/","og_site_name":"Trapianto Capelli Turchia Prezzi","article_modified_time":"2021-06-28T15:18:33+00:00","twitter_card":"summary_large_image","twitter_misc":{"Est. reading time":"3 minutes"},"schema":{"@context":"https:\/\/schema.org","@graph":[{"@type":"WebPage","@id":"https:\/\/biohairclinic.com\/it\/bio-faq\/","url":"https:\/\/biohairclinic.com\/it\/bio-faq\/","name":"FAQ - Domande frequenti trapianto capelli | Bio Hair Clinic","isPartOf":{"@id":"https:\/\/biohairclinic.com\/it\/#website"},"datePublished":"2018-09-17T13:50:50+00:00","dateModified":"2021-06-28T15:18:33+00:00","description":"Le domande pi\u00fa frequenti sul tema del trapianto di capelli in Turchia e le risposte dei nostri esperti. Scopri tutti i dettagli dei nostri trattamenti.","breadcrumb":{"@id":"https:\/\/biohairclinic.com\/it\/bio-faq\/#breadcrumb"},"inLanguage":"it-IT","potentialAction":[{"@type":"ReadAction","target":["https:\/\/biohairclinic.com\/it\/bio-faq\/"]}]},{"@type":"BreadcrumbList","@id":"https:\/\/biohairclinic.com\/it\/bio-faq\/#breadcrumb","itemListElement":[{"@type":"ListItem","position":1,"name":"Home","item":"https:\/\/biohairclinic.com\/it\/"},{"@type":"ListItem","position":2,"name":"FAQ"}]},{"@type":"WebSite","@id":"https:\/\/biohairclinic.com\/it\/#website","url":"https:\/\/biohairclinic.com\/it\/","name":"Trapianto Capelli Turchia Prezzi","description":"BioHairClinic \u00a9","potentialAction":[{"@type":"SearchAction","target":{"@type":"EntryPoint","urlTemplate":"https:\/\/biohairclinic.com\/it\/?s={search_term_string}"},"query-input":{"@type":"PropertyValueSpecification","valueRequired":true,"valueName":"search_term_string"}}],"inLanguage":"it-IT"},{"@type":"ImageObject","inLanguage":"it-IT","@id":"https:\/\/biohairclinic.com\/it\/bio-faq\/#local-main-organization-logo","url":"","contentUrl":"","caption":"Trapianto Capelli Turchia Prezzi"}]},"geo.placename":"Roma","geo.position":{"lat":"41.9059342","long":"12.4922504"},"geo.region":"\u00c5land Islands"},"_links":{"self":[{"href":"https:\/\/biohairclinic.com\/it\/wp-json\/wp\/v2\/pages\/129","targetHints":{"allow":["GET"]}}],"collection":[{"href":"https:\/\/biohairclinic.com\/it\/wp-json\/wp\/v2\/pages"}],"about":[{"href":"https:\/\/biohairclinic.com\/it\/wp-json\/wp\/v2\/types\/page"}],"author":[{"embeddable":true,"href":"https:\/\/biohairclinic.com\/it\/wp-json\/wp\/v2\/users\/4"}],"replies":[{"embeddable":true,"href":"https:\/\/biohairclinic.com\/it\/wp-json\/wp\/v2\/comments?post=129"}],"version-history":[{"count":6,"href":"https:\/\/biohairclinic.com\/it\/wp-json\/wp\/v2\/pages\/129\/revisions"}],"predecessor-version":[{"id":57693,"href":"https:\/\/biohairclinic.com\/it\/wp-json\/wp\/v2\/pages\/129\/revisions\/57693"}],"wp:attachment":[{"href":"https:\/\/biohairclinic.com\/it\/wp-json\/wp\/v2\/media?parent=129"}],"curies":[{"name":"wp","href":"https:\/\/api.w.org\/{rel}","templated":true}]}}