{"id":139,"date":"2018-09-18T08:40:08","date_gmt":"2018-09-18T08:40:08","guid":{"rendered":"https:\/\/biohairclini.wpengine.com\/?page_id=139"},"modified":"2025-12-18T12:25:35","modified_gmt":"2025-12-18T12:25:35","slug":"trapianto-capelli-prezzi","status":"publish","type":"page","link":"https:\/\/biohairclinic.com\/it\/trapianto-capelli-prezzi\/","title":{"rendered":"Costo trapianto capelli"},"content":{"rendered":"<section class=\"hero\">\r\n    <div class=\"container\">\r\n        <div class=\"row\">\r\n            <div class=\"col-md-6\">\r\n                <h1><span>Costo<\/span> del trapianto di capelli<\/h1>\r\n                <div class=\"p-block\">\r\n                    <p>Goditi il tuo trapianto di capelli a un <strong> costo contenuto<\/strong>, approfitta di un servizio confortevole e delle nostre offerte imbattibili. \r\n<br> <br> \r\n\r\nPer rendere la tua decisione il pi\u00f9 facile possibile, ti offriamo dei <strong> pacchetti all-inclusive<\/strong>. Avrai piena trasparenza e un controllo totale sul costo. \r\n<\/p>\r\n                                            <div class=\"btn\">\r\n                            <span class=\"button bio_btn\" data-url=\"https:\/\/biohairclinic.com\/it\/calcolatore-di-capelli\/\">Analisi gratuita dei capelli<\/span>\r\n                        <\/div>\r\n                       \r\n                <\/div>\r\n            <\/div>\r\n            <div class=\"col-md-6\">\r\n                                        <img loading=\"lazy\" decoding=\"async\" src=\"https:\/\/biohairclinic.com\/it\/wp-content\/uploads\/sites\/3\/2021\/06\/Grafica-per-il-costo-del-trapianto-di-capelli.svg\" alt=\"Grafica per il costo del trapianto di capelli\" width=\"499\" height=\"470\"\/>\r\n                            <\/div>\r\n        <\/div>\r\n    <\/div>\r\n<\/section>\n\n<section class=\"home_cost_sec\" style=\"background: #fafafa;\">\n    <div class=\"cost_containerGrid\">\n        <div class=\"itemContent\">\n            <h2>Costi del trapianto di capelli: calcolati individualmente, comunicati in modo trasparente<\/h2>\n            <div class=\"contentBox\" style=\"background: #f7fbff;\">\n                <p>Per noi \u00e8 importante ottenere un risultato ottimale, che richiede una pianificazione personalizzata del trattamento.<\/p>\n<p>A differenza di un prezzo fisso, che ignora la complessit\u00e0 dell&#8217;intervento, i costi del trapianto di capelli dipendono dal numero effettivo di innesti necessari e dall&#8217;entit\u00e0 del trattamento.<\/p>\n<p>Per la massima precisione, ci affidiamo esclusivamente alla moderna tecnica DHI, il cui prezzo di partenza \u00e8 di 3.000 \u20ac.<\/p>\n<p>La massima trasparenza \u00e8 garantita: i nostri esperti ti prepareranno un&#8217;offerta su misura per il tuo pacchetto personale all-inclusive. I prezzi equi ti saranno sempre comunicati in modo trasparente.<\/p>\n            <\/div>\n        <\/div>\n        <div class=\"itemPrice\">\n                            <div class=\"priceBox\" style=\"background: #0a3166;\">\n                    <p class=\"methodName\">Trapianto di capelli DHI:<\/p>\n                                            <p class=\"priceAmount\">a partire da 3.000 \u20ac<\/p>\n                                    <\/div>\n                    <\/div>\n        <div class=\"itemButton\">\n                            <span data-url=\"https:\/\/biohairclinic.com\/it\/calcolatore-di-capelli\/\" class=\"button bio_btn\" id=\"cost_button\">Iniziare l&#8217;analisi dei capelli<\/span>\n                    <\/div>\n    <\/div>\n<\/section>\n\n<section class=\"packages \">\r\n    <div class=\"container\">\r\n        <div class=\"row\">\r\n            <div class=\"col-md-12\">\r\n                <div class=\"title\">\r\n                                                        <\/div>\r\n            <\/div>\r\n\r\n                                <div class=\"col-md-3\">\r\n                        <div class=\"content \">\r\n                                                            <img loading=\"lazy\" decoding=\"async\" src=\"https:\/\/biohairclinic.com\/it\/wp-content\/uploads\/sites\/3\/2021\/06\/Icona-poltrona-del-dentista.svg\" alt=\"Icona poltrona del dentista\" width=\"87\" height=\"83\"\/>\r\n                                                        <h4>Pre e postoperatorio<\/h4>\r\n                                                    <\/div>\r\n                    <\/div>\r\n                                <div class=\"col-md-3\">\r\n                        <div class=\"content \">\r\n                                                            <img loading=\"lazy\" decoding=\"async\" src=\"https:\/\/biohairclinic.com\/it\/wp-content\/uploads\/sites\/3\/2021\/06\/Icon-Luxury-Hotel.svg\" alt=\"Icon Luxury Hotel\" width=\"72\" height=\"111\"\/>\r\n                                                        <h4>Hotel di lusso 4****<\/h4>\r\n                                                    <\/div>\r\n                    <\/div>\r\n                                <div class=\"col-md-3\">\r\n                        <div class=\"content \">\r\n                                                            <img loading=\"lazy\" decoding=\"async\" src=\"https:\/\/biohairclinic.com\/it\/wp-content\/uploads\/sites\/3\/2021\/06\/Icona-VIP-servizio-navetta.svg\" alt=\"Icona VIP servizio navetta\" width=\"92\" height=\"65\"\/>\r\n                                                        <h4>Trasferimenti VIP<\/h4>\r\n                                                    <\/div>\r\n                    <\/div>\r\n                                <div class=\"col-md-3\">\r\n                        <div class=\"content \">\r\n                                                            <img loading=\"lazy\" decoding=\"async\" src=\"https:\/\/biohairclinic.com\/it\/wp-content\/uploads\/sites\/3\/2021\/06\/Icona-biotina-tecnologia-e-bio-energia-Kur.svg\" alt=\"Icona biotina-tecnologia e bio energia Kur\" width=\"98\" height=\"96\"\/>\r\n                                                        <h4>Biotecnica <\/h4>\r\n                                                    <\/div>\r\n                    <\/div>\r\n                                <div class=\"col-md-3\">\r\n                        <div class=\"content \">\r\n                                                            <img loading=\"lazy\" decoding=\"async\" src=\"https:\/\/biohairclinic.com\/it\/wp-content\/uploads\/sites\/3\/2021\/06\/icona-di-trattamento-PRP.svg\" alt=\"icona di trattamento PRP\" width=\"115\" height=\"99\"\/>\r\n                                                        <h4>Trattamento PRP Gratuito<\/h4>\r\n                                                    <\/div>\r\n                    <\/div>\r\n                                <div class=\"col-md-3\">\r\n                        <div class=\"content \">\r\n                                                            <img loading=\"lazy\" decoding=\"async\" src=\"https:\/\/biohairclinic.com\/it\/wp-content\/uploads\/sites\/3\/2021\/06\/interpreti-icona.svg\" alt=\"interpreti icona\" width=\"102\" height=\"65\"\/>\r\n                                                        <h4>Interprete<\/h4>\r\n                                                    <\/div>\r\n                    <\/div>\r\n                                <div class=\"col-md-3\">\r\n                        <div class=\"content \">\r\n                                                            <img loading=\"lazy\" decoding=\"async\" src=\"https:\/\/biohairclinic.com\/it\/wp-content\/uploads\/sites\/3\/2021\/06\/icona-post-terapia.svg\" alt=\"icona post-terapia\" width=\"103\" height=\"88\"\/>\r\n                                                        <h4>Controlli<\/h4>\r\n                                                    <\/div>\r\n                    <\/div>\r\n                                <div class=\"col-md-3\">\r\n                        <div class=\"content \">\r\n                                                            <img loading=\"lazy\" decoding=\"async\" src=\"https:\/\/biohairclinic.com\/it\/wp-content\/uploads\/sites\/3\/2021\/06\/cura-icona.svg\" alt=\"cura icona\" width=\"76\" height=\"93\"\/>\r\n                                                        <h4>Assistenza 24\/7<\/h4>\r\n                                                    <\/div>\r\n                    <\/div>\r\n                                <\/div>\r\n    <\/div>\r\n<\/section>\n\n<section class=\"text_image sec_bg\">\r\n    <div class=\"container\">\r\n                    <div class=\"row mobile_order\">\r\n                <div class=\"col-md-6\">\r\n                    <div class=\"content\">\r\n                        <h2>Trapianto di capelli in Turchia: costo vantaggioso<\/h2>\n<p>Il tuo trapianto di capelli in Turchia ti offre due enormi vantaggi: <strong>costi bassi<\/strong> e la <strong>pi\u00f9 alta qualit\u00e0<\/strong> a livello mondiale.<\/p>\n<p>Il team di esperti che lavorano assieme al Dr. Ibrahim ti dar\u00e0 informazioni dettagliate sull\u2019intervento chirurgico e anche sul suo costo.<\/p>\n \r\n                                                    <div class=\"btn\">\r\n                                <span class=\"angebot_btn bio_btn\" data-url=\"https:\/\/biohairclinic.com\/it\/calcolatore-di-capelli\/\">Calcolare l&#8217;offerta<\/span>\r\n                            <\/div>\r\n                                              \r\n                    <\/div>\r\n                <\/div>\r\n                <div class=\"col-md-6\">\r\n                                                <img loading=\"lazy\" decoding=\"async\" class=\"top_left_bottom_right\" src=\"https:\/\/biohairclinic.com\/it\/wp-content\/uploads\/sites\/3\/2022\/05\/Dr-ibrahim-attaccatura-capelli-paziente.jpg\" alt=\"Il Dr. Ibrahim mentre disegna la nuova attaccatura dei capelli di un paziente\" width=\"610\" height=\"404\"\/>\r\n                                    <\/div>\r\n            <\/div>\r\n            <\/div>\r\n<\/section>\n\n<section class=\"text_image sec_bg\">\r\n    <div class=\"container\">\r\n        <div class=\"row\">\r\n                            <div class=\"col-md-6\">\r\n                    <div class=\"col-dark-blue border-3-dark border-radius-1\">\r\n                        <h2>Alta qualit\u00e0, prezzi bassi<\/h2>\n<p>Il costo di un trapianto di capelli non varia solo da clinica a clinica, ci sono anche <strong>grandi differenze tra i paesi<\/strong>.<\/p>\n<p><strong>In Italia<\/strong>, per esempio, il costo di questo intervento pu\u00f2 essere molto alto, poich\u00e9 pu\u00f2 raggiungere rapidamente<strong> le 5 cifre<\/strong> solo per la procedura.<\/p>\n<p>I prezzi del trapianto di capelli in Turchia sono <strong>molto pi\u00f9 bassi<\/strong>, grazie a un costo della vita pi\u00f9 basso e alle sovvenzioni statali.<\/p>\n<p>I nostri esperti ti garantiscono un intervento <strong>alta qualit\u00e0<\/strong> e a un <strong>costo equo<\/strong>.<\/p>\n                                            <\/div>\r\n                <\/div>\r\n                <div class=\"col-md-6\">\r\n                    <div class=\"col-dark-blue border-radius-3 dark-blue\">\r\n                        <h2>Un prezzo, molti servizi<\/h2>\n<p>Capelli folti in maniera semplice e senza complicazioni: oltre agli aspetti medici del trapianto di capelli, manteniamo il tuo costo <strong>del tutto trasparente<\/strong>.<\/p>\n<p>I nostri <strong>pacchetti all-inclusive e low-cost<\/strong> ti danno la libert\u00e0 di pianificare il tuo budget. Dall\u2019hotel fino alla procedura e all\u2019assistenza postoperatoria, puoi semplicemente rilassarti.<\/p>\n                                                                                    <div class=\"btn\">\r\n                                    <span class=\"angebot_btn bio_btn\" data-url=\"https:\/\/biohairclinic.com\/it\/il-nostro-calcolatore-di-capelli\/\">Calcolare l&#8217;offerta<\/span>\r\n                                <\/div>\r\n                                                                        <\/div>\r\n                <\/div>\r\n                    <\/div>\r\n    <\/div>\r\n<\/section>\n\n\r\n\r\n<section class=\"faq \">\r\n    <div class=\"container\">\r\n        <div class=\"row\">\r\n                            <div class=\"col-md-12\">\r\n                    <div class=\"title\">\r\n                        <h2>Domande Frequenti <\/h2>\r\n                    <\/div>\r\n                <\/div>\r\n                                        <div class=\"col-md-6\">\r\n                    <div class=\"content\">\r\n                        <h3>Perch\u00e9 i trapianti di capelli all\u2019estero sono cos\u00ec convenienti?<\/h3>\r\n                        <p>Nel Paese sul Bosforo, il costo della vita \u00e8 molto pi\u00f9 basso che in Italia. Questo si traduce in prezzi pi\u00f9 convenienti per i trapianti capelli in Turchia.\r\n<\/p>\r\n                    <\/div>\r\n                <\/div>\r\n                                <div class=\"col-md-6\">\r\n                    <div class=\"content\">\r\n                        <h3>Di quanti innesti ho bisogno?<\/h3>\r\n                        <p>Il numero di unit\u00e0 follicolari di cui hai bisogno, \u00e8 del tutto individuale. Dopo aver effettuato l\u2019analisi dei capelli, i nostri esperti ti comunicheranno il costo del tuo intervento.<\/p>\r\n                    <\/div>\r\n                <\/div>\r\n                                <div class=\"col-md-6\">\r\n                    <div class=\"content\">\r\n                        <h3>Non ho abbastanza soldi tutti in una volta, cosa posso fare?<\/h3>\r\n                        <p>Nessun problema. Il tuo sogno di una testa piena di capelli non deve svanire. Offriamo opzioni di finanziamento allo 0%.<\/p>\r\n                    <\/div>\r\n                <\/div>\r\n                                <div class=\"col-md-6\">\r\n                    <div class=\"content\">\r\n                        <h3>La Turchia \u00e8 sicura?<\/h3>\r\n                        <p>La Turchia \u00e8 il centro assoluto per quanto riguarda il trapianto di capelli ed \u00e8 sede di alcune delle migliori cliniche del mondo. I nostri chirurghi plastici hanno una grande esperienza e professionalit\u00e0. Igiene e sicurezza sono all\u2019ordine del giorno.<\/p>\r\n                    <\/div>\r\n                <\/div>\r\n                                <div class=\"col-md-6\">\r\n                    <div class=\"content\">\r\n                        <h3>Cosa ottengo per i miei soldi?<\/h3>\r\n                        <p>Ogni membro del team \u00e8 altamente specializzato nel suo campo. Permettiamo solo a degli esperti assoluti di eseguire il tuo trattamento. Per noi, formazione e perfezionamento continuo sono all&#8217;ordine del giorno.<\/p>\r\n                    <\/div>\r\n                <\/div>\r\n                                <div class=\"col-md-6\">\r\n                    <div class=\"content\">\r\n                        <h3>In quale valuta devo pagare?<\/h3>\r\n                        <p>Puoi comodamente pagare in Euro, ci occuperemo di tutto noi. <\/p>\r\n                    <\/div>\r\n                <\/div>\r\n                        <\/div>\r\n    <\/div>\r\n<\/section>\r\n\r\n","protected":false},"excerpt":{"rendered":"","protected":false},"author":4,"featured_media":0,"parent":0,"menu_order":0,"comment_status":"closed","ping_status":"closed","template":"","meta":{"_acf_changed":false,"inline_featured_image":false,"footnotes":""},"class_list":["post-139","page","type-page","status-publish","hentry"],"acf":[],"yoast_head":"<!-- This site is optimized with the Yoast SEO Premium plugin v27.3 (Yoast SEO v27.4) - https:\/\/yoast.com\/product\/yoast-seo-premium-wordpress\/ -->\n<title>Costo trapianto capelli in Turchia | Bio Hair Clinic<\/title>\n<meta name=\"description\" content=\"Trapianto di capelli in Turchia: tecnica DHI o Zaffiro a costo fisso. Scopri tutti i vantaggi dei nostri pacchetti all-inclusive!\" \/>\n<meta name=\"robots\" content=\"index, follow, max-snippet:-1, max-image-preview:large, max-video-preview:-1\" \/>\n<link rel=\"canonical\" href=\"https:\/\/biohairclinic.com\/it\/trapianto-capelli-prezzi\/\" \/>\n<meta property=\"og:locale\" content=\"it_IT\" \/>\n<meta property=\"og:type\" content=\"article\" \/>\n<meta property=\"og:title\" content=\"Costo trapianto capelli\" \/>\n<meta property=\"og:description\" content=\"Trapianto di capelli in Turchia: tecnica DHI o Zaffiro a costo fisso. Scopri tutti i vantaggi dei nostri pacchetti all-inclusive!\" \/>\n<meta property=\"og:url\" content=\"https:\/\/biohairclinic.com\/it\/trapianto-capelli-prezzi\/\" \/>\n<meta property=\"og:site_name\" content=\"Trapianto Capelli Turchia Prezzi\" \/>\n<meta property=\"article:modified_time\" content=\"2025-12-18T12:25:35+00:00\" \/>\n<meta name=\"twitter:card\" content=\"summary_large_image\" \/>\n<script type=\"application\/ld+json\" class=\"yoast-schema-graph\">{\"@context\":\"https:\\\/\\\/schema.org\",\"@graph\":[{\"@type\":\"WebPage\",\"@id\":\"https:\\\/\\\/biohairclinic.com\\\/it\\\/trapianto-capelli-prezzi\\\/\",\"url\":\"https:\\\/\\\/biohairclinic.com\\\/it\\\/trapianto-capelli-prezzi\\\/\",\"name\":\"Costo trapianto capelli in Turchia | Bio Hair Clinic\",\"isPartOf\":{\"@id\":\"https:\\\/\\\/biohairclinic.com\\\/it\\\/#website\"},\"datePublished\":\"2018-09-18T08:40:08+00:00\",\"dateModified\":\"2025-12-18T12:25:35+00:00\",\"description\":\"Trapianto di capelli in Turchia: tecnica DHI o Zaffiro a costo fisso. Scopri tutti i vantaggi dei nostri pacchetti all-inclusive!\",\"breadcrumb\":{\"@id\":\"https:\\\/\\\/biohairclinic.com\\\/it\\\/trapianto-capelli-prezzi\\\/#breadcrumb\"},\"inLanguage\":\"it-IT\",\"potentialAction\":[{\"@type\":\"ReadAction\",\"target\":[\"https:\\\/\\\/biohairclinic.com\\\/it\\\/trapianto-capelli-prezzi\\\/\"]}]},{\"@type\":\"BreadcrumbList\",\"@id\":\"https:\\\/\\\/biohairclinic.com\\\/it\\\/trapianto-capelli-prezzi\\\/#breadcrumb\",\"itemListElement\":[{\"@type\":\"ListItem\",\"position\":1,\"name\":\"Home\",\"item\":\"https:\\\/\\\/biohairclinic.com\\\/it\\\/\"},{\"@type\":\"ListItem\",\"position\":2,\"name\":\"Costo trapianto capelli\"}]},{\"@type\":\"WebSite\",\"@id\":\"https:\\\/\\\/biohairclinic.com\\\/it\\\/#website\",\"url\":\"https:\\\/\\\/biohairclinic.com\\\/it\\\/\",\"name\":\"Trapianto Capelli Turchia Prezzi\",\"description\":\"BioHairClinic \u00a9\",\"potentialAction\":[{\"@type\":\"SearchAction\",\"target\":{\"@type\":\"EntryPoint\",\"urlTemplate\":\"https:\\\/\\\/biohairclinic.com\\\/it\\\/?s={search_term_string}\"},\"query-input\":{\"@type\":\"PropertyValueSpecification\",\"valueRequired\":true,\"valueName\":\"search_term_string\"}}],\"inLanguage\":\"it-IT\"},{\"@type\":\"ImageObject\",\"inLanguage\":\"it-IT\",\"@id\":\"https:\\\/\\\/biohairclinic.com\\\/it\\\/trapianto-capelli-prezzi\\\/#local-main-organization-logo\",\"url\":\"\",\"contentUrl\":\"\",\"caption\":\"Trapianto Capelli Turchia Prezzi\"}]}<\/script>\n<meta name=\"geo.placename\" content=\"Roma\" \/>\n<meta name=\"geo.position\" content=\"41.9059342;12.4922504\" \/>\n<meta name=\"geo.region\" content=\"\u00c5land Islands\" \/>\n<!-- \/ Yoast SEO Premium plugin. -->","yoast_head_json":{"title":"Costo trapianto capelli in Turchia | Bio Hair Clinic","description":"Trapianto di capelli in Turchia: tecnica DHI o Zaffiro a costo fisso. Scopri tutti i vantaggi dei nostri pacchetti all-inclusive!","robots":{"index":"index","follow":"follow","max-snippet":"max-snippet:-1","max-image-preview":"max-image-preview:large","max-video-preview":"max-video-preview:-1"},"canonical":"https:\/\/biohairclinic.com\/it\/trapianto-capelli-prezzi\/","og_locale":"it_IT","og_type":"article","og_title":"Costo trapianto capelli","og_description":"Trapianto di capelli in Turchia: tecnica DHI o Zaffiro a costo fisso. Scopri tutti i vantaggi dei nostri pacchetti all-inclusive!","og_url":"https:\/\/biohairclinic.com\/it\/trapianto-capelli-prezzi\/","og_site_name":"Trapianto Capelli Turchia Prezzi","article_modified_time":"2025-12-18T12:25:35+00:00","twitter_card":"summary_large_image","schema":{"@context":"https:\/\/schema.org","@graph":[{"@type":"WebPage","@id":"https:\/\/biohairclinic.com\/it\/trapianto-capelli-prezzi\/","url":"https:\/\/biohairclinic.com\/it\/trapianto-capelli-prezzi\/","name":"Costo trapianto capelli in Turchia | Bio Hair Clinic","isPartOf":{"@id":"https:\/\/biohairclinic.com\/it\/#website"},"datePublished":"2018-09-18T08:40:08+00:00","dateModified":"2025-12-18T12:25:35+00:00","description":"Trapianto di capelli in Turchia: tecnica DHI o Zaffiro a costo fisso. Scopri tutti i vantaggi dei nostri pacchetti all-inclusive!","breadcrumb":{"@id":"https:\/\/biohairclinic.com\/it\/trapianto-capelli-prezzi\/#breadcrumb"},"inLanguage":"it-IT","potentialAction":[{"@type":"ReadAction","target":["https:\/\/biohairclinic.com\/it\/trapianto-capelli-prezzi\/"]}]},{"@type":"BreadcrumbList","@id":"https:\/\/biohairclinic.com\/it\/trapianto-capelli-prezzi\/#breadcrumb","itemListElement":[{"@type":"ListItem","position":1,"name":"Home","item":"https:\/\/biohairclinic.com\/it\/"},{"@type":"ListItem","position":2,"name":"Costo trapianto capelli"}]},{"@type":"WebSite","@id":"https:\/\/biohairclinic.com\/it\/#website","url":"https:\/\/biohairclinic.com\/it\/","name":"Trapianto Capelli Turchia Prezzi","description":"BioHairClinic \u00a9","potentialAction":[{"@type":"SearchAction","target":{"@type":"EntryPoint","urlTemplate":"https:\/\/biohairclinic.com\/it\/?s={search_term_string}"},"query-input":{"@type":"PropertyValueSpecification","valueRequired":true,"valueName":"search_term_string"}}],"inLanguage":"it-IT"},{"@type":"ImageObject","inLanguage":"it-IT","@id":"https:\/\/biohairclinic.com\/it\/trapianto-capelli-prezzi\/#local-main-organization-logo","url":"","contentUrl":"","caption":"Trapianto Capelli Turchia Prezzi"}]},"geo.placename":"Roma","geo.position":{"lat":"41.9059342","long":"12.4922504"},"geo.region":"\u00c5land Islands"},"_links":{"self":[{"href":"https:\/\/biohairclinic.com\/it\/wp-json\/wp\/v2\/pages\/139","targetHints":{"allow":["GET"]}}],"collection":[{"href":"https:\/\/biohairclinic.com\/it\/wp-json\/wp\/v2\/pages"}],"about":[{"href":"https:\/\/biohairclinic.com\/it\/wp-json\/wp\/v2\/types\/page"}],"author":[{"embeddable":true,"href":"https:\/\/biohairclinic.com\/it\/wp-json\/wp\/v2\/users\/4"}],"replies":[{"embeddable":true,"href":"https:\/\/biohairclinic.com\/it\/wp-json\/wp\/v2\/comments?post=139"}],"version-history":[{"count":100,"href":"https:\/\/biohairclinic.com\/it\/wp-json\/wp\/v2\/pages\/139\/revisions"}],"predecessor-version":[{"id":60005,"href":"https:\/\/biohairclinic.com\/it\/wp-json\/wp\/v2\/pages\/139\/revisions\/60005"}],"wp:attachment":[{"href":"https:\/\/biohairclinic.com\/it\/wp-json\/wp\/v2\/media?parent=139"}],"curies":[{"name":"wp","href":"https:\/\/api.w.org\/{rel}","templated":true}]}}