{"id":188,"date":"2018-09-18T14:39:33","date_gmt":"2018-09-18T14:39:33","guid":{"rendered":"https:\/\/biohairclini.wpengine.com\/?page_id=188"},"modified":"2025-06-27T06:56:25","modified_gmt":"2025-06-27T06:56:25","slug":"hotel","status":"publish","type":"page","link":"https:\/\/biohairclinic.com\/it\/hotel\/","title":{"rendered":"Hotel"},"content":{"rendered":"<section class=\"hero\">\r\n    <div class=\"container\">\r\n        <div class=\"row\">\r\n            <div class=\"col-md-6\">\r\n                <h1><span>Hotel per il trapianto di capelli<\/span> \u2013 Ramada Istanbul Golden Horn<\/h1>\r\n                <div class=\"p-block\">\r\n                    <p>Riposo e relax sono fondamentali per una convalescenza senza problemi e desideriamo offrire ai nostri pazienti il \u200b\u200bmassimo comfort. Ecco perch\u00e9 il tuo trattamento include un soggiorno presso il nostro hotel partner, il Ramada Istanbul Golden Horn.\r\n<br><br>\r\nLa moderna struttura si trova direttamente sul Corno d&#8217;Oro, uno degli estuari pi\u00f9 famosi di Istanbul. Nelle immediate vicinanze troverai caff\u00e8, ristoranti e l&#8217;occasione perfetta per una rilassante passeggiata lungo il Bosforo.\r\n<br><br>\r\nI nostri pacchetti all-inclusive includono un pernottamento in questo hotel di lusso, cos\u00ec potrai concentrarti completamente su ci\u00f2 che conta: i tuoi nuovi capelli.<\/p>\r\n                                            <div class=\"btn\">\r\n                            <span class=\"button bio_btn\" data-url=\"https:\/\/biohairclinic.com\/it\/calcolatore-di-capelli\/\">Calcola l&#8217;offerta<\/span>\r\n                        <\/div>\r\n                       \r\n                <\/div>\r\n            <\/div>\r\n            <div class=\"col-md-6\">\r\n                                        <img loading=\"lazy\" decoding=\"async\" src=\"https:\/\/biohairclinic.com\/it\/wp-content\/uploads\/sites\/3\/2025\/06\/hotel-per-il-trapianto-di-capelli-istanbul-ramada.jpg\" alt=\"L&#039;esterno bianco dell&#039;hotel con la scritta rossa Ramada\" width=\"780\" height=\"585\"\/>\r\n                            <\/div>\r\n        <\/div>\r\n    <\/div>\r\n<\/section>\n\n<section class=\"text_image sec_bg\">\r\n    <div class=\"container\">\r\n                    <div class=\"row\">\r\n                <div class=\"col-md-6\">\r\n                                                <img loading=\"lazy\" decoding=\"async\" class=\"top_right_bottom_left\" src=\"https:\/\/biohairclinic.com\/it\/wp-content\/uploads\/sites\/3\/2025\/06\/hotel-ristorante-per-trapianto-di-capelli.jpg\" alt=\"hotel-ristorante-per-trapianto-di-capelli\" width=\"780\" height=\"585\"\/>\r\n                                    <\/div>\r\n                <div class=\"col-md-6\">\r\n                    <div class=\"content\">\r\n                        <h2>Perch\u00e9 il Ramada Istanbul Golden Horn \u00e8 il nostro hotel partner<\/h2>\n<p>L&#8217;eccellente posizione dell&#8217;hotel e l&#8217;elevato livello di comfort vi permetteranno di prepararvi al meglio al vostro trattamento per capelli e di rilassarvi dopo.<\/p>\n<p>Oltre al lussuoso arredamento dell&#8217;hotel, per noi \u00e8 importante che possiate concentrarvi completamente sul vostro trattamento.<\/p>\n<p>Il Ramada Istanbul Golden Horn \u00e8 la sistemazione ideale per il vostro trapianto di capelli. Scoprite strutture moderne, la vicinanza alla clinica e l&#8217;atmosfera speciale di una delle citt\u00e0 pi\u00f9 belle del mondo.<\/p>\n                                            <\/div>\r\n                <\/div>\r\n            <\/div>\r\n            <\/div>\r\n<\/section>\n\n<section class=\"text_image\">\r\n    <div class=\"container\">\r\n                    <div class=\"row mobile_order\">\r\n                <div class=\"col-md-6\">\r\n                    <div class=\"content\">\r\n                        <h2>Lusso e comfort per il vostro benessere<\/h2>\n<p>Il Ramada Istanbul Golden Hour colpisce per i suoi arredi eleganti, le camere moderne e l&#8217;atmosfera tranquilla.<\/p>\n<p>I servizi includono:<\/p>\n<ul>\n<li>Wi-Fi gratuito<\/li>\n<li>Minibar<\/li>\n<li>Cassaforte<\/li>\n<li>Set per la preparazione di t\u00e8 e caff\u00e8<\/li>\n<li>TV a schermo piatto<\/li>\n<li>Aria condizionata<\/li>\n<\/ul>\n<p>Prima del trapianto di capelli, potrete utilizzare l&#8217;area benessere dell&#8217;hotel con spa, sauna e servizio massaggi. Molte camere offrono anche una vista diretta sull&#8217;acqua, rendendo il vostro soggiorno ancora pi\u00f9 piacevole e rilassante.<\/p>\n \r\n                                              \r\n                    <\/div>\r\n                <\/div>\r\n                <div class=\"col-md-6\">\r\n                                                <img loading=\"lazy\" decoding=\"async\" class=\"top_left_bottom_right\" src=\"https:\/\/biohairclinic.com\/it\/wp-content\/uploads\/sites\/3\/2025\/06\/ramada-hotel-lobby.jpg\" alt=\"Hall dell\u2019hotel per trapianto di capelli con un\u2019atmosfera di lusso\" width=\"780\" height=\"585\"\/>\r\n                                    <\/div>\r\n            <\/div>\r\n            <\/div>\r\n<\/section>\n\n<section class=\"text_image sec_bg\">\r\n    <div class=\"container\">\r\n                    <div class=\"row\">\r\n                <div class=\"col-md-6\">\r\n                                                <img loading=\"lazy\" decoding=\"async\" class=\"top_right_bottom_left\" src=\"https:\/\/biohairclinic.com\/it\/wp-content\/uploads\/sites\/3\/2025\/06\/ramada-hotel-istanbul-e-incluso.jpg\" alt=\"Una camera d&#039;albergo lussuosamente arredata con dettagli bianchi e oro. Un ampio letto si trova al centro\" width=\"780\" height=\"585\"\/>\r\n                                    <\/div>\r\n                <div class=\"col-md-6\">\r\n                    <div class=\"content\">\r\n                        <h2>Il soggiorno in hotel \u00e8 incluso<\/h2>\n<p>Il nostro obiettivo \u00e8 rendere il vostro soggiorno a Istanbul il pi\u00f9 agevole possibile. Ecco perch\u00e9 i nostri pacchetti all-inclusive includono non solo il trapianto di capelli, ma anche il vostro soggiorno al Ramada Istanbul Golden Horn.<\/p>\n<p>Con il nostro pacchetto a prezzo fisso, non solo riceverete trattamenti di alta qualit\u00e0 presso la Bio Hair Clinic. Nessun costo nascosto, nessuna sorpresa.<\/p>\n<p>Collaboriamo esclusivamente con hotel selezionati che offrono il massimo comfort, cos\u00ec non dovrete preoccuparvi di nulla tranne del volo! Dai trasferimenti all&#8217;alloggio, tutto \u00e8 gi\u00e0 organizzato.<\/p>\n<p>Il trapianto di capelli verr\u00e0 eseguito come di consueto dal nostro team esperto sotto la direzione del Dott. Ibrahim.<\/p>\n                                            <\/div>\r\n                <\/div>\r\n            <\/div>\r\n            <\/div>\r\n<\/section>\n\n<section class=\"text_image\">\r\n    <div class=\"container\">\r\n                    <div class=\"row mobile_order\">\r\n                <div class=\"col-md-6\">\r\n                    <div class=\"content\">\r\n                        <h2>Scopri Istanbul<\/h2>\n<p>Dal momento del tuo arrivo fino al tuo ritorno, ti sentirai coccolato a Istanbul. Anche se il trapianto di capelli \u00e8 al centro dell&#8217;attenzione, avrai comunque del tempo per esplorare la citt\u00e0 durante il tuo soggiorno.<\/p>\n<p>Istanbul \u00e8 una metropoli affascinante che affascina milioni di persone ogni anno. Hai voglia di una passeggiata lungo il Corno d&#8217;Oro? Il lungomare \u00e8 proprio fuori dalla porta. Il nostro hotel partner \u00e8 il punto di partenza perfetto per scoprire caff\u00e8 e ristoranti.<\/p>\n<p>Inoltre, puoi raggiungere molte attrazioni in treno in pochi minuti. Che tu stia cercando pace e tranquillit\u00e0 o voglia immergerti nella cultura, entrambe le cose sono possibili a Istanbul.<\/p>\n<p>Pronto per il prossimo passo verso capelli pi\u00f9 folti? Richiedi subito il tuo preventivo personalizzato.<\/p>\n \r\n                                                    <div class=\"btn\">\r\n                                <span class=\"angebot_btn bio_btn\" data-url=\"https:\/\/biohairclinic.com\/it\/calcolatore-di-capelli\/\">Calcolare l&#8217;offerta<\/span>\r\n                            <\/div>\r\n                                              \r\n                    <\/div>\r\n                <\/div>\r\n                <div class=\"col-md-6\">\r\n                                                <img loading=\"lazy\" decoding=\"async\" class=\"top_left_bottom_right\" src=\"https:\/\/biohairclinic.com\/it\/wp-content\/uploads\/sites\/3\/2025\/06\/ramada-istanbul-balkon.jpg\" alt=\"Vista dall\u2019hotel per trapianto di capelli a Istanbul con balcone\" width=\"780\" height=\"585\"\/>\r\n                                    <\/div>\r\n            <\/div>\r\n            <\/div>\r\n<\/section>","protected":false},"excerpt":{"rendered":"","protected":false},"author":4,"featured_media":0,"parent":0,"menu_order":0,"comment_status":"closed","ping_status":"closed","template":"","meta":{"_acf_changed":false,"inline_featured_image":false,"footnotes":""},"class_list":["post-188","page","type-page","status-publish","hentry"],"acf":[],"yoast_head":"<!-- This site is optimized with the Yoast SEO Premium plugin v27.0 (Yoast SEO v27.2) - https:\/\/yoast.com\/product\/yoast-seo-premium-wordpress\/ -->\n<title>Hotel per il trapianto di capelli a Istanbul: dove alloggerai<\/title>\n<meta name=\"description\" content=\"Hotel esclusivo per il trapianto di capelli a Istanbul: moderno, clinicamente avanzato e risultati naturali. Leggi ora!\" \/>\n<meta name=\"robots\" content=\"index, follow, max-snippet:-1, max-image-preview:large, max-video-preview:-1\" \/>\n<link rel=\"canonical\" href=\"https:\/\/biohairclinic.com\/it\/hotel\/\" \/>\n<meta property=\"og:locale\" content=\"it_IT\" \/>\n<meta property=\"og:type\" content=\"article\" \/>\n<meta property=\"og:title\" content=\"Hotel\" \/>\n<meta property=\"og:description\" content=\"Hotel esclusivo per il trapianto di capelli a Istanbul: moderno, clinicamente avanzato e risultati naturali. Leggi ora!\" \/>\n<meta property=\"og:url\" content=\"https:\/\/biohairclinic.com\/it\/hotel\/\" \/>\n<meta property=\"og:site_name\" content=\"Trapianto Capelli Turchia Prezzi\" \/>\n<meta property=\"article:modified_time\" content=\"2025-06-27T06:56:25+00:00\" \/>\n<meta name=\"twitter:card\" content=\"summary_large_image\" \/>\n<script type=\"application\/ld+json\" class=\"yoast-schema-graph\">{\"@context\":\"https:\/\/schema.org\",\"@graph\":[{\"@type\":\"WebPage\",\"@id\":\"https:\/\/biohairclinic.com\/it\/hotel\/\",\"url\":\"https:\/\/biohairclinic.com\/it\/hotel\/\",\"name\":\"Hotel per il trapianto di capelli a Istanbul: dove alloggerai\",\"isPartOf\":{\"@id\":\"https:\/\/biohairclinic.com\/it\/#website\"},\"datePublished\":\"2018-09-18T14:39:33+00:00\",\"dateModified\":\"2025-06-27T06:56:25+00:00\",\"description\":\"Hotel esclusivo per il trapianto di capelli a Istanbul: moderno, clinicamente avanzato e risultati naturali. Leggi ora!\",\"breadcrumb\":{\"@id\":\"https:\/\/biohairclinic.com\/it\/hotel\/#breadcrumb\"},\"inLanguage\":\"it-IT\",\"potentialAction\":[{\"@type\":\"ReadAction\",\"target\":[\"https:\/\/biohairclinic.com\/it\/hotel\/\"]}]},{\"@type\":\"BreadcrumbList\",\"@id\":\"https:\/\/biohairclinic.com\/it\/hotel\/#breadcrumb\",\"itemListElement\":[{\"@type\":\"ListItem\",\"position\":1,\"name\":\"Home\",\"item\":\"https:\/\/biohairclinic.com\/it\/\"},{\"@type\":\"ListItem\",\"position\":2,\"name\":\"Hotel\"}]},{\"@type\":\"WebSite\",\"@id\":\"https:\/\/biohairclinic.com\/it\/#website\",\"url\":\"https:\/\/biohairclinic.com\/it\/\",\"name\":\"Trapianto Capelli Turchia Prezzi\",\"description\":\"BioHairClinic \u00a9\",\"potentialAction\":[{\"@type\":\"SearchAction\",\"target\":{\"@type\":\"EntryPoint\",\"urlTemplate\":\"https:\/\/biohairclinic.com\/it\/?s={search_term_string}\"},\"query-input\":{\"@type\":\"PropertyValueSpecification\",\"valueRequired\":true,\"valueName\":\"search_term_string\"}}],\"inLanguage\":\"it-IT\"}]}<\/script>\n<!-- \/ Yoast SEO Premium plugin. -->","yoast_head_json":{"title":"Hotel per il trapianto di capelli a Istanbul: dove alloggerai","description":"Hotel esclusivo per il trapianto di capelli a Istanbul: moderno, clinicamente avanzato e risultati naturali. Leggi ora!","robots":{"index":"index","follow":"follow","max-snippet":"max-snippet:-1","max-image-preview":"max-image-preview:large","max-video-preview":"max-video-preview:-1"},"canonical":"https:\/\/biohairclinic.com\/it\/hotel\/","og_locale":"it_IT","og_type":"article","og_title":"Hotel","og_description":"Hotel esclusivo per il trapianto di capelli a Istanbul: moderno, clinicamente avanzato e risultati naturali. Leggi ora!","og_url":"https:\/\/biohairclinic.com\/it\/hotel\/","og_site_name":"Trapianto Capelli Turchia Prezzi","article_modified_time":"2025-06-27T06:56:25+00:00","twitter_card":"summary_large_image","schema":{"@context":"https:\/\/schema.org","@graph":[{"@type":"WebPage","@id":"https:\/\/biohairclinic.com\/it\/hotel\/","url":"https:\/\/biohairclinic.com\/it\/hotel\/","name":"Hotel per il trapianto di capelli a Istanbul: dove alloggerai","isPartOf":{"@id":"https:\/\/biohairclinic.com\/it\/#website"},"datePublished":"2018-09-18T14:39:33+00:00","dateModified":"2025-06-27T06:56:25+00:00","description":"Hotel esclusivo per il trapianto di capelli a Istanbul: moderno, clinicamente avanzato e risultati naturali. Leggi ora!","breadcrumb":{"@id":"https:\/\/biohairclinic.com\/it\/hotel\/#breadcrumb"},"inLanguage":"it-IT","potentialAction":[{"@type":"ReadAction","target":["https:\/\/biohairclinic.com\/it\/hotel\/"]}]},{"@type":"BreadcrumbList","@id":"https:\/\/biohairclinic.com\/it\/hotel\/#breadcrumb","itemListElement":[{"@type":"ListItem","position":1,"name":"Home","item":"https:\/\/biohairclinic.com\/it\/"},{"@type":"ListItem","position":2,"name":"Hotel"}]},{"@type":"WebSite","@id":"https:\/\/biohairclinic.com\/it\/#website","url":"https:\/\/biohairclinic.com\/it\/","name":"Trapianto Capelli Turchia Prezzi","description":"BioHairClinic \u00a9","potentialAction":[{"@type":"SearchAction","target":{"@type":"EntryPoint","urlTemplate":"https:\/\/biohairclinic.com\/it\/?s={search_term_string}"},"query-input":{"@type":"PropertyValueSpecification","valueRequired":true,"valueName":"search_term_string"}}],"inLanguage":"it-IT"}]}},"_links":{"self":[{"href":"https:\/\/biohairclinic.com\/it\/wp-json\/wp\/v2\/pages\/188","targetHints":{"allow":["GET"]}}],"collection":[{"href":"https:\/\/biohairclinic.com\/it\/wp-json\/wp\/v2\/pages"}],"about":[{"href":"https:\/\/biohairclinic.com\/it\/wp-json\/wp\/v2\/types\/page"}],"author":[{"embeddable":true,"href":"https:\/\/biohairclinic.com\/it\/wp-json\/wp\/v2\/users\/4"}],"replies":[{"embeddable":true,"href":"https:\/\/biohairclinic.com\/it\/wp-json\/wp\/v2\/comments?post=188"}],"version-history":[{"count":43,"href":"https:\/\/biohairclinic.com\/it\/wp-json\/wp\/v2\/pages\/188\/revisions"}],"predecessor-version":[{"id":59984,"href":"https:\/\/biohairclinic.com\/it\/wp-json\/wp\/v2\/pages\/188\/revisions\/59984"}],"wp:attachment":[{"href":"https:\/\/biohairclinic.com\/it\/wp-json\/wp\/v2\/media?parent=188"}],"curies":[{"name":"wp","href":"https:\/\/api.w.org\/{rel}","templated":true}]}}