{"id":204,"date":"2018-09-19T07:55:34","date_gmt":"2018-09-19T07:55:34","guid":{"rendered":"https:\/\/biohairclini.wpengine.com\/?page_id=204"},"modified":"2022-09-05T09:07:40","modified_gmt":"2022-09-05T09:07:40","slug":"procedura-trapianto-capelli","status":"publish","type":"page","link":"https:\/\/biohairclinic.com\/it\/procedura-trapianto-capelli\/","title":{"rendered":"Procedura Trapianto Capelli"},"content":{"rendered":"<section class=\"hero\">\r\n    <div class=\"container\">\r\n        <div class=\"row\">\r\n            <div class=\"col-md-6\">\r\n                <h1><span>Procedura<\/span> del trapianto di capelli<\/h1>\r\n                <div class=\"p-block\">\r\n                    <p>Desideri una procedura semplice per il tuo trapianto di capelli? Questo \u00e8 esattamente ci\u00f2 che otterrai da noi!\r\n\r\n<br><br>\r\nDal contatto diretto alla scelta di un appuntamento, bastano pochi semplici passi per ottenere dei <strong>capelli semplicemente folti<\/strong>.\r\n<br><br>\r\n<em>Abbiamo annotato le ultime informazioni sul COVID-19 per te<\/em>.<\/p>\r\n                                            <div class=\"btn\">\r\n                            <span class=\"button bio_btn\" data-url=\"https:\/\/biohairclinic.com\/it\/calcolatore-di-capelli\/\">Calcolare l\u2019offerta<\/span>\r\n                        <\/div>\r\n                       \r\n                <\/div>\r\n            <\/div>\r\n            <div class=\"col-md-6\">\r\n                                        <img loading=\"lazy\" decoding=\"async\" src=\"https:\/\/biohairclinic.com\/it\/wp-content\/uploads\/sites\/3\/2022\/05\/grafica-procedura-trapianto-capelli.svg\" alt=\"grafica della procedura del trapianto di capelli\" width=\"536\" height=\"437\"\/>\r\n                            <\/div>\r\n        <\/div>\r\n    <\/div>\r\n<\/section>\n\n<section class=\"ablauf_three_columns \">\r\n        <div class=\"container\">\r\n            <div class=\"row\">\r\n                <div class=\"col-md-12\">\r\n                                            <h2 class=\"center\"> Procedura trapianto capelli: 3 fasi per un risultato perfetto<\/h2>\r\n                                    <\/div>\r\n            <\/div>\r\n            <div class=\"row row1\">\r\n                                <div class=\"col-md-4\">\r\n                        <div class=\"content steps_bg_active\">\r\n                            <div class=\"order\">\r\n                                <span>\r\n                                                                            1                                                                    <\/span>\r\n                            <\/div>\r\n                                                                 <img loading=\"lazy\" decoding=\"async\" src=\"https:\/\/biohairclinic.com\/it\/wp-content\/uploads\/sites\/3\/2022\/05\/icona-analisi-gratuita-capelli.svg\" alt=\"icona dell\u00dfanalisi gratuita dei capelli\" width=\"160\" height=\"141\"\/>\r\n                                                            \r\n                                                            <h3>Analisi gratuita dei capelli<\/h3>\r\n                                                                                        <p>Il nostro calcolatore di capelli ti mette in contatto con il nostro team di esperti. Analizzeremo la tua perdita di capelli e ti contatteremo immediatamente. Non devi fare nient\u2019altro!<\/p>\r\n                                                    <\/div>\r\n                    <\/div>\r\n                                    <div class=\"col-md-4\">\r\n                        <div class=\"content \">\r\n                            <div class=\"order\">\r\n                                <span>\r\n                                                                            2                                                                    <\/span>\r\n                            <\/div>\r\n                                                                 <img loading=\"lazy\" decoding=\"async\" src=\"https:\/\/biohairclinic.com\/it\/wp-content\/uploads\/sites\/3\/2022\/05\/icona-consulenza-esperti.svg\" alt=\"icona della consulenza con gli esperti di Bio Hair Clinic\" width=\"131\" height=\"110\"\/>\r\n                                                            \r\n                                                            <h3>Primo colloquio con i nostri esperti <\/h3>\r\n                                                                                        <p>I nostri specialisti ti informeranno in dettaglio sulla procedura chirurgica del trapianto di capelli. Durante la consulenza, si decider\u00e0 anche quale metodo \u00e8 pi\u00f9 adatto e qual \u00e8 il <a href=\"https:\/\/biohairclinic.com\/it\/trapianto-capelli-prezzi\/\">costo del trapianto di capelli<\/a>. <\/p>\r\n                                                    <\/div>\r\n                    <\/div>\r\n                                    <div class=\"col-md-4\">\r\n                        <div class=\"content \">\r\n                            <div class=\"order\">\r\n                                <span>\r\n                                                                            3                                                                    <\/span>\r\n                            <\/div>\r\n                                                                 <img loading=\"lazy\" decoding=\"async\" src=\"https:\/\/biohairclinic.com\/it\/wp-content\/uploads\/sites\/3\/2022\/05\/icoca-concordare-appuntamento.svg\" alt=\"icona concordare appuntamento con BIo Hair Clinic\" width=\"131\" height=\"110\"\/>\r\n                                                            \r\n                                                            <h3>Concordare un appuntamento<\/h3>\r\n                                                                                        <p>Ti prenoteremo un appuntamento con il <strong> Dr. Ibrahim e il suo team di esperti<\/strong>.<\/p>\r\n                                                    <\/div>\r\n                    <\/div>\r\n                            <\/div>\r\n        <\/div>\r\n    <\/section>\n\n<section class=\"text_image\">\r\n    <div class=\"container\">\r\n                    <div class=\"row mobile_order\">\r\n                <div class=\"col-md-6\">\r\n                    <div class=\"content\">\r\n                        <h2>La metropoli mondiale di Istanbul ti d\u00e0 il benvenuto<\/h2>\n<p>Non appena il tuo appuntamento \u00e8 concordato e il tuo volo \u00e8 confermato, la procedura del trapianto di capelli continua. Una volta arrivato all&#8217;aeroporto di Istanbul, ti aspetter\u00e0 la tua <strong>navetta VIP con autista personale<\/strong>.<\/p>\n<p>Sarai accompagnato nella nostra <a href=\"https:\/\/biohairclinic.com\/it\/clinica-per-trapianto-capelli\/\">clinica moderna e all&#8217;avanguardia<\/a> dove sar\u00e0 effettuato un <strong>breve esame del sangue<\/strong>.<\/p>\n<p>Dopo il check-in nel nostro <a href=\"https:\/\/biohairclinic.com\/it\/hotel\/\">hotel di lusso<\/a>, sarai libero di trascorrere il tuo tempo esplorando Istanbul.<\/p>\n<p><strong>Avviso COVID-19<\/strong>:<\/p>\n<p><em>Il nostro personale mantiene sempre una distanza minima di 1,5 metri e segue rigorosamente le nostre misure igieniche. La navetta VIP \u00e8 disinfettata dopo ogni viaggio, cos\u00ec come i vostri bagagli in hotel. Inoltre, la tua temperatura sar\u00e0 misurata con un monitor per la febbre senza contatto e sar\u00e0 anche effettuato un test COVID-19 gratuito.<\/em><\/p>\n \r\n                                                    <div class=\"btn\">\r\n                                <span class=\"angebot_btn bio_btn\" data-url=\"https:\/\/biohairclinic.com\/it\/calcolatore-di-capelli\/\">Calcolare l&#8217;offerta<\/span>\r\n                            <\/div>\r\n                                              \r\n                    <\/div>\r\n                <\/div>\r\n                <div class=\"col-md-6\">\r\n                                                <img loading=\"lazy\" decoding=\"async\" class=\"top_left_bottom_right\" src=\"https:\/\/biohairclinic.com\/it\/wp-content\/uploads\/sites\/3\/2022\/05\/ponte-bosforo-istanbul.jpg\" alt=\"oto del ponte sul Bosforo a Istanbul\" width=\"610\" height=\"637\"\/>\r\n                                    <\/div>\r\n            <\/div>\r\n            <\/div>\r\n<\/section>\n\n<section class=\"text_image\">\r\n    <div class=\"container\">\r\n                    <div class=\"row\">\r\n                <div class=\"col-md-6\">\r\n                                                <img loading=\"lazy\" decoding=\"async\" class=\"top_right_bottom_left\" src=\"https:\/\/biohairclinic.com\/it\/wp-content\/uploads\/sites\/3\/2022\/05\/Dr-ibrahim-paziente-norme-igieniche-covid-19.jpg\" alt=\"il Dr. Ibrahim e un paziente mentre rispettano le norme igieniche contro il Covid-19\" width=\"610\" height=\"498\"\/>\r\n                                    <\/div>\r\n                <div class=\"col-md-6\">\r\n                    <div class=\"content\">\r\n                        <h2>Il tuo trapianto di capelli: il gran giorno \u00e8 arrivato<\/h2>\n<p>Dopo che ti sei rilassato nell&#8217;alloggio di lusso, la procedura del trapianto di capelli prosegue con il trattamento vero e proprio. Il tuo autista ti porter\u00e0 alla clinica il giorno dopo. Il tuo <strong>interprete personale<\/strong> ti aspetter\u00e0 gi\u00e0 sul posto.<\/p>\n<p>Il trapianto dei capelli pu\u00f2 quindi iniziare nella tua sala di trattamento privata. A seconda del metodo e del numero di unit\u00e0 follicolari da impiantare, questo intervento di chirurgia estetica pu\u00f2 durare <strong>5-8 ore<\/strong>.<\/p>\n<p><strong>Avviso COVID-19<\/strong>:<\/p>\n<p><em>Tutte le sale operatorie sono disinfettate con attrezzature di pulizia moderne ed efficaci prima della procedura. Tutto il personale di Bio Hair Clinic indossa protezioni per la bocca e il naso in ogni momento.<\/em><\/p>\n                                            <\/div>\r\n                <\/div>\r\n            <\/div>\r\n            <\/div>\r\n<\/section>\n\n<section class=\"text_image\">\r\n    <div class=\"container\">\r\n                    <div class=\"row mobile_order\">\r\n                <div class=\"col-md-6\">\r\n                    <div class=\"content\">\r\n                        <h2>Esame di follow-up con i nostri specialisti<\/h2>\n<p>Dopo il tuo trapianto di capelli in Turchia, la procedura prevede che torniate in ospedale il giorno dopo per un <strong>esame di controllo<\/strong>.<\/p>\n<p>Riceverai i <strong>farmaci e importanti istruzioni<\/strong> riguardanti la tua fase di post operatoria. In seguito, il tuo autista ti porter\u00e0 all&#8217;aeroporto e potrai tornare a casa.<\/p>\n<p><strong>Avviso COVID-19<\/strong>:<\/p>\n<p><em>Anche il tuo esame di controllo si svolger\u00e0 sotto le pi\u00f9 severe norme igieniche. Se lo desideri, potr\u00e0 essere effettuato un nuovo test per il COVID-19 per un costo aggiuntivo di circa 350 lire turche.<\/em><\/p>\n \r\n                                              \r\n                    <\/div>\r\n                <\/div>\r\n                <div class=\"col-md-6\">\r\n                                                <img loading=\"lazy\" decoding=\"async\" class=\"top_left_bottom_right\" src=\"https:\/\/biohairclinic.com\/it\/wp-content\/uploads\/sites\/3\/2022\/05\/dr-ibrahim-esame-controllo-paziente-trapianto-capelli.jpg\" alt=\"il Dr. Ibrahim effettua un esame di controllo su un paziente dopo il trapianto di capelli\" width=\"610\" height=\"450\"\/>\r\n                                    <\/div>\r\n            <\/div>\r\n            <\/div>\r\n<\/section>\n\n<section class=\"text_image\">\r\n    <div class=\"container\">\r\n                    <div class=\"row\">\r\n                <div class=\"col-md-6\">\r\n                                                <img loading=\"lazy\" decoding=\"async\" class=\"top_right_bottom_left\" src=\"https:\/\/biohairclinic.com\/it\/wp-content\/uploads\/sites\/3\/2022\/05\/dr-ibrahim-cartella-medica-paziente.jpg\" alt=\"il Dr. Ibrahim mentre controlla la cartella clinica di un paziente\" width=\"610\" height=\"412\"\/>\r\n                                    <\/div>\r\n                <div class=\"col-md-6\">\r\n                    <div class=\"content\">\r\n                        <h2>Trapianto di capelli: procedura dopo il trattamento<\/h2>\n<p>Non preoccuparti, la fase di convalescenza successiva al trapianto di capelli sar\u00e0 un gioco da ragazzi, ci sono solo pochi punti da considerare.<\/p>\n<p>Oltre alle raccomandazioni dei nostri esperti in clinica, siamo sempre <strong>disponibili 24\/7<\/strong> per darti consigli e supporto.<\/p>\n<p>La procedura di aftercare del trapianto di capelli \u00e8 molto importante per il tuo risultato finale.<\/p>\n<p>Ti raccomandiamo di seguire le <strong>istruzioni dei nostri esperti<\/strong>. Poi, puoi rilassarti e osservare i tuoi nuovi capelli crescere.<\/p>\n                                            <\/div>\r\n                <\/div>\r\n            <\/div>\r\n            <\/div>\r\n<\/section>\n\n\r\n\r\n<section class=\"faq \">\r\n    <div class=\"container\">\r\n        <div class=\"row\">\r\n                            <div class=\"col-md-12\">\r\n                    <div class=\"title\">\r\n                        <h2>Domande Frequenti <\/h2>\r\n                    <\/div>\r\n                <\/div>\r\n                                        <div class=\"col-md-6\">\r\n                    <div class=\"content\">\r\n                        <h3>Devo prenotare il mio volo da solo?<\/h3>\r\n                        <p>Per Bio Hair Clinic la procedura del trapianto di capelli deve essere semplice ed efficace. Pertanto, possiamo prenotare il tuo volo anche noi. Dopo che abbiamo concordato una data adatta per il tuo intervento chirurgico, puoi farci sapere su vuoi prenotare il volo da solo o se dobbiamo farlo noi per te.<\/p>\r\n                    <\/div>\r\n                <\/div>\r\n                                <div class=\"col-md-6\">\r\n                    <div class=\"content\">\r\n                        <h3>A cosa devo fare attenzione nei 15 giorni dopo la procedura?<\/h3>\r\n                        <p><li>Proteggere i capelli dalla luce diretta del sole.\r\n<\/li>\r\n<li>Fare attenzione a non urtare la zona ricevente e l&#8217;area donatrice.\r\n<\/li>\r\n \t<li>Evitare le piscine\r\n<\/li>\r\n \t<li>Puoi lavarti i capelli dal 3\u00b0 giorno (secondo le istruzioni).\r\n<\/li>\r\n \t<li>Non usare gel o lacca per capelli<\/li>\r\n \t<li>A partire dal 15\u00b0 giorno si pu\u00f2 ricominciare a fare sport.\r\n<\/li>\r\n \t\r\n<\/ul><\/p>\r\n                    <\/div>\r\n                <\/div>\r\n                                <div class=\"col-md-6\">\r\n                    <div class=\"content\">\r\n                        <h3>Cosa non posso fare il primo giorno dopo il trapianto di capelli?<\/h3>\r\n                        <p>Per il primo giorno, i nostri esperti raccomandano quanto segue:\r\n<li>Nessun lavoro faticoso\r\n<\/li>\r\n \t<li>Nessun stress\r\n<\/li>\r\n \t<li>Non fare sport e non bere alcolici\r\n\r\n<\/li>\r\n \t<li>Non indossare maglioni stretti o magliette sopra la testa\r\n<\/li>\r\n \t\r\n<li>Prendi i  farmaci secondo le istruzioni\r\n<\/li>\r\n\r\n<li>Non lavare le aree trattate il primo giorno\r\n<\/li>\r\n\r\n<li>Si prega di indossare un copricapo all&#8217;aperto\r\n<\/li>\r\n \t\r\n<\/ul><\/p>\r\n                    <\/div>\r\n                <\/div>\r\n                                <div class=\"col-md-6\">\r\n                    <div class=\"content\">\r\n                        <h3>Quanti giorni dura il mio trapianto di capelli a Istanbul?<\/h3>\r\n                        <p>Per il tuo trapianto di capelli, passerai 3 giorni a Istanbul. Il primo giorno, arriverai all\u2019aeroporto e si svolger\u00e0 l\u2019esame preliminare. Farai anche il check-in nel tuo hotel. Dopo una buona notte di sonno, la mattina seguente si svolger\u00e0 il trapianto di capelli. Per assicurarsi che tutto sia andato al meglio e che tu stia bene, il terzo giorno avr\u00e0 luogo un esame di controllo post intervento. In seguito, tornerai a casa.<\/p>\r\n                    <\/div>\r\n                <\/div>\r\n                                <div class=\"col-md-6\">\r\n                    <div class=\"content\">\r\n                        <h3>Tutti i trasferimenti sono inclusi?<\/h3>\r\n                        <p>Desideriamo che il tuo trapianto di capelli in Turchia sia il pi\u00f9 confortevole possibile. Il tuo autista personale sar\u00e0 a tua disposizione a Istanbul. Tutti i trasferimenti per l&#8217;aeroporto, la clinica e l&#8217;hotel sono inclusi nel costo del trapianto di capelli. <\/p>\r\n                    <\/div>\r\n                <\/div>\r\n                                <div class=\"col-md-6\">\r\n                    <div class=\"content\">\r\n                        <h3>Cosa devo fare se ho delle domande?<\/h3>\r\n                        <p>Il nostro team di esperti \u00e8 disponibile, 7 giorni su 7, 24 ore su 24, per rispondere alle tue domande. Siamo felici di occuparci di tutte le tue preoccupazioni e di rispondere a tutti i tuoi dubbi. Un interprete \u00e8 sempre disponibile in loco a Istanbul. Quindi, non dovrai preoccuparti delle barriere linguistiche.<\/p>\r\n                    <\/div>\r\n                <\/div>\r\n                        <\/div>\r\n    <\/div>\r\n<\/section>\r\n\r\n","protected":false},"excerpt":{"rendered":"","protected":false},"author":4,"featured_media":0,"parent":0,"menu_order":0,"comment_status":"closed","ping_status":"closed","template":"","meta":{"_acf_changed":false,"inline_featured_image":false,"footnotes":""},"class_list":["post-204","page","type-page","status-publish","hentry"],"acf":[],"yoast_head":"<!-- This site is optimized with the Yoast SEO Premium plugin v27.3 (Yoast SEO v27.4) - https:\/\/yoast.com\/product\/yoast-seo-premium-wordpress\/ -->\n<title>La procedura del trapianto di capelli | Bio Hair Clinic<\/title>\n<meta name=\"description\" content=\"Scopri tutto sulla procedura del trapianto di capelli in Turchia. Dall\u2019inizio fino alla fine, siamo sempre accanto a te 24\/7!\" \/>\n<meta name=\"robots\" content=\"index, follow, max-snippet:-1, max-image-preview:large, max-video-preview:-1\" \/>\n<link rel=\"canonical\" href=\"https:\/\/biohairclinic.com\/it\/procedura-trapianto-capelli\/\" \/>\n<meta property=\"og:locale\" content=\"it_IT\" \/>\n<meta property=\"og:type\" content=\"article\" \/>\n<meta property=\"og:title\" content=\"Procedura Trapianto Capelli\" \/>\n<meta property=\"og:description\" content=\"Scopri tutto sulla procedura del trapianto di capelli in Turchia. Dall\u2019inizio fino alla fine, siamo sempre accanto a te 24\/7!\" \/>\n<meta property=\"og:url\" content=\"https:\/\/biohairclinic.com\/it\/procedura-trapianto-capelli\/\" \/>\n<meta property=\"og:site_name\" content=\"Trapianto Capelli Turchia Prezzi\" \/>\n<meta property=\"article:modified_time\" content=\"2022-09-05T09:07:40+00:00\" \/>\n<meta name=\"twitter:card\" content=\"summary_large_image\" \/>\n<script type=\"application\/ld+json\" class=\"yoast-schema-graph\">{\"@context\":\"https:\\\/\\\/schema.org\",\"@graph\":[{\"@type\":\"WebPage\",\"@id\":\"https:\\\/\\\/biohairclinic.com\\\/it\\\/procedura-trapianto-capelli\\\/\",\"url\":\"https:\\\/\\\/biohairclinic.com\\\/it\\\/procedura-trapianto-capelli\\\/\",\"name\":\"La procedura del trapianto di capelli | Bio Hair Clinic\",\"isPartOf\":{\"@id\":\"https:\\\/\\\/biohairclinic.com\\\/it\\\/#website\"},\"datePublished\":\"2018-09-19T07:55:34+00:00\",\"dateModified\":\"2022-09-05T09:07:40+00:00\",\"description\":\"Scopri tutto sulla procedura del trapianto di capelli in Turchia. Dall\u2019inizio fino alla fine, siamo sempre accanto a te 24\\\/7!\",\"breadcrumb\":{\"@id\":\"https:\\\/\\\/biohairclinic.com\\\/it\\\/procedura-trapianto-capelli\\\/#breadcrumb\"},\"inLanguage\":\"it-IT\",\"potentialAction\":[{\"@type\":\"ReadAction\",\"target\":[\"https:\\\/\\\/biohairclinic.com\\\/it\\\/procedura-trapianto-capelli\\\/\"]}]},{\"@type\":\"BreadcrumbList\",\"@id\":\"https:\\\/\\\/biohairclinic.com\\\/it\\\/procedura-trapianto-capelli\\\/#breadcrumb\",\"itemListElement\":[{\"@type\":\"ListItem\",\"position\":1,\"name\":\"Home\",\"item\":\"https:\\\/\\\/biohairclinic.com\\\/it\\\/\"},{\"@type\":\"ListItem\",\"position\":2,\"name\":\"Procedura Trapianto Capelli\"}]},{\"@type\":\"WebSite\",\"@id\":\"https:\\\/\\\/biohairclinic.com\\\/it\\\/#website\",\"url\":\"https:\\\/\\\/biohairclinic.com\\\/it\\\/\",\"name\":\"Trapianto Capelli Turchia Prezzi\",\"description\":\"BioHairClinic \u00a9\",\"potentialAction\":[{\"@type\":\"SearchAction\",\"target\":{\"@type\":\"EntryPoint\",\"urlTemplate\":\"https:\\\/\\\/biohairclinic.com\\\/it\\\/?s={search_term_string}\"},\"query-input\":{\"@type\":\"PropertyValueSpecification\",\"valueRequired\":true,\"valueName\":\"search_term_string\"}}],\"inLanguage\":\"it-IT\"},{\"@type\":\"ImageObject\",\"inLanguage\":\"it-IT\",\"@id\":\"https:\\\/\\\/biohairclinic.com\\\/it\\\/procedura-trapianto-capelli\\\/#local-main-organization-logo\",\"url\":\"\",\"contentUrl\":\"\",\"caption\":\"Trapianto Capelli Turchia Prezzi\"}]}<\/script>\n<meta name=\"geo.placename\" content=\"Roma\" \/>\n<meta name=\"geo.position\" content=\"41.9059342;12.4922504\" \/>\n<meta name=\"geo.region\" content=\"\u00c5land Islands\" \/>\n<!-- \/ Yoast SEO Premium plugin. -->","yoast_head_json":{"title":"La procedura del trapianto di capelli | Bio Hair Clinic","description":"Scopri tutto sulla procedura del trapianto di capelli in Turchia. Dall\u2019inizio fino alla fine, siamo sempre accanto a te 24\/7!","robots":{"index":"index","follow":"follow","max-snippet":"max-snippet:-1","max-image-preview":"max-image-preview:large","max-video-preview":"max-video-preview:-1"},"canonical":"https:\/\/biohairclinic.com\/it\/procedura-trapianto-capelli\/","og_locale":"it_IT","og_type":"article","og_title":"Procedura Trapianto Capelli","og_description":"Scopri tutto sulla procedura del trapianto di capelli in Turchia. Dall\u2019inizio fino alla fine, siamo sempre accanto a te 24\/7!","og_url":"https:\/\/biohairclinic.com\/it\/procedura-trapianto-capelli\/","og_site_name":"Trapianto Capelli Turchia Prezzi","article_modified_time":"2022-09-05T09:07:40+00:00","twitter_card":"summary_large_image","schema":{"@context":"https:\/\/schema.org","@graph":[{"@type":"WebPage","@id":"https:\/\/biohairclinic.com\/it\/procedura-trapianto-capelli\/","url":"https:\/\/biohairclinic.com\/it\/procedura-trapianto-capelli\/","name":"La procedura del trapianto di capelli | Bio Hair Clinic","isPartOf":{"@id":"https:\/\/biohairclinic.com\/it\/#website"},"datePublished":"2018-09-19T07:55:34+00:00","dateModified":"2022-09-05T09:07:40+00:00","description":"Scopri tutto sulla procedura del trapianto di capelli in Turchia. Dall\u2019inizio fino alla fine, siamo sempre accanto a te 24\/7!","breadcrumb":{"@id":"https:\/\/biohairclinic.com\/it\/procedura-trapianto-capelli\/#breadcrumb"},"inLanguage":"it-IT","potentialAction":[{"@type":"ReadAction","target":["https:\/\/biohairclinic.com\/it\/procedura-trapianto-capelli\/"]}]},{"@type":"BreadcrumbList","@id":"https:\/\/biohairclinic.com\/it\/procedura-trapianto-capelli\/#breadcrumb","itemListElement":[{"@type":"ListItem","position":1,"name":"Home","item":"https:\/\/biohairclinic.com\/it\/"},{"@type":"ListItem","position":2,"name":"Procedura Trapianto Capelli"}]},{"@type":"WebSite","@id":"https:\/\/biohairclinic.com\/it\/#website","url":"https:\/\/biohairclinic.com\/it\/","name":"Trapianto Capelli Turchia Prezzi","description":"BioHairClinic \u00a9","potentialAction":[{"@type":"SearchAction","target":{"@type":"EntryPoint","urlTemplate":"https:\/\/biohairclinic.com\/it\/?s={search_term_string}"},"query-input":{"@type":"PropertyValueSpecification","valueRequired":true,"valueName":"search_term_string"}}],"inLanguage":"it-IT"},{"@type":"ImageObject","inLanguage":"it-IT","@id":"https:\/\/biohairclinic.com\/it\/procedura-trapianto-capelli\/#local-main-organization-logo","url":"","contentUrl":"","caption":"Trapianto Capelli Turchia Prezzi"}]},"geo.placename":"Roma","geo.position":{"lat":"41.9059342","long":"12.4922504"},"geo.region":"\u00c5land Islands"},"_links":{"self":[{"href":"https:\/\/biohairclinic.com\/it\/wp-json\/wp\/v2\/pages\/204","targetHints":{"allow":["GET"]}}],"collection":[{"href":"https:\/\/biohairclinic.com\/it\/wp-json\/wp\/v2\/pages"}],"about":[{"href":"https:\/\/biohairclinic.com\/it\/wp-json\/wp\/v2\/types\/page"}],"author":[{"embeddable":true,"href":"https:\/\/biohairclinic.com\/it\/wp-json\/wp\/v2\/users\/4"}],"replies":[{"embeddable":true,"href":"https:\/\/biohairclinic.com\/it\/wp-json\/wp\/v2\/comments?post=204"}],"version-history":[{"count":47,"href":"https:\/\/biohairclinic.com\/it\/wp-json\/wp\/v2\/pages\/204\/revisions"}],"predecessor-version":[{"id":59685,"href":"https:\/\/biohairclinic.com\/it\/wp-json\/wp\/v2\/pages\/204\/revisions\/59685"}],"wp:attachment":[{"href":"https:\/\/biohairclinic.com\/it\/wp-json\/wp\/v2\/media?parent=204"}],"curies":[{"name":"wp","href":"https:\/\/api.w.org\/{rel}","templated":true}]}}