{"id":57604,"date":"2021-06-26T12:48:04","date_gmt":"2021-06-26T12:48:04","guid":{"rendered":"https:\/\/biohairclinic.com\/it\/?page_id=57604"},"modified":"2021-06-29T10:23:19","modified_gmt":"2021-06-29T10:23:19","slug":"trapianto-capelli-corona","status":"publish","type":"page","link":"https:\/\/biohairclinic.com\/it\/trapianto-capelli-corona\/","title":{"rendered":"Corona"},"content":{"rendered":"<section class=\"hero\">\r\n    <div class=\"container\">\r\n        <div class=\"row\">\r\n            <div class=\"col-md-6\">\r\n                <h1><span>Trapianto di capelli<\/span>  in Turchia durante il  COVID-19<\/h1>\r\n                <div class=\"p-block\">\r\n                    <p><strong>Cosa c&#8217;\u00e8 da sapere\r\n<\/strong><br><br> Il tuo trapianto di capelli in Turchia \u00e8 possibile senza problemi anche in tempi di Corona Virus. Abbiamo sviluppato un nostro sistema d&#8217;igiene che soddisfa i pi\u00f9 severi standard di sicurezza.<br><br> I nostri esperti di Istanbul sono formati professionalmente e rispettano tutte le linee guida COVID-19, in modo che il vostro trattamento sia sicuro e senza problemi.<\/p>\r\n                                            <div class=\"btn\">\r\n                            <span class=\"button bio_btn\" data-url=\"https:\/\/biohairclinic.com\/it\/calcolatore-di-capelli\/\">Richiedere un\u2019offerta<\/span>\r\n                        <\/div>\r\n                       \r\n                <\/div>\r\n            <\/div>\r\n            <div class=\"col-md-6\">\r\n                                        <img loading=\"lazy\" decoding=\"async\" src=\"https:\/\/biohairclinic.com\/it\/wp-content\/uploads\/sites\/3\/2021\/06\/trapianto-di-capelli-grafica-in-Turchia-durante-Corona.svg\" alt=\"trapianto di capelli grafica in Turchia durante Corona\" width=\"589\" height=\"487\"\/>\r\n                            <\/div>\r\n        <\/div>\r\n    <\/div>\r\n<\/section>\n\n<section class=\"text_image sec_bg\">\r\n    <div class=\"container\">\r\n        <div class=\"row\">\r\n                            <div class=\"col-md-6\">\r\n                    <div class=\"col-dark-blue border-3-dark border-radius-1\">\r\n                        <h2><b>Aggiornamento COVID-19:<\/b><\/h2>\n<p><span style=\"font-weight: 400;\">Attualmente tutti i pazienti hanno la possibilit\u00e0 di viaggiare in Turchia senza problemi. Si prega di notare i seguenti punti:<\/span><\/p>\n<ul>\n<li><span style=\"font-weight: 400;\">Ingresso con test antigenico negativo (da un centro di test ufficiale 48 ore prima della partenza)<\/span><\/li>\n<li><span style=\"font-weight: 400;\">Il viaggio di ritorno \u00e8 possibile solo con un test antigenico negativo.<\/span><\/li>\n<li><span style=\"font-weight: 400;\">A Istanbul, le maschereine sono strettamente necessarie.<\/span><\/li>\n<li><span style=\"font-weight: 400;\">Si deve rispettare una distanza minima di 1,5 metri.<\/span><\/li>\n<\/ul>\n                                                                                    <div class=\"btn\">\r\n                                    <span class=\"angebot_btn bio_btn\" data-url=\"https:\/\/biohairclinic.com\/it\/calcolatore-di-capelli\/\">Richiedere un\u2019offerta<\/span>\r\n                                <\/div>\r\n                                                                        <\/div>\r\n                <\/div>\r\n                <div class=\"col-md-6\">\r\n                    <div class=\"col-dark-blue border-radius-3 dark-blue\">\r\n                        <h2><b>Trapianto di capelli in Turchia: \u00e8 possibile nonostante il Corona Virus?<\/b><\/h2>\n<p>La pandemia del Covid 19 continua a tormentare il mondo. Tuttavia, stiamo notando sempre pi\u00f9 rilassamento delle regole di Covid nella vita quotidiana.<\/p>\n<p>Niente ostacoler\u00e0 il tuo desiderio di avere una capigliatura folta. Un trapianto di capelli in Turchia nonostante il Corona \u00e8 ancora possibile senza restrizioni.<\/p>\n<p>Alla Bio Hair Clinic i nostri specialisti hanno aiutato migliaia di pazienti ad avere finalmenteuna capigliatura folta durante la pandemia. Grazie alle nostre efficaci misure d&#8217;igiene, nulla ostacola il vostro trapianto di capelli.<\/p>\n                                            <\/div>\r\n                <\/div>\r\n                    <\/div>\r\n    <\/div>\r\n<\/section>\n\n<section class=\"text_image\">\r\n    <div class=\"container\">\r\n                    <div class=\"row\">\r\n                <div class=\"col-md-6\">\r\n                                                <img loading=\"lazy\" decoding=\"async\" class=\"top_right_bottom_left\" src=\"https:\/\/biohairclinic.com\/it\/wp-content\/uploads\/sites\/3\/2021\/06\/Aeroplano-sulla-pista-di-un-aeroporto.jpeg\" alt=\"Aeroplano sulla pista di un aeroporto\" width=\"610\" height=\"527\"\/>\r\n                                    <\/div>\r\n                <div class=\"col-md-6\">\r\n                    <div class=\"content\">\r\n                        <h2>Prepararsi per la  partenza<br \/>\n<\/h2>\n<p>Il suo ingresso in Turchia \u00e8 ancora possibile. Per garantire il buon funzionamento del vostro trapianto di capelli in Turchia in tempi di Corona Virus, si prega di notare quanto segue:<\/p>\n<p>Per entrare in Turchia, \u00e8 necessario avere un test antigenico negativo. Deve provenire da un centro di test ufficiale e fatto con non pi\u00f9 di 48 ore prima della partenza. Inoltre, \u00e8 necessario compilare un modulo di registrazione del Ministero della Salute turco entro 72 ore.<\/p>\n<p>Il vostro vantaggio \u00e8 che ci sono molti meno passeggeri sull&#8217;aereo rispetto a prima della pandemia. Cos\u00ec potrai sgranchirti le gambe e rilassart compleamente durante il volo.<\/p>\n                                            <\/div>\r\n                <\/div>\r\n            <\/div>\r\n            <\/div>\r\n<\/section>\n\n<section class=\"text_image sec_bg\">\r\n    <div class=\"container\">\r\n                    <div class=\"row mobile_order\">\r\n                <div class=\"col-md-6\">\r\n                    <div class=\"content\">\r\n                        <h2>Igiene in Turchia<\/h2>\n<p>L&#8217;aeroporto di Istanbul \u00e8 diventato il primo aeroporto al mondo a ricevere il nuovo accreditamento sanitario ACI (Airports Council International). Telecamere termiche sono installate in tutto l&#8217;aeroporto per misurare la temperatura di ogni passeggero.<\/p>\n<p>Il personale presta anche molta attenzione all&#8217;uso delle mascherine e al rispetto della distanza di sicurezza. I trasferimenti all&#8217;hotel e alla clinica saranno fatti nel nostro trasporto VIP.<\/p>\n<p>Dopo ogni viaggio, i nostri autisti effettuano un&#8217;accurata disinfezione. Cos\u00ec potrai salire in macchina con tranquillit\u00e0. Il servizio di trasporto VIP \u00e8 solo per voi e sarete accompagnati in sicurezza alla clinica.<\/p>\n<p>Ogni membro del nostro team \u00e8 altamente esperto e addestrato nelle misure di protezione in atto per contenere la pandemia. La vostra sicurezza \u00e8 la nostra priorit\u00e0.<\/p>\n \r\n                                              \r\n                    <\/div>\r\n                <\/div>\r\n                <div class=\"col-md-6\">\r\n                                                <img loading=\"lazy\" decoding=\"async\" class=\"top_left_bottom_right\" src=\"https:\/\/biohairclinic.com\/it\/wp-content\/uploads\/sites\/3\/2021\/06\/Dr.-Ibrahim-e-la-squadra-con-la-mascherina-chirurgica-per-il-trapianto-di-capelli-in-Turchia-al-momento-della-Corona.jpeg\" alt=\"Dr. Ibrahim e la squadra con la mascherina chirurgica per il trapianto di capelli in Turchia al momento della Corona\" width=\"610\" height=\"644\"\/>\r\n                                    <\/div>\r\n            <\/div>\r\n            <\/div>\r\n<\/section>\n\n<section class=\"text_image\">\r\n    <div class=\"container\">\r\n                    <div class=\"row\">\r\n                <div class=\"col-md-6\">\r\n                                                <img loading=\"lazy\" decoding=\"async\" class=\"top_right_bottom_left\" src=\"https:\/\/biohairclinic.com\/it\/wp-content\/uploads\/sites\/3\/2021\/06\/Sala-trattata-per-il-trapianto-di-capelli-in-Turchia-durante-Corona.jpeg\" alt=\"Sala trattata per il trapianto di capelli in Turchia durante Corona\" width=\"610\" height=\"392\"\/>\r\n                                    <\/div>\r\n                <div class=\"col-md-6\">\r\n                    <div class=\"content\">\r\n                        <h2>Disinfezione di ogni stanza<\/h2>\n<p>Prima del vostro trapianto di capelli in Turchia in tempi di Corona Virus, tutte le stanze di trattamento nella nostra clinica sono regolarmente disinfettate. <\/p>\n<p>Prima di iniziare la procedura, viene effettuata una disinfezione particolarmente accurata. Inoltre, ogni stanza \u00e8 dotata di lampade UV per eliminare efficacemente batteri e virus.<\/p>\n<p>Il vantaggio \u00e8 che qualsiasi rischio \u00e8 ridotto al minimo. Puoi sentirti a tuo agio e goderti la tua nuova e piena capigliatura.<\/p>\n                                            <\/div>\r\n                <\/div>\r\n            <\/div>\r\n            <\/div>\r\n<\/section>\n\n<section class=\"text_image sec_bg\">\r\n    <div class=\"container\">\r\n                    <div class=\"row mobile_order\">\r\n                <div class=\"col-md-6\">\r\n                    <div class=\"content\">\r\n                        <h2>Misure nel vostro hotel di lusso<\/h2>\n<p>I nostri partner degli hotel di lusso hanno progettato con cura i concetti di igiene. Vi aspettano standard di sicurezza ottimali e un servizio eccellente. <\/p>\n<p>La camera d&#8217;albergo sar\u00e0 disinfettata in anticipo e ventilata regolarmente. Dopo il check-in, riceverete un set per l&#8217;igiene composto da una mascherina e un disinfettante.<\/p>\n<p>Per evitare il pi\u00f9 possibile il contatto tra gli ospiti, il cibo \u00e8 attualmente servito solo su piatti. Come al solito, le mascherine sono obbligatorie anche nella sala da pranzo.<\/p>\n \r\n                                                    <div class=\"btn\">\r\n                                <span class=\"angebot_btn bio_btn\" data-url=\"https:\/\/biohairclinic.com\/it\/calcolatore-di-capelli\/\">Richiedere un\u2019offerta<\/span>\r\n                            <\/div>\r\n                                              \r\n                    <\/div>\r\n                <\/div>\r\n                <div class=\"col-md-6\">\r\n                                                <img loading=\"lazy\" decoding=\"async\" class=\"top_left_bottom_right\" src=\"https:\/\/biohairclinic.com\/it\/wp-content\/uploads\/sites\/3\/2021\/06\/Ingresso-del-lussuoso-Hotel-Rice-Inn-a-Istanbul.jpeg\" alt=\"Ingresso del lussuoso Hotel Rice Inn a Istanbul\" width=\"610\" height=\"467\"\/>\r\n                                    <\/div>\r\n            <\/div>\r\n            <\/div>\r\n<\/section>\n\n<section class=\"text_image\">\r\n    <div class=\"container\">\r\n                    <div class=\"row\">\r\n                <div class=\"col-md-6\">\r\n                                                <img loading=\"lazy\" decoding=\"async\" class=\"top_right_bottom_left\" src=\"https:\/\/biohairclinic.com\/it\/wp-content\/uploads\/sites\/3\/2021\/06\/Il-paziente-maschio-allaeroporto-sta-aspettando-il-suo-volo-a-casa.jpeg\" alt=\"Il paziente maschio all&#039;aeroporto sta aspettando il suo volo a casa\" width=\"610\" height=\"390\"\/>\r\n                                    <\/div>\r\n                <div class=\"col-md-6\">\r\n                    <div class=\"content\">\r\n                        <h2>Tornare in Italia<\/h2>\n<p>Dopo il vostro trapianto di capelli in Turchia durante il Covid-19, sarete in grado di prendere il vostro volo di ritorno a casa il giorno successivo. <\/p>\n<p>A causa dei regolamenti Covid-19, si applica quanto segue: per rientrare in Italia, \u00e8 necessario presentare un test apellico negativo.<\/p>\n<p>Il test viene effettuato sul posto nella nostra clinica senza costi aggiuntivi. <\/p>\n                                            <\/div>\r\n                <\/div>\r\n            <\/div>\r\n            <\/div>\r\n<\/section>\n\n<section class=\"text_image sec_bg\">\r\n    <div class=\"container\">\r\n                    <div class=\"row mobile_order\">\r\n                <div class=\"col-md-6\">\r\n                    <div class=\"content\">\r\n                        <h2>Cosa \u00e8 cambiato nel trapianto di apelli in Turchia durante il Covid-19? <\/h2>\n<p>Anche durante la pandemia, continuiamo a soddisfare i pi\u00f9 alti standard nei nostri trattamenti per capelli. Il nostro team di specialisti esperti eseguir\u00e0 la tua procedura con la massima cura e otterr\u00e0 risultati perfetti.<\/p>\n<p>Oltre agli esami preventivi e di controllo, riceverete anche un test PCR. La vostra sicurezza \u00e8 la nostra massima priorit\u00e0.<\/p>\n \r\n                                                    <div class=\"btn\">\r\n                                <span class=\"angebot_btn bio_btn\" data-url=\"https:\/\/biohairclinic.com\/it\/calcolatore-di-capelli\/\">Richiedere un\u2019offerta<\/span>\r\n                            <\/div>\r\n                                              \r\n                    <\/div>\r\n                <\/div>\r\n                <div class=\"col-md-6\">\r\n                                                <img loading=\"lazy\" decoding=\"async\" class=\"top_left_bottom_right\" src=\"https:\/\/biohairclinic.com\/it\/wp-content\/uploads\/sites\/3\/2021\/06\/Trapianto-di-esperti-in-capelli.jpeg\" alt=\"Trapianto di esperti in-capelli\" width=\"610\" height=\"516\"\/>\r\n                                    <\/div>\r\n            <\/div>\r\n            <\/div>\r\n<\/section>\n\n\r\n\r\n<section class=\"faq \">\r\n    <div class=\"container\">\r\n        <div class=\"row\">\r\n                            <div class=\"col-md-12\">\r\n                    <div class=\"title\">\r\n                        <h2>FAQ <\/h2>\r\n                    <\/div>\r\n                <\/div>\r\n                                        <div class=\"col-md-6\">\r\n                    <div class=\"content\">\r\n                        <h3>Il trapianto di capelli \u00e8 possibile in Turchia durante il Covid-19?<\/h3>\r\n                        <p>S\u00ec, anche durante la pandemia di Covid-19, continuiamo ad eseguire trapianti di capelli su base giornaliera, realizzando il sogno dei nostri pazienti di avere semplicemente una capigliatura folta e voluminosa. Garantiamo la vostra protezione con le pi\u00f9 severe misure igieniche.<\/p>\r\n                    <\/div>\r\n                <\/div>\r\n                                <div class=\"col-md-6\">\r\n                    <div class=\"content\">\r\n                        <h3>Ci sono degli svantaggi durante la pandemia del Corona Virus?<\/h3>\r\n                        <p>Non ci sono svantaggi nel sottoporsi a un trapianto di capelli durante il COVID-19. I vantaggi sono: Stai realizzando il tuo grande sogno di avere semplicemente una capigliatura folta. Le tue possibilit\u00e0 di svago sono alte a causa del minor numero di occasioni sociali, il che rende il viaggio piacevole.<\/p>\r\n                    <\/div>\r\n                <\/div>\r\n                                <div class=\"col-md-6\">\r\n                    <div class=\"content\">\r\n                        <h3>Quali misure di protezione ha preso la Bio Hair Clinic?<\/h3>\r\n                        <p>Per proteggervi meglio dal coronavirus, abbiamo implementato un regime igienico rigoroso e sicuro. Questo include misurazioni della temperatura, mascherine mediche e disinfezioni e pulizie regolari.<\/p>\r\n                    <\/div>\r\n                <\/div>\r\n                                <div class=\"col-md-6\">\r\n                    <div class=\"content\">\r\n                        <h3>Un&#8217;infezione da Corona Virus ha qualche svantaggio per un trapianto di capelli?<\/h3>\r\n                        <p>Se sei infetto da COVID-19, non possiamo curarti. Questo \u00e8 per proteggere i nostri pazienti e il team. Non appena vi sarete ripresi, il trapianto di capelli sar\u00e0 di nuovo possibile.<\/p>\r\n                    <\/div>\r\n                <\/div>\r\n                                <div class=\"col-md-6\">\r\n                    <div class=\"content\">\r\n                        <h3>\u00c8 possibile entrare in Turchia?<\/h3>\r\n                        <p>Per poter entrare in Turchia senza ostacoli, \u00e8 necessario che il test PCR sia negativo e pi\u00fa tardi di 48 ore dalla partenza. Inoltre, \u00e8 necessario compilare il modulo di iscrizione delle autorit\u00e0 sanitarie turche. Dopodich\u00e9, niente ostacoler\u00e0 il vostro trapianto di capelli durante il Coronavirus.<\/p>\r\n                    <\/div>\r\n                <\/div>\r\n                                <div class=\"col-md-6\">\r\n                    <div class=\"content\">\r\n                        <h3>Devo essere vaccinato contro il Corona Virus?<\/h3>\r\n                        <p>Non \u00e8 obbligatorio essere vaccinati contro il Corona Virus per viaggiare in Turchia. Se soffri di perdita di capelli, puoi viaggiare a Istanbul tranquillamente e farti curare dagli esperti di Bio Hair Clinic.<\/p>\r\n                    <\/div>\r\n                <\/div>\r\n                        <\/div>\r\n    <\/div>\r\n<\/section>\r\n\r\n","protected":false},"excerpt":{"rendered":"","protected":false},"author":13,"featured_media":0,"parent":0,"menu_order":0,"comment_status":"closed","ping_status":"closed","template":"","meta":{"_acf_changed":false,"inline_featured_image":false,"footnotes":""},"class_list":["post-57604","page","type-page","status-publish","hentry"],"acf":[],"yoast_head":"<!-- This site is optimized with the Yoast SEO Premium plugin v27.0 (Yoast SEO v27.2) - https:\/\/yoast.com\/product\/yoast-seo-premium-wordpress\/ -->\n<title>Trapianto di capelli in Turchia durante il Corona Virus | Bio Hair Clinic<\/title>\n<meta name=\"description\" content=\"\u00c8 sicuro viaggiare per un trapianto di capelli in Turchia durante il Corona Virus? Com&#039;\u00e8 la procedura? Rispondiamo a tutte le vostre domande.\" \/>\n<meta name=\"robots\" content=\"index, follow, max-snippet:-1, max-image-preview:large, max-video-preview:-1\" \/>\n<link rel=\"canonical\" href=\"https:\/\/biohairclinic.com\/it\/trapianto-capelli-corona\/\" \/>\n<meta property=\"og:locale\" content=\"it_IT\" \/>\n<meta property=\"og:type\" content=\"article\" \/>\n<meta property=\"og:title\" content=\"Corona\" \/>\n<meta property=\"og:description\" content=\"\u00c8 sicuro viaggiare per un trapianto di capelli in Turchia durante il Corona Virus? Com&#039;\u00e8 la procedura? Rispondiamo a tutte le vostre domande.\" \/>\n<meta property=\"og:url\" content=\"https:\/\/biohairclinic.com\/it\/trapianto-capelli-corona\/\" \/>\n<meta property=\"og:site_name\" content=\"Trapianto Capelli Turchia Prezzi\" \/>\n<meta property=\"article:modified_time\" content=\"2021-06-29T10:23:19+00:00\" \/>\n<meta name=\"twitter:card\" content=\"summary_large_image\" \/>\n<script type=\"application\/ld+json\" class=\"yoast-schema-graph\">{\"@context\":\"https:\/\/schema.org\",\"@graph\":[{\"@type\":\"WebPage\",\"@id\":\"https:\/\/biohairclinic.com\/it\/trapianto-capelli-corona\/\",\"url\":\"https:\/\/biohairclinic.com\/it\/trapianto-capelli-corona\/\",\"name\":\"Trapianto di capelli in Turchia durante il Corona Virus | Bio Hair Clinic\",\"isPartOf\":{\"@id\":\"https:\/\/biohairclinic.com\/it\/#website\"},\"datePublished\":\"2021-06-26T12:48:04+00:00\",\"dateModified\":\"2021-06-29T10:23:19+00:00\",\"description\":\"\u00c8 sicuro viaggiare per un trapianto di capelli in Turchia durante il Corona Virus? Com'\u00e8 la procedura? Rispondiamo a tutte le vostre domande.\",\"breadcrumb\":{\"@id\":\"https:\/\/biohairclinic.com\/it\/trapianto-capelli-corona\/#breadcrumb\"},\"inLanguage\":\"it-IT\",\"potentialAction\":[{\"@type\":\"ReadAction\",\"target\":[\"https:\/\/biohairclinic.com\/it\/trapianto-capelli-corona\/\"]}]},{\"@type\":\"BreadcrumbList\",\"@id\":\"https:\/\/biohairclinic.com\/it\/trapianto-capelli-corona\/#breadcrumb\",\"itemListElement\":[{\"@type\":\"ListItem\",\"position\":1,\"name\":\"Home\",\"item\":\"https:\/\/biohairclinic.com\/it\/\"},{\"@type\":\"ListItem\",\"position\":2,\"name\":\"Corona\"}]},{\"@type\":\"WebSite\",\"@id\":\"https:\/\/biohairclinic.com\/it\/#website\",\"url\":\"https:\/\/biohairclinic.com\/it\/\",\"name\":\"Trapianto Capelli Turchia Prezzi\",\"description\":\"BioHairClinic \u00a9\",\"potentialAction\":[{\"@type\":\"SearchAction\",\"target\":{\"@type\":\"EntryPoint\",\"urlTemplate\":\"https:\/\/biohairclinic.com\/it\/?s={search_term_string}\"},\"query-input\":{\"@type\":\"PropertyValueSpecification\",\"valueRequired\":true,\"valueName\":\"search_term_string\"}}],\"inLanguage\":\"it-IT\"}]}<\/script>\n<!-- \/ Yoast SEO Premium plugin. -->","yoast_head_json":{"title":"Trapianto di capelli in Turchia durante il Corona Virus | Bio Hair Clinic","description":"\u00c8 sicuro viaggiare per un trapianto di capelli in Turchia durante il Corona Virus? Com'\u00e8 la procedura? Rispondiamo a tutte le vostre domande.","robots":{"index":"index","follow":"follow","max-snippet":"max-snippet:-1","max-image-preview":"max-image-preview:large","max-video-preview":"max-video-preview:-1"},"canonical":"https:\/\/biohairclinic.com\/it\/trapianto-capelli-corona\/","og_locale":"it_IT","og_type":"article","og_title":"Corona","og_description":"\u00c8 sicuro viaggiare per un trapianto di capelli in Turchia durante il Corona Virus? Com'\u00e8 la procedura? Rispondiamo a tutte le vostre domande.","og_url":"https:\/\/biohairclinic.com\/it\/trapianto-capelli-corona\/","og_site_name":"Trapianto Capelli Turchia Prezzi","article_modified_time":"2021-06-29T10:23:19+00:00","twitter_card":"summary_large_image","schema":{"@context":"https:\/\/schema.org","@graph":[{"@type":"WebPage","@id":"https:\/\/biohairclinic.com\/it\/trapianto-capelli-corona\/","url":"https:\/\/biohairclinic.com\/it\/trapianto-capelli-corona\/","name":"Trapianto di capelli in Turchia durante il Corona Virus | Bio Hair Clinic","isPartOf":{"@id":"https:\/\/biohairclinic.com\/it\/#website"},"datePublished":"2021-06-26T12:48:04+00:00","dateModified":"2021-06-29T10:23:19+00:00","description":"\u00c8 sicuro viaggiare per un trapianto di capelli in Turchia durante il Corona Virus? Com'\u00e8 la procedura? Rispondiamo a tutte le vostre domande.","breadcrumb":{"@id":"https:\/\/biohairclinic.com\/it\/trapianto-capelli-corona\/#breadcrumb"},"inLanguage":"it-IT","potentialAction":[{"@type":"ReadAction","target":["https:\/\/biohairclinic.com\/it\/trapianto-capelli-corona\/"]}]},{"@type":"BreadcrumbList","@id":"https:\/\/biohairclinic.com\/it\/trapianto-capelli-corona\/#breadcrumb","itemListElement":[{"@type":"ListItem","position":1,"name":"Home","item":"https:\/\/biohairclinic.com\/it\/"},{"@type":"ListItem","position":2,"name":"Corona"}]},{"@type":"WebSite","@id":"https:\/\/biohairclinic.com\/it\/#website","url":"https:\/\/biohairclinic.com\/it\/","name":"Trapianto Capelli Turchia Prezzi","description":"BioHairClinic \u00a9","potentialAction":[{"@type":"SearchAction","target":{"@type":"EntryPoint","urlTemplate":"https:\/\/biohairclinic.com\/it\/?s={search_term_string}"},"query-input":{"@type":"PropertyValueSpecification","valueRequired":true,"valueName":"search_term_string"}}],"inLanguage":"it-IT"}]}},"_links":{"self":[{"href":"https:\/\/biohairclinic.com\/it\/wp-json\/wp\/v2\/pages\/57604","targetHints":{"allow":["GET"]}}],"collection":[{"href":"https:\/\/biohairclinic.com\/it\/wp-json\/wp\/v2\/pages"}],"about":[{"href":"https:\/\/biohairclinic.com\/it\/wp-json\/wp\/v2\/types\/page"}],"author":[{"embeddable":true,"href":"https:\/\/biohairclinic.com\/it\/wp-json\/wp\/v2\/users\/13"}],"replies":[{"embeddable":true,"href":"https:\/\/biohairclinic.com\/it\/wp-json\/wp\/v2\/comments?post=57604"}],"version-history":[{"count":4,"href":"https:\/\/biohairclinic.com\/it\/wp-json\/wp\/v2\/pages\/57604\/revisions"}],"predecessor-version":[{"id":57734,"href":"https:\/\/biohairclinic.com\/it\/wp-json\/wp\/v2\/pages\/57604\/revisions\/57734"}],"wp:attachment":[{"href":"https:\/\/biohairclinic.com\/it\/wp-json\/wp\/v2\/media?parent=57604"}],"curies":[{"name":"wp","href":"https:\/\/api.w.org\/{rel}","templated":true}]}}