{"id":59828,"date":"2023-11-13T14:48:16","date_gmt":"2023-11-13T14:48:16","guid":{"rendered":"https:\/\/biohairclinic.com\/it\/?page_id=59828"},"modified":"2025-06-26T13:44:50","modified_gmt":"2025-06-26T13:44:50","slug":"bio-power-boost","status":"publish","type":"page","link":"https:\/\/biohairclinic.com\/it\/bio-power-boost\/","title":{"rendered":"Bio Power Boost"},"content":{"rendered":"<section class=\"hero\">\r\n    <div class=\"container\">\r\n        <div class=\"row\">\r\n            <div class=\"col-md-6\">\r\n                <h1><i><span>BIO<\/span> POWER BOOST<\/i> &#8211; Trattamento esclusivo per risultati perfetti<\/h1>\r\n                <div class=\"p-block\">\r\n                    <p><b>\u201cCapelli folti e perfettamente naturali\u201d<\/b> &#8211; questa \u00e8 la premessa della Bio Hair Clinic. Il nostro team di specialisti esperti guidato dal Dr. Ibrahim si assicura non solo che tu ottenga un risultato perfetto, ma si spinge anche oltre e ricerca costantemente nuovi metodi esclusivi per il tuo migliore trapianto di capelli.\r\n<br><br>\r\nCome nostro paziente, riceverai l&#8217;innovativo BIO POWER BOOST prima del tuo trapianto di capelli. La nuova procedura \u00e8 stata sviluppata per garantire che i risultati del tuo trapianto di capelli siano assolutamente perfetti e che i tuoi capelli rimangano sani e vitali dopo il trattamento, assolutamente senza dolore e senza effetti collaterali!<\/p>\r\n                                            <div class=\"btn\">\r\n                            <span class=\"button bio_btn\" data-url=\"https:\/\/biohairclinic.com\/haar-rechner\/\">Analisi dei capelli gratuita<\/span>\r\n                        <\/div>\r\n                       \r\n                <\/div>\r\n            <\/div>\r\n            <div class=\"col-md-6\">\r\n                                        <img loading=\"lazy\" decoding=\"async\" src=\"https:\/\/biohairclinic.com\/it\/wp-content\/uploads\/sites\/3\/2023\/11\/paziente-dottore-bio-power-boost.jpg\" alt=\"Il medico con il paziente che riceve il BIO POWER BOOST\" width=\"858\" height=\"768\"\/>\r\n                            <\/div>\r\n        <\/div>\r\n    <\/div>\r\n<\/section>\n\n<section class=\"text_image sec_bg\">\r\n    <div class=\"container\">\r\n                    <div class=\"row\">\r\n                <div class=\"col-md-6\">\r\n                                                <img loading=\"lazy\" decoding=\"async\" class=\"top_right_bottom_left\" src=\"https:\/\/biohairclinic.com\/it\/wp-content\/uploads\/sites\/3\/2025\/06\/dr-ibrahim-paziente-felice-con-bio-power-boost.jpg\" alt=\"Il Dr. Ibrahim con un paziente felice dopo il trapianto di capelli con il BIO POWER BOOST\" width=\"720\" height=\"600\"\/>\r\n                                    <\/div>\r\n                <div class=\"col-md-6\">\r\n                    <div class=\"content\">\r\n                        <h2>Come ricevere il <span>BIO POWER BOOST?<\/span><\/h2>\n<p><span style=\"font-weight: 400\">Dopo il tuo arrivo a Istanbul, la tua navetta VIP ti porter\u00e0 direttamente alla nostra clinica per il prelievo del sangue. Riceverai quindi il tuo esclusivo BIO POWER BOOST sotto supervisione medica. Riceverai la tecnologia 1 giorno prima del tuo trapianto di capelli direttamente presso la nostra clinica.<\/span><\/p>\n<p><span style=\"font-weight: 400\">Questa tecnica innovativa \u00e8 disponibile solo per i pazienti della Bio Hair Clinic e richiede solo 25 minuti. Questo ti offrir\u00e0 il massimo risultato per la testa e i capelli con il minimo sforzo.<\/span><\/p>\n                                                    <div class=\"btn\">\r\n                                <span class=\"angebot_btn bio_btn\" data-url=\"https:\/\/biohairclinic.com\/haar-rechner\/\">Inizia l&#8217;analisi dei capelli<\/span>\r\n                            <\/div>\r\n                                            <\/div>\r\n                <\/div>\r\n            <\/div>\r\n            <\/div>\r\n<\/section>\n\n<style>\n    .hero h1 {\n        font-size: 40px;\n    }\n    h1 span {\n        display: contents;\n    }\n    @media (max-width: 767px) {\n        .hero h1 {\n            font-size: 28px;\n            line-height: 36px;\n        }\n    }\n<\/style>\n<section class=\"text_image_slider\">\n    <div class=\"container\">\n        <div class=\"row\">\n            <div class=\"col-md-9\">\n                                    <img loading=\"lazy\" decoding=\"async\" src=\"https:\/\/biohairclinic.com\/it\/wp-content\/uploads\/sites\/3\/2023\/11\/infografica-processo-bio-power-boost.svg\" alt=\"Infografica sul processo di BIO POWER BOOST\" width=\"363\" height=\"363\"\/>\n                                <div class=\"textMain\">\n                    <h2>Massima salute per i tuoi capelli e il tuo cuoio capelluto in soli 4 passaggi<\/h2>                    <p><span style=\"font-weight: 400\">Durante lo sviluppo del BIO POWER BOOST, gli specialisti hanno dato priorit\u00e1 all\u00b4efficacia della tecnologia in supporto ad un risultato perfetto prima e dopo l\u00b4intervento.<\/span><\/p>\n<p><span style=\"font-weight: 400\">Il risultato \u00e8 una combinazione di 4 passaggi separati, che promuovono tutti la salute dei tuoi capelli e del cuoio capelluto, e vi spieghiamo ogni passaggio in dettaglio di seguito.<\/span><\/p>\n                <\/div>\n            <\/div>\n            <div class=\"col-md-12\">\n                <div class=\"swiper\">\n                    <div class=\"swiper-wrapper\">\n                                                            <div class=\"swiper-slide\">\n                                        <div class=\"slideInner\">\n                                            <div class=\"stepTitle\"><p>Passaggio 1:<\/p><\/div>                                                                                            <img loading=\"lazy\" decoding=\"async\" src=\"https:\/\/biohairclinic.com\/it\/wp-content\/uploads\/sites\/3\/2023\/11\/icona-soluzione-pulente.svg\" alt=\"Icona della soluzione pulente\" width=\"1\" height=\"1\"\/>\n                                                                                        <h3>Soluzione detergente speciale<\/h3>                                            <p><span style=\"font-weight: 400\">Nel primo passaggio del BIO POWER BOOST, il nostro team esperto pulisce il cuoio capelluto con una soluzione speciale e lo prepara perfettamente. Questo passaggio richiede solo pochi minuti ed \u00e8 il segnale di partenza per i tuoi capelli e il tuo cuoio capelluto sani.<\/span><\/p>\n                                        <\/div>\n                                    <\/div>\n                                                            <div class=\"swiper-slide\">\n                                        <div class=\"slideInner\">\n                                            <div class=\"stepTitle\"><p>Passaggio 2:<\/p><\/div>                                                                                            <img loading=\"lazy\" decoding=\"async\" src=\"https:\/\/biohairclinic.com\/it\/wp-content\/uploads\/sites\/3\/2023\/11\/icona-terapia-laser.svg\" alt=\"Icona della terapia laser\" width=\"1\" height=\"1\"\/>\n                                                                                        <h3>Terapia laser per i capelli<\/h3>                                            <p><span style=\"font-weight: 400\">La terapia laser per i capelli, nota anche come terapia a basso livello, terapia con luce rossa o terapia laser a freddo, consiste nel brillare i cosiddetti fotoni sul cuoio capelluto. Questi vengono assorbiti dalle cellule deboli dei capelli e quindi favoriscono la crescita dei capelli. Inoltre, la circolazione sanguigna viene aumentata e la fase di guarigione viene accelerata. Questo passaggio \u00e8 non invasivo, indolore e completamente privo di effetti collaterali.<\/span><\/p>\n                                        <\/div>\n                                    <\/div>\n                                                            <div class=\"swiper-slide\">\n                                        <div class=\"slideInner\">\n                                            <div class=\"stepTitle\"><p>Passaggio 3:<\/p><\/div>                                                                                            <img loading=\"lazy\" decoding=\"async\" src=\"https:\/\/biohairclinic.com\/it\/wp-content\/uploads\/sites\/3\/2023\/11\/icona-biocapelli-siero.svg\" alt=\"Icona del siero per capelli Bio\" width=\"1\" height=\"1\"\/>\n                                                                                        <h3>Applicazione del Bio Hair Serum<\/h3>                                            <p><span style=\"font-weight: 400\">Ora applica l&#8217;apposito Bio Hair Serum, che fornisce proteine, minerali, elementi e composti riparatori direttamente alle radici dei capelli. Il prodotto per la cura altamente concentrato favorisce la crescita dei tessuti, ispessisce i capelli e rende i capelli esistenti pi\u00f9 sani, pieni e intensi. Supporta inoltre la respirazione delle radici dei capelli e riduce la produzione di sebo, che accelera la caduta dei capelli.<\/span><\/p>\n                                        <\/div>\n                                    <\/div>\n                                                            <div class=\"swiper-slide\">\n                                        <div class=\"slideInner\">\n                                            <div class=\"stepTitle\"><p>Passaggio 4:<\/p><\/div>                                                                                            <img loading=\"lazy\" decoding=\"async\" src=\"https:\/\/biohairclinic.com\/it\/wp-content\/uploads\/sites\/3\/2023\/11\/icona-massaggio-della-testa.svg\" alt=\"Icona per il massaggio della testa\" width=\"1\" height=\"1\"\/>\n                                                                                        <h3>Massaggio del cuoio capelluto<\/h3>                                            <p><span style=\"font-weight: 400\">Lo speciale massaggio dei nostri specialisti completa il BIO POWER BOOST. Il massaggio del cuoio capelluto assicura che i follicoli piliferi siano stimolati, l&#8217;elasticit\u00e0 del cuoio capelluto sia aumentata e i blocchi che ostacolano la respirazione del cuoio capelluto siano rimossi. L&#8217;ulteriore rimozione della produzione di sebo consente al cuoio capelluto di respirare e favorisce la crescita dei capelli. In generale, si pu\u00f2 dire che la qualit\u00e0 e la densit\u00e0 dei capelli sono notevolmente aumentate grazie questo processo.<\/span><\/p>\n                                        <\/div>\n                                    <\/div>\n                                            <\/div>\n                    <div class=\"swiper-pagination\"><\/div>\n                <\/div>\n            <\/div>\n            <div class=\"col-md-9\"><div class=\"underText\"><p><b>Suggerimento: <\/b><span style=\"font-weight: 400\">I massaggi quotidiani del cuoio capelluto di 4 minuti per 24 settimane influenzano l&#8217;espressione genica, migliorano la qualit\u00e0 e la crescita dei capelli e riducono la caduta dei capelli esistente.<\/span><\/p>\n<\/div><\/div>        <\/div>\n    <\/div>\n<\/section>\n\n<section class=\"text_image withoutImage sec_bg\">\r\n    <div class=\"container\">\r\n                    <div class=\"row\">\r\n                <div class=\"col-md-6\">\r\n                                    <\/div>\r\n                <div class=\"col-md-6\">\r\n                    <div class=\"content\">\r\n                        <h2>I tuoi vantaggi con il <span>BIO POWER BOOST<\/span><\/h2>\n<ul>\n<li><span style=\"font-weight: 400\">Aiuta a raggiungere risultati ottimali<\/span><\/li>\n<li><span style=\"font-weight: 400\">Accelera il processo di guarigione<\/span><\/li>\n<li><span style=\"font-weight: 400\">Supporta la massima rimozione delle unit\u00e1 follicolari<\/span><\/li>\n<li><span style=\"font-weight: 400\">Migliora la qualit\u00e0 dei trapianti raccolti<\/span><\/li>\n<li><span style=\"font-weight: 400\">Riduce i tempi di intervento<\/span><\/li>\n<li><span style=\"font-weight: 400\">Riduce il rischio di complicazioni<\/span><\/li>\n<li><span style=\"font-weight: 400\">Riduce la caduta dei capelli esistente<\/span><\/li>\n<li><span style=\"font-weight: 400\">Migliora la qualit\u00e0 dei capelli esistenti<\/span><\/li>\n<li><span style=\"font-weight: 400\">Riduce al minimo le cicatrici dopo l&#8217;operazione<\/span><\/li>\n<\/ul>\n                                                    <div class=\"btn\">\r\n                                <span class=\"angebot_btn bio_btn\" data-url=\"https:\/\/biohairclinic.com\/haar-rechner\/\">Vorteile sichern<\/span>\r\n                            <\/div>\r\n                                            <\/div>\r\n                <\/div>\r\n            <\/div>\r\n            <\/div>\r\n<\/section>\n\n<section class=\"text_image\">\r\n    <div class=\"container\">\r\n                    <div class=\"row mobile_order\">\r\n                <div class=\"col-md-6\">\r\n                    <div class=\"content\">\r\n                        <h2><span>BIO POWER BOOST<\/span> &#8211; Perch\u00e9 i tuoi capelli valgono la pena!<\/span><\/h2>\n<p><span style=\"font-weight: 400\">Vuoi metodi esclusivi e moderni per il tuo trapianto di capelli che si concentrino sulla salute dei tuoi capelli e del tuo cuoio capelluto? Allora convinciti del nostro innovativo BIO POWER BOOST!<\/span><\/p>\n<p><span style=\"font-weight: 400\">La pulizia del cuoio capelluto da sebo e forfora, la promozione della crescita dei capelli e la stimolazione delle terminazioni nervose e dei muscoli del cuoio capelluto sono solo alcuni aspetti che parlano a favore della nostra nuova tecnologia. Inoltre, la fase di guarigione dopo il trapianto di capelli viene accelerata promuovendo l&#8217;attivit\u00e0 cellulare e riducendo l&#8217;infiammazione.<\/span><\/p>\n<p><span style=\"font-weight: 400\">Parla ora con il tuo consulente personale e realizza il tuo sogno di avere capelli folti, con Bio Hair Clinic al tuo fianco.<\/span><\/p>\n \r\n                                                    <div class=\"btn\">\r\n                                <span class=\"angebot_btn bio_btn\" data-url=\"https:\/\/biohairclinic.com\/haar-rechner\/\">Contatta un consulente<\/span>\r\n                            <\/div>\r\n                                              \r\n                    <\/div>\r\n                <\/div>\r\n                <div class=\"col-md-6\">\r\n                                                <img loading=\"lazy\" decoding=\"async\" class=\"top_left_bottom_right\" src=\"https:\/\/biohairclinic.com\/it\/wp-content\/uploads\/sites\/3\/2023\/11\/paziente-soddisfatto-dopo-il-trapianto-di-capelli-con-il-bio-power-boost.jpg\" alt=\"Paziente felice dopo il trapianto di capelli con il BIO POWER BOOST\" width=\"720\" height=\"600\"\/>\r\n                                    <\/div>\r\n            <\/div>\r\n            <\/div>\r\n<\/section>","protected":false},"excerpt":{"rendered":"","protected":false},"author":49,"featured_media":59866,"parent":0,"menu_order":0,"comment_status":"closed","ping_status":"closed","template":"","meta":{"_acf_changed":false,"inline_featured_image":false,"footnotes":""},"class_list":["post-59828","page","type-page","status-publish","has-post-thumbnail","hentry"],"acf":[],"yoast_head":"<!-- This site is optimized with the Yoast SEO Premium plugin v27.0 (Yoast SEO v27.2) - https:\/\/yoast.com\/product\/yoast-seo-premium-wordpress\/ -->\n<title>BIO POWER BOOST - Esclusivamente per i tuoi capelli e il tuo cuoio capelluto | Bio Hair Clinic<\/title>\n<meta name=\"description\" content=\"La tecnica BIO POWER BOOST rafforza i capelli e il cuoio capelluto. Risultati perfetti con questo metodo esclusivo | Leggi qui ora!\" \/>\n<meta name=\"robots\" content=\"index, follow, max-snippet:-1, max-image-preview:large, max-video-preview:-1\" \/>\n<link rel=\"canonical\" href=\"https:\/\/biohairclinic.com\/it\/bio-power-boost\/\" \/>\n<meta property=\"og:locale\" content=\"it_IT\" \/>\n<meta property=\"og:type\" content=\"article\" \/>\n<meta property=\"og:title\" content=\"BIO POWER BOOST - Esclusivamente per i tuoi capelli e il tuo cuoio capelluto | Bio Hair Clinic\" \/>\n<meta property=\"og:description\" content=\"La tecnica BIO POWER BOOST rafforza i capelli e il cuoio capelluto. Risultati perfetti con questo metodo esclusivo | Leggi qui ora!\" \/>\n<meta property=\"og:url\" content=\"https:\/\/biohairclinic.com\/it\/bio-power-boost\/\" \/>\n<meta property=\"og:site_name\" content=\"Trapianto Capelli Turchia Prezzi\" \/>\n<meta property=\"article:modified_time\" content=\"2025-06-26T13:44:50+00:00\" \/>\n<meta property=\"og:image\" content=\"https:\/\/biohairclinic.com\/it\/wp-content\/uploads\/sites\/3\/2023\/11\/paziente-dottore-bio-power-boost.jpg\" \/>\n\t<meta property=\"og:image:width\" content=\"858\" \/>\n\t<meta property=\"og:image:height\" content=\"768\" \/>\n\t<meta property=\"og:image:type\" content=\"image\/jpeg\" \/>\n<meta name=\"twitter:card\" content=\"summary_large_image\" \/>\n<meta name=\"twitter:title\" content=\"BIO POWER BOOST - Esclusivamente per i tuoi capelli e il tuo cuoio capelluto | Bio Hair Clinic\" \/>\n<meta name=\"twitter:description\" content=\"La tecnica BIO POWER BOOST rafforza i capelli e il cuoio capelluto. Risultati perfetti con questo metodo esclusivo | Leggi qui ora!\" \/>\n<meta name=\"twitter:label1\" content=\"Est. reading time\" \/>\n\t<meta name=\"twitter:data1\" content=\"1 minute\" \/>\n<script type=\"application\/ld+json\" class=\"yoast-schema-graph\">{\"@context\":\"https:\/\/schema.org\",\"@graph\":[{\"@type\":\"WebPage\",\"@id\":\"https:\/\/biohairclinic.com\/it\/bio-power-boost\/\",\"url\":\"https:\/\/biohairclinic.com\/it\/bio-power-boost\/\",\"name\":\"BIO POWER BOOST - Esclusivamente per i tuoi capelli e il tuo cuoio capelluto | Bio Hair Clinic\",\"isPartOf\":{\"@id\":\"https:\/\/biohairclinic.com\/it\/#website\"},\"primaryImageOfPage\":{\"@id\":\"https:\/\/biohairclinic.com\/it\/bio-power-boost\/#primaryimage\"},\"image\":{\"@id\":\"https:\/\/biohairclinic.com\/it\/bio-power-boost\/#primaryimage\"},\"thumbnailUrl\":\"https:\/\/biohairclinic.com\/it\/wp-content\/uploads\/sites\/3\/2023\/11\/paziente-dottore-bio-power-boost.jpg\",\"datePublished\":\"2023-11-13T14:48:16+00:00\",\"dateModified\":\"2025-06-26T13:44:50+00:00\",\"description\":\"La tecnica BIO POWER BOOST rafforza i capelli e il cuoio capelluto. Risultati perfetti con questo metodo esclusivo | Leggi qui ora!\",\"breadcrumb\":{\"@id\":\"https:\/\/biohairclinic.com\/it\/bio-power-boost\/#breadcrumb\"},\"inLanguage\":\"it-IT\",\"potentialAction\":[{\"@type\":\"ReadAction\",\"target\":[\"https:\/\/biohairclinic.com\/it\/bio-power-boost\/\"]}]},{\"@type\":\"ImageObject\",\"inLanguage\":\"it-IT\",\"@id\":\"https:\/\/biohairclinic.com\/it\/bio-power-boost\/#primaryimage\",\"url\":\"https:\/\/biohairclinic.com\/it\/wp-content\/uploads\/sites\/3\/2023\/11\/paziente-dottore-bio-power-boost.jpg\",\"contentUrl\":\"https:\/\/biohairclinic.com\/it\/wp-content\/uploads\/sites\/3\/2023\/11\/paziente-dottore-bio-power-boost.jpg\",\"width\":858,\"height\":768,\"caption\":\"Il medico con il paziente che riceve il BIO POWER BOOST\"},{\"@type\":\"BreadcrumbList\",\"@id\":\"https:\/\/biohairclinic.com\/it\/bio-power-boost\/#breadcrumb\",\"itemListElement\":[{\"@type\":\"ListItem\",\"position\":1,\"name\":\"Home\",\"item\":\"https:\/\/biohairclinic.com\/it\/\"},{\"@type\":\"ListItem\",\"position\":2,\"name\":\"Bio Power Boost\"}]},{\"@type\":\"WebSite\",\"@id\":\"https:\/\/biohairclinic.com\/it\/#website\",\"url\":\"https:\/\/biohairclinic.com\/it\/\",\"name\":\"Trapianto Capelli Turchia Prezzi\",\"description\":\"BioHairClinic \u00a9\",\"potentialAction\":[{\"@type\":\"SearchAction\",\"target\":{\"@type\":\"EntryPoint\",\"urlTemplate\":\"https:\/\/biohairclinic.com\/it\/?s={search_term_string}\"},\"query-input\":{\"@type\":\"PropertyValueSpecification\",\"valueRequired\":true,\"valueName\":\"search_term_string\"}}],\"inLanguage\":\"it-IT\"}]}<\/script>\n<!-- \/ Yoast SEO Premium plugin. -->","yoast_head_json":{"title":"BIO POWER BOOST - Esclusivamente per i tuoi capelli e il tuo cuoio capelluto | Bio Hair Clinic","description":"La tecnica BIO POWER BOOST rafforza i capelli e il cuoio capelluto. Risultati perfetti con questo metodo esclusivo | Leggi qui ora!","robots":{"index":"index","follow":"follow","max-snippet":"max-snippet:-1","max-image-preview":"max-image-preview:large","max-video-preview":"max-video-preview:-1"},"canonical":"https:\/\/biohairclinic.com\/it\/bio-power-boost\/","og_locale":"it_IT","og_type":"article","og_title":"BIO POWER BOOST - Esclusivamente per i tuoi capelli e il tuo cuoio capelluto | Bio Hair Clinic","og_description":"La tecnica BIO POWER BOOST rafforza i capelli e il cuoio capelluto. Risultati perfetti con questo metodo esclusivo | Leggi qui ora!","og_url":"https:\/\/biohairclinic.com\/it\/bio-power-boost\/","og_site_name":"Trapianto Capelli Turchia Prezzi","article_modified_time":"2025-06-26T13:44:50+00:00","og_image":[{"width":858,"height":768,"url":"https:\/\/biohairclinic.com\/it\/wp-content\/uploads\/sites\/3\/2023\/11\/paziente-dottore-bio-power-boost.jpg","type":"image\/jpeg"}],"twitter_card":"summary_large_image","twitter_title":"BIO POWER BOOST - Esclusivamente per i tuoi capelli e il tuo cuoio capelluto | Bio Hair Clinic","twitter_description":"La tecnica BIO POWER BOOST rafforza i capelli e il cuoio capelluto. Risultati perfetti con questo metodo esclusivo | Leggi qui ora!","twitter_misc":{"Est. reading time":"1 minute"},"schema":{"@context":"https:\/\/schema.org","@graph":[{"@type":"WebPage","@id":"https:\/\/biohairclinic.com\/it\/bio-power-boost\/","url":"https:\/\/biohairclinic.com\/it\/bio-power-boost\/","name":"BIO POWER BOOST - Esclusivamente per i tuoi capelli e il tuo cuoio capelluto | Bio Hair Clinic","isPartOf":{"@id":"https:\/\/biohairclinic.com\/it\/#website"},"primaryImageOfPage":{"@id":"https:\/\/biohairclinic.com\/it\/bio-power-boost\/#primaryimage"},"image":{"@id":"https:\/\/biohairclinic.com\/it\/bio-power-boost\/#primaryimage"},"thumbnailUrl":"https:\/\/biohairclinic.com\/it\/wp-content\/uploads\/sites\/3\/2023\/11\/paziente-dottore-bio-power-boost.jpg","datePublished":"2023-11-13T14:48:16+00:00","dateModified":"2025-06-26T13:44:50+00:00","description":"La tecnica BIO POWER BOOST rafforza i capelli e il cuoio capelluto. Risultati perfetti con questo metodo esclusivo | Leggi qui ora!","breadcrumb":{"@id":"https:\/\/biohairclinic.com\/it\/bio-power-boost\/#breadcrumb"},"inLanguage":"it-IT","potentialAction":[{"@type":"ReadAction","target":["https:\/\/biohairclinic.com\/it\/bio-power-boost\/"]}]},{"@type":"ImageObject","inLanguage":"it-IT","@id":"https:\/\/biohairclinic.com\/it\/bio-power-boost\/#primaryimage","url":"https:\/\/biohairclinic.com\/it\/wp-content\/uploads\/sites\/3\/2023\/11\/paziente-dottore-bio-power-boost.jpg","contentUrl":"https:\/\/biohairclinic.com\/it\/wp-content\/uploads\/sites\/3\/2023\/11\/paziente-dottore-bio-power-boost.jpg","width":858,"height":768,"caption":"Il medico con il paziente che riceve il BIO POWER BOOST"},{"@type":"BreadcrumbList","@id":"https:\/\/biohairclinic.com\/it\/bio-power-boost\/#breadcrumb","itemListElement":[{"@type":"ListItem","position":1,"name":"Home","item":"https:\/\/biohairclinic.com\/it\/"},{"@type":"ListItem","position":2,"name":"Bio Power Boost"}]},{"@type":"WebSite","@id":"https:\/\/biohairclinic.com\/it\/#website","url":"https:\/\/biohairclinic.com\/it\/","name":"Trapianto Capelli Turchia Prezzi","description":"BioHairClinic \u00a9","potentialAction":[{"@type":"SearchAction","target":{"@type":"EntryPoint","urlTemplate":"https:\/\/biohairclinic.com\/it\/?s={search_term_string}"},"query-input":{"@type":"PropertyValueSpecification","valueRequired":true,"valueName":"search_term_string"}}],"inLanguage":"it-IT"}]}},"_links":{"self":[{"href":"https:\/\/biohairclinic.com\/it\/wp-json\/wp\/v2\/pages\/59828","targetHints":{"allow":["GET"]}}],"collection":[{"href":"https:\/\/biohairclinic.com\/it\/wp-json\/wp\/v2\/pages"}],"about":[{"href":"https:\/\/biohairclinic.com\/it\/wp-json\/wp\/v2\/types\/page"}],"author":[{"embeddable":true,"href":"https:\/\/biohairclinic.com\/it\/wp-json\/wp\/v2\/users\/49"}],"replies":[{"embeddable":true,"href":"https:\/\/biohairclinic.com\/it\/wp-json\/wp\/v2\/comments?post=59828"}],"version-history":[{"count":30,"href":"https:\/\/biohairclinic.com\/it\/wp-json\/wp\/v2\/pages\/59828\/revisions"}],"predecessor-version":[{"id":59976,"href":"https:\/\/biohairclinic.com\/it\/wp-json\/wp\/v2\/pages\/59828\/revisions\/59976"}],"wp:featuredmedia":[{"embeddable":true,"href":"https:\/\/biohairclinic.com\/it\/wp-json\/wp\/v2\/media\/59866"}],"wp:attachment":[{"href":"https:\/\/biohairclinic.com\/it\/wp-json\/wp\/v2\/media?parent=59828"}],"curies":[{"name":"wp","href":"https:\/\/api.w.org\/{rel}","templated":true}]}}