{"id":67,"date":"2018-09-15T15:30:26","date_gmt":"2018-09-15T15:30:26","guid":{"rendered":"https:\/\/biohairclini.wpengine.com\/?page_id=67"},"modified":"2025-12-18T11:00:01","modified_gmt":"2025-12-18T11:00:01","slug":"bio-trapianto-di-barba","status":"publish","type":"page","link":"https:\/\/biohairclinic.com\/it\/bio-trapianto-di-barba\/","title":{"rendered":"Bio Trapianto di Barba"},"content":{"rendered":"<section class=\"hero\">\r\n    <div class=\"container\">\r\n        <div class=\"row\">\r\n            <div class=\"col-md-6\">\r\n                <h1><span>Trapianto<\/span> di barba<\/h1>\r\n                <div class=\"p-block\">\r\n                    <p>Ottieni un risultato perfetto grazie al tuo trapianto di barba con Bio Hair Clinic. <br><br> Approfitta dell\u2019esperienza di <strong>oltre 20.000 <\/strong> trattamenti effettuati.\r\n<br><br>\r\nGrazie alle <strong> tecniche pi\u00f9 moderne<\/strong> e a una vasta esperienza, puoi ottenere in pochissimo tempo la barba e i baffi che hai sempre sognato.<\/p>\r\n                                            <div class=\"btn\">\r\n                            <span class=\"button bio_btn\" data-url=\"https:\/\/biohairclinic.com\/it\/calcolatore-di-capelli\/\">Calcolare l&#8217;offerta<\/span>\r\n                        <\/div>\r\n                       \r\n                <\/div>\r\n            <\/div>\r\n            <div class=\"col-md-6\">\r\n                                        <img loading=\"lazy\" decoding=\"async\" src=\"https:\/\/biohairclinic.com\/it\/wp-content\/uploads\/sites\/3\/2022\/05\/infografica-trapianto-barba.svg\" alt=\"Infografica che rappresenta il trapianto di barba\" width=\"536\" height=\"484\"\/>\r\n                            <\/div>\r\n        <\/div>\r\n    <\/div>\r\n<\/section>\n\n<section class=\"text_image sec_bg\">\r\n    <div class=\"container\">\r\n                    <div class=\"row\">\r\n                <div class=\"col-md-6\">\r\n                                                <img loading=\"lazy\" decoding=\"async\" class=\"top_right_bottom_left\" src=\"https:\/\/biohairclinic.com\/it\/wp-content\/uploads\/sites\/3\/2022\/05\/paziente-trapianto-barba-bio-hair-clinic.jpg\" alt=\"Foto di un paziente felice dopo un trapianto di barba alla Bio Hair Clinic\" width=\"610\" height=\"511\"\/>\r\n                                    <\/div>\r\n                <div class=\"col-md-6\">\r\n                    <div class=\"content\">\r\n                        <h2>Trapianto di barba: ideale contro la perdita dei peli del viso<\/h2>\n<p>Molti uomini provano una grande angoscia quando si tratta dei loro peli facciali, poich\u00e9 una barba folta \u00e8 il segno di mascolinit\u00e0 per eccellenza.<\/p>\n<p>La perdita dei peli della barba pu\u00f2 avere <strong>diverse cause<\/strong>. Per esempio, delle cicatrici o delle predisposizioni genetiche possono provocare, in alcuni uomini, delle chiazze calve o delle regioni vuote nella barba.<\/p>\n<p>Soffri anche tu per una barba inesistente o poco folta? Bio Hair Clinic \u00e8 una delle principali specialiste nel campo del trapianto di barba e pu\u00f2 aiutarti a ottenere un <strong>viso pieno di peli<\/strong>.<\/p>\n                                            <\/div>\r\n                <\/div>\r\n            <\/div>\r\n            <\/div>\r\n<\/section>\n\n<section class=\"ablauf_three_columns \">\r\n        <div class=\"container\">\r\n            <div class=\"row\">\r\n                <div class=\"col-md-12\">\r\n                                            <h2 class=\"center\"> La procedura in dettaglio<\/h2>\r\n                                    <\/div>\r\n            <\/div>\r\n            <div class=\"row row1\">\r\n                                <div class=\"col-md-4\">\r\n                        <div class=\"content \">\r\n                            <div class=\"order\">\r\n                                <span>\r\n                                                                            1                                                                    <\/span>\r\n                            <\/div>\r\n                                                                 <img loading=\"lazy\" decoding=\"async\" src=\"https:\/\/biohairclinic.com\/it\/wp-content\/uploads\/sites\/3\/2022\/05\/icona-anestesia-senza-ago-comfort-in.svg\" alt=\"icona che rappresenta l\u2019anestesia senza ago Comfort-In\" width=\"97\" height=\"97\"\/>\r\n                                                            \r\n                                                            <h3>Anestesia<\/h3>\r\n                                                                                        <p>Prima del tuo trattamento, la zona donatrice e ricevente vengono anestetizzate con il nostro metodo Comfort-In senza ago\r\n\r\n<\/p>\r\n                                                    <\/div>\r\n                    <\/div>\r\n                                    <div class=\"col-md-4\">\r\n                        <div class=\"content steps_bg_active\">\r\n                            <div class=\"order\">\r\n                                <span>\r\n                                                                            2                                                                    <\/span>\r\n                            <\/div>\r\n                                                                 <img loading=\"lazy\" decoding=\"async\" src=\"https:\/\/biohairclinic.com\/it\/wp-content\/uploads\/sites\/3\/2022\/05\/icona-prelievo-innesti-tecnica-fue.svg\" alt=\"icona che rappresenta il prelievo degli innesti con tecnica FUE\" width=\"113\" height=\"105\"\/>\r\n                                                            \r\n                                                            <h3>Prelievo degli innesti<\/h3>\r\n                                                                                        <p>I tuoi innesti vengono prelevati delicatamente dalla zona donatrice (di solito la parte posteriore della testa) con la tecnica FUE.<\/p>\r\n                                                    <\/div>\r\n                    <\/div>\r\n                                    <div class=\"col-md-4\">\r\n                        <div class=\"content \">\r\n                            <div class=\"order\">\r\n                                <span>\r\n                                                                            3                                                                    <\/span>\r\n                            <\/div>\r\n                                                                 <img loading=\"lazy\" decoding=\"async\" src=\"https:\/\/biohairclinic.com\/it\/wp-content\/uploads\/sites\/3\/2022\/05\/icona-inserimento-innesti-tecnica-zaffiro.svg\" alt=\"icona che rappresenta l&#039;inserimento degli innesti con tecnica Zaffiro\" width=\"111\" height=\"114\"\/>\r\n                                                            \r\n                                                            <h3>Inserimento degli innesti<\/h3>\r\n                                                                                        <p>L\u2019ultima fase prevede l\u2019impianto dei follicoli piliferi nella zona ricevente. Per questo procedimento, viene impiegata la tecnica Zaffiro.<\/p>\r\n                                                    <\/div>\r\n                    <\/div>\r\n                            <\/div>\r\n        <\/div>\r\n    <\/section>\n\n<section class=\"text_image sec_bg\">\r\n    <div class=\"container\">\r\n                    <div class=\"row mobile_order\">\r\n                <div class=\"col-md-6\">\r\n                    <div class=\"content\">\r\n                        <h2>Impianto di barba: i tuoi vantaggi<\/h2>\n<ul>\n<li>Massima densit\u00e0 della barba<\/li>\n<li>Risultato naturale<\/li>\n<li>Tecniche pi\u00f9 moderne<\/li>\n<li>Team di esperti<\/li>\n<li>Combinabile con un trapianto di capelli<\/li>\n<li>Pacchetto all-inclusive<\/li>\n<li>Aspetto mascolino e sicuro di s\u00e9<\/li>\n<\/ul>\n \r\n                                              \r\n                    <\/div>\r\n                <\/div>\r\n                <div class=\"col-md-6\">\r\n                                                <img loading=\"lazy\" decoding=\"async\" class=\"top_left_bottom_right\" src=\"https:\/\/biohairclinic.com\/it\/wp-content\/uploads\/sites\/3\/2022\/05\/paziente-soddisfatto-trapianto-barba.jpg\" alt=\"foto di un paziente soddisfatto dopo un trapianto di barba\" width=\"610\" height=\"382\"\/>\r\n                                    <\/div>\r\n            <\/div>\r\n            <\/div>\r\n<\/section>\n\n<section class=\"text_image\">\r\n    <div class=\"container\">\r\n                    <div class=\"row\">\r\n                <div class=\"col-md-6\">\r\n                                                <img loading=\"lazy\" decoding=\"async\" class=\"top_right_bottom_left\" src=\"https:\/\/biohairclinic.com\/it\/wp-content\/uploads\/sites\/3\/2022\/05\/prima-dopo-trapianto-barba.jpg\" alt=\"foto prima e dopo un trapianto di barba\" width=\"610\" height=\"464\"\/>\r\n                                    <\/div>\r\n                <div class=\"col-md-6\">\r\n                    <div class=\"content\">\r\n                        <h2>Prima e dopo il trapianto di barba<\/h2>\n<p>La barba dona al tuo volto contorno, espressione e mascolinit\u00e0. Se mancano i peli del viso, pu\u00f2 aumentare il disagio e portare all\u2019insoddisfazione.<\/p>\n<p>Grazie ai nostri <strong>risultati prima e dopo<\/strong> il trapianto di barba, puoi vedere come la procedura pu\u00f2 cambiare la tua vita in meglio. I nostri pazienti sono sempre entusiasti e godono di una maggiore fiducia in s\u00e9 stessi.<\/p>\n<p>In un <strong>colloquio gratuito e non vincolante<\/strong> i nostri esperti ti consiglieranno in base alla tua situazione. Risponderemo a tutte le tue domande e riceverai anche il tuo <strong>preventivo personale<\/strong>.<\/p>\n                                            <\/div>\r\n                <\/div>\r\n            <\/div>\r\n            <\/div>\r\n<\/section>\n\n<section class=\"text_image \">\r\n    <div class=\"container\">\r\n        <div class=\"row\">\r\n                            <div class=\"col-md-6\">\r\n                    <div class=\"col-dark-blue border-3-dark border-radius-1\">\r\n                        <h2><b>Il tuo trapianto di barba: costi e qualit\u00e0 DHI<br \/>\n<\/b><\/h2>\n<p>I costi del tuo trapianto di barba in Turchia ti saranno comunicati in modo trasparente ed equo. Per ottenere la massima densit\u00e0 e precisione, utilizziamo esclusivamente l&#8217;innovativo metodo DHI.<\/p>\n<p>Poich\u00e9 il numero di innesti necessari varia da persona a persona, ti forniremo un preventivo personalizzato basato su un&#8217;analisi accurata della tua situazione.<\/p>\n<p>A titolo indicativo: il prezzo di partenza per il tuo trapianto di barba con la tecnica DHI parte da 3.000 \u20ac.<\/p>\n<p>Il tuo prezzo fa parte del nostro pacchetto completo e ti garantisce il pieno controllo dei costi e un risultato perfetto e denso.<\/p>\n                                                                                    <div class=\"btn\">\r\n                                    <span class=\"angebot_btn bio_btn\" data-url=\"https:\/\/biohairclinic.com\/it\/calcolatore-di-capelli\/\">Calcolare l&#8217;offerta<\/span>\r\n                                <\/div>\r\n                                                                        <\/div>\r\n                <\/div>\r\n                <div class=\"col-md-6\">\r\n                    <div class=\"col-dark-blue border-radius-3 dark-blue\">\r\n                        <h2>Ecco perch\u00e9 un trapianto di barba da Bio Hair Clinic<\/h2>\n<p>Quando si parla di trapianto di barba, molte recensioni fanno riferimento a Bio Hair Clinic. I nostri specialisti sono tra i pi\u00f9 esperti quando si tratta di questo intervento.<\/p>\n<p>Il tuo trattamento avr\u00e0 luogo nella nostra <a href=\"https:\/\/biohairclinic.com\/it\/clinica-per-trapianto-capelli\/\">clinica moderna e all\u2019avanguardia<\/a>. Tutto nelle nostre strutture \u00e8 progettato per il <strong>tuo comfort<\/strong> e la <strong>tua soddisfazione<\/strong>.<\/p>\n<p>Prima, durante e dopo l\u2019operazione, un esperto della Bio Hair Clinic \u00e8 sempre al tuo fianco. A Istanbul, i nostri interpreti faranno in modo che <strong>non ci siano barriere linguistiche<\/strong>. Tutti parlano pi\u00f9 lingue fluentemente.<\/p>\n<p>Con un trapianto di barba in Turchia, ti offriamo un servizio top e la sicurezza di raggiungere un <strong>risultato finale perfetto<\/strong>.<\/p>\n                                            <\/div>\r\n                <\/div>\r\n                    <\/div>\r\n    <\/div>\r\n<\/section>\n\n\r\n\r\n<section class=\"faq \">\r\n    <div class=\"container\">\r\n        <div class=\"row\">\r\n                            <div class=\"col-md-12\">\r\n                    <div class=\"title\">\r\n                        <h2>Domande Frequenti <\/h2>\r\n                    <\/div>\r\n                <\/div>\r\n                                        <div class=\"col-md-6\">\r\n                    <div class=\"content\">\r\n                        <h3>Quanto costa un trapianto di barba in Turchia?<\/h3>\r\n                        <p>I costi del tuo trapianto di barba vengono calcolati in modo trasparente ed equo, in base all&#8217;entit\u00e0 individuale del tuo trattamento. Utilizziamo esclusivamente la tecnica DHI ad alta precisione. I prezzi per questo intervento partono da 3.000 \u20ac.\r\n<br><\/br>\r\nCalcoliamo il prezzo esatto per il risultato che desideri!\r\n<br><\/br>\r\nApprofitta in qualsiasi momento della nostra analisi gratuita dei capelli. I nostri esperti ti contatteranno immediatamente con tutte le informazioni dettagliate sul tuo pacchetto all-inclusive personalizzato.<\/p>\r\n                    <\/div>\r\n                <\/div>\r\n                                <div class=\"col-md-6\">\r\n                    <div class=\"content\">\r\n                        <h3>Ci sono degli svantaggi a dover indossare la mascherina per il Corona?<\/h3>\r\n                        <p>Anche durante il Corona abbiamo effettuati molti trapianti di barba di successo. Dopo l\u2019intervento otterrai una visiera per il viso che protegger\u00e0 te e gli altri dalla trasmissione di malattie. Puoi stare tranquillo e pensare gi\u00e0 alla tua barba. <\/p>\r\n                    <\/div>\r\n                <\/div>\r\n                                <div class=\"col-md-6\">\r\n                    <div class=\"content\">\r\n                        <h3>Quanti innesti possono essere impiantati?<\/h3>\r\n                        <p>Possono essere impiantati massimo 5500 &#8211; 6000 innesti per seduta. Questi vengono impiantati con una densit\u00e0 di 130 innesti per centimetro quadrato. Un trapianto di barba \u00e8 adatto soprattutto per persone che hanno peli con una struttura media e spessa. \r\n<\/p>\r\n                    <\/div>\r\n                <\/div>\r\n                                <div class=\"col-md-6\">\r\n                    <div class=\"content\">\r\n                        <h3>Posso scegliere la forma della mia barba?<\/h3>\r\n                        <p>Durante il trattamento, il nostro specialista disegna la tua nuova attaccatura della barba. Insieme a te, determiniamo la forma della barba che pi\u00f9 ti si addice e che d\u00e0 al tuo viso il contorno ottimale. <\/p>\r\n                    <\/div>\r\n                <\/div>\r\n                                <div class=\"col-md-6\">\r\n                    <div class=\"content\">\r\n                        <h3>Il trattamento pu\u00f2 essere combinato con un trapianto di capelli?<\/h3>\r\n                        <p>Una combinazione di trapianto di barba e capelli \u00e8 possibile e viene effettuata da molti dei nostri pazienti. In un colloquio personale con i nostri specialisti analizzeremo se l\u2019operazione di trapianto simultaneo di barba e capelli \u00e8 possibile anche per te.<\/p>\r\n                    <\/div>\r\n                <\/div>\r\n                                <div class=\"col-md-6\">\r\n                    <div class=\"content\">\r\n                        <h3>Per un trapianto di barba possono essere utilizzati anche i peli corporei?<\/h3>\r\n                        <p>Quelli corporei hanno una struttura diversa rispetto ai peli facciali, poich\u00e9 sono molto diversi gli uni dagli altri. Il trapianto di peli corporei nella regione della barba non porterebbe a un risultato soddisfacente. Pertanto, noi di Bio Hair Clinic non impiantiamo peli corporei durante un trapianto di barba. <\/p>\r\n                    <\/div>\r\n                <\/div>\r\n                        <\/div>\r\n    <\/div>\r\n<\/section>\r\n\r\n","protected":false},"excerpt":{"rendered":"","protected":false},"author":4,"featured_media":0,"parent":0,"menu_order":0,"comment_status":"closed","ping_status":"closed","template":"","meta":{"_acf_changed":false,"inline_featured_image":false,"footnotes":""},"class_list":["post-67","page","type-page","status-publish","hentry"],"acf":[],"yoast_head":"<!-- This site is optimized with the Yoast SEO Premium plugin v27.3 (Yoast SEO v27.4) - https:\/\/yoast.com\/product\/yoast-seo-premium-wordpress\/ -->\n<title>Trapianto barba: la soluzione per il tuo viso | Bio Hair Clinic<\/title>\n<meta name=\"description\" content=\"Scopri tutto sul nostro trapianto di barba! Dai ora una svolta al tuo look con una barba sana, folta e naturale!\" \/>\n<meta name=\"robots\" content=\"index, follow, max-snippet:-1, max-image-preview:large, max-video-preview:-1\" \/>\n<link rel=\"canonical\" href=\"https:\/\/biohairclinic.com\/it\/bio-trapianto-di-barba\/\" \/>\n<meta property=\"og:locale\" content=\"it_IT\" \/>\n<meta property=\"og:type\" content=\"article\" \/>\n<meta property=\"og:title\" content=\"Bio Trapianto di Barba\" \/>\n<meta property=\"og:description\" content=\"Scopri tutto sul nostro trapianto di barba! Dai ora una svolta al tuo look con una barba sana, folta e naturale!\" \/>\n<meta property=\"og:url\" content=\"https:\/\/biohairclinic.com\/it\/bio-trapianto-di-barba\/\" \/>\n<meta property=\"og:site_name\" content=\"Trapianto Capelli Turchia Prezzi\" \/>\n<meta property=\"article:modified_time\" content=\"2025-12-18T11:00:01+00:00\" \/>\n<meta name=\"twitter:card\" content=\"summary_large_image\" \/>\n<script type=\"application\/ld+json\" class=\"yoast-schema-graph\">{\"@context\":\"https:\\\/\\\/schema.org\",\"@graph\":[{\"@type\":\"WebPage\",\"@id\":\"https:\\\/\\\/biohairclinic.com\\\/it\\\/bio-trapianto-di-barba\\\/\",\"url\":\"https:\\\/\\\/biohairclinic.com\\\/it\\\/bio-trapianto-di-barba\\\/\",\"name\":\"Trapianto barba: la soluzione per il tuo viso | Bio Hair Clinic\",\"isPartOf\":{\"@id\":\"https:\\\/\\\/biohairclinic.com\\\/it\\\/#website\"},\"datePublished\":\"2018-09-15T15:30:26+00:00\",\"dateModified\":\"2025-12-18T11:00:01+00:00\",\"description\":\"Scopri tutto sul nostro trapianto di barba! Dai ora una svolta al tuo look con una barba sana, folta e naturale!\",\"breadcrumb\":{\"@id\":\"https:\\\/\\\/biohairclinic.com\\\/it\\\/bio-trapianto-di-barba\\\/#breadcrumb\"},\"inLanguage\":\"it-IT\",\"potentialAction\":[{\"@type\":\"ReadAction\",\"target\":[\"https:\\\/\\\/biohairclinic.com\\\/it\\\/bio-trapianto-di-barba\\\/\"]}]},{\"@type\":\"BreadcrumbList\",\"@id\":\"https:\\\/\\\/biohairclinic.com\\\/it\\\/bio-trapianto-di-barba\\\/#breadcrumb\",\"itemListElement\":[{\"@type\":\"ListItem\",\"position\":1,\"name\":\"Home\",\"item\":\"https:\\\/\\\/biohairclinic.com\\\/it\\\/\"},{\"@type\":\"ListItem\",\"position\":2,\"name\":\"Bio Trapianto di Barba\"}]},{\"@type\":\"WebSite\",\"@id\":\"https:\\\/\\\/biohairclinic.com\\\/it\\\/#website\",\"url\":\"https:\\\/\\\/biohairclinic.com\\\/it\\\/\",\"name\":\"Trapianto Capelli Turchia Prezzi\",\"description\":\"BioHairClinic \u00a9\",\"potentialAction\":[{\"@type\":\"SearchAction\",\"target\":{\"@type\":\"EntryPoint\",\"urlTemplate\":\"https:\\\/\\\/biohairclinic.com\\\/it\\\/?s={search_term_string}\"},\"query-input\":{\"@type\":\"PropertyValueSpecification\",\"valueRequired\":true,\"valueName\":\"search_term_string\"}}],\"inLanguage\":\"it-IT\"},{\"@type\":\"ImageObject\",\"inLanguage\":\"it-IT\",\"@id\":\"https:\\\/\\\/biohairclinic.com\\\/it\\\/bio-trapianto-di-barba\\\/#local-main-organization-logo\",\"url\":\"\",\"contentUrl\":\"\",\"caption\":\"Trapianto Capelli Turchia Prezzi\"}]}<\/script>\n<meta name=\"geo.placename\" content=\"Roma\" \/>\n<meta name=\"geo.position\" content=\"41.9059342;12.4922504\" \/>\n<meta name=\"geo.region\" content=\"\u00c5land Islands\" \/>\n<!-- \/ Yoast SEO Premium plugin. -->","yoast_head_json":{"title":"Trapianto barba: la soluzione per il tuo viso | Bio Hair Clinic","description":"Scopri tutto sul nostro trapianto di barba! Dai ora una svolta al tuo look con una barba sana, folta e naturale!","robots":{"index":"index","follow":"follow","max-snippet":"max-snippet:-1","max-image-preview":"max-image-preview:large","max-video-preview":"max-video-preview:-1"},"canonical":"https:\/\/biohairclinic.com\/it\/bio-trapianto-di-barba\/","og_locale":"it_IT","og_type":"article","og_title":"Bio Trapianto di Barba","og_description":"Scopri tutto sul nostro trapianto di barba! Dai ora una svolta al tuo look con una barba sana, folta e naturale!","og_url":"https:\/\/biohairclinic.com\/it\/bio-trapianto-di-barba\/","og_site_name":"Trapianto Capelli Turchia Prezzi","article_modified_time":"2025-12-18T11:00:01+00:00","twitter_card":"summary_large_image","schema":{"@context":"https:\/\/schema.org","@graph":[{"@type":"WebPage","@id":"https:\/\/biohairclinic.com\/it\/bio-trapianto-di-barba\/","url":"https:\/\/biohairclinic.com\/it\/bio-trapianto-di-barba\/","name":"Trapianto barba: la soluzione per il tuo viso | Bio Hair Clinic","isPartOf":{"@id":"https:\/\/biohairclinic.com\/it\/#website"},"datePublished":"2018-09-15T15:30:26+00:00","dateModified":"2025-12-18T11:00:01+00:00","description":"Scopri tutto sul nostro trapianto di barba! Dai ora una svolta al tuo look con una barba sana, folta e naturale!","breadcrumb":{"@id":"https:\/\/biohairclinic.com\/it\/bio-trapianto-di-barba\/#breadcrumb"},"inLanguage":"it-IT","potentialAction":[{"@type":"ReadAction","target":["https:\/\/biohairclinic.com\/it\/bio-trapianto-di-barba\/"]}]},{"@type":"BreadcrumbList","@id":"https:\/\/biohairclinic.com\/it\/bio-trapianto-di-barba\/#breadcrumb","itemListElement":[{"@type":"ListItem","position":1,"name":"Home","item":"https:\/\/biohairclinic.com\/it\/"},{"@type":"ListItem","position":2,"name":"Bio Trapianto di Barba"}]},{"@type":"WebSite","@id":"https:\/\/biohairclinic.com\/it\/#website","url":"https:\/\/biohairclinic.com\/it\/","name":"Trapianto Capelli Turchia Prezzi","description":"BioHairClinic \u00a9","potentialAction":[{"@type":"SearchAction","target":{"@type":"EntryPoint","urlTemplate":"https:\/\/biohairclinic.com\/it\/?s={search_term_string}"},"query-input":{"@type":"PropertyValueSpecification","valueRequired":true,"valueName":"search_term_string"}}],"inLanguage":"it-IT"},{"@type":"ImageObject","inLanguage":"it-IT","@id":"https:\/\/biohairclinic.com\/it\/bio-trapianto-di-barba\/#local-main-organization-logo","url":"","contentUrl":"","caption":"Trapianto Capelli Turchia Prezzi"}]},"geo.placename":"Roma","geo.position":{"lat":"41.9059342","long":"12.4922504"},"geo.region":"\u00c5land Islands"},"_links":{"self":[{"href":"https:\/\/biohairclinic.com\/it\/wp-json\/wp\/v2\/pages\/67","targetHints":{"allow":["GET"]}}],"collection":[{"href":"https:\/\/biohairclinic.com\/it\/wp-json\/wp\/v2\/pages"}],"about":[{"href":"https:\/\/biohairclinic.com\/it\/wp-json\/wp\/v2\/types\/page"}],"author":[{"embeddable":true,"href":"https:\/\/biohairclinic.com\/it\/wp-json\/wp\/v2\/users\/4"}],"replies":[{"embeddable":true,"href":"https:\/\/biohairclinic.com\/it\/wp-json\/wp\/v2\/comments?post=67"}],"version-history":[{"count":82,"href":"https:\/\/biohairclinic.com\/it\/wp-json\/wp\/v2\/pages\/67\/revisions"}],"predecessor-version":[{"id":59999,"href":"https:\/\/biohairclinic.com\/it\/wp-json\/wp\/v2\/pages\/67\/revisions\/59999"}],"wp:attachment":[{"href":"https:\/\/biohairclinic.com\/it\/wp-json\/wp\/v2\/media?parent=67"}],"curies":[{"name":"wp","href":"https:\/\/api.w.org\/{rel}","templated":true}]}}