{"id":90,"date":"2018-09-17T10:08:24","date_gmt":"2018-09-17T10:08:24","guid":{"rendered":"https:\/\/biohairclini.wpengine.com\/?page_id=90"},"modified":"2021-06-28T10:39:16","modified_gmt":"2021-06-28T10:39:16","slug":"trattamento-prp","status":"publish","type":"page","link":"https:\/\/biohairclinic.com\/it\/trattamento-prp\/","title":{"rendered":"BioHair Trattamento PRP"},"content":{"rendered":"<h1>Bio Hair Trattamento PRP<\/h1>\n<h2>Il trattamento PRP per capelli<\/h2>\n<p>La Bio Hair Clinic offre un altro trattamento fondamentale per la salute dei capelli, il quale \u00e9 finalizzato a stimolarne e <strong>rafforzarne la crescita<\/strong>. Questo metodo non viene utilizzato solo nel campo tricologico, bens\u00ed \u00e9 utilizzato in vari ambiti della medicina. Qui vedremo le caratteristiche e le funzionalit\u00e1 di questa tecnica, cos\u00ed come il suo uso per la crescita dei capelli.<\/p>\n<h2>Il PRP non solo per i capelli<\/h2>\n<p>Nel caso del trapianto di capelli, il PRP facilita il processo di guarigione dei micro-canali aperti sulla cute. Negli anni passati si \u00e8 parlato molto del PRP (Platelet-Rich Plasma, in italiano \u201cplasma ricco di piastrine\u201d) e dei suoi enormi benefici non solo nel campo della medicina estetica, bens\u00ed anche nel <strong>trattamento degli infortuni<\/strong>.<\/p>\n<p>Non \u00e8 raro trovare casi di stelle dello sport, da Tiger Woods a Rafa Nadal, che si sono sottoposti a questo trattamento, su indicazione dei propri medici. Il PRP viene spesso impiegato nella terapia adottata in seguito a distorsioni delle ginocchia o di lesioni ai tendini. Molti sportivi hanno ricondotto la rapida ripresa da un infortunio proprio al ricorso al trattamento PRP.<\/p>\n<h2>Come funziona il PRP<\/h2>\n<p>Come detto precedentemente, ricorriamo al PRP a seguito di un trapianto di capelli per supportare il recupero post operatorio, in particolare grazie ai benefici che il trattamento apporta nella cura di piccole ferite. Prima di spiegare le caratteristiche di questa tecnica, bisogna fare una breve premessa sulla composizione del nostro sangue.<\/p>\n<h2>Il sangue umano: la base<\/h2>\n<p>Il <strong>sangue<\/strong> \u00e8 un fluido costituito principalmente da una parte liquida, chiamata plasma, e una parta corpuscolata contenente eritrociti, leucociti e piastrine. Le piastrine sono conosciute non solo nell&#8217;ambito della chirurgia plastica, poich\u00e9 sono capaci di stimolare la coagulazione del sangue. Le piastrine svolgono inoltre un importante ruolo nella cura degli infortuni grazie a quello che \u00e8 chiamato \u201cfattore di crescita derivato dalle piastrine\u201d (dall\u00b4inglese PDGF, Platelet-Derived Growth Factor).<\/p>\n<h2>Il Plasma arricchito di piastrine: il liquido del trattamento<\/h2>\n<p>Il PRP \u00e8 plasma contenente una maggiore concentrazione di piastrine rispetto a quella presente comunemente nel sangue. Il fattore di crescita derivato dal plasma arricchito di piastrine \u00e8 dalle 5 alle 10 volte pi\u00f9 elevato del normale e rende questo trattamento estremamente efficace nell\u2019accelerare la <strong>rigenerazione dei tessuti<\/strong>, quindi la guarigione delle ferite nell\u2019area soggetta all\u2019intervento. Il PRP favorisce la guarigione e rivitalizza il cuoio capelluto e i capelli stessi.<\/p>\n<h3>Ulteriori domande?<\/h3>\n<p>Domandare non costa nulla, cos\u00ed come la consulenza e il preventivo sono gratuiti. Cosa stai aspettando? Contattaci ora, siamo sempre pronti ad aiutarti!<\/p>\n<h2>Come si ottiene il liquido per il trattamento PRP?<\/h2>\n<p>Per preparare il PRP \u00e8 necessario prelevare una fialetta di sangue del paziente. Successivamente i trombociti, quindi le piastrine, vengono separate dai leucociti tramite la centrifugazione del sangue. Successivamente il sangue verr\u00e1 nuovamente iniettato nelle zone del corpo o del cuoio capelluto in cui si necessita di un forte concentrato di fattori di crescita. Non ci sono rischi connessi al trattamento poich\u00e9 questo \u00e8 realizzato a partire dal <strong>sangue del paziente stesso<\/strong> e di conseguenza non ci pu\u00f3 essere alcuna reazione allergica.<\/p>\n<h2>Il trattamento PRP per i capelli<\/h2>\n<p>Come detto, il trattamento PRP non pu\u00f3 avere effetti collaterali legati al rigetto, in quanto \u00e8 un rimedio autologo (proveniente dal nostro stesso organismo). L\u2019effetto sui capelli sar\u00e1 quindi quello di stimolare la guarigione delle cicatrici grazie alla grande presenza di piastrine. IL PRP non ha per\u00f3 dei benefici unicamente per quanto riguarda la guarigione, bens\u00ed andr\u00e1 anche a stimolare la crescita dei capelli stessi e andr\u00e1 quindi a supportare ulteriormente l&#8217;organismo dopo il <a href=\"https:\/\/biohairclinic.com\/it\/bio-fue-tecnica\/\"><strong>trapianto di capelli FUE<\/strong><\/a> o DHI. Il trattamento avr\u00e1 infatti un effetto ringiovanente tanto per il cuoi capelluto quanto per la capigliatura stessa.<\/p>\n<p>I vantaggi derivanti dal PRP riscontrati finora sono i seguenti:<\/p>\n<ul style=\"padding-left: 2em;padding-top: 10px\">\n<li>I follicoli trapiantati nel cuoio capelluto vivono pi\u00f9 a lungo. In aggiunta, il <strong>trattamento alla biotina<\/strong> favorisce un adattamento pi\u00f9 rapido all&#8217;interno dell\u2019area soggetta al trapianto, connettendoli saldamente al tessuto ospitante.<\/li>\n<li>I tessuti guariscono in maniera rapida. Il recupero dalle piccole ferite \u00e8 pi\u00f9 rapido, cos\u00ec da permettere ai capelli trapiantati di poter iniziare a crescere in tempi brevi.<\/li>\n<li>Gli stessi follicoli crescono meglio grazie alle iniezioni di PRP.<\/li>\n<\/ul>\n<h2>PRP e Bio Hair: i nostri trattamenti aggiuntivi<\/h2>\n<p>La Bio Hair Clinic offre trattamenti aggiuntivi oltre al tradizionale trapianto di capelli, che garantiscono ai capelli maggiore resistenza e vita pi\u00fa lunga.<\/p>\n<p>I due trattamenti sviluppati e offerti a ciascuno dei nostri pazienti sono appunto il PRP e le <strong>Bio Grafts<\/strong>.<\/p>\n<p>Secondo quest&#8217;ultimo metodo, i capelli prelevati sono conservati in un liquido contenente biotina prima di essere trapiantati nella zona ricevente.<\/p>\n<p>Questa soluzione \u00e8 stata interamente sviluppata da noi e permette ai capelli di rimanere sani durante l\u2019operazione e di integrarsi perfettamente nell\u2019area soggetta al trapianto.<\/p>\n<h2>Analisi dei capelli gratuita<\/h2>\n<hr class=\"h_hr\">\n<p>Utilizzate il Calcolatore di capelli per ottenere informazioni sul numero di Grafts necessarie. La richiesta \u00e9 gratuita e senza impegno.<\/p>\n<p><!--  -->  .haarrechner {<!--  -->    text-transform: uppercase;<!--  -->    padding-top: 15px !important;<!--  -->    padding-right: 5% !important;<!--  -->    padding-bottom: 15px !important;<!--  -->    padding-left: 5% !important;<!--  -->    color: #049DB7 !important;<!--  -->    border-width: 0px !important;<!--  -->    border-color: #ffffff;<!--  -->    border-radius: 30px;<!--  -->    font-size: 18px;<!--  -->    background-color: #ffffff;<!--  -->    box-shadow: 0px 12px 18px -6px rgba(4, 157, 183, 0.48);<!--  -->    transition: all 300ms ease 0ms;<!--  -->    font-weight: 600;<!--  -->    border: 2px solid;<!--  -->    line-height: 1.7em !important;<!--  -->  }<!--  -->  .haarrechner:hover {<!--  -->    color: #ffffff !important;<!--  -->    border: 2px solid #ffffff !important;<!--  -->    border-radius: 30px;<!--  -->    font-size: 18px;<!--  -->    background-color: #049DB7;<!--  -->    box-shadow: 0px 12px 18px -6px rgba(4, 157, 183, 0.48);<!--  -->    transition: all 300ms ease 0ms;<!--  -->  }<!--  -->   @media (min-width: 981px){<!--  -->    .h_hr{<!--  -->      display: none;<!--  -->    }<!--  -->  }<!--  -->  @media (max-width: 980px){<!--  -->      .h_hr{<!--  -->    border-top: 2px solid #ffffff;<!--  -->    width: 50%;<!--  -->    margin-bottom: 15px;<!--  -->  }<!--  -->  }<!--  --><!--  --><a class=\"haarrechner\" href=\"https:\/\/biohairclinic.com\/it\/calcolatore-di-capelli\/\" data-abc=\"true\">Vai al calcolatore<\/a><\/p>\n","protected":false},"excerpt":{"rendered":"<p>Bio Hair Trattamento PRP Il trattamento PRP per capelli La Bio Hair Clinic offre un altro trattamento fondamentale per la salute dei capelli, il quale \u00e9 finalizzato a stimolarne e rafforzarne la crescita. Questo metodo non viene utilizzato solo nel campo tricologico, bens\u00ed \u00e9 utilizzato in vari ambiti della medicina. Qui vedremo le caratteristiche e [&hellip;]<\/p>\n","protected":false},"author":4,"featured_media":0,"parent":0,"menu_order":0,"comment_status":"closed","ping_status":"closed","template":"","meta":{"_acf_changed":false,"inline_featured_image":false,"footnotes":""},"class_list":["post-90","page","type-page","status-publish","hentry"],"acf":[],"yoast_head":"<!-- This site is optimized with the Yoast SEO Premium plugin v27.3 (Yoast SEO v27.4) - https:\/\/yoast.com\/product\/yoast-seo-premium-wordpress\/ -->\n<title>Trattamento PRP la nuova forza per il trapianto | Bio Hair Clinic<\/title>\n<meta name=\"description\" content=\"Appena dopo e nell\u00b4anno successivo al trapianto, il trattamento PRP stimola la ricrescita e rinforza i capelli. Scopri di pi\u00fa!\" \/>\n<meta name=\"robots\" content=\"noindex, nofollow\" \/>\n<meta property=\"og:locale\" content=\"it_IT\" \/>\n<meta property=\"og:type\" content=\"article\" \/>\n<meta property=\"og:title\" content=\"BioHair Trattamento PRP\" \/>\n<meta property=\"og:description\" content=\"Appena dopo e nell\u00b4anno successivo al trapianto, il trattamento PRP stimola la ricrescita e rinforza i capelli. Scopri di pi\u00fa!\" \/>\n<meta property=\"og:url\" content=\"https:\/\/biohairclinic.com\/it\/trattamento-prp\/\" \/>\n<meta property=\"og:site_name\" content=\"Trapianto Capelli Turchia Prezzi\" \/>\n<meta property=\"article:modified_time\" content=\"2021-06-28T10:39:16+00:00\" \/>\n<meta name=\"twitter:card\" content=\"summary_large_image\" \/>\n<meta name=\"twitter:label1\" content=\"Est. reading time\" \/>\n\t<meta name=\"twitter:data1\" content=\"5 minutes\" \/>\n<script type=\"application\/ld+json\" class=\"yoast-schema-graph\">{\"@context\":\"https:\\\/\\\/schema.org\",\"@graph\":[{\"@type\":\"WebPage\",\"@id\":\"https:\\\/\\\/biohairclinic.com\\\/it\\\/trattamento-prp\\\/\",\"url\":\"https:\\\/\\\/biohairclinic.com\\\/it\\\/trattamento-prp\\\/\",\"name\":\"Trattamento PRP la nuova forza per il trapianto | Bio Hair Clinic\",\"isPartOf\":{\"@id\":\"https:\\\/\\\/biohairclinic.com\\\/it\\\/#website\"},\"datePublished\":\"2018-09-17T10:08:24+00:00\",\"dateModified\":\"2021-06-28T10:39:16+00:00\",\"description\":\"Appena dopo e nell\u00b4anno successivo al trapianto, il trattamento PRP stimola la ricrescita e rinforza i capelli. Scopri di pi\u00fa!\",\"breadcrumb\":{\"@id\":\"https:\\\/\\\/biohairclinic.com\\\/it\\\/trattamento-prp\\\/#breadcrumb\"},\"inLanguage\":\"it-IT\",\"potentialAction\":[{\"@type\":\"ReadAction\",\"target\":[\"https:\\\/\\\/biohairclinic.com\\\/it\\\/trattamento-prp\\\/\"]}]},{\"@type\":\"BreadcrumbList\",\"@id\":\"https:\\\/\\\/biohairclinic.com\\\/it\\\/trattamento-prp\\\/#breadcrumb\",\"itemListElement\":[{\"@type\":\"ListItem\",\"position\":1,\"name\":\"Home\",\"item\":\"https:\\\/\\\/biohairclinic.com\\\/it\\\/\"},{\"@type\":\"ListItem\",\"position\":2,\"name\":\"BioHair Trattamento PRP\"}]},{\"@type\":\"WebSite\",\"@id\":\"https:\\\/\\\/biohairclinic.com\\\/it\\\/#website\",\"url\":\"https:\\\/\\\/biohairclinic.com\\\/it\\\/\",\"name\":\"Trapianto Capelli Turchia Prezzi\",\"description\":\"BioHairClinic \u00a9\",\"potentialAction\":[{\"@type\":\"SearchAction\",\"target\":{\"@type\":\"EntryPoint\",\"urlTemplate\":\"https:\\\/\\\/biohairclinic.com\\\/it\\\/?s={search_term_string}\"},\"query-input\":{\"@type\":\"PropertyValueSpecification\",\"valueRequired\":true,\"valueName\":\"search_term_string\"}}],\"inLanguage\":\"it-IT\"},{\"@type\":\"ImageObject\",\"inLanguage\":\"it-IT\",\"@id\":\"https:\\\/\\\/biohairclinic.com\\\/it\\\/trattamento-prp\\\/#local-main-organization-logo\",\"url\":\"\",\"contentUrl\":\"\",\"caption\":\"Trapianto Capelli Turchia Prezzi\"}]}<\/script>\n<meta name=\"geo.placename\" content=\"Roma\" \/>\n<meta name=\"geo.position\" content=\"41.9059342;12.4922504\" \/>\n<meta name=\"geo.region\" content=\"\u00c5land Islands\" \/>\n<!-- \/ Yoast SEO Premium plugin. -->","yoast_head_json":{"title":"Trattamento PRP la nuova forza per il trapianto | Bio Hair Clinic","description":"Appena dopo e nell\u00b4anno successivo al trapianto, il trattamento PRP stimola la ricrescita e rinforza i capelli. Scopri di pi\u00fa!","robots":{"index":"noindex","follow":"nofollow"},"og_locale":"it_IT","og_type":"article","og_title":"BioHair Trattamento PRP","og_description":"Appena dopo e nell\u00b4anno successivo al trapianto, il trattamento PRP stimola la ricrescita e rinforza i capelli. Scopri di pi\u00fa!","og_url":"https:\/\/biohairclinic.com\/it\/trattamento-prp\/","og_site_name":"Trapianto Capelli Turchia Prezzi","article_modified_time":"2021-06-28T10:39:16+00:00","twitter_card":"summary_large_image","twitter_misc":{"Est. reading time":"5 minutes"},"schema":{"@context":"https:\/\/schema.org","@graph":[{"@type":"WebPage","@id":"https:\/\/biohairclinic.com\/it\/trattamento-prp\/","url":"https:\/\/biohairclinic.com\/it\/trattamento-prp\/","name":"Trattamento PRP la nuova forza per il trapianto | Bio Hair Clinic","isPartOf":{"@id":"https:\/\/biohairclinic.com\/it\/#website"},"datePublished":"2018-09-17T10:08:24+00:00","dateModified":"2021-06-28T10:39:16+00:00","description":"Appena dopo e nell\u00b4anno successivo al trapianto, il trattamento PRP stimola la ricrescita e rinforza i capelli. Scopri di pi\u00fa!","breadcrumb":{"@id":"https:\/\/biohairclinic.com\/it\/trattamento-prp\/#breadcrumb"},"inLanguage":"it-IT","potentialAction":[{"@type":"ReadAction","target":["https:\/\/biohairclinic.com\/it\/trattamento-prp\/"]}]},{"@type":"BreadcrumbList","@id":"https:\/\/biohairclinic.com\/it\/trattamento-prp\/#breadcrumb","itemListElement":[{"@type":"ListItem","position":1,"name":"Home","item":"https:\/\/biohairclinic.com\/it\/"},{"@type":"ListItem","position":2,"name":"BioHair Trattamento PRP"}]},{"@type":"WebSite","@id":"https:\/\/biohairclinic.com\/it\/#website","url":"https:\/\/biohairclinic.com\/it\/","name":"Trapianto Capelli Turchia Prezzi","description":"BioHairClinic \u00a9","potentialAction":[{"@type":"SearchAction","target":{"@type":"EntryPoint","urlTemplate":"https:\/\/biohairclinic.com\/it\/?s={search_term_string}"},"query-input":{"@type":"PropertyValueSpecification","valueRequired":true,"valueName":"search_term_string"}}],"inLanguage":"it-IT"},{"@type":"ImageObject","inLanguage":"it-IT","@id":"https:\/\/biohairclinic.com\/it\/trattamento-prp\/#local-main-organization-logo","url":"","contentUrl":"","caption":"Trapianto Capelli Turchia Prezzi"}]},"geo.placename":"Roma","geo.position":{"lat":"41.9059342","long":"12.4922504"},"geo.region":"\u00c5land Islands"},"_links":{"self":[{"href":"https:\/\/biohairclinic.com\/it\/wp-json\/wp\/v2\/pages\/90","targetHints":{"allow":["GET"]}}],"collection":[{"href":"https:\/\/biohairclinic.com\/it\/wp-json\/wp\/v2\/pages"}],"about":[{"href":"https:\/\/biohairclinic.com\/it\/wp-json\/wp\/v2\/types\/page"}],"author":[{"embeddable":true,"href":"https:\/\/biohairclinic.com\/it\/wp-json\/wp\/v2\/users\/4"}],"replies":[{"embeddable":true,"href":"https:\/\/biohairclinic.com\/it\/wp-json\/wp\/v2\/comments?post=90"}],"version-history":[{"count":11,"href":"https:\/\/biohairclinic.com\/it\/wp-json\/wp\/v2\/pages\/90\/revisions"}],"predecessor-version":[{"id":57695,"href":"https:\/\/biohairclinic.com\/it\/wp-json\/wp\/v2\/pages\/90\/revisions\/57695"}],"wp:attachment":[{"href":"https:\/\/biohairclinic.com\/it\/wp-json\/wp\/v2\/media?parent=90"}],"curies":[{"name":"wp","href":"https:\/\/api.w.org\/{rel}","templated":true}]}}